{"id":1526,"date":"2024-09-16T16:05:55","date_gmt":"2024-09-16T22:05:55","guid":{"rendered":"http:\/\/acusticaysonido.net\/ayshome\/?post_type=product&#038;p=1526"},"modified":"2024-09-16T16:05:56","modified_gmt":"2024-09-16T22:05:56","slug":"fonestar-gat-801-en-altavoces-techo","status":"publish","type":"product","link":"http:\/\/acusticaysonido.net\/ayshome\/index.php\/product\/fonestar-gat-801-en-altavoces-techo\/","title":{"rendered":"FONESTAR, GAT-801-EN, Altavoces Techo"},"content":{"rendered":"<table class=\"table-bordered\">\n<tbody>\n<tr class=\"border-bottom\">\n<td class=\"feature\">CARACTER\u00cdSTICAS:<\/td>\n<td class=\"description\">Altavoz de techo EN 54 con transformador de l\u00ednea 100 V, rejilla redonda y caja antifuego.<\/td>\n<\/tr>\n<tr class=\"border-bottom\">\n<td class=\"feature\">NORMATIVA:<\/td>\n<td class=\"description\">Certificado EN 54-24<\/td>\n<\/tr>\n<tr class=\"border-bottom\">\n<td class=\"feature\">POTENCIA:<\/td>\n<td class=\"description\">20 W m\u00e1ximo, 10 W RMS<\/td>\n<\/tr>\n<tr class=\"border-bottom\">\n<td class=\"feature\">ALTAVOZ:<\/td>\n<td class=\"description\">8&#8221;<\/td>\n<\/tr>\n<tr class=\"border-bottom\">\n<td class=\"feature\">RESPUESTA:<\/td>\n<td class=\"description\">310-11.500 Hz<\/td>\n<\/tr>\n<tr class=\"border-bottom\">\n<td class=\"feature\">IMPEDANCIA:<\/td>\n<td class=\"description\">10 W RMS@100 V (1.000 \u03a9)<br \/>\n5 W RMS@100 V (2.000 \u03a9)<\/td>\n<\/tr>\n<tr class=\"border-bottom\">\n<td class=\"feature\">SENSIBILIDAD:<\/td>\n<td class=\"description\">84 dB a 1 W\/4 m<\/td>\n<\/tr>\n<tr class=\"border-bottom\">\n<td class=\"feature\">PRESION AC\u00daSTICA:<\/td>\n<td class=\"description\">93 dB a potencia nominal\/4m<\/td>\n<\/tr>\n<tr class=\"border-bottom\">\n<td class=\"feature\">\u00c1NGULO DE COBERTURA:<\/td>\n<td class=\"description\">180\u00ba@500 Hz<br \/>\n165\u00ba@1k Hz<br \/>\n95\u00ba@2k Hz<br \/>\n65\u00ba@4k Hz<\/td>\n<\/tr>\n<tr class=\"border-bottom\">\n<td class=\"feature\">TEMPERATURA DE TRABAJO:<\/td>\n<td class=\"description\">-20\u00baC ~ +55\u00baC<\/td>\n<\/tr>\n<tr class=\"border-bottom\">\n<td class=\"feature\">MATERIAL:<\/td>\n<td class=\"description\">ABS y rejilla de acero<\/td>\n<\/tr>\n<tr class=\"border-bottom\">\n<td class=\"feature\">COLOR:<\/td>\n<td class=\"description\">Blanco (RAL 9016)<\/td>\n<\/tr>\n<tr class=\"border-bottom\">\n<td class=\"feature\">MEDIDAS:<\/td>\n<td class=\"description\">226 mm \u00d8 x 106 mm fondo<\/td>\n<\/tr>\n<tr class=\"border-bottom\">\n<td class=\"feature\">ORIFICIO:<\/td>\n<td class=\"description\">210 mm \u00d8<\/td>\n<\/tr>\n<tr class=\"border-bottom\">\n<td class=\"feature\">PESO:<\/td>\n<td class=\"description\">1&#8217;1 kg<\/td>\n<\/tr>\n<tr class=\"border-bottom\">\n<td class=\"feature\">:<\/td>\n<td class=\"description\">Sistema de instalaci\u00f3n r\u00e1pida<\/td>\n<\/tr>\n<\/tbody>\n<\/table>\n<p><a href=\"https:\/\/fonestar.com\/gat-801-en\/\" target=\"_blank\" rel=\"noopener noreferrer\"><span style=\"color: #0000ff;\">Click aqu\u00ed para m\u00e1s informaci\u00f3n del producto.<\/span><\/a><\/p>\n","protected":false},"excerpt":{"rendered":"<p>Altavoz de techo EN 54, para sistemas de evacuaci\u00f3n conforme a normativa europea EN 54 para centros comerciales, hospitales, centros de negocios, instalaciones deportivas, naves industriales, etc.<\/p>\n<p>Gracias a nuestra dilatada experiencia en instalaciones de sistemas de evacuaci\u00f3n, FONESTAR ha dise\u00f1ado una nueva gama de altavoces de techo EN 54 con las mejores prestaciones, dise\u00f1o y construcci\u00f3n conforme a la normativa europea EN 54.<br \/>\nCuerpo fabricado en ABS con caja antifuego y rejilla de acero que garantizan su integridad y funcionamiento en situaciones de alarma y\/o emergencia.<br \/>\nOfrecen un sonido n\u00edtido y limpio, perfecto para voz y ambientaci\u00f3n musical.<br \/>\nGran \u00e1ngulo de cobertura que permite cubrir mayor superficie en funci\u00f3n de la altura del techo.<br \/>\nTienen sistema de instalaci\u00f3n r\u00e1pida que minimiza el tiempo de montaje.<\/p>\n","protected":false},"featured_media":1527,"comment_status":"closed","ping_status":"closed","template":"","meta":[],"product_cat":[24],"product_tag":[25,20,26],"_links":{"self":[{"href":"http:\/\/acusticaysonido.net\/ayshome\/index.php\/wp-json\/wp\/v2\/product\/1526"}],"collection":[{"href":"http:\/\/acusticaysonido.net\/ayshome\/index.php\/wp-json\/wp\/v2\/product"}],"about":[{"href":"http:\/\/acusticaysonido.net\/ayshome\/index.php\/wp-json\/wp\/v2\/types\/product"}],"replies":[{"embeddable":true,"href":"http:\/\/acusticaysonido.net\/ayshome\/index.php\/wp-json\/wp\/v2\/comments?post=1526"}],"wp:featuredmedia":[{"embeddable":true,"href":"http:\/\/acusticaysonido.net\/ayshome\/index.php\/wp-json\/wp\/v2\/media\/1527"}],"wp:attachment":[{"href":"http:\/\/acusticaysonido.net\/ayshome\/index.php\/wp-json\/wp\/v2\/media?parent=1526"}],"wp:term":[{"taxonomy":"product_cat","embeddable":true,"href":"http:\/\/acusticaysonido.net\/ayshome\/index.php\/wp-json\/wp\/v2\/product_cat?post=1526"},{"taxonomy":"product_tag","embeddable":true,"href":"http:\/\/acusticaysonido.net\/ayshome\/index.php\/wp-json\/wp\/v2\/product_tag?post=1526"}],"curies":[{"name":"wp","href":"https:\/\/api.w.org\/{rel}","templated":true}]}}