{"id":1503,"date":"2024-09-16T14:55:14","date_gmt":"2024-09-16T20:55:14","guid":{"rendered":"http:\/\/acusticaysonido.net\/ayshome\/?post_type=product&#038;p=1503"},"modified":"2024-09-16T14:55:14","modified_gmt":"2024-09-16T20:55:14","slug":"fonestar-fpw-200-woofer","status":"publish","type":"product","link":"http:\/\/acusticaysonido.net\/ayshome\/index.php\/product\/fonestar-fpw-200-woofer\/","title":{"rendered":"FONESTAR, FPW-200, Woofer"},"content":{"rendered":"<table class=\"table-bordered\">\n<tbody>\n<tr class=\"border-bottom\">\n<td class=\"feature\">DI\u00c1METRO:<\/td>\n<td class=\"description\">8&#8243; = 20 cm<\/td>\n<\/tr>\n<tr class=\"border-bottom\">\n<td class=\"feature\">POTENCIA:<\/td>\n<td class=\"description\">200 W m\u00e1ximo, 100 W RMS<\/td>\n<\/tr>\n<tr class=\"border-bottom\">\n<td class=\"feature\">RESPUESTA:<\/td>\n<td class=\"description\">55-4.000 Hz<\/td>\n<\/tr>\n<tr class=\"border-bottom\">\n<td class=\"feature\">IMPEDANCIA:<\/td>\n<td class=\"description\">8 \u03a9<\/td>\n<\/tr>\n<tr class=\"border-bottom\">\n<td class=\"feature\">SENSIBILIDAD:<\/td>\n<td class=\"description\">91 dB a 1 W\/1 m<\/td>\n<\/tr>\n<tr class=\"border-bottom\">\n<td class=\"feature\">BOBINADO:<\/td>\n<td class=\"description\">25 mm \u00d8 x 12&#8217;5 mm altura<\/td>\n<\/tr>\n<tr class=\"border-bottom\">\n<td class=\"feature\">IM\u00c1N:<\/td>\n<td class=\"description\">Ferrita 100 mm<br \/>\n20 Oz<\/td>\n<\/tr>\n<tr class=\"border-bottom\">\n<td class=\"feature\">MASA M\u00d3VIL:<\/td>\n<td class=\"description\">16&#8217;2 g<\/td>\n<\/tr>\n<tr class=\"border-bottom\">\n<td class=\"feature\">VOLUMEN DE CAJA RECOMENDADO:<\/td>\n<td class=\"description\">36 l<\/td>\n<\/tr>\n<tr class=\"border-bottom\">\n<td class=\"feature\">MEDIDAS:<\/td>\n<td class=\"description\">Totales: 202 mm \u00d8 x 90 mm fondo<br \/>\nEncastre: 185 mm \u00d8 x 82 mm fondo<\/td>\n<\/tr>\n<tr class=\"border-bottom\">\n<td class=\"feature\">PESO:<\/td>\n<td class=\"description\">1&#8217;3 kg<\/td>\n<\/tr>\n<\/tbody>\n<\/table>\n<p><a href=\"\/\/fonestar.com\/fpw-200\/\u201d\" target=\"_blank\" rel=\"noopener\"><em><strong>Click aqu\u00ed para m\u00e1s informaci\u00f3n del producto.<\/strong><\/em><\/a><\/p>\n","protected":false},"excerpt":{"rendered":"<p>Altavoz woofer de medios\/graves, para instrumentos musicales, pantallas ac\u00fasticas, bafles Hi-Fi, entre otros.<\/p>\n<p>Altavoz woofer con membrana de cart\u00f3n, chasis de metal e im\u00e1n de ferrita.<br \/>\nProporciona un sonido contundente en frecuencias graves, con unos medios n\u00edtidos y naturales.<br \/>\nRespuesta lineal para un amplio rango de frecuencias y caracter\u00edsticas excepcionales para Hi-Fi.<br \/>\nRecomendado para recintos tipo bass-reflex o herm\u00e9ticos.<\/p>\n","protected":false},"featured_media":1504,"comment_status":"closed","ping_status":"closed","template":"","meta":[],"product_cat":[24],"product_tag":[20,26,46],"_links":{"self":[{"href":"http:\/\/acusticaysonido.net\/ayshome\/index.php\/wp-json\/wp\/v2\/product\/1503"}],"collection":[{"href":"http:\/\/acusticaysonido.net\/ayshome\/index.php\/wp-json\/wp\/v2\/product"}],"about":[{"href":"http:\/\/acusticaysonido.net\/ayshome\/index.php\/wp-json\/wp\/v2\/types\/product"}],"replies":[{"embeddable":true,"href":"http:\/\/acusticaysonido.net\/ayshome\/index.php\/wp-json\/wp\/v2\/comments?post=1503"}],"wp:featuredmedia":[{"embeddable":true,"href":"http:\/\/acusticaysonido.net\/ayshome\/index.php\/wp-json\/wp\/v2\/media\/1504"}],"wp:attachment":[{"href":"http:\/\/acusticaysonido.net\/ayshome\/index.php\/wp-json\/wp\/v2\/media?parent=1503"}],"wp:term":[{"taxonomy":"product_cat","embeddable":true,"href":"http:\/\/acusticaysonido.net\/ayshome\/index.php\/wp-json\/wp\/v2\/product_cat?post=1503"},{"taxonomy":"product_tag","embeddable":true,"href":"http:\/\/acusticaysonido.net\/ayshome\/index.php\/wp-json\/wp\/v2\/product_tag?post=1503"}],"curies":[{"name":"wp","href":"https:\/\/api.w.org\/{rel}","templated":true}]}}