{"id":1499,"date":"2024-09-16T14:38:29","date_gmt":"2024-09-16T20:38:29","guid":{"rendered":"http:\/\/acusticaysonido.net\/ayshome\/?post_type=product&#038;p=1499"},"modified":"2024-09-16T14:38:30","modified_gmt":"2024-09-16T20:38:30","slug":"fonestar-mx-867ru-mezclador-mono","status":"publish","type":"product","link":"http:\/\/acusticaysonido.net\/ayshome\/index.php\/product\/fonestar-mx-867ru-mezclador-mono\/","title":{"rendered":"FONESTAR, MX-867RU, Mezclador Mono"},"content":{"rendered":"<table class=\"table-bordered\">\n<tbody>\n<tr class=\"border-bottom\">\n<td class=\"feature\">CARACTER\u00cdSTICAS:<\/td>\n<td class=\"description\">Mezclador\/preamplificador.<br \/>\nEntrada de micr\u00f3fono con prioridad de avisos.<br \/>\nMatriz de asignaci\u00f3n de 5 canales de entrada a 4 zonas de salida.<br \/>\nReproductor USB\/SD.<br \/>\nSintonizador digital de radio FM.<br \/>\n4 zonas de salida con control independiente de volumen.<br \/>\nControl remoto de volumen de las zonas.<br \/>\nAlimentaci\u00f3n phantom.<\/td>\n<\/tr>\n<tr class=\"border-bottom\">\n<td class=\"feature\">ENTRADAS:<\/td>\n<td class=\"description\">1 micro balanceado, jack 6&#8217;3 mm, 12 mV RMS<br \/>\n1 micro balanceado, combo (XLR y jack 6&#8217;3 mm), 12 mV RMS<br \/>\n2 micros\/l\u00edneas balanceados combo (XLR y jack 6&#8217;3 mm) ajustable, 12 mV RMS y 640 mV RMS<br \/>\n1 auxiliar est\u00e9reo, 2 x RCA, 230 mV RMS<br \/>\n1 auxiliar est\u00e9reo, jack 3&#8217;5 mm, 450 mV RMS<\/td>\n<\/tr>\n<tr class=\"border-bottom\">\n<td class=\"feature\">SALIDAS:<\/td>\n<td class=\"description\">4 zonas balanceadas, XLR, 2&#8217;5 V RMS<br \/>\nControl remoto de volumen de las zonas<br \/>\n1 monitor est\u00e9reo, jack 6&#8217;3 mm, 1 V RMS<\/td>\n<\/tr>\n<tr class=\"border-bottom\">\n<td class=\"feature\">CONTROLES:<\/td>\n<td class=\"description\">4 microinterruptores de asignaci\u00f3n de zonas 1 a 4<br \/>\nEntradas 1 a 4: control de volumen<br \/>\nEntradas 2 y 3: control de ganancia<br \/>\nZonas 1 a 4: control de volumen<br \/>\nMonitor: control de volumen y selecci\u00f3n de zona<br \/>\nReproductor USB\/SD<br \/>\nSintonizador FM<\/td>\n<\/tr>\n<tr class=\"border-bottom\">\n<td class=\"feature\">RESPUESTA:<\/td>\n<td class=\"description\">20-20.000 Hz<\/td>\n<\/tr>\n<tr class=\"border-bottom\">\n<td class=\"feature\">DISTORSI\u00d3N:<\/td>\n<td class=\"description\">Arm\u00f3nica: &lt; 0&#8217;2 % a 1 kHz<\/td>\n<\/tr>\n<tr class=\"border-bottom\">\n<td class=\"feature\">RELACI\u00d3N SE\u00d1AL\/RUIDO:<\/td>\n<td class=\"description\">Micr\u00f3fonos &gt; 65 dB<br \/>\nAuxiliar\/L\u00ednea &gt; 80 dB<\/td>\n<\/tr>\n<tr class=\"border-bottom\">\n<td class=\"feature\">PHANTOM:<\/td>\n<td class=\"description\">48 V en micros 2 y 3, seleccionable<\/td>\n<\/tr>\n<tr class=\"border-bottom\">\n<td class=\"feature\">PRIORIDAD:<\/td>\n<td class=\"description\">Micro 1 por nivel de se\u00f1al, seleccionable<\/td>\n<\/tr>\n<tr class=\"border-bottom\">\n<td class=\"feature\">ALIMENTACI\u00d3N:<\/td>\n<td class=\"description\">230\/115 V CA, 9 W<\/td>\n<\/tr>\n<tr class=\"border-bottom\">\n<td class=\"feature\">MEDIDAS:<\/td>\n<td class=\"description\">483 x 44&#8217;5 x 230 mm fondo. 1 U rack 19&#8243;<\/td>\n<\/tr>\n<tr class=\"border-bottom\">\n<td class=\"feature\">PESO:<\/td>\n<td class=\"description\">3&#8217;15 kg<\/td>\n<\/tr>\n<\/tbody>\n<\/table>\n<p><a href=\"\/\/fonestar.com\/mx-867ru\/\u201d\" target=\"_blank\" rel=\"noopener\"><em><strong>Click aqu\u00ed para m\u00e1s informaci\u00f3n del producto.<\/strong><\/em><\/a><\/p>\n","protected":false},"excerpt":{"rendered":"<p>Mezclador\/preamplificador con matriz de audio de 5 canales asignables a 4 zonas de salida con control independiente de volumen. Reproductor USB\/SD con sintonizador digital de radio FM.<br \/>\nDistribuci\u00f3n de audio en instalaciones con varias zonas y diferentes programas musicales. Control remoto del volumen en cada zona.<\/p>\n","protected":false},"featured_media":1500,"comment_status":"closed","ping_status":"closed","template":"","meta":[],"product_cat":[18,43],"product_tag":[20,45,42],"_links":{"self":[{"href":"http:\/\/acusticaysonido.net\/ayshome\/index.php\/wp-json\/wp\/v2\/product\/1499"}],"collection":[{"href":"http:\/\/acusticaysonido.net\/ayshome\/index.php\/wp-json\/wp\/v2\/product"}],"about":[{"href":"http:\/\/acusticaysonido.net\/ayshome\/index.php\/wp-json\/wp\/v2\/types\/product"}],"replies":[{"embeddable":true,"href":"http:\/\/acusticaysonido.net\/ayshome\/index.php\/wp-json\/wp\/v2\/comments?post=1499"}],"wp:featuredmedia":[{"embeddable":true,"href":"http:\/\/acusticaysonido.net\/ayshome\/index.php\/wp-json\/wp\/v2\/media\/1500"}],"wp:attachment":[{"href":"http:\/\/acusticaysonido.net\/ayshome\/index.php\/wp-json\/wp\/v2\/media?parent=1499"}],"wp:term":[{"taxonomy":"product_cat","embeddable":true,"href":"http:\/\/acusticaysonido.net\/ayshome\/index.php\/wp-json\/wp\/v2\/product_cat?post=1499"},{"taxonomy":"product_tag","embeddable":true,"href":"http:\/\/acusticaysonido.net\/ayshome\/index.php\/wp-json\/wp\/v2\/product_tag?post=1499"}],"curies":[{"name":"wp","href":"https:\/\/api.w.org\/{rel}","templated":true}]}}