{"id":1497,"date":"2024-09-16T14:27:36","date_gmt":"2024-09-16T20:27:36","guid":{"rendered":"http:\/\/acusticaysonido.net\/ayshome\/?post_type=product&#038;p=1497"},"modified":"2024-09-16T14:27:36","modified_gmt":"2024-09-16T20:27:36","slug":"fonestar-sm-1621u-mezcladora-dj","status":"publish","type":"product","link":"http:\/\/acusticaysonido.net\/ayshome\/index.php\/product\/fonestar-sm-1621u-mezcladora-dj\/","title":{"rendered":"FONESTAR, SM-1621U, Mezcladora DJ"},"content":{"rendered":"<table class=\"table-bordered\">\n<tbody>\n<tr class=\"border-bottom\">\n<td class=\"feature\">CARACTER\u00cdSTICAS:<\/td>\n<td class=\"description\">Mezclador DJ profesional de 6 entradas, 3 canales y 2 salidas con controles de volumen independientes.<br \/>\nReproductor USB\/SD.<\/td>\n<\/tr>\n<tr class=\"border-bottom\">\n<td class=\"feature\">REPRODUCTOR:<\/td>\n<td class=\"description\">Reproduce ficheros MP3<br \/>\nPuerto USB para conexi\u00f3n de memorias USB<br \/>\nLector de tarjetas SD<br \/>\nAdmite memorias hasta 32 GB<br \/>\nInformaci\u00f3n ID3 tag<\/td>\n<\/tr>\n<tr class=\"border-bottom\">\n<td class=\"feature\">ENTRADAS:<\/td>\n<td class=\"description\">1 micro balanceado combo (XLR y jack 6&#8217;3 mm), 600 \u03a9 1&#8217;5 mV RMS<br \/>\n1 phono\/l\u00ednea, 2 x RCA 56.000 \u03a9 3 mV RMS y 47.000 \u03a9 300 mV RMS<br \/>\n2 phono 2 x RCA, 56.000 \u03a9 3 mV RMS<br \/>\n2 l\u00edneas 2 x RCA, 47.000 \u03a9 150 mV RMS<\/td>\n<\/tr>\n<tr class=\"border-bottom\">\n<td class=\"feature\">CONTROLES:<\/td>\n<td class=\"description\">Micro: ganancia, agudos, medios, graves, selector de entrada, PFL, talk over y volumen deslizante<br \/>\nPhono\/l\u00ednea: ganancia, agudos, medios, graves, selector de entrada, PFL y volumen deslizante<br \/>\nReproductor USB\/SD: play\/pause, stop, repetici\u00f3n, avance y retroceso de canci\u00f3n, ganancia, agudos, medios, graves, selector de entrada, PFL y volumen deslizante<br \/>\nMaster: balance, volumen e indicador luminoso de nivel de salida<br \/>\nBooth: volumen<br \/>\nPreescucha: volumen y control de asignaci\u00f3n CUE\/MASTER<br \/>\nCrossfader: control deslizante, curva ajustable y modo reversible<\/td>\n<\/tr>\n<tr class=\"border-bottom\">\n<td class=\"feature\">FUNCIONES:<\/td>\n<td class=\"description\">Preescucha por auriculares PFL asignable para cada canal<br \/>\nCrossfader recambiable con curva ajustable y modo reversible<br \/>\nControles deslizantes por canal<br \/>\nEcualizador de 3 bandas por canal<br \/>\nTalk over en el canal 1<br \/>\nIndicador luminoso de nivel de salida master<\/td>\n<\/tr>\n<tr class=\"border-bottom\">\n<td class=\"feature\">SALIDAS:<\/td>\n<td class=\"description\">Master (2 x XLR y 2 x RCA), booth (2 x RCA), grabaci\u00f3n (2 x RCA), auriculares est\u00e9reo (jack 6&#8217;3 mm)<\/td>\n<\/tr>\n<tr class=\"border-bottom\">\n<td class=\"feature\">RESPUESTA:<\/td>\n<td class=\"description\">20-20.000 Hz<\/td>\n<\/tr>\n<tr class=\"border-bottom\">\n<td class=\"feature\">DISTORSI\u00d3N:<\/td>\n<td class=\"description\">Arm\u00f3nica: 0&#8217;05 %<\/td>\n<\/tr>\n<tr class=\"border-bottom\">\n<td class=\"feature\">RELACI\u00d3N SE\u00d1AL\/RUIDO:<\/td>\n<td class=\"description\">&gt; 87 dB<\/td>\n<\/tr>\n<tr class=\"border-bottom\">\n<td class=\"feature\">ALIMENTACI\u00d3N:<\/td>\n<td class=\"description\">230 V CA, 10 W m\u00e1ximo<br \/>\n115 V CA bajo pedido<\/td>\n<\/tr>\n<tr class=\"border-bottom\">\n<td class=\"feature\">MEDIDAS:<\/td>\n<td class=\"description\">245 x 101 x 315 mm fondo<\/td>\n<\/tr>\n<tr class=\"border-bottom\">\n<td class=\"feature\">PESO:<\/td>\n<td class=\"description\">3&#8217;1 kg<\/td>\n<\/tr>\n<\/tbody>\n<\/table>\n<p><a href=\"\/\/fonestar.com\/sm-1621u\/\u201d\" target=\"_blank\" rel=\"noopener\"><em><strong>Click aqu\u00ed para m\u00e1s informaci\u00f3n del producto.<\/strong><\/em><\/a><\/p>\n","protected":false},"excerpt":{"rendered":"<p>Mezclador est\u00e9reo profesional de 3 canales para uso DJ con reproductor USB\/SD.<\/p>\n","protected":false},"featured_media":1498,"comment_status":"closed","ping_status":"closed","template":"","meta":[],"product_cat":[43],"product_tag":[44,20],"_links":{"self":[{"href":"http:\/\/acusticaysonido.net\/ayshome\/index.php\/wp-json\/wp\/v2\/product\/1497"}],"collection":[{"href":"http:\/\/acusticaysonido.net\/ayshome\/index.php\/wp-json\/wp\/v2\/product"}],"about":[{"href":"http:\/\/acusticaysonido.net\/ayshome\/index.php\/wp-json\/wp\/v2\/types\/product"}],"replies":[{"embeddable":true,"href":"http:\/\/acusticaysonido.net\/ayshome\/index.php\/wp-json\/wp\/v2\/comments?post=1497"}],"wp:featuredmedia":[{"embeddable":true,"href":"http:\/\/acusticaysonido.net\/ayshome\/index.php\/wp-json\/wp\/v2\/media\/1498"}],"wp:attachment":[{"href":"http:\/\/acusticaysonido.net\/ayshome\/index.php\/wp-json\/wp\/v2\/media?parent=1497"}],"wp:term":[{"taxonomy":"product_cat","embeddable":true,"href":"http:\/\/acusticaysonido.net\/ayshome\/index.php\/wp-json\/wp\/v2\/product_cat?post=1497"},{"taxonomy":"product_tag","embeddable":true,"href":"http:\/\/acusticaysonido.net\/ayshome\/index.php\/wp-json\/wp\/v2\/product_tag?post=1497"}],"curies":[{"name":"wp","href":"https:\/\/api.w.org\/{rel}","templated":true}]}}