{"id":1483,"date":"2024-09-15T14:36:21","date_gmt":"2024-09-15T20:36:21","guid":{"rendered":"http:\/\/acusticaysonido.net\/ayshome\/?post_type=product&#038;p=1483"},"modified":"2024-09-15T14:36:22","modified_gmt":"2024-09-15T20:36:22","slug":"fonestar-mch-205-microfono-sobremesa","status":"publish","type":"product","link":"http:\/\/acusticaysonido.net\/ayshome\/index.php\/product\/fonestar-mch-205-microfono-sobremesa\/","title":{"rendered":"FONESTAR, MCH-205, Micr\u00f3fono Sobremesa"},"content":{"rendered":"<table class=\"table-bordered\">\n<tbody>\n<tr class=\"border-bottom\">\n<td class=\"feature\">CARACTER\u00cdSTICAS:<\/td>\n<td class=\"description\">Micr\u00f3fono de sobremesa con tonos musicales de aviso y preamplificador.<\/td>\n<\/tr>\n<tr class=\"border-bottom\">\n<td class=\"feature\">C\u00c1PSULA:<\/td>\n<td class=\"description\">Condensador electret<\/td>\n<\/tr>\n<tr class=\"border-bottom\">\n<td class=\"feature\">RESPUESTA:<\/td>\n<td class=\"description\">22-16.000 Hz<\/td>\n<\/tr>\n<tr class=\"border-bottom\">\n<td class=\"feature\">SENSIBILIDAD:<\/td>\n<td class=\"description\">-29 dB (V\/Pa) a 1 kHz<\/td>\n<\/tr>\n<tr class=\"border-bottom\">\n<td class=\"feature\">IMPEDANCIA:<\/td>\n<td class=\"description\">600 \u03a9<\/td>\n<\/tr>\n<tr class=\"border-bottom\">\n<td class=\"feature\">SALIDAS:<\/td>\n<td class=\"description\">Preamplificadas: 1 l\u00ednea balanceada, XLR 10-230 mV<br \/>\n1 l\u00ednea desbalanceada, jack 6&#8217;3 mm 10-110 mV<\/td>\n<\/tr>\n<tr class=\"border-bottom\">\n<td class=\"feature\">INTERRUPTOR:<\/td>\n<td class=\"description\">On\/off<\/td>\n<\/tr>\n<tr class=\"border-bottom\">\n<td class=\"feature\">CONTROLES:<\/td>\n<td class=\"description\">Volumen micro y volumen tonos<\/td>\n<\/tr>\n<tr class=\"border-bottom\">\n<td class=\"feature\">INDICADOR:<\/td>\n<td class=\"description\">Anillo y pulsador luminosos de funcionamiento<\/td>\n<\/tr>\n<tr class=\"border-bottom\">\n<td class=\"feature\">GENERADOR:<\/td>\n<td class=\"description\">4 tonos: 440, 554, 659 y 880 Hz<\/td>\n<\/tr>\n<tr class=\"border-bottom\">\n<td class=\"feature\">ALIMENTACI\u00d3N:<\/td>\n<td class=\"description\">15 V CC con adaptador incluido<\/td>\n<\/tr>\n<tr class=\"border-bottom\">\n<td class=\"feature\">MEDIDAS:<\/td>\n<td class=\"description\">Altura: 385 mm<br \/>\nBase: 132 x 155 mm fondo<\/td>\n<\/tr>\n<tr class=\"border-bottom\">\n<td class=\"feature\">PESO:<\/td>\n<td class=\"description\">0&#8217;7 kg<\/td>\n<\/tr>\n<tr class=\"border-bottom\">\n<td class=\"feature\">ACCESORIOS:<\/td>\n<td class=\"description\">Cable 1&#8217;5 m con conectores jack 6&#8217;3 mm mono<br \/>\nEspuma quitavientos<\/td>\n<\/tr>\n<\/tbody>\n<\/table>\n<p><a href=\"\/\/fonestar.com\/mch-205\/\u201d\" target=\"_blank\" rel=\"noopener\"><em><strong>Click aqu\u00ed para m\u00e1s informaci\u00f3n del producto.<\/strong><\/em><\/a><\/p>\n","protected":false},"excerpt":{"rendered":"<p>Micr\u00f3fono de sobremesa con tonos musicales de aviso y preamplificador. Para comercios, naves industriales, centros educativos, etc.<\/p>\n<p>Optimizado para las transmisiones de voz, ofrece un sonido de gran inteligibilidad y asegura una captaci\u00f3n de voz clara con un bajo nivel de realimentaci\u00f3n gracias a su gran sensibilidad y patr\u00f3n unidireccional. Tiene salida de nivel de l\u00ednea balanceada, permitiendo largas distancias de cable sin inducci\u00f3n de ruidos.\u00a0Su dise\u00f1o robusto y de gran calidad, proporciona fiabilidad y larga duraci\u00f3n en aplicaciones generales.\u00a0Tonos musicales de aviso con control de volumen independiente, control de volumen de micr\u00f3fono y anillo y pulsador luminosos.\u00a0Incorpora cable y espuma quitavientos para una f\u00e1cil instalaci\u00f3n y un uso inmediato.<\/p>\n","protected":false},"featured_media":1484,"comment_status":"closed","ping_status":"closed","template":"","meta":[],"product_cat":[33],"product_tag":[20,34],"_links":{"self":[{"href":"http:\/\/acusticaysonido.net\/ayshome\/index.php\/wp-json\/wp\/v2\/product\/1483"}],"collection":[{"href":"http:\/\/acusticaysonido.net\/ayshome\/index.php\/wp-json\/wp\/v2\/product"}],"about":[{"href":"http:\/\/acusticaysonido.net\/ayshome\/index.php\/wp-json\/wp\/v2\/types\/product"}],"replies":[{"embeddable":true,"href":"http:\/\/acusticaysonido.net\/ayshome\/index.php\/wp-json\/wp\/v2\/comments?post=1483"}],"wp:featuredmedia":[{"embeddable":true,"href":"http:\/\/acusticaysonido.net\/ayshome\/index.php\/wp-json\/wp\/v2\/media\/1484"}],"wp:attachment":[{"href":"http:\/\/acusticaysonido.net\/ayshome\/index.php\/wp-json\/wp\/v2\/media?parent=1483"}],"wp:term":[{"taxonomy":"product_cat","embeddable":true,"href":"http:\/\/acusticaysonido.net\/ayshome\/index.php\/wp-json\/wp\/v2\/product_cat?post=1483"},{"taxonomy":"product_tag","embeddable":true,"href":"http:\/\/acusticaysonido.net\/ayshome\/index.php\/wp-json\/wp\/v2\/product_tag?post=1483"}],"curies":[{"name":"wp","href":"https:\/\/api.w.org\/{rel}","templated":true}]}}