{"id":1479,"date":"2024-09-15T14:15:31","date_gmt":"2024-09-15T20:15:31","guid":{"rendered":"http:\/\/acusticaysonido.net\/ayshome\/?post_type=product&#038;p=1479"},"modified":"2024-09-15T14:15:31","modified_gmt":"2024-09-15T20:15:31","slug":"fonestar-ambient-20a-altavoz","status":"publish","type":"product","link":"http:\/\/acusticaysonido.net\/ayshome\/index.php\/product\/fonestar-ambient-20a-altavoz\/","title":{"rendered":"FONESTAR, AMBIENT 20A, Altavoz"},"content":{"rendered":"<div id=\"tab-fc28209c9a460204bc5\" class=\"tab-pane fade fusion-clearfix active in\" tabindex=\"0\" role=\"tabpanel\" aria-labelledby=\"fusion-tab-caracter\u00edsticast\u00e9cnicas\">\n<div class=\"table-features\">\n<table class=\"table-bordered\">\n<tbody>\n<tr class=\"border-bottom\">\n<td class=\"feature\">CARACTER\u00cdSTICAS:<\/td>\n<td class=\"description\">Pareja de altavoces amplificados.<br \/>\nAmbos bafles activos con amplificador.<br \/>\nAmplificador clase-D de alta eficiencia.<br \/>\nAltavoz de im\u00e1n blindado.<br \/>\nSistema de refuerzo en graves bass reflex.<\/td>\n<\/tr>\n<tr class=\"border-bottom\">\n<td class=\"feature\">POTENCIA:<\/td>\n<td class=\"description\">40 W m\u00e1ximo, 20 W RMS<br \/>\nAmplificador clase-D<br \/>\nCompresor\/limitador de protecci\u00f3n<\/td>\n<\/tr>\n<tr class=\"border-bottom\">\n<td class=\"feature\">ALTAVOCES:<\/td>\n<td class=\"description\">1 woofer polipropileno 3&#8243;, bobina 20&#8217;4 mm con im\u00e1n blindado<\/td>\n<\/tr>\n<tr class=\"border-bottom\">\n<td class=\"feature\">RESPUESTA:<\/td>\n<td class=\"description\">132-20.000 Hz<\/td>\n<\/tr>\n<tr class=\"border-bottom\">\n<td class=\"feature\">ENTRADAS:<\/td>\n<td class=\"description\">1 l\u00ednea auxiliar, 2 x RCA 775 mV<br \/>\n1 l\u00ednea balanceada, jack 6&#8217;3 mm 775 mV<\/td>\n<\/tr>\n<tr class=\"border-bottom\">\n<td class=\"feature\">SALIDAS:<\/td>\n<td class=\"description\">1 l\u00ednea balanceada, jack 6&#8217;3 mm<\/td>\n<\/tr>\n<tr class=\"border-bottom\">\n<td class=\"feature\">INDICADORES:<\/td>\n<td class=\"description\">Funcionamiento<\/td>\n<\/tr>\n<tr class=\"border-bottom\">\n<td class=\"feature\">CONTROLES:<\/td>\n<td class=\"description\">On\/off y volumen<\/td>\n<\/tr>\n<tr class=\"border-bottom\">\n<td class=\"feature\">COLOR:<\/td>\n<td class=\"description\">Negro (RAL 9017)<\/td>\n<\/tr>\n<tr class=\"border-bottom\">\n<td class=\"feature\">ALIMENTACI\u00d3N:<\/td>\n<td class=\"description\">230 V CA, 40 W<br \/>\n115 V CA bajo pedido<\/td>\n<\/tr>\n<tr class=\"border-bottom\">\n<td class=\"feature\">MEDIDAS:<\/td>\n<td class=\"description\">115 x 175 x 107 mm fondo<\/td>\n<\/tr>\n<tr class=\"border-bottom\">\n<td class=\"feature\">PESO:<\/td>\n<td class=\"description\">2 x 1&#8217;3 kg<\/td>\n<\/tr>\n<tr class=\"border-bottom\">\n<td class=\"feature\">ACCESORIOS:<\/td>\n<td class=\"description\">Soportes de fijaci\u00f3n con brazo orientable y cable de seguridad de acero<\/td>\n<\/tr>\n<\/tbody>\n<\/table>\n<\/div>\n<\/div>\n<div id=\"cta\" class=\"max-width-1200\"><\/div>\n<p><a href=\"\/\/fonestar.com\/ambient-20a\/\u201d\" target=\"_blank\" rel=\"noopener\"><em><strong>Click aqu\u00ed para m\u00e1s informaci\u00f3n del producto.<\/strong><\/em><\/a><\/p>\n","protected":false},"excerpt":{"rendered":"<div id=\"tab-a9f6ca8d723a3f5356e\" class=\"tab-pane fade fusion-clearfix in active\" tabindex=\"0\" role=\"tabpanel\" aria-labelledby=\"fusion-tab-descripci\u00f3n\">Parejas de altavoces de baja impedancia serie AMBIENT. Especialmente dise\u00f1ados para aplicaciones de megafon\u00eda y sonido ambiental; una soluci\u00f3n para instalaciones en locales p\u00fablicos como restaurantes, cafeter\u00edas, supermercados, centros comerciales, etc.<br \/>\nExcelente acabado, de alta potencia y resistentes, en un tama\u00f1o reducido.<br \/>\nLos altavoces incluyen un soporte de pared con brazo orientable y cable de seguridad de acero, que permiten una f\u00e1cil instalaci\u00f3n y orientaci\u00f3n de los mismos.<\/p>\n<p>Son una gran soluci\u00f3n para instalaciones en locales p\u00fablicos como restaurantes, cafeter\u00edas, supermercados, centros comerciales, etc.<\/p><\/div>\n<div id=\"cta\" class=\"max-width-1200\"><\/div>\n","protected":false},"featured_media":1480,"comment_status":"closed","ping_status":"closed","template":"","meta":[],"product_cat":[24],"product_tag":[25,20,26],"_links":{"self":[{"href":"http:\/\/acusticaysonido.net\/ayshome\/index.php\/wp-json\/wp\/v2\/product\/1479"}],"collection":[{"href":"http:\/\/acusticaysonido.net\/ayshome\/index.php\/wp-json\/wp\/v2\/product"}],"about":[{"href":"http:\/\/acusticaysonido.net\/ayshome\/index.php\/wp-json\/wp\/v2\/types\/product"}],"replies":[{"embeddable":true,"href":"http:\/\/acusticaysonido.net\/ayshome\/index.php\/wp-json\/wp\/v2\/comments?post=1479"}],"wp:featuredmedia":[{"embeddable":true,"href":"http:\/\/acusticaysonido.net\/ayshome\/index.php\/wp-json\/wp\/v2\/media\/1480"}],"wp:attachment":[{"href":"http:\/\/acusticaysonido.net\/ayshome\/index.php\/wp-json\/wp\/v2\/media?parent=1479"}],"wp:term":[{"taxonomy":"product_cat","embeddable":true,"href":"http:\/\/acusticaysonido.net\/ayshome\/index.php\/wp-json\/wp\/v2\/product_cat?post=1479"},{"taxonomy":"product_tag","embeddable":true,"href":"http:\/\/acusticaysonido.net\/ayshome\/index.php\/wp-json\/wp\/v2\/product_tag?post=1479"}],"curies":[{"name":"wp","href":"https:\/\/api.w.org\/{rel}","templated":true}]}}