{"id":1475,"date":"2024-09-15T13:56:33","date_gmt":"2024-09-15T19:56:33","guid":{"rendered":"http:\/\/acusticaysonido.net\/ayshome\/?post_type=product&#038;p=1475"},"modified":"2024-09-15T13:56:33","modified_gmt":"2024-09-15T19:56:33","slug":"fonestar-gm-20p-intercomunicador-ventanilla","status":"publish","type":"product","link":"http:\/\/acusticaysonido.net\/ayshome\/index.php\/product\/fonestar-gm-20p-intercomunicador-ventanilla\/","title":{"rendered":"FONESTAR, GM-20P, Intercomunicador Ventanilla"},"content":{"rendered":"<table class=\"table-bordered\">\n<tbody>\n<tr class=\"border-bottom\">\n<td class=\"feature\">CARACTER\u00cdSTICAS:<\/td>\n<td class=\"description\">Micr\u00f3fono intercomunicador doble direcci\u00f3n de ventanilla.<\/td>\n<\/tr>\n<tr class=\"border-bottom\">\n<td class=\"feature\">FUNCIONES:<\/td>\n<td class=\"description\">Puerta de ruido en micr\u00f3fono intercomunicador de sobremesa<\/td>\n<\/tr>\n<tr class=\"border-bottom\">\n<td class=\"feature\">POTENCIA:<\/td>\n<td class=\"description\">2 x 400 mW m\u00e1ximo<\/td>\n<\/tr>\n<tr class=\"border-bottom\">\n<td class=\"feature\">CONTROLES:<\/td>\n<td class=\"description\">Intercomunicador de sobremesa:<br \/>\nOn\/off<br \/>\nFunci\u00f3n PTL (manos libres) y PTT (pulsar para hablar)<br \/>\nControl de volumen<br \/>\nSelector de micr\u00f3fono electret o din\u00e1mico<br \/>\nIntercomunicador exterior:<br \/>\nPulsador de llamada<\/td>\n<\/tr>\n<tr class=\"border-bottom\">\n<td class=\"feature\">INDICADORES:<\/td>\n<td class=\"description\">Indicador luminoso de funcionamiento en intercomunicador de sobremesa y exterior<\/td>\n<\/tr>\n<tr class=\"border-bottom\">\n<td class=\"feature\">C\u00c1PSULA:<\/td>\n<td class=\"description\">Condensador electret unidireccional<\/td>\n<\/tr>\n<tr class=\"border-bottom\">\n<td class=\"feature\">CONECTORES:<\/td>\n<td class=\"description\">XLR para micr\u00f3fono en intercomunicador de sobremesa<br \/>\n2 x RCA jack 3&#8217;5 mm para intercomunicador exterior<\/td>\n<\/tr>\n<tr class=\"border-bottom\">\n<td class=\"feature\">ALIMENTACI\u00d3N:<\/td>\n<td class=\"description\">9 V CC con adaptador incluido<\/td>\n<\/tr>\n<tr class=\"border-bottom\">\n<td class=\"feature\">CABLE:<\/td>\n<td class=\"description\">3 m de cable, intercomunicador exterior<\/td>\n<\/tr>\n<tr class=\"border-bottom\">\n<td class=\"feature\">MEDIDAS:<\/td>\n<td class=\"description\">Intercomunicador de sobremesa: 115 x 65 x 175 mm fondo<br \/>\nMicr\u00f3fono flexo: 360 mm alto<br \/>\nIntercomunicador exterior: 85 mm \u00d8 x 30 mm alto<\/td>\n<\/tr>\n<tr class=\"border-bottom\">\n<td class=\"feature\">PESO:<\/td>\n<td class=\"description\">0&#8217;86 kg<\/td>\n<\/tr>\n<tr class=\"border-bottom\">\n<td class=\"feature\">ACCESORIOS:<\/td>\n<td class=\"description\">Espuma quitavientos<br \/>\nVelcro y torniller\u00eda para instalaci\u00f3n<\/td>\n<\/tr>\n<tr class=\"border-bottom\">\n<td class=\"feature\">OBSERVACIONES:<\/td>\n<td class=\"description\">Instalaci\u00f3n intercomunicador exterior mediante velcro o tornillos en orificio 50 mm \u00d8<\/td>\n<\/tr>\n<\/tbody>\n<\/table>\n<p><a href=\"\/\/fonestar.com\/gm-20p\/\u201d\" target=\"_blank\" rel=\"noopener\"><em><strong>Click aqu\u00ed para m\u00e1s informaci\u00f3n del producto.<\/strong><\/em><\/a><\/p>\n","protected":false},"excerpt":{"rendered":"<p>Intercomunicador de ventanilla, para taquillas, bancos, despachos, puestos de control, accesos privados, parkings, etc.<\/p>\n<p>Dise\u00f1ado para facilitar la comunicaci\u00f3n en situaciones que requieren distanciamiento social o barreras f\u00edsicas, como ventanillas y mamparas. Incorpora funciones PTL (manos libres) y PTT (pulsar para hablar) con puerta de ruido, comunicaci\u00f3n en ambas direcciones (full-duplex) con control de volumen, selector de micr\u00f3fono electret o din\u00e1mico y pulsador de llamada para intercomunicador exterior.\u00a0Incluye cable de 3 m para intercomunicador exterior, espuma quitavientos, velcro y torniller\u00eda para una instalaci\u00f3n r\u00e1pida y sencilla.<\/p>\n","protected":false},"featured_media":1476,"comment_status":"closed","ping_status":"closed","template":"","meta":[],"product_cat":[33],"product_tag":[20,34],"_links":{"self":[{"href":"http:\/\/acusticaysonido.net\/ayshome\/index.php\/wp-json\/wp\/v2\/product\/1475"}],"collection":[{"href":"http:\/\/acusticaysonido.net\/ayshome\/index.php\/wp-json\/wp\/v2\/product"}],"about":[{"href":"http:\/\/acusticaysonido.net\/ayshome\/index.php\/wp-json\/wp\/v2\/types\/product"}],"replies":[{"embeddable":true,"href":"http:\/\/acusticaysonido.net\/ayshome\/index.php\/wp-json\/wp\/v2\/comments?post=1475"}],"wp:featuredmedia":[{"embeddable":true,"href":"http:\/\/acusticaysonido.net\/ayshome\/index.php\/wp-json\/wp\/v2\/media\/1476"}],"wp:attachment":[{"href":"http:\/\/acusticaysonido.net\/ayshome\/index.php\/wp-json\/wp\/v2\/media?parent=1475"}],"wp:term":[{"taxonomy":"product_cat","embeddable":true,"href":"http:\/\/acusticaysonido.net\/ayshome\/index.php\/wp-json\/wp\/v2\/product_cat?post=1475"},{"taxonomy":"product_tag","embeddable":true,"href":"http:\/\/acusticaysonido.net\/ayshome\/index.php\/wp-json\/wp\/v2\/product_tag?post=1475"}],"curies":[{"name":"wp","href":"https:\/\/api.w.org\/{rel}","templated":true}]}}