{"id":1471,"date":"2024-09-15T13:49:59","date_gmt":"2024-09-15T19:49:59","guid":{"rendered":"http:\/\/acusticaysonido.net\/ayshome\/?post_type=product&#038;p=1471"},"modified":"2024-09-15T13:49:59","modified_gmt":"2024-09-15T19:49:59","slug":"fonestar-ma-245gu-amplificador-mono","status":"publish","type":"product","link":"http:\/\/acusticaysonido.net\/ayshome\/index.php\/product\/fonestar-ma-245gu-amplificador-mono\/","title":{"rendered":"FONESTAR, MA-245GU, Amplificador Mono"},"content":{"rendered":"<table class=\"table-bordered\">\n<tbody>\n<tr class=\"border-bottom\">\n<td class=\"feature\">CARACTER\u00cdSTICAS:<\/td>\n<td class=\"description\">Amplificador de megafon\u00eda.<br \/>\nGrabador\/reproductor USB\/SD.<br \/>\n4 zonas de altavoces seleccionables con control independiente de volumen.<br \/>\nAlimentaci\u00f3n phantom.<br \/>\nPrioridad de avisos.<\/td>\n<\/tr>\n<tr class=\"border-bottom\">\n<td class=\"feature\">POTENCIA:<\/td>\n<td class=\"description\">360 W m\u00e1ximo, 240 W RMS<\/td>\n<\/tr>\n<tr class=\"border-bottom\">\n<td class=\"feature\">RESPUESTA:<\/td>\n<td class=\"description\">80-16.000 Hz \u00b13 dB<\/td>\n<\/tr>\n<tr class=\"border-bottom\">\n<td class=\"feature\">DISTORSI\u00d3N:<\/td>\n<td class=\"description\">Arm\u00f3nica: &lt; 1%<\/td>\n<\/tr>\n<tr class=\"border-bottom\">\n<td class=\"feature\">ENTRADAS:<\/td>\n<td class=\"description\">4 micros\/l\u00edneas balanceados, combo (XLR y jack 6&#8217;3 mm) 600 \u03a9 2 mV y 47.000 \u03a9 150 mV, conmutables<br \/>\n1 auxiliar, 2 x RCA 47.000 \u03a9 300 mV<br \/>\n1 amp in, RCA 10.000 \u03a9 1 V<br \/>\n1 tel. input, terminales roscados 600 \u03a9 100 mV<\/td>\n<\/tr>\n<tr class=\"border-bottom\">\n<td class=\"feature\">SALIDAS:<\/td>\n<td class=\"description\">1 line out, 2 x RCA 47.000 \u03a9 1 V<br \/>\n1 pre out, RCA 600 \u03a9 1 V<br \/>\n1 monitor, terminales roscados 600 \u03a9, 775 mV y 1 W 8 \u03a9 (entrada aux)<\/td>\n<\/tr>\n<tr class=\"border-bottom\">\n<td class=\"feature\">CONTROLES:<\/td>\n<td class=\"description\">Tono:<br \/>\nGraves: \u00b110 dB<br \/>\nAgudos: \u00b110 dB<br \/>\nVolumen: entradas 1 a 4, aux, volumen general y reproductor USB\/SD<\/td>\n<\/tr>\n<tr class=\"border-bottom\">\n<td class=\"feature\">REPRODUCTOR:<\/td>\n<td class=\"description\">Grabador\/reproductor USB\/SD<\/td>\n<\/tr>\n<tr class=\"border-bottom\">\n<td class=\"feature\">PHANTOM:<\/td>\n<td class=\"description\">24 V en micros 1 a 4, seleccionable<\/td>\n<\/tr>\n<tr class=\"border-bottom\">\n<td class=\"feature\">PRIORIDAD:<\/td>\n<td class=\"description\">Tel. input y micro 1 por nivel de se\u00f1al, seleccionable<\/td>\n<\/tr>\n<tr class=\"border-bottom\">\n<td class=\"feature\">SELECTOR ZONAS:<\/td>\n<td class=\"description\">4 zonas de altavoces seleccionables con control independiente de volumen, m\u00e1ximo 120 W por zona<\/td>\n<\/tr>\n<tr class=\"border-bottom\">\n<td class=\"feature\">IMPEDANCIA:<\/td>\n<td class=\"description\">4 \u03a9 y l\u00edneas 100, 70 y 25 V, terminales roscados<\/td>\n<\/tr>\n<tr class=\"border-bottom\">\n<td class=\"feature\">ALIMENTACI\u00d3N:<\/td>\n<td class=\"description\">230\/115 V CA, 600 W y 24 V CC, 312 W<\/td>\n<\/tr>\n<tr class=\"border-bottom\">\n<td class=\"feature\">MEDIDAS:<\/td>\n<td class=\"description\">420 x 89 x 300 mm fondo. 2 U rack 19&#8221;<\/td>\n<\/tr>\n<tr class=\"border-bottom\">\n<td class=\"feature\">PESO:<\/td>\n<td class=\"description\">11&#8217;7 kg<\/td>\n<\/tr>\n<tr class=\"border-bottom\">\n<td class=\"feature\">OPCIONAL:<\/td>\n<td class=\"description\">MA-2N: soportes para montaje en rack 19&#8243;<\/td>\n<\/tr>\n<\/tbody>\n<\/table>\n<p><a href=\"\/\/fonestar.com\/ma-245gu\/\u201d\" target=\"_blank\" rel=\"noopener\"><em><strong>Click aqu\u00ed para m\u00e1s informaci\u00f3n del producto.<\/strong><\/em><\/a><\/p>\n","protected":false},"excerpt":{"rendered":"<p>Amplificador de megafon\u00eda con grabador\/reproductor USB\/SD. Para instalaciones de megafon\u00eda y m\u00fasica ambiental con altavoces de l\u00ednea de 100 V o baja impedancia. Locales comerciales, centros educativos, monumentos, exposiciones, bares, restaurantes, etc.<\/p>\n<p>Equipo vers\u00e1til y completo que integra todos los elementos necesarios de una instalaci\u00f3n de sonido profesional: entradas de micr\u00f3fono y l\u00ednea, entrada auxiliar, grabador\/reproductor USB\/SD, mezclador y amplificador.\u00a0Dise\u00f1ado para su uso en instalaciones de megafon\u00eda con altavoces de l\u00ednea 100 V o instalaciones mono con altavoces de baja impedancia.<br \/>\nSelector de zonas de altavoces con control independiente de volumen.\u00a0Entradas de audio con las conexiones est\u00e1ndar del mercado: XLR, jack y RCA.\u00a0Conectores de altavoz con terminales roscados, seguros y de f\u00e1cil conexi\u00f3n.\u00a0Gran calidad de sonido.\u00a0Tama\u00f1o compacto, para uso en sobremesa o en rack 19&#8243;.<\/p>\n","protected":false},"featured_media":1472,"comment_status":"closed","ping_status":"closed","template":"","meta":[],"product_cat":[18],"product_tag":[28,19,20],"_links":{"self":[{"href":"http:\/\/acusticaysonido.net\/ayshome\/index.php\/wp-json\/wp\/v2\/product\/1471"}],"collection":[{"href":"http:\/\/acusticaysonido.net\/ayshome\/index.php\/wp-json\/wp\/v2\/product"}],"about":[{"href":"http:\/\/acusticaysonido.net\/ayshome\/index.php\/wp-json\/wp\/v2\/types\/product"}],"replies":[{"embeddable":true,"href":"http:\/\/acusticaysonido.net\/ayshome\/index.php\/wp-json\/wp\/v2\/comments?post=1471"}],"wp:featuredmedia":[{"embeddable":true,"href":"http:\/\/acusticaysonido.net\/ayshome\/index.php\/wp-json\/wp\/v2\/media\/1472"}],"wp:attachment":[{"href":"http:\/\/acusticaysonido.net\/ayshome\/index.php\/wp-json\/wp\/v2\/media?parent=1471"}],"wp:term":[{"taxonomy":"product_cat","embeddable":true,"href":"http:\/\/acusticaysonido.net\/ayshome\/index.php\/wp-json\/wp\/v2\/product_cat?post=1471"},{"taxonomy":"product_tag","embeddable":true,"href":"http:\/\/acusticaysonido.net\/ayshome\/index.php\/wp-json\/wp\/v2\/product_tag?post=1471"}],"curies":[{"name":"wp","href":"https:\/\/api.w.org\/{rel}","templated":true}]}}