{"id":1467,"date":"2024-09-15T13:34:14","date_gmt":"2024-09-15T19:34:14","guid":{"rendered":"http:\/\/acusticaysonido.net\/ayshome\/?post_type=product&#038;p=1467"},"modified":"2024-09-15T13:34:14","modified_gmt":"2024-09-15T19:34:14","slug":"fonestar-zsm-1000-programador-mensajes-digital","status":"publish","type":"product","link":"http:\/\/acusticaysonido.net\/ayshome\/index.php\/product\/fonestar-zsm-1000-programador-mensajes-digital\/","title":{"rendered":"FONESTAR, ZSM-1000, Programador Mensajes Digital"},"content":{"rendered":"<table class=\"table-bordered\">\n<tbody>\n<tr class=\"border-bottom\">\n<td class=\"feature\">CARACTER\u00cdSTICAS:<\/td>\n<td class=\"description\">Programador de mensajes, reproductor de m\u00fasica ambiente y cliente SIP.<br \/>\nFunci\u00f3n de reloj interno con actualizaci\u00f3n autom\u00e1tica de la hora de verano.<br \/>\nReproducci\u00f3n de mensajes pregrabados.<br \/>\nMemoria interna de 16 GB para ficheros de audio.<br \/>\nSoftware PC para programaci\u00f3n, gesti\u00f3n y transferencia de ficheros de audio a trav\u00e9s de red de \u00e1rea local (LAN) e internet.<br \/>\nProtocolo SIP.<br \/>\n10 canales seleccionables desde el panel frontal con control de volumen independiente para m\u00fasica ambiente y mensajes.<br \/>\nPantalla LCD.<br \/>\nActualizaci\u00f3n de software remota o de manera local a trav\u00e9s del puerto USB.<\/td>\n<\/tr>\n<tr class=\"border-bottom\">\n<td class=\"feature\">ENTRADAS:<\/td>\n<td class=\"description\">1 conexi\u00f3n ethernet, RJ-45<br \/>\nPuerto USB para actualizaci\u00f3n de software<\/td>\n<\/tr>\n<tr class=\"border-bottom\">\n<td class=\"feature\">SALIDAS:<\/td>\n<td class=\"description\">1 auxiliar, 2 x RCA 1 V<\/td>\n<\/tr>\n<tr class=\"border-bottom\">\n<td class=\"feature\">ALIMENTACI\u00d3N:<\/td>\n<td class=\"description\">100-240 V CA, 8 W<\/td>\n<\/tr>\n<tr class=\"border-bottom\">\n<td class=\"feature\">MEDIDAS:<\/td>\n<td class=\"description\">294 x 44 x 158 mm fondo. 1 U rack 19&#8243;<\/td>\n<\/tr>\n<tr class=\"border-bottom\">\n<td class=\"feature\">PESO:<\/td>\n<td class=\"description\">1&#8217;8 kg<\/td>\n<\/tr>\n<tr class=\"border-bottom\">\n<td class=\"feature\">ACCESORIOS:<\/td>\n<td class=\"description\">Soportes para montaje en rack 19&#8243;<\/td>\n<\/tr>\n<tr class=\"border-bottom\">\n<td class=\"feature\">SOFTWARE:<\/td>\n<td class=\"description\">Software ZSM-GO para PC (incluido)<br \/>\nAcceso a trav\u00e9s de red de \u00e1rea local (LAN) e internet<br \/>\nControl y gesti\u00f3n de m\u00faltiples ZSM<br \/>\nProgramaci\u00f3n de mensajes.<br \/>\nCreaci\u00f3n y control de canales de m\u00fasica ambiente<br \/>\nGesti\u00f3n y transferencia de ficheros de audio<br \/>\nMonitorizaci\u00f3n de estado<\/td>\n<\/tr>\n<\/tbody>\n<\/table>\n<p><a href=\"\/\/fonestar.com\/zsm-1000\/\u201d\" target=\"_blank\" rel=\"noopener\"><em><strong>Click aqu\u00ed para m\u00e1s informaci\u00f3n del producto.<\/strong><\/em><\/a><\/p>\n","protected":false},"excerpt":{"rendered":"<p>Programador de mensajes, reproductor de m\u00fasica ambiente y cliente SIP.<br \/>\nReproductor de mensajes programados e instant\u00e1neos. M\u00fasica ambiente desde memoria interna. Cliente SIP para conexi\u00f3n a centralita y dispositivos SIP.<br \/>\nProgramaci\u00f3n con software para PC a trav\u00e9s de red de \u00e1rea local (LAN) e internet.<\/p>\n","protected":false},"featured_media":1468,"comment_status":"closed","ping_status":"closed","template":"","meta":[],"product_cat":[18],"product_tag":[20,41],"_links":{"self":[{"href":"http:\/\/acusticaysonido.net\/ayshome\/index.php\/wp-json\/wp\/v2\/product\/1467"}],"collection":[{"href":"http:\/\/acusticaysonido.net\/ayshome\/index.php\/wp-json\/wp\/v2\/product"}],"about":[{"href":"http:\/\/acusticaysonido.net\/ayshome\/index.php\/wp-json\/wp\/v2\/types\/product"}],"replies":[{"embeddable":true,"href":"http:\/\/acusticaysonido.net\/ayshome\/index.php\/wp-json\/wp\/v2\/comments?post=1467"}],"wp:featuredmedia":[{"embeddable":true,"href":"http:\/\/acusticaysonido.net\/ayshome\/index.php\/wp-json\/wp\/v2\/media\/1468"}],"wp:attachment":[{"href":"http:\/\/acusticaysonido.net\/ayshome\/index.php\/wp-json\/wp\/v2\/media?parent=1467"}],"wp:term":[{"taxonomy":"product_cat","embeddable":true,"href":"http:\/\/acusticaysonido.net\/ayshome\/index.php\/wp-json\/wp\/v2\/product_cat?post=1467"},{"taxonomy":"product_tag","embeddable":true,"href":"http:\/\/acusticaysonido.net\/ayshome\/index.php\/wp-json\/wp\/v2\/product_tag?post=1467"}],"curies":[{"name":"wp","href":"https:\/\/api.w.org\/{rel}","templated":true}]}}