{"id":1464,"date":"2024-09-15T13:24:44","date_gmt":"2024-09-15T19:24:44","guid":{"rendered":"http:\/\/acusticaysonido.net\/ayshome\/?post_type=product&#038;p=1464"},"modified":"2024-09-15T13:24:44","modified_gmt":"2024-09-15T19:24:44","slug":"fonestar-ef-333-altavoces-esfera-colgantes","status":"publish","type":"product","link":"http:\/\/acusticaysonido.net\/ayshome\/index.php\/product\/fonestar-ef-333-altavoces-esfera-colgantes\/","title":{"rendered":"FONESTAR, EF-333, Altavoces Esfera Colgantes"},"content":{"rendered":"<table class=\"table-bordered\">\n<tbody>\n<tr class=\"border-bottom\">\n<td class=\"feature\">CARACTER\u00cdSTICAS:<\/td>\n<td class=\"description\">Altavoz colgante con transformador de l\u00ednea 100 V y baja impedancia.<br \/>\nAltavoz coaxial, sonido n\u00edtido y limpio.<br \/>\nCobertura uniforme horizontal.<br \/>\nDise\u00f1o moderno.<\/td>\n<\/tr>\n<tr class=\"border-bottom\">\n<td class=\"feature\">POTENCIA:<\/td>\n<td class=\"description\">30 W m\u00e1ximo, 30 W RMS<\/td>\n<\/tr>\n<tr class=\"border-bottom\">\n<td class=\"feature\">ALTAVOCES:<\/td>\n<td class=\"description\">Woofer: 5&#8221;<br \/>\nTweeter: \u00bd&#8221;<\/td>\n<\/tr>\n<tr class=\"border-bottom\">\n<td class=\"feature\">RESPUESTA:<\/td>\n<td class=\"description\">70-20.000 Hz<\/td>\n<\/tr>\n<tr class=\"border-bottom\">\n<td class=\"feature\">IMPEDANCIA:<\/td>\n<td class=\"description\">Alta Z l\u00ednea 100 V:<br \/>\n30 W RMS@100\/70 V (330 \u03a9\/170 \u03a9)<br \/>\n20 W RMS@100\/70 V (500 \u03a9\/250 \u03a9)<br \/>\n15 W RMS@100\/70 V (660 \u03a9\/330 \u03a9)<br \/>\n10 W RMS@100\/70 V (1.000 \u03a9\/500 \u03a9)<br \/>\n5 W RMS@100\/70 V (2.000 \u03a9\/1.000 \u03a9)<br \/>\nBaja Z:<br \/>\n30 W RMS@8 \u03a9<\/td>\n<\/tr>\n<tr class=\"border-bottom\">\n<td class=\"feature\">SENSIBILIDAD:<\/td>\n<td class=\"description\">91 dB a 1 W\/1 m<\/td>\n<\/tr>\n<tr class=\"border-bottom\">\n<td class=\"feature\">\u00c1NGULO DE COBERTURA:<\/td>\n<td class=\"description\">90\u00b0<\/td>\n<\/tr>\n<tr class=\"border-bottom\">\n<td class=\"feature\">PROTECCIONES:<\/td>\n<td class=\"description\">IP-54<\/td>\n<\/tr>\n<tr class=\"border-bottom\">\n<td class=\"feature\">MATERIAL:<\/td>\n<td class=\"description\">ABS extra resistente y rejilla de aluminio<\/td>\n<\/tr>\n<tr class=\"border-bottom\">\n<td class=\"feature\">COLOR:<\/td>\n<td class=\"description\">Blanco (RAL 9002)<\/td>\n<\/tr>\n<tr class=\"border-bottom\">\n<td class=\"feature\">CABLE:<\/td>\n<td class=\"description\">4 m<\/td>\n<\/tr>\n<tr class=\"border-bottom\">\n<td class=\"feature\">MEDIDAS:<\/td>\n<td class=\"description\">187 mm \u00d8 x 245 mm alto<\/td>\n<\/tr>\n<tr class=\"border-bottom\">\n<td class=\"feature\">PESO:<\/td>\n<td class=\"description\">2&#8217;1 kg<\/td>\n<\/tr>\n<tr class=\"border-bottom\">\n<td class=\"feature\">ACCESORIOS:<\/td>\n<td class=\"description\">Soporte de sujeci\u00f3n al techo<\/td>\n<\/tr>\n<\/tbody>\n<\/table>\n<p><a href=\"\/\/fonestar.com\/ef-333\/\u201d\" target=\"_blank\" rel=\"noopener\"><em><strong>Click aqu\u00ed para m\u00e1s informaci\u00f3n del producto.<\/strong><\/em><\/a><\/p>\n","protected":false},"excerpt":{"rendered":"<p>Altavoz colgante con transformador de l\u00ednea de 100 V y baja impedancia. Para aplicaciones de megafon\u00eda y ambientaci\u00f3n musical en instalaciones de l\u00ednea de 100 V o baja impedancia en gimnasios, instalaciones deportivas, naves industriales as\u00ed como restaurantes, \u00e1reas comerciales, etc.<\/p>\n<p>Dise\u00f1o actual que permite integrarlo como un elemento decorativo m\u00e1s de su instalaci\u00f3n, haci\u00e9ndolo pasar desapercibido.\u00a0Altavoz coaxial que proporciona un sonido n\u00edtido y limpio, perfecto tanto para voz como para m\u00fasica ambiental.\u00a0Proporciona cobertura uniforme horizontal, adecuada para solucionar problemas de reverberaci\u00f3n y eco en locales con gran volumen.\u00a0Incluye el soporte de sujeci\u00f3n al techo para una f\u00e1cil instalaci\u00f3n.\u00a0Construido con protecci\u00f3n para uso exteriores protegidos.<\/p>\n","protected":false},"featured_media":1465,"comment_status":"closed","ping_status":"closed","template":"","meta":[],"product_cat":[24],"product_tag":[25,20],"_links":{"self":[{"href":"http:\/\/acusticaysonido.net\/ayshome\/index.php\/wp-json\/wp\/v2\/product\/1464"}],"collection":[{"href":"http:\/\/acusticaysonido.net\/ayshome\/index.php\/wp-json\/wp\/v2\/product"}],"about":[{"href":"http:\/\/acusticaysonido.net\/ayshome\/index.php\/wp-json\/wp\/v2\/types\/product"}],"replies":[{"embeddable":true,"href":"http:\/\/acusticaysonido.net\/ayshome\/index.php\/wp-json\/wp\/v2\/comments?post=1464"}],"wp:featuredmedia":[{"embeddable":true,"href":"http:\/\/acusticaysonido.net\/ayshome\/index.php\/wp-json\/wp\/v2\/media\/1465"}],"wp:attachment":[{"href":"http:\/\/acusticaysonido.net\/ayshome\/index.php\/wp-json\/wp\/v2\/media?parent=1464"}],"wp:term":[{"taxonomy":"product_cat","embeddable":true,"href":"http:\/\/acusticaysonido.net\/ayshome\/index.php\/wp-json\/wp\/v2\/product_cat?post=1464"},{"taxonomy":"product_tag","embeddable":true,"href":"http:\/\/acusticaysonido.net\/ayshome\/index.php\/wp-json\/wp\/v2\/product_tag?post=1464"}],"curies":[{"name":"wp","href":"https:\/\/api.w.org\/{rel}","templated":true}]}}