{"id":1462,"date":"2024-09-15T12:23:37","date_gmt":"2024-09-15T18:23:37","guid":{"rendered":"http:\/\/acusticaysonido.net\/ayshome\/?post_type=product&#038;p=1462"},"modified":"2024-09-15T12:25:36","modified_gmt":"2024-09-15T18:25:36","slug":"fonestar-fdm-1036-microfono-dinamico","status":"publish","type":"product","link":"http:\/\/acusticaysonido.net\/ayshome\/index.php\/product\/fonestar-fdm-1036-microfono-dinamico\/","title":{"rendered":"FONESTAR, FDM-1036, Micr\u00f3fono Din\u00e1mico"},"content":{"rendered":"<table class=\"table-bordered\">\n<tbody>\n<tr class=\"border-bottom\">\n<td class=\"feature\">C\u00c1PSULA:<\/td>\n<td class=\"description\">Din\u00e1mica unidireccional cardioide<\/td>\n<\/tr>\n<tr class=\"border-bottom\">\n<td class=\"feature\">RESPUESTA:<\/td>\n<td class=\"description\">40-15.000 Hz<\/td>\n<\/tr>\n<tr class=\"border-bottom\">\n<td class=\"feature\">SENSIBILIDAD:<\/td>\n<td class=\"description\">-56 dB (V\/Pa) a 1 kHz<\/td>\n<\/tr>\n<tr class=\"border-bottom\">\n<td class=\"feature\">IMPEDANCIA:<\/td>\n<td class=\"description\">600 \u03a9<\/td>\n<\/tr>\n<tr class=\"border-bottom\">\n<td class=\"feature\">INTERRUPTOR:<\/td>\n<td class=\"description\">On\/off<\/td>\n<\/tr>\n<tr class=\"border-bottom\">\n<td class=\"feature\">CUERPO:<\/td>\n<td class=\"description\">Met\u00e1lico de fundici\u00f3n, gris oscuro<\/td>\n<\/tr>\n<tr class=\"border-bottom\">\n<td class=\"feature\">CONECTOR:<\/td>\n<td class=\"description\">XLR macho<\/td>\n<\/tr>\n<tr class=\"border-bottom\">\n<td class=\"feature\">PESO:<\/td>\n<td class=\"description\">0&#8217;2 kg<\/td>\n<\/tr>\n<tr class=\"border-bottom\">\n<td class=\"feature\">ACCESORIOS:<\/td>\n<td class=\"description\">Soporte de micro y bolsa de transporte<br \/>\nCable 3 m desbalanceado con conectores XLR hembra a jack 6&#8217;3 mm mono<\/td>\n<\/tr>\n<\/tbody>\n<\/table>\n<p><a href=\"\/\/fonestar.com\/fdm-1036\/\u201d\" target=\"_blank\" rel=\"noopener\"><em><strong>Click aqu\u00ed para m\u00e1s informaci\u00f3n del producto.<\/strong><\/em><\/a><\/p>\n","protected":false},"excerpt":{"rendered":"<p>Micr\u00f3fono din\u00e1mico de mano unidireccional, para usos generales y profesionales.<\/p>\n","protected":false},"featured_media":1463,"comment_status":"closed","ping_status":"closed","template":"","meta":[],"product_cat":[33],"product_tag":[20,34],"_links":{"self":[{"href":"http:\/\/acusticaysonido.net\/ayshome\/index.php\/wp-json\/wp\/v2\/product\/1462"}],"collection":[{"href":"http:\/\/acusticaysonido.net\/ayshome\/index.php\/wp-json\/wp\/v2\/product"}],"about":[{"href":"http:\/\/acusticaysonido.net\/ayshome\/index.php\/wp-json\/wp\/v2\/types\/product"}],"replies":[{"embeddable":true,"href":"http:\/\/acusticaysonido.net\/ayshome\/index.php\/wp-json\/wp\/v2\/comments?post=1462"}],"wp:featuredmedia":[{"embeddable":true,"href":"http:\/\/acusticaysonido.net\/ayshome\/index.php\/wp-json\/wp\/v2\/media\/1463"}],"wp:attachment":[{"href":"http:\/\/acusticaysonido.net\/ayshome\/index.php\/wp-json\/wp\/v2\/media?parent=1462"}],"wp:term":[{"taxonomy":"product_cat","embeddable":true,"href":"http:\/\/acusticaysonido.net\/ayshome\/index.php\/wp-json\/wp\/v2\/product_cat?post=1462"},{"taxonomy":"product_tag","embeddable":true,"href":"http:\/\/acusticaysonido.net\/ayshome\/index.php\/wp-json\/wp\/v2\/product_tag?post=1462"}],"curies":[{"name":"wp","href":"https:\/\/api.w.org\/{rel}","templated":true}]}}