{"id":1454,"date":"2024-09-15T12:00:07","date_gmt":"2024-09-15T18:00:07","guid":{"rendered":"http:\/\/acusticaysonido.net\/ayshome\/?post_type=product&#038;p=1454"},"modified":"2024-09-15T12:00:07","modified_gmt":"2024-09-15T18:00:07","slug":"fonestar-sonora-8tb-altavoz","status":"publish","type":"product","link":"http:\/\/acusticaysonido.net\/ayshome\/index.php\/product\/fonestar-sonora-8tb-altavoz\/","title":{"rendered":"FONESTAR, SONORA-8TB, Altavoz"},"content":{"rendered":"<div id=\"tab-fc28209c9a460204bc5\" class=\"tab-pane fade fusion-clearfix active in\" tabindex=\"0\" role=\"tabpanel\" aria-labelledby=\"fusion-tab-caracter\u00edsticast\u00e9cnicas\">\n<div class=\"table-features\">\n<table class=\"table-bordered\">\n<tbody>\n<tr class=\"border-bottom\">\n<td class=\"feature\">CARACTER\u00cdSTICAS:<\/td>\n<td class=\"description\">Altavoz de sonorizaci\u00f3n con transformador de l\u00ednea 100 V y baja impedancia.<br \/>\nPreparado para uso en exteriores, protecci\u00f3n contra agua y materiales anticorrosi\u00f3n.<\/td>\n<\/tr>\n<tr class=\"border-bottom\">\n<td class=\"feature\">POTENCIA:<\/td>\n<td class=\"description\">150 W m\u00e1ximo, 100 W RMS<\/td>\n<\/tr>\n<tr class=\"border-bottom\">\n<td class=\"feature\">ALTAVOCES:<\/td>\n<td class=\"description\">1 woofer polipropileno 8&#8221;<br \/>\n1 tweeter 1&#8221;<\/td>\n<\/tr>\n<tr class=\"border-bottom\">\n<td class=\"feature\">RESPUESTA:<\/td>\n<td class=\"description\">60-20.000 Hz<\/td>\n<\/tr>\n<tr class=\"border-bottom\">\n<td class=\"feature\">IMPEDANCIA:<\/td>\n<td class=\"description\">80 W RMS@100 V (125 \u03a9)<br \/>\n40 W RMS@100 V (250 \u03a9)<br \/>\n20 W RMS@100 V (500 \u03a9)<br \/>\n10 W RMS@100 V (1.000 \u03a9)<br \/>\nBaja Z: 8 \u03a9<\/td>\n<\/tr>\n<tr class=\"border-bottom\">\n<td class=\"feature\">SENSIBILIDAD:<\/td>\n<td class=\"description\">89 dB @ 1 W\/1 m<\/td>\n<\/tr>\n<tr class=\"border-bottom\">\n<td class=\"feature\">PRESI\u00d3N AC\u00daSTICA M\u00c1XIMA :<\/td>\n<td class=\"description\">108 dB @ max. W\/1 m<\/td>\n<\/tr>\n<tr class=\"border-bottom\">\n<td class=\"feature\">\u00c1NGULO DE COBERTURA:<\/td>\n<td class=\"description\">H\/V: 210\u00ba\/210\u00ba@500Hz, 120\u00ba\/120\u00ba@1kHz, 110\u00ba\/110\u00ba@2kHz, 110\u00ba\/110\u00ba@4kHz (-6 dB)<\/td>\n<\/tr>\n<tr class=\"border-bottom\">\n<td class=\"feature\">PROTECCIONES:<\/td>\n<td class=\"description\">IP-66 seg\u00fan EN 60529<br \/>\nIEC 60068-2-11 Ensayos ambientales (Niebla salina)<\/td>\n<\/tr>\n<tr class=\"border-bottom\">\n<td class=\"feature\">MATERIAL:<\/td>\n<td class=\"description\">ABS (Resistencia UV)<br \/>\nRejilla de aluminio con pintura al polvo<br \/>\nSoporte con tratamiento para intemperie<br \/>\nTornillos de acero inoxidable<\/td>\n<\/tr>\n<tr class=\"border-bottom\">\n<td class=\"feature\">CONMUTADOR:<\/td>\n<td class=\"description\">Selector W en alta Z y baja Z<\/td>\n<\/tr>\n<tr class=\"border-bottom\">\n<td class=\"feature\">CONECTORES:<\/td>\n<td class=\"description\">Euroblock de entrada y salida para cable 0&#8217;25 &#8211; 2&#8217;5 mm\u00b2 de secci\u00f3n<\/td>\n<\/tr>\n<tr class=\"border-bottom\">\n<td class=\"feature\">RANGO DE TEMPERATURA:<\/td>\n<td class=\"description\">-10\u00baC ~ 60\u00baC<\/td>\n<\/tr>\n<tr class=\"border-bottom\">\n<td class=\"feature\">COLOR:<\/td>\n<td class=\"description\">Blanco (RAL 9003)<\/td>\n<\/tr>\n<tr class=\"border-bottom\">\n<td class=\"feature\">MEDIDAS:<\/td>\n<td class=\"description\">Altavoz: 235 x 380 x 200 mm fondo<br \/>\nSoporte placa de pared: 102 x 165 mm<br \/>\nAltavoz con soporte: 305 mm fondo<\/td>\n<\/tr>\n<tr class=\"border-bottom\">\n<td class=\"feature\">PESO:<\/td>\n<td class=\"description\">5&#8217;3 kg<\/td>\n<\/tr>\n<tr class=\"border-bottom\">\n<td class=\"feature\">ACCESORIOS:<\/td>\n<td class=\"description\">Soporte de fijaci\u00f3n orientable \u00b1 60\u00ba en todas direcciones<br \/>\nCable de seguridad de acero<\/td>\n<\/tr>\n<\/tbody>\n<\/table>\n<\/div>\n<\/div>\n<div id=\"cta\" class=\"max-width-1200\"><\/div>\n<p><a href=\"\/\/fonestar.com\/sonora-8tb\/\u201d\" target=\"_blank\" rel=\"noopener\"><em><strong>Click aqu\u00ed para m\u00e1s informaci\u00f3n del producto.<\/strong><\/em><\/a><\/p>\n","protected":false},"excerpt":{"rendered":"<p>Altavoz de sonorizaci\u00f3n con transformador de l\u00ednea 100 V y baja impedancia para aplicaciones de megafon\u00eda y de sonido ambiental en locales p\u00fablicos como restaurantes, cafeter\u00edas, supermercados, centros comerciales, etc.<\/p>\n<p>SONORA es una serie de altavoces especialmente dise\u00f1ados para aplicaciones de megafon\u00eda y sonido ambiental.\u00a0Su excelente acabado y dise\u00f1o elegante, permiten una integraci\u00f3n perfecta en cualquier espacio.\u00a0Est\u00e1n completamente preparados para su uso en exteriores y ambientes marinos, ya que tienen rejilla de aluminio con pintura al polvo y protecci\u00f3n contra el agua (IP-66) .\u00a0Adem\u00e1s, SONORA proporciona una gran calidad de sonido, definido y sin distorsi\u00f3n, con una amplia respuesta en frecuencia.\u00a0Incluyen todos los accesorios necesarios para una instalaci\u00f3n sencilla y r\u00e1pida: soporte de fijaci\u00f3n orientable con tratamiento para intemperie, tornillos de acero inoxidable y cable de seguridad de acero.<\/p>\n","protected":false},"featured_media":1455,"comment_status":"closed","ping_status":"closed","template":"","meta":[],"product_cat":[24],"product_tag":[25,20],"_links":{"self":[{"href":"http:\/\/acusticaysonido.net\/ayshome\/index.php\/wp-json\/wp\/v2\/product\/1454"}],"collection":[{"href":"http:\/\/acusticaysonido.net\/ayshome\/index.php\/wp-json\/wp\/v2\/product"}],"about":[{"href":"http:\/\/acusticaysonido.net\/ayshome\/index.php\/wp-json\/wp\/v2\/types\/product"}],"replies":[{"embeddable":true,"href":"http:\/\/acusticaysonido.net\/ayshome\/index.php\/wp-json\/wp\/v2\/comments?post=1454"}],"wp:featuredmedia":[{"embeddable":true,"href":"http:\/\/acusticaysonido.net\/ayshome\/index.php\/wp-json\/wp\/v2\/media\/1455"}],"wp:attachment":[{"href":"http:\/\/acusticaysonido.net\/ayshome\/index.php\/wp-json\/wp\/v2\/media?parent=1454"}],"wp:term":[{"taxonomy":"product_cat","embeddable":true,"href":"http:\/\/acusticaysonido.net\/ayshome\/index.php\/wp-json\/wp\/v2\/product_cat?post=1454"},{"taxonomy":"product_tag","embeddable":true,"href":"http:\/\/acusticaysonido.net\/ayshome\/index.php\/wp-json\/wp\/v2\/product_tag?post=1454"}],"curies":[{"name":"wp","href":"https:\/\/api.w.org\/{rel}","templated":true}]}}