{"id":1406,"date":"2022-02-25T10:39:13","date_gmt":"2022-02-25T16:39:13","guid":{"rendered":"http:\/\/acusticaysonido.net\/ayshome\/?post_type=product&#038;p=1406"},"modified":"2022-02-25T10:45:15","modified_gmt":"2022-02-25T16:45:15","slug":"rcf-mr-40-altavoz","status":"publish","type":"product","link":"http:\/\/acusticaysonido.net\/ayshome\/index.php\/product\/rcf-mr-40-altavoz\/","title":{"rendered":"RCF, MR 40, Altavoz"},"content":{"rendered":"<p><strong>Especificaciones<\/strong><\/p>\n<table style=\"height: 1107px;\" width=\"789\">\n<tbody>\n<tr>\n<td width=\"270\"><strong>Especificaciones ac\u00fasticas<\/strong><\/td>\n<td width=\"252\"><strong>\u00a0<\/strong><\/td>\n<\/tr>\n<tr>\n<td width=\"270\">Respuesta de frecuencia (-10 DB)<\/td>\n<td width=\"252\">70 Hz \u00f7 20000 Hz<\/td>\n<\/tr>\n<tr>\n<td width=\"270\">SPL M\u00e1x. a 1 M (DB)<\/td>\n<td width=\"252\">108dB<\/td>\n<\/tr>\n<tr>\n<td width=\"270\">\u00c1ngulo de cobertura horizontal (\u00b0)<\/td>\n<td width=\"252\">110\u00b0<\/td>\n<\/tr>\n<tr>\n<td width=\"270\">\u00c1ngulo de cobertura vertical (\u00b0)<\/td>\n<td width=\"252\">100\u00b0<\/td>\n<\/tr>\n<tr>\n<td width=\"270\">\u00cdndice de directividad (Q)<\/td>\n<td width=\"252\">7<\/td>\n<\/tr>\n<tr>\n<td width=\"270\">Sensibilidad del sistema (DB)<\/td>\n<td width=\"252\">86dB<\/td>\n<\/tr>\n<tr>\n<td width=\"270\"><strong>Potencia<\/strong><\/td>\n<td width=\"252\"><strong>\u00a0<\/strong><\/td>\n<\/tr>\n<tr>\n<td width=\"270\">Impedancia nominal (OHM)<\/td>\n<td width=\"252\">8 ohmios<\/td>\n<\/tr>\n<tr>\n<td width=\"270\">Control de potencia<\/td>\n<td width=\"252\">40W RMS<\/td>\n<\/tr>\n<tr>\n<td width=\"270\">Control de potencia de pico<\/td>\n<td width=\"252\">PICO DE 160W<\/td>\n<\/tr>\n<tr>\n<td width=\"270\">Amplificador recomendado<\/td>\n<td width=\"252\">80W<\/td>\n<\/tr>\n<tr>\n<td width=\"270\">Protecciones<\/td>\n<td width=\"252\">L\u00e1mpara de bombilla<\/td>\n<\/tr>\n<tr>\n<td width=\"270\">Frecuencia crossover<\/td>\n<td width=\"252\">3000 Hz<\/td>\n<\/tr>\n<tr>\n<td width=\"270\"><strong>Transductor de sonido<\/strong><\/td>\n<td width=\"252\"><strong>\u00a0<\/strong><\/td>\n<\/tr>\n<tr>\n<td width=\"270\">Twitter de c\u00fapula<\/td>\n<td width=\"252\">1.0&#8221; neo, 0.8&#8221; vc<\/td>\n<\/tr>\n<tr>\n<td width=\"270\">Impedancia nominal (Ohmio)<\/td>\n<td width=\"252\">8 ohmios<\/td>\n<\/tr>\n<tr>\n<td width=\"270\">Potencia nominal de entrada<\/td>\n<td width=\"252\">10 W AES, 20 W Potencia de programa<\/td>\n<\/tr>\n<tr>\n<td width=\"270\">Sensibilidad (DB, 1W a 1 M)<\/td>\n<td width=\"252\">93dB, 1W @ 1m<\/td>\n<\/tr>\n<tr>\n<td width=\"270\">Altavoz de bajos<\/td>\n<td width=\"252\">4.0&#8221;, 1.0&#8221; vc<\/td>\n<\/tr>\n<tr>\n<td width=\"270\">Impedancia nominal (Ohmio)<\/td>\n<td width=\"252\">8 ohmios<\/td>\n<\/tr>\n<tr>\n<td width=\"270\">Potencia nominal de entrada<\/td>\n<td width=\"252\">40 W AES, 80 W Potencia de programa<\/td>\n<\/tr>\n<tr>\n<td width=\"270\">Sensibilidad (DB, 1W a 1 M)<\/td>\n<td width=\"252\">86dB, 1W @ 1m<\/td>\n<\/tr>\n<tr>\n<td width=\"270\"><strong>Secci\u00f3n de entrada\/Secci\u00f3n de salida<\/strong><\/td>\n<td width=\"252\"><strong>\u00a0<\/strong><\/td>\n<\/tr>\n<tr>\n<td width=\"270\">Conectores de entrada<\/td>\n<td width=\"252\">Euroblock<\/td>\n<\/tr>\n<tr>\n<td width=\"270\">Conectores de salida<\/td>\n<td width=\"252\">Euroblock<\/td>\n<\/tr>\n<tr>\n<td width=\"270\"><strong>Cumplimiento est\u00e1ndar<\/strong><\/td>\n<td width=\"252\"><strong>\u00a0<\/strong><\/td>\n<\/tr>\n<tr>\n<td width=\"270\">Grado de protecci\u00f3n IP<\/td>\n<td width=\"252\">IP 55<\/td>\n<\/tr>\n<tr>\n<td width=\"270\">Marca CE<\/td>\n<td width=\"252\">S\u00ed<\/td>\n<\/tr>\n<tr>\n<td width=\"270\"><strong>Especificaciones f\u00edsicas<\/strong><\/td>\n<td width=\"252\"><strong>\u00a0<\/strong><\/td>\n<\/tr>\n<tr>\n<td width=\"270\">Color<\/td>\n<td width=\"252\">Negro &#8211; RAL 9005, Blanco &#8211; RAL 9003<\/td>\n<\/tr>\n<tr>\n<td width=\"270\">Equipo f\u00edsico<\/td>\n<td width=\"252\">Soporte para montaje en pared<\/td>\n<\/tr>\n<tr>\n<td width=\"270\">Rejilla<\/td>\n<td width=\"252\">Acero<\/td>\n<\/tr>\n<tr>\n<td width=\"270\">Material de caja<\/td>\n<td width=\"252\">El pl\u00e1stico<\/td>\n<\/tr>\n<tr>\n<td width=\"270\"><strong>Tama\u00f1o<\/strong><\/td>\n<td width=\"252\"><strong>\u00a0<\/strong><\/td>\n<\/tr>\n<tr>\n<td width=\"270\">Ancho total<\/td>\n<td width=\"252\">154 mm \/ 6,06 pulgadas<\/td>\n<\/tr>\n<tr>\n<td width=\"270\">Profundidad<\/td>\n<td width=\"252\">135mm\/5,31 pulgadas<\/td>\n<\/tr>\n<tr>\n<td width=\"270\">Altura<\/td>\n<td width=\"252\">216 mm \/ 8,5 pulgadas<\/td>\n<\/tr>\n<tr>\n<td width=\"270\">Peso<\/td>\n<td width=\"252\">2,2 kg \/ 4,85 libras<\/td>\n<\/tr>\n<tr>\n<td width=\"270\"><strong>Informaciones de env\u00edo<\/strong><\/td>\n<td width=\"252\"><strong>\u00a0<\/strong><\/td>\n<\/tr>\n<tr>\n<td width=\"270\">Peso de paquete<\/td>\n<td width=\"252\">5,3 kg\/11,68 libras<\/td>\n<\/tr>\n<tr>\n<td width=\"270\">Profundidad de paquete<\/td>\n<td width=\"252\">235 mm \/ 9,25 pulgadas<\/td>\n<\/tr>\n<tr>\n<td width=\"270\">Ancho de paquete<\/td>\n<td width=\"252\">400 mm \/ 15,75 pulgadas<\/td>\n<\/tr>\n<tr>\n<td width=\"270\">Altura de paquete<\/td>\n<td width=\"252\">285mm\/11,22 pulgadas<\/td>\n<\/tr>\n<\/tbody>\n<\/table>\n<p><em><strong><a href=\"https:\/\/www.rcf.it\/es_ES\/products\/product-detail\/mr-40\/1263134\" target=\"_blank\" rel=\"noopener\">Click aqu\u00ed para m\u00e1s informaci\u00f3n del producto.<\/a><\/strong><\/em><\/p>\n","protected":false},"excerpt":{"rendered":"<p>Caja ac\u00fastica pasiva de 2 v\u00edas<\/p>\n<p>El MR 40 es un altavoz bass-reflex de dos v\u00edas dise\u00f1ado para proporcionar un desempe\u00f1o sonoro sin compromiso y alta fiabilidad en instalaciones fijas. Se adapta a cualquier decoraci\u00f3n y ofrece unos graves profundos, medios suaves y una respuesta de agudos muy detallada. Sus componentes de calidad y su cuidado dise\u00f1o ac\u00fastico hacen del MR 40 el altavoz perfecto para escucha en aplicaciones exigentes.<\/p>\n<p>El dise\u00f1o discreto y elegante, combinado con un excelente rendimiento de audio representan el sonido RCF. Los altavoces MR son ideales tanto para la reproducci\u00f3n de voz como de m\u00fasica en cualquier tipo de negocio y aplicaci\u00f3n A\/V y ofrecen una respuesta de graves profundos, medios suaves y unos agudos bien detallados.<\/p>\n<ul>\n<li>Potencia de 40 W RMS<\/li>\n<li>SPL m\u00e1ximo de 108 DB<\/li>\n<li>Recinto de pl\u00e1stico autoextinguible<\/li>\n<li>Soporte giratorio inclu\u00eddo<\/li>\n<\/ul>\n<p><a href=\"http:\/\/acusticaysonido.net\/ayshome\/index.php\/contactenos\/\" target=\"_blank\" rel=\"noopener\"><em><strong>Llamar para obtener precio<\/strong><\/em><\/a><\/p>\n","protected":false},"featured_media":1407,"comment_status":"closed","ping_status":"closed","template":"","meta":[],"product_cat":[24],"product_tag":[25,26,29],"_links":{"self":[{"href":"http:\/\/acusticaysonido.net\/ayshome\/index.php\/wp-json\/wp\/v2\/product\/1406"}],"collection":[{"href":"http:\/\/acusticaysonido.net\/ayshome\/index.php\/wp-json\/wp\/v2\/product"}],"about":[{"href":"http:\/\/acusticaysonido.net\/ayshome\/index.php\/wp-json\/wp\/v2\/types\/product"}],"replies":[{"embeddable":true,"href":"http:\/\/acusticaysonido.net\/ayshome\/index.php\/wp-json\/wp\/v2\/comments?post=1406"}],"wp:featuredmedia":[{"embeddable":true,"href":"http:\/\/acusticaysonido.net\/ayshome\/index.php\/wp-json\/wp\/v2\/media\/1407"}],"wp:attachment":[{"href":"http:\/\/acusticaysonido.net\/ayshome\/index.php\/wp-json\/wp\/v2\/media?parent=1406"}],"wp:term":[{"taxonomy":"product_cat","embeddable":true,"href":"http:\/\/acusticaysonido.net\/ayshome\/index.php\/wp-json\/wp\/v2\/product_cat?post=1406"},{"taxonomy":"product_tag","embeddable":true,"href":"http:\/\/acusticaysonido.net\/ayshome\/index.php\/wp-json\/wp\/v2\/product_tag?post=1406"}],"curies":[{"name":"wp","href":"https:\/\/api.w.org\/{rel}","templated":true}]}}