{"id":1397,"date":"2021-12-07T13:30:28","date_gmt":"2021-12-07T19:30:28","guid":{"rendered":"https:\/\/acusticaysonido.net\/ayshome\/?post_type=product&#038;p=1397"},"modified":"2024-09-16T14:56:07","modified_gmt":"2024-09-16T20:56:07","slug":"fonestar-block-5-altavoces","status":"publish","type":"product","link":"http:\/\/acusticaysonido.net\/ayshome\/index.php\/product\/fonestar-block-5-altavoces\/","title":{"rendered":"FONESTAR, BLOCK-5, Altavoces"},"content":{"rendered":"<p><strong>Especificaciones<\/strong><\/p>\n<table style=\"height: 332px;\" width=\"617\">\n<tbody>\n<tr>\n<td width=\"119\">CARACTER\u00cdSTICAS<\/td>\n<td width=\"351\">Pareja de altavoces Hi-Fi compactos.<\/td>\n<\/tr>\n<tr>\n<td width=\"119\"><\/td>\n<td width=\"351\">Gran calidad de sonido.<\/td>\n<\/tr>\n<tr>\n<td width=\"119\"><\/td>\n<td width=\"351\">Construcci\u00f3n en madera MDF recubierta de PVC negro.<\/td>\n<\/tr>\n<tr>\n<td width=\"119\"><\/td>\n<td width=\"351\">Caja tipo bass-reflex.<\/td>\n<\/tr>\n<tr>\n<td width=\"119\">POTENCIA<\/td>\n<td width=\"351\">90 + 90 W m\u00e1ximo, 60 + 60 W RMS<\/td>\n<\/tr>\n<tr>\n<td width=\"119\">ALTAVOCES<\/td>\n<td width=\"351\">1 woofer 5&#8243; de alta resistencia con im\u00e1n de ferrita<\/td>\n<\/tr>\n<tr>\n<td width=\"119\"><\/td>\n<td width=\"351\">1 tweeter c\u00fapula de seda 1&#8243; con im\u00e1n neodimio<\/td>\n<\/tr>\n<tr>\n<td width=\"119\">RESPUESTA<\/td>\n<td width=\"351\">65-20.000 Hz \u00b13 dB<\/td>\n<\/tr>\n<tr>\n<td width=\"119\">IMPEDANCIA<\/td>\n<td width=\"351\">8 \u03a9<\/td>\n<\/tr>\n<tr>\n<td width=\"119\">SENSIBILIDAD<\/td>\n<td width=\"351\">85 dB \u00b12 dB a 1 W\/1 m<\/td>\n<\/tr>\n<tr>\n<td width=\"119\">CONECTORES<\/td>\n<td width=\"351\">Terminales roscados o bananas dorados<\/td>\n<\/tr>\n<tr>\n<td width=\"119\">RED DE CRUCE<\/td>\n<td width=\"351\">2 v\u00edas<\/td>\n<\/tr>\n<tr>\n<td width=\"119\"><\/td>\n<td width=\"351\">Frecuencia de cruce a 3.000 Hz<\/td>\n<\/tr>\n<tr>\n<td width=\"119\">COLOR<\/td>\n<td width=\"351\">Negro<\/td>\n<\/tr>\n<tr>\n<td width=\"119\">MEDIDAS<\/td>\n<td width=\"351\">183 x 296 x 198 mm fondo<\/td>\n<\/tr>\n<tr>\n<td width=\"119\">PESO<\/td>\n<td width=\"351\">2 x 4 kg<\/td>\n<\/tr>\n<tr>\n<td width=\"119\">ACCESORIOS<\/td>\n<td width=\"351\">Patas de goma<\/td>\n<\/tr>\n<\/tbody>\n<\/table>\n<p><a href=\"https:\/\/fonestar.com\/es\/BLOCK-5\" target=\"_blank\" rel=\"noopener\"><em><strong>Click aqu\u00ed para m\u00e1s informaci\u00f3n del producto.<\/strong><\/em><\/a><\/p>\n","protected":false},"excerpt":{"rendered":"<p>Pareja de altavoces Hi-Fi.<\/p>\n<p>Dise\u00f1ado \u00edntegramente por FONESTAR con componentes de alta calidad, una construcci\u00f3n robusta en madera MDF recubierta de PVC negro y una est\u00e9tica ideal para integrar en cualquier mobiliario. Ofrece un potente sonido sin distorsi\u00f3n con caja bass-reflex, para un refuerzo en frecuencias graves, que proporciona una gran calidad de sonido. Sistema sencillo de instalaci\u00f3n en pared, que permite su instalaci\u00f3n tanto en vertical como en horizontal y minimiza el tiempo de configuraci\u00f3n en funci\u00f3n del uso.<\/p>\n<p><a href=\"http:\/\/acusticaysonido.net\/ayshome\/index.php\/contactenos\/\" target=\"_blank\" rel=\"noopener\"><em><strong>Llamar para obtener precio<\/strong><\/em><\/a><\/p>\n","protected":false},"featured_media":1398,"comment_status":"closed","ping_status":"closed","template":"","meta":[],"product_cat":[24],"product_tag":[25,40,20,26],"_links":{"self":[{"href":"http:\/\/acusticaysonido.net\/ayshome\/index.php\/wp-json\/wp\/v2\/product\/1397"}],"collection":[{"href":"http:\/\/acusticaysonido.net\/ayshome\/index.php\/wp-json\/wp\/v2\/product"}],"about":[{"href":"http:\/\/acusticaysonido.net\/ayshome\/index.php\/wp-json\/wp\/v2\/types\/product"}],"replies":[{"embeddable":true,"href":"http:\/\/acusticaysonido.net\/ayshome\/index.php\/wp-json\/wp\/v2\/comments?post=1397"}],"wp:featuredmedia":[{"embeddable":true,"href":"http:\/\/acusticaysonido.net\/ayshome\/index.php\/wp-json\/wp\/v2\/media\/1398"}],"wp:attachment":[{"href":"http:\/\/acusticaysonido.net\/ayshome\/index.php\/wp-json\/wp\/v2\/media?parent=1397"}],"wp:term":[{"taxonomy":"product_cat","embeddable":true,"href":"http:\/\/acusticaysonido.net\/ayshome\/index.php\/wp-json\/wp\/v2\/product_cat?post=1397"},{"taxonomy":"product_tag","embeddable":true,"href":"http:\/\/acusticaysonido.net\/ayshome\/index.php\/wp-json\/wp\/v2\/product_tag?post=1397"}],"curies":[{"name":"wp","href":"https:\/\/api.w.org\/{rel}","templated":true}]}}