{"id":1386,"date":"2021-12-07T13:24:05","date_gmt":"2021-12-07T19:24:05","guid":{"rendered":"https:\/\/acusticaysonido.net\/ayshome\/?post_type=product&#038;p=1386"},"modified":"2021-12-07T13:33:21","modified_gmt":"2021-12-07T19:33:21","slug":"fonestar-skyline-sistema-de-columna","status":"publish","type":"product","link":"http:\/\/acusticaysonido.net\/ayshome\/index.php\/product\/fonestar-skyline-sistema-de-columna\/","title":{"rendered":"Fonestar, SKYLINE, Sistema de columna"},"content":{"rendered":"<p><strong>Especificaciones<\/strong><\/p>\n<table style=\"height: 558px;\" width=\"702\">\n<tbody>\n<tr>\n<td width=\"139\">CARACTER\u00cdSTICAS<\/td>\n<td width=\"399\">Sistema de columna activo port\u00e1til<\/td>\n<\/tr>\n<tr>\n<td width=\"139\"><\/td>\n<td width=\"399\">DSP integrado con 4 modos de sonido: Music, Live, Speech, DJ.<\/td>\n<\/tr>\n<tr>\n<td width=\"139\"><\/td>\n<td width=\"399\">Fabricado en madera y ABS.<\/td>\n<\/tr>\n<tr>\n<td width=\"139\"><\/td>\n<td width=\"399\">Acabado en pintura granulada.<\/td>\n<\/tr>\n<tr>\n<td width=\"139\"><\/td>\n<td width=\"399\">Rejilla met\u00e1lica.<\/td>\n<\/tr>\n<tr>\n<td width=\"139\"><\/td>\n<td width=\"399\">Asas de transporte.<\/td>\n<\/tr>\n<tr>\n<td width=\"139\">AMPLIFICADOR<\/td>\n<td width=\"399\">800 W pico, 600 W m\u00e1ximo, 300 W RMS<\/td>\n<\/tr>\n<tr>\n<td width=\"139\"><\/td>\n<td width=\"399\">Clase D<\/td>\n<\/tr>\n<tr>\n<td width=\"139\">PROTECCIONES<\/td>\n<td width=\"399\">Temperatura, cortocircuito y sobrecarga<\/td>\n<\/tr>\n<tr>\n<td width=\"139\">ALTAVOCES<\/td>\n<td width=\"399\">1 subwoofer 10&#8243;: bobina 65 mm e im\u00e1n de ferrita 156 mm<\/td>\n<\/tr>\n<tr>\n<td width=\"139\"><\/td>\n<td width=\"399\">8 x 2 \u00be&#8221;: bobina 13 mm e im\u00e1n de ferrita 60 mm<\/td>\n<\/tr>\n<tr>\n<td width=\"139\">RESPUESTA<\/td>\n<td width=\"399\">55-20.000 Hz<\/td>\n<\/tr>\n<tr>\n<td width=\"139\">ENTRADAS<\/td>\n<td width=\"399\">2 micro\/l\u00ednea balanceada, XLR y jack 6&#8217;3 mm<\/td>\n<\/tr>\n<tr>\n<td width=\"139\">SALIDAS<\/td>\n<td width=\"399\">1 l\u00ednea balanceada, XLR<\/td>\n<\/tr>\n<tr>\n<td width=\"139\">SENSIBILIDAD<\/td>\n<td width=\"399\">96 dB a 1 W\/1 m<\/td>\n<\/tr>\n<tr>\n<td width=\"139\">PRESI\u00d3N AC\u00daSTICA<\/td>\n<td width=\"399\">124 dB a m\u00e1xima potencia a 1 m<\/td>\n<\/tr>\n<tr>\n<td width=\"139\">\u00c1NGULO COBERTURA<\/td>\n<td width=\"399\">90\u00ba H x 60\u00ba V (-6 dB)<\/td>\n<\/tr>\n<tr>\n<td width=\"139\">COLOR<\/td>\n<td width=\"399\">Negro<\/td>\n<\/tr>\n<tr>\n<td width=\"139\">ALIMENTACI\u00d3N<\/td>\n<td width=\"399\">115\/230 V CA, 250 W<\/td>\n<\/tr>\n<tr>\n<td width=\"139\">MEDIDAS<\/td>\n<td width=\"399\">Subwoofer: 360 x 520 x 470 mm fondo<\/td>\n<\/tr>\n<tr>\n<td width=\"139\"><\/td>\n<td width=\"399\">Sat\u00e9lite (3x): 130 mm \u00d8 x 520 mm alto<\/td>\n<\/tr>\n<tr>\n<td width=\"139\">PESO<\/td>\n<td width=\"399\">27 kg<\/td>\n<\/tr>\n<tr>\n<td width=\"139\">ACCESORIOS<\/td>\n<td width=\"399\">Bolsa de transporte<\/td>\n<\/tr>\n<\/tbody>\n<\/table>\n<p><a href=\"https:\/\/fonestar.com\/es\/SKYLINE\" target=\"_blank\" rel=\"noopener\"><strong><em>Click aqu\u00ed para m\u00e1s informaci\u00f3n del producto.<\/em><\/strong><\/a><\/p>\n","protected":false},"excerpt":{"rendered":"<p>Sistema de columna activo.<\/p>\n<p><a href=\"http:\/\/acusticaysonido.net\/ayshome\/index.php\/contactenos\/\" target=\"_blank\" rel=\"noopener\"><em><strong>Llamar para obtener precio<\/strong><\/em><\/a><\/p>\n","protected":false},"featured_media":1387,"comment_status":"closed","ping_status":"closed","template":"","meta":[],"product_cat":[24],"product_tag":[25,20,26,32,39],"_links":{"self":[{"href":"http:\/\/acusticaysonido.net\/ayshome\/index.php\/wp-json\/wp\/v2\/product\/1386"}],"collection":[{"href":"http:\/\/acusticaysonido.net\/ayshome\/index.php\/wp-json\/wp\/v2\/product"}],"about":[{"href":"http:\/\/acusticaysonido.net\/ayshome\/index.php\/wp-json\/wp\/v2\/types\/product"}],"replies":[{"embeddable":true,"href":"http:\/\/acusticaysonido.net\/ayshome\/index.php\/wp-json\/wp\/v2\/comments?post=1386"}],"wp:featuredmedia":[{"embeddable":true,"href":"http:\/\/acusticaysonido.net\/ayshome\/index.php\/wp-json\/wp\/v2\/media\/1387"}],"wp:attachment":[{"href":"http:\/\/acusticaysonido.net\/ayshome\/index.php\/wp-json\/wp\/v2\/media?parent=1386"}],"wp:term":[{"taxonomy":"product_cat","embeddable":true,"href":"http:\/\/acusticaysonido.net\/ayshome\/index.php\/wp-json\/wp\/v2\/product_cat?post=1386"},{"taxonomy":"product_tag","embeddable":true,"href":"http:\/\/acusticaysonido.net\/ayshome\/index.php\/wp-json\/wp\/v2\/product_tag?post=1386"}],"curies":[{"name":"wp","href":"https:\/\/api.w.org\/{rel}","templated":true}]}}