{"id":1376,"date":"2021-12-07T09:30:53","date_gmt":"2021-12-07T15:30:53","guid":{"rendered":"https:\/\/acusticaysonido.net\/ayshome\/?post_type=product&#038;p=1376"},"modified":"2024-09-16T14:20:12","modified_gmt":"2024-09-16T20:20:12","slug":"fonestar-msh-887-512-microfono-inalambrico","status":"publish","type":"product","link":"http:\/\/acusticaysonido.net\/ayshome\/index.php\/product\/fonestar-msh-887-512-microfono-inalambrico\/","title":{"rendered":"FONESTAR, MSH-887-512, Micr\u00f3fono inal\u00e1mbrico"},"content":{"rendered":"<p><strong>Especificaciones<\/strong><\/p>\n<table style=\"height: 643px;\" width=\"802\">\n<tbody>\n<tr>\n<td width=\"134\">CARACTER\u00cdSTICAS<\/td>\n<td width=\"608\">Receptor true diversity con micr\u00f3fono inal\u00e1mbrico de mano con c\u00e1psula de condensador electret unidireccional.<\/td>\n<\/tr>\n<tr>\n<td width=\"134\"><\/td>\n<td width=\"608\">Funci\u00f3n auto scan.<\/td>\n<\/tr>\n<tr>\n<td width=\"134\"><\/td>\n<td width=\"608\">Transmisi\u00f3n del canal al micr\u00f3fono por IR.<\/td>\n<\/tr>\n<tr>\n<td width=\"134\"><\/td>\n<td width=\"608\">Antenas desmontables.<\/td>\n<\/tr>\n<tr>\n<td width=\"134\">FRECUENCIAS<\/td>\n<td width=\"608\">512-525 MHz 32 canales<\/td>\n<\/tr>\n<tr>\n<td width=\"134\">RESPUESTA<\/td>\n<td width=\"608\">40-18.000 Hz<\/td>\n<\/tr>\n<tr>\n<td width=\"134\">SALIDAS<\/td>\n<td width=\"608\">Audio:<\/td>\n<\/tr>\n<tr>\n<td width=\"134\"><\/td>\n<td width=\"608\">1 balanceada, XLR<\/td>\n<\/tr>\n<tr>\n<td width=\"134\"><\/td>\n<td width=\"608\">1 desbalanceada, jack 6&#8217;3 mm<\/td>\n<\/tr>\n<tr>\n<td width=\"134\">RELACI\u00d3N SE\u00d1AL\/RUIDO<\/td>\n<td width=\"608\">&gt; 105 dB<\/td>\n<\/tr>\n<tr>\n<td width=\"134\">MICR\u00d3FONOS<\/td>\n<td width=\"608\">1 micr\u00f3fono inal\u00e1mbrico de mano con c\u00e1psula de condensador electret unidireccional<\/td>\n<\/tr>\n<tr>\n<td width=\"134\">POTENCIA<\/td>\n<td width=\"608\">10 mW m\u00e1ximo<\/td>\n<\/tr>\n<tr>\n<td width=\"134\">ALIMENTACI\u00d3N<\/td>\n<td width=\"608\">Receptor: 12&#8217;8 V CC, 250 mA, con adaptador incluido<\/td>\n<\/tr>\n<tr>\n<td width=\"134\"><\/td>\n<td width=\"608\">Micr\u00f3fono transmisor: 2 pilas LR6-AA. Admite pilas recargables<\/td>\n<\/tr>\n<tr>\n<td width=\"134\">MEDIDAS<\/td>\n<td width=\"608\">Receptor: 210 x 45 x 161 mm fondo<\/td>\n<\/tr>\n<tr>\n<td width=\"134\">PESO<\/td>\n<td width=\"608\">1&#8217;9 kg<\/td>\n<\/tr>\n<tr>\n<td width=\"134\">ACCESORIOS<\/td>\n<td width=\"608\">Soportes para montaje de 2 receptores en 1 U rack 19&#8243;<\/td>\n<\/tr>\n<tr>\n<td width=\"134\"><\/td>\n<td width=\"608\">Cable jack 6&#8217;3 mm mono<\/td>\n<\/tr>\n<tr>\n<td width=\"134\"><\/td>\n<td width=\"608\">Pilas recargables<\/td>\n<\/tr>\n<tr>\n<td width=\"134\">OPCIONAL<\/td>\n<td width=\"608\">MSC-2, MSC-12 y MSC-24: estaciones de recarga de micr\u00f3fonos inal\u00e1mbricos<\/td>\n<\/tr>\n<tr>\n<td width=\"134\"><\/td>\n<td width=\"608\">ANG-5L: soporte para montaje en rack 19&#8221;<\/td>\n<\/tr>\n<\/tbody>\n<\/table>\n<p><em><a href=\"https:\/\/fonestar.com\/es\/MSH-887-512\" target=\"_blank\" rel=\"noopener\"><strong>Click aqu\u00ed para m\u00e1s informaci\u00f3n del producto.<\/strong><\/a><\/em><\/p>\n","protected":false},"excerpt":{"rendered":"<p>Micr\u00f3fono inal\u00e1mbrico de mano UHF.<\/p>\n<p>Micr\u00f3fonos inal\u00e1mbricos UHF true diversity. Gran sensibilidad de recepci\u00f3n y calidad de sonido. Tres bandas de frecuencia disponibles para evitar interferencias 4G.<\/p>\n<p><a href=\"http:\/\/acusticaysonido.net\/ayshome\/index.php\/contactenos\/\" target=\"_blank\" rel=\"noopener\"><em><strong>Llamar para obterner precio<\/strong><\/em><\/a><\/p>\n","protected":false},"featured_media":1377,"comment_status":"closed","ping_status":"closed","template":"","meta":[],"product_cat":[33],"product_tag":[20,36,35,34,37],"_links":{"self":[{"href":"http:\/\/acusticaysonido.net\/ayshome\/index.php\/wp-json\/wp\/v2\/product\/1376"}],"collection":[{"href":"http:\/\/acusticaysonido.net\/ayshome\/index.php\/wp-json\/wp\/v2\/product"}],"about":[{"href":"http:\/\/acusticaysonido.net\/ayshome\/index.php\/wp-json\/wp\/v2\/types\/product"}],"replies":[{"embeddable":true,"href":"http:\/\/acusticaysonido.net\/ayshome\/index.php\/wp-json\/wp\/v2\/comments?post=1376"}],"wp:featuredmedia":[{"embeddable":true,"href":"http:\/\/acusticaysonido.net\/ayshome\/index.php\/wp-json\/wp\/v2\/media\/1377"}],"wp:attachment":[{"href":"http:\/\/acusticaysonido.net\/ayshome\/index.php\/wp-json\/wp\/v2\/media?parent=1376"}],"wp:term":[{"taxonomy":"product_cat","embeddable":true,"href":"http:\/\/acusticaysonido.net\/ayshome\/index.php\/wp-json\/wp\/v2\/product_cat?post=1376"},{"taxonomy":"product_tag","embeddable":true,"href":"http:\/\/acusticaysonido.net\/ayshome\/index.php\/wp-json\/wp\/v2\/product_tag?post=1376"}],"curies":[{"name":"wp","href":"https:\/\/api.w.org\/{rel}","templated":true}]}}