{"id":1346,"date":"2021-11-25T16:02:56","date_gmt":"2021-11-25T22:02:56","guid":{"rendered":"https:\/\/acusticaysonido.net\/ayshome\/?post_type=product&#038;p=1346"},"modified":"2021-11-25T16:02:56","modified_gmt":"2021-11-25T22:02:56","slug":"rcf-dma-82-amplificador-de-matriz","status":"publish","type":"product","link":"http:\/\/acusticaysonido.net\/ayshome\/index.php\/product\/rcf-dma-82-amplificador-de-matriz\/","title":{"rendered":"RCF, DMA 82, Amplificador de matriz"},"content":{"rendered":"<p><strong>Especificaciones<\/strong><\/p>\n<table style=\"height: 1823px;\" width=\"769\">\n<tbody>\n<tr>\n<td width=\"351\"><strong>Especificaciones del amplificador<\/strong><\/td>\n<td width=\"401\"><strong>\u00a0<\/strong><\/td>\n<\/tr>\n<tr>\n<td width=\"351\">Clase de amplificador<\/td>\n<td width=\"401\">D<\/td>\n<\/tr>\n<tr>\n<td width=\"351\">N\u00famero de canales<\/td>\n<td width=\"401\">2<\/td>\n<\/tr>\n<tr>\n<td width=\"351\">Salida de potencia por canal (a 4 ohmios)<\/td>\n<td width=\"401\">80<\/td>\n<\/tr>\n<tr>\n<td width=\"351\">Salida de potencia (Puente a 4 ohmios)<\/td>\n<td width=\"401\">160<\/td>\n<\/tr>\n<tr>\n<td width=\"351\">Salida de potencia (HI-Z)<\/td>\n<td width=\"401\">160<\/td>\n<\/tr>\n<tr>\n<td width=\"351\">Respuesta de frecuencia (-3 DB)<\/td>\n<td width=\"401\">20 Hz \u00f7 20000 Hz<\/td>\n<\/tr>\n<tr>\n<td width=\"351\">Relaci\u00f3n se\u00f1al\/ruido (\u201dA\u201d Ponderada):<\/td>\n<td width=\"401\">&gt; 93 dB<\/td>\n<\/tr>\n<tr>\n<td width=\"351\">Distorsi\u00f3n (THD+N) con 1 KHZ de potencial nominal<\/td>\n<td width=\"401\">&lt;0,01%<\/td>\n<\/tr>\n<tr>\n<td width=\"351\"><strong>Secci\u00f3n de entrada<\/strong><\/td>\n<td width=\"401\"><strong>\u00a0<\/strong><\/td>\n<\/tr>\n<tr>\n<td width=\"351\">Balanceado<\/td>\n<td width=\"401\">2<\/td>\n<\/tr>\n<tr>\n<td width=\"351\">Entradas universales (GPI)<\/td>\n<td width=\"401\">1<\/td>\n<\/tr>\n<tr>\n<td width=\"351\">Conectores de l\u00ednea<\/td>\n<td width=\"401\">JACK, Picoflex, RCA<\/td>\n<\/tr>\n<tr>\n<td width=\"351\">Entradas de l\u00ednea + micr\u00f3fono<\/td>\n<td width=\"401\">3<\/td>\n<\/tr>\n<tr>\n<td width=\"351\">Conectores de l\u00ednea + mucr\u00f3fono<\/td>\n<td width=\"401\">Euroblock<\/td>\n<\/tr>\n<tr>\n<td width=\"351\">Entradas de l\u00ednea + micr\u00f3fono<\/td>\n<td width=\"401\">1<\/td>\n<\/tr>\n<tr>\n<td width=\"351\">MICLINEVOX :<\/td>\n<td width=\"401\">s\u00ed<\/td>\n<\/tr>\n<tr>\n<td width=\"351\">MICVOX :<\/td>\n<td width=\"401\">s\u00ed<\/td>\n<\/tr>\n<tr>\n<td width=\"351\">Mono :<\/td>\n<td width=\"401\">2<\/td>\n<\/tr>\n<tr>\n<td width=\"351\">Comando de localizaci\u00f3n<\/td>\n<td width=\"401\">Contacto<\/td>\n<\/tr>\n<tr>\n<td width=\"351\">Conectores de localizaci\u00f3n<\/td>\n<td width=\"401\">RJ45<\/td>\n<\/tr>\n<tr>\n<td width=\"351\">Entradas de localizaci\u00f3n<\/td>\n<td width=\"401\">1<\/td>\n<\/tr>\n<tr>\n<td width=\"351\">Est\u00e9reo<\/td>\n<td width=\"401\">3<\/td>\n<\/tr>\n<tr>\n<td width=\"351\">N\u00famero total de entradas<\/td>\n<td width=\"401\">5<\/td>\n<\/tr>\n<tr>\n<td width=\"351\">No balanceado<\/td>\n<td width=\"401\">3<\/td>\n<\/tr>\n<tr>\n<td width=\"351\"><strong>Secci\u00f3n de salida<\/strong><\/td>\n<td width=\"401\"><strong>\u00a0<\/strong><\/td>\n<\/tr>\n<tr>\n<td width=\"351\">N\u00famero de salida de se\u00f1al<\/td>\n<td width=\"401\">1<\/td>\n<\/tr>\n<tr>\n<td width=\"351\">Conectores de salida de se\u00f1al<\/td>\n<td width=\"401\">RCA<\/td>\n<\/tr>\n<tr>\n<td width=\"351\">Conectores de salida de potencia<\/td>\n<td width=\"401\">Euroblock<\/td>\n<\/tr>\n<tr>\n<td width=\"351\"><strong>Procesamiento<\/strong><\/td>\n<td width=\"401\"><strong>\u00a0<\/strong><\/td>\n<\/tr>\n<tr>\n<td width=\"351\">DSP<\/td>\n<td width=\"401\">s\u00ed<\/td>\n<\/tr>\n<tr>\n<td width=\"351\">Filtros EQ<\/td>\n<td width=\"401\">s\u00ed<\/td>\n<\/tr>\n<tr>\n<td width=\"351\">FIR<\/td>\n<td width=\"401\">s\u00ed<\/td>\n<\/tr>\n<tr>\n<td width=\"351\">Compresores<\/td>\n<td width=\"401\">s\u00ed<\/td>\n<\/tr>\n<tr>\n<td width=\"351\">Controles de tono<\/td>\n<td width=\"401\">s\u00ed<\/td>\n<\/tr>\n<tr>\n<td width=\"351\">Filtro de paso alto<\/td>\n<td width=\"401\">80 Hz \u00f7 200 Hz<\/td>\n<\/tr>\n<tr>\n<td width=\"351\"><strong>Controles<\/strong><\/td>\n<td width=\"401\"><strong>\u00a0<\/strong><\/td>\n<\/tr>\n<tr>\n<td width=\"351\">Configuraci\u00f3n<\/td>\n<td width=\"401\">Panel frontal, software para PC<\/td>\n<\/tr>\n<tr>\n<td width=\"351\"><strong>Protecciones<\/strong><\/td>\n<td width=\"401\"><strong>\u00a0<\/strong><\/td>\n<\/tr>\n<tr>\n<td width=\"351\">Refrigeraci\u00f3n<\/td>\n<td width=\"401\">Forzado<\/td>\n<\/tr>\n<tr>\n<td width=\"351\">Cortocircuito<\/td>\n<td width=\"401\">s\u00ed<\/td>\n<\/tr>\n<tr>\n<td width=\"351\">T\u00e9rmico<\/td>\n<td width=\"401\">s\u00ed<\/td>\n<\/tr>\n<tr>\n<td width=\"351\">DC delay<\/td>\n<td width=\"401\">s\u00ed<\/td>\n<\/tr>\n<tr>\n<td width=\"351\">Fusibles<\/td>\n<td width=\"401\">s\u00ed<\/td>\n<\/tr>\n<tr>\n<td width=\"351\">VHF<\/td>\n<td width=\"401\">s\u00ed<\/td>\n<\/tr>\n<tr>\n<td width=\"351\"><strong>Requerimientos de poder<\/strong><\/td>\n<td width=\"401\"><strong>\u00a0<\/strong><\/td>\n<\/tr>\n<tr>\n<td width=\"351\">Tensi\u00f3n de funcionamiento<\/td>\n<td width=\"401\">90-240 V ~ 50 \/ 60Hz<\/td>\n<\/tr>\n<tr>\n<td width=\"351\">Consumo el\u00e9ctrico (W)<\/td>\n<td width=\"401\">200<\/td>\n<\/tr>\n<tr>\n<td width=\"351\"><strong>Cumplimiento est\u00e1ndar<\/strong><\/td>\n<td width=\"401\"><strong>\u00a0<\/strong><\/td>\n<\/tr>\n<tr>\n<td width=\"351\">Marca CE<\/td>\n<td width=\"401\">s\u00ed<\/td>\n<\/tr>\n<tr>\n<td width=\"351\"><strong>Especificaciones f\u00edsicas<\/strong><\/td>\n<td width=\"401\"><strong>\u00a0<\/strong><\/td>\n<\/tr>\n<tr>\n<td width=\"351\">Material de caja<\/td>\n<td width=\"401\">Metal<\/td>\n<\/tr>\n<tr>\n<td width=\"351\">Color<\/td>\n<td width=\"401\">Negro<\/td>\n<\/tr>\n<tr>\n<td width=\"351\">Montaje en bastidor<\/td>\n<td width=\"401\">1\/2 19 &#8220;, 1U, se requiere accesorio de montaje en rack opcional<\/td>\n<\/tr>\n<tr>\n<td width=\"351\"><strong>Tama\u00f1o<\/strong><\/td>\n<td width=\"401\"><strong>\u00a0<\/strong><\/td>\n<\/tr>\n<tr>\n<td width=\"351\">Profundidad<\/td>\n<td width=\"401\">314 mm \/ 12,36 pulgadas<\/td>\n<\/tr>\n<tr>\n<td width=\"351\">Altura<\/td>\n<td width=\"401\">44 mm \/ 1,73 pulgadas<\/td>\n<\/tr>\n<tr>\n<td width=\"351\">Peso<\/td>\n<td width=\"401\">1,7 kg \/ 3,75 libras<\/td>\n<\/tr>\n<tr>\n<td width=\"351\">Anchura<\/td>\n<td width=\"401\">213 mm \/ 8,39 pulgadas<\/td>\n<\/tr>\n<\/tbody>\n<\/table>\n<p><a href=\"https:\/\/www.rcf.it\/es_ES\/products\/product-detail\/dma-82\/1378450\" target=\"_blank\" rel=\"noopener\"><em><strong>Click para m\u00e1s informaci\u00f3n del producto.<\/strong><\/em><\/a><\/p>\n","protected":false},"excerpt":{"rendered":"<p>Amplificador de matriz de dos canales.<\/p>\n<p>El modelo DMA 82 es un amplificador de matriz de Clase D de dos canales equipado con un potente procesador digital de se\u00f1al, lo que permite una gesti\u00f3n f\u00e1cil de las entradas y salidas en t\u00e9rminos de enrutamiento y ecualizaci\u00f3n. Dispone de m\u00faltiples funciones de procesamiento, como ajustes predefinidos para altavoces RCF, un algoritmo exclusivo de mejora de graves, filtros FIR y ecualizaci\u00f3n ambiental. Gracias a su tama\u00f1o extremadamente compacto y a su dise\u00f1o preciso y solidez, es perfecto para una gran variedad de aplicaciones de audio comercial.<\/p>\n<p><a href=\"http:\/\/acusticaysonido.net\/ayshome\/index.php\/contactenos\/\" target=\"_blank\" rel=\"noopener\"><em><strong>Llamar para obtener precio<\/strong><\/em><\/a><\/p>\n","protected":false},"featured_media":1347,"comment_status":"closed","ping_status":"closed","template":"","meta":[],"product_cat":[18],"product_tag":[28,19,31,30,29],"_links":{"self":[{"href":"http:\/\/acusticaysonido.net\/ayshome\/index.php\/wp-json\/wp\/v2\/product\/1346"}],"collection":[{"href":"http:\/\/acusticaysonido.net\/ayshome\/index.php\/wp-json\/wp\/v2\/product"}],"about":[{"href":"http:\/\/acusticaysonido.net\/ayshome\/index.php\/wp-json\/wp\/v2\/types\/product"}],"replies":[{"embeddable":true,"href":"http:\/\/acusticaysonido.net\/ayshome\/index.php\/wp-json\/wp\/v2\/comments?post=1346"}],"wp:featuredmedia":[{"embeddable":true,"href":"http:\/\/acusticaysonido.net\/ayshome\/index.php\/wp-json\/wp\/v2\/media\/1347"}],"wp:attachment":[{"href":"http:\/\/acusticaysonido.net\/ayshome\/index.php\/wp-json\/wp\/v2\/media?parent=1346"}],"wp:term":[{"taxonomy":"product_cat","embeddable":true,"href":"http:\/\/acusticaysonido.net\/ayshome\/index.php\/wp-json\/wp\/v2\/product_cat?post=1346"},{"taxonomy":"product_tag","embeddable":true,"href":"http:\/\/acusticaysonido.net\/ayshome\/index.php\/wp-json\/wp\/v2\/product_tag?post=1346"}],"curies":[{"name":"wp","href":"https:\/\/api.w.org\/{rel}","templated":true}]}}