{"id":1327,"date":"2021-11-25T15:07:02","date_gmt":"2021-11-25T21:07:02","guid":{"rendered":"https:\/\/acusticaysonido.net\/ayshome\/?post_type=product&#038;p=1327"},"modified":"2024-09-15T14:02:37","modified_gmt":"2024-09-15T20:02:37","slug":"fonestar-sonora-5an-altavoz","status":"publish","type":"product","link":"http:\/\/acusticaysonido.net\/ayshome\/index.php\/product\/fonestar-sonora-5an-altavoz\/","title":{"rendered":"FONESTAR, SONORA-5AN, Altavoz"},"content":{"rendered":"<p><strong>Especificaciones<\/strong><\/p>\n<table style=\"height: 686px;\" width=\"756\">\n<tbody>\n<tr>\n<td width=\"168\">CARACTER\u00cdSTICAS<\/td>\n<td width=\"467\">Altavoz activo.<\/td>\n<\/tr>\n<tr>\n<td width=\"168\"><\/td>\n<td width=\"467\">Amplificador clase D con salida para altavoz pasivo.<\/td>\n<\/tr>\n<tr>\n<td width=\"168\"><\/td>\n<td width=\"467\">Gran calidad sonora, sonido definido y sin distorsi\u00f3n.<\/td>\n<\/tr>\n<tr>\n<td width=\"168\"><\/td>\n<td width=\"467\">Controles de tono y volumen.<\/td>\n<\/tr>\n<tr>\n<td width=\"168\"><\/td>\n<td width=\"467\">Selector mono\/est\u00e9reo.<\/td>\n<\/tr>\n<tr>\n<td width=\"168\"><\/td>\n<td width=\"467\">Funci\u00f3n standby autom\u00e1tica.<\/td>\n<\/tr>\n<tr>\n<td width=\"168\">AMPLIFICADOR<\/td>\n<td width=\"467\">25 + 25 W RMS<\/td>\n<\/tr>\n<tr>\n<td width=\"168\">ALTAVOCES<\/td>\n<td width=\"467\">1 woofer polipropileno 5 \u00bc&#8221;<\/td>\n<\/tr>\n<tr>\n<td width=\"168\"><\/td>\n<td width=\"467\">1 tweeter 1&#8243;<\/td>\n<\/tr>\n<tr>\n<td width=\"168\">RESPUESTA<\/td>\n<td width=\"467\">80-20.000 Hz<\/td>\n<\/tr>\n<tr>\n<td width=\"168\">ENTRADAS<\/td>\n<td width=\"467\">1 auxiliar est\u00e9reo, jack 3&#8217;5 mm (desbalanceada) o euroblock (balanceada)<\/td>\n<\/tr>\n<tr>\n<td width=\"168\"><\/td>\n<td width=\"467\">1 RJ-45 (futuras aplicaciones)<\/td>\n<\/tr>\n<tr>\n<td width=\"168\">SALIDAS<\/td>\n<td width=\"467\">1 altavoz pasivo, 8 \u2126, euroblock<\/td>\n<\/tr>\n<tr>\n<td width=\"168\">CONTROLES<\/td>\n<td width=\"467\">Volumen<\/td>\n<\/tr>\n<tr>\n<td width=\"168\"><\/td>\n<td width=\"467\">Tono: graves y agudos<\/td>\n<\/tr>\n<tr>\n<td width=\"168\"><\/td>\n<td width=\"467\">Selector mono\/est\u00e9reo<\/td>\n<\/tr>\n<tr>\n<td width=\"168\">MATERIAL<\/td>\n<td width=\"467\">Rejilla de aluminio<\/td>\n<\/tr>\n<tr>\n<td width=\"168\"><\/td>\n<td width=\"467\">Tornillos de acero inoxidable<\/td>\n<\/tr>\n<tr>\n<td width=\"168\">RANGO DE TEMPERATURA<\/td>\n<td width=\"467\">-10\u00baC a 60\u00baC<\/td>\n<\/tr>\n<tr>\n<td width=\"168\">COLOR<\/td>\n<td width=\"467\">Negro (RAL 9004)<\/td>\n<\/tr>\n<tr>\n<td width=\"168\">ALIMENTACI\u00d3N<\/td>\n<td width=\"467\">230 V CA, 60 W<\/td>\n<\/tr>\n<tr>\n<td width=\"168\"><\/td>\n<td width=\"467\">115 V CA bajo pedido<\/td>\n<\/tr>\n<tr>\n<td width=\"168\">MEDIDAS<\/td>\n<td width=\"467\">162 x 262 x 147 mm fondo<\/td>\n<\/tr>\n<tr>\n<td width=\"168\">PESO<\/td>\n<td width=\"467\">2&#8217;7 kg<\/td>\n<\/tr>\n<tr>\n<td width=\"168\">ACCESORIOS<\/td>\n<td width=\"467\">Soporte de fijaci\u00f3n orientable \u00b1 60\u00ba en todas direcciones<\/td>\n<\/tr>\n<tr>\n<td width=\"168\"><\/td>\n<td width=\"467\">Cable de seguridad de acero<\/td>\n<\/tr>\n<\/tbody>\n<\/table>\n<p><a href=\"https:\/\/fonestar.com\/es\/SONORA-5AN\" target=\"_blank\" rel=\"noopener\"><em><strong>Click aqu\u00ed para m\u00e1s informaci\u00f3n del producto.<\/strong><\/em><\/a><\/p>\n","protected":false},"excerpt":{"rendered":"<p>Altavoz activo.<\/p>\n<p>SONORA es una serie de altavoces especialmente dise\u00f1ados para aplicaciones de megafon\u00eda, musicales y sonido ambiental. Su excelente acabado y dise\u00f1o elegante, permiten una integraci\u00f3n perfecta en cualquier espacio. Se trata de un altavoz activo con amplificador clase D de alta eficiencia y gran fiabilidad, gracias a los circuitos de protecci\u00f3n con bajo mantenimiento, que proporciona una gran calidad sonora con un sonido definido y sin distorsi\u00f3n. Adem\u00e1s, incorpora controles de tono y volumen, selector mono\/est\u00e9reo y funci\u00f3n standby autom\u00e1tica. Gracias a la salida para altavoz pasivo de 8 \u2126, podr\u00e1s disfrutar de un sonido est\u00e9reo, a\u00f1adiendo el mod. SONORA-5N. Incluyen todos los accesorios necesarios para una instalaci\u00f3n sencilla y r\u00e1pida: soporte de fijaci\u00f3n orientable, tornillos de acero inoxidable y cable de seguridad de acero.<\/p>\n<p><a href=\"http:\/\/acusticaysonido.net\/ayshome\/index.php\/contactenos\/\" target=\"_blank\" rel=\"noopener\"><em><strong>Llamar para obtener precio<\/strong><\/em><\/a><\/p>\n","protected":false},"featured_media":1328,"comment_status":"closed","ping_status":"closed","template":"","meta":[],"product_cat":[24],"product_tag":[25,20,26],"_links":{"self":[{"href":"http:\/\/acusticaysonido.net\/ayshome\/index.php\/wp-json\/wp\/v2\/product\/1327"}],"collection":[{"href":"http:\/\/acusticaysonido.net\/ayshome\/index.php\/wp-json\/wp\/v2\/product"}],"about":[{"href":"http:\/\/acusticaysonido.net\/ayshome\/index.php\/wp-json\/wp\/v2\/types\/product"}],"replies":[{"embeddable":true,"href":"http:\/\/acusticaysonido.net\/ayshome\/index.php\/wp-json\/wp\/v2\/comments?post=1327"}],"wp:featuredmedia":[{"embeddable":true,"href":"http:\/\/acusticaysonido.net\/ayshome\/index.php\/wp-json\/wp\/v2\/media\/1328"}],"wp:attachment":[{"href":"http:\/\/acusticaysonido.net\/ayshome\/index.php\/wp-json\/wp\/v2\/media?parent=1327"}],"wp:term":[{"taxonomy":"product_cat","embeddable":true,"href":"http:\/\/acusticaysonido.net\/ayshome\/index.php\/wp-json\/wp\/v2\/product_cat?post=1327"},{"taxonomy":"product_tag","embeddable":true,"href":"http:\/\/acusticaysonido.net\/ayshome\/index.php\/wp-json\/wp\/v2\/product_tag?post=1327"}],"curies":[{"name":"wp","href":"https:\/\/api.w.org\/{rel}","templated":true}]}}