{"id":1258,"date":"2021-11-25T13:57:59","date_gmt":"2021-11-25T19:57:59","guid":{"rendered":"https:\/\/acusticaysonido.net\/ayshome\/?post_type=product&#038;p=1258"},"modified":"2024-09-15T14:04:28","modified_gmt":"2024-09-15T20:04:28","slug":"fonestar-sonora-5b-altavoz","status":"publish","type":"product","link":"http:\/\/acusticaysonido.net\/ayshome\/index.php\/product\/fonestar-sonora-5b-altavoz\/","title":{"rendered":"FONESTAR, SONORA-5B, Altavoz"},"content":{"rendered":"<p><strong>Especificaciones<\/strong><\/p>\n<table style=\"height: 393px;\" width=\"605\">\n<tbody>\n<tr>\n<td width=\"119\">CARACTER\u00cdSTICAS<\/td>\n<td width=\"363\">Altavoz de sonorizaci\u00f3n de baja impedancia.<\/td>\n<\/tr>\n<tr>\n<td width=\"119\"><\/td>\n<td width=\"363\">Preparado para uso en exteriores, con protecci\u00f3n IP-66.<\/td>\n<\/tr>\n<tr>\n<td width=\"119\">POTENCIA<\/td>\n<td width=\"363\">40 W RMS<\/td>\n<\/tr>\n<tr>\n<td width=\"119\">ALTAVOCES<\/td>\n<td width=\"363\">1 woofer polipropileno 5 \u00bc&#8221;<\/td>\n<\/tr>\n<tr>\n<td width=\"119\"><\/td>\n<td width=\"363\">1 tweeter 1&#8243;<\/td>\n<\/tr>\n<tr>\n<td width=\"119\">RESPUESTA<\/td>\n<td width=\"363\">80-20.000 Hz<\/td>\n<\/tr>\n<tr>\n<td width=\"119\">IMPEDANCIA<\/td>\n<td width=\"363\">8 \u03a9<\/td>\n<\/tr>\n<tr>\n<td width=\"119\">SENSIBILIDAD<\/td>\n<td width=\"363\">86 dB a 1 W\/1 m<\/td>\n<\/tr>\n<tr>\n<td width=\"119\">PROTECCIONES<\/td>\n<td width=\"363\">IP-66<\/td>\n<\/tr>\n<tr>\n<td width=\"119\"><\/td>\n<td width=\"363\">IEC 60068-2-11 Ensayos ambientales (Niebla salina)<\/td>\n<\/tr>\n<tr>\n<td width=\"119\">MATERIAL<\/td>\n<td width=\"363\">Rejilla de aluminio<\/td>\n<\/tr>\n<tr>\n<td width=\"119\"><\/td>\n<td width=\"363\">Soporte con tratamiento para intemperie<\/td>\n<\/tr>\n<tr>\n<td width=\"119\"><\/td>\n<td width=\"363\">Tornillos de acero inoxidable<\/td>\n<\/tr>\n<tr>\n<td width=\"119\">CONECTORES<\/td>\n<td width=\"363\">Euroblock<\/td>\n<\/tr>\n<tr>\n<td width=\"119\">COLOR<\/td>\n<td width=\"363\">Blanco (RAL 9003)<\/td>\n<\/tr>\n<tr>\n<td width=\"119\">MEDIDAS<\/td>\n<td width=\"363\">162 x 262 x 147 mm fondo<\/td>\n<\/tr>\n<tr>\n<td width=\"119\">PESO<\/td>\n<td width=\"363\">1&#8217;65 kg<\/td>\n<\/tr>\n<tr>\n<td width=\"119\">ACCESORIOS<\/td>\n<td width=\"363\">Soporte de fijaci\u00f3n orientable \u00b1 60\u00ba en todas direcciones<\/td>\n<\/tr>\n<tr>\n<td width=\"119\"><\/td>\n<td width=\"363\">Cable de seguridad de acero<\/td>\n<\/tr>\n<\/tbody>\n<\/table>\n<p><a href=\"https:\/\/fonestar.com\/es\/SONORA-5B\" target=\"_blank\" rel=\"noopener\"><em><strong>Click aqu\u00ed para m\u00e1s informaci\u00f3n del producto.<\/strong><\/em><\/a><\/p>\n","protected":false},"excerpt":{"rendered":"<p>Altavoz de sonorizaci\u00f3n de baja impedancia.<\/p>\n<p>SONORA es una serie de altavoces especialmente dise\u00f1ados para aplicaciones de megafon\u00eda, musicales y sonido ambiental. Su excelente acabado y dise\u00f1o elegante, permiten una integraci\u00f3n perfecta en cualquier espacio. Est\u00e1n completamente preparados para su uso en exteriores ya que tienen rejilla de aluminio y protecci\u00f3n contra el agua (IP-66) y ambientes marinos. Adem\u00e1s, SONORA proporciona una gran calidad sonora con un sonido definido y sin distorsi\u00f3n. Incluyen todos los accesorios necesarios para una instalaci\u00f3n sencilla y r\u00e1pida: soporte de fijaci\u00f3n orientable con tratamiento para intemperie, tornillos de acero inoxidable y cable de seguridad de acero.<\/p>\n<p><a href=\"http:\/\/acusticaysonido.net\/ayshome\/index.php\/contactenos\/\" target=\"_blank\" rel=\"noopener\"><em><strong>Llamar para obtener precio<\/strong><\/em><\/a><\/p>\n","protected":false},"featured_media":1259,"comment_status":"closed","ping_status":"closed","template":"","meta":[],"product_cat":[24],"product_tag":[25,20,26],"_links":{"self":[{"href":"http:\/\/acusticaysonido.net\/ayshome\/index.php\/wp-json\/wp\/v2\/product\/1258"}],"collection":[{"href":"http:\/\/acusticaysonido.net\/ayshome\/index.php\/wp-json\/wp\/v2\/product"}],"about":[{"href":"http:\/\/acusticaysonido.net\/ayshome\/index.php\/wp-json\/wp\/v2\/types\/product"}],"replies":[{"embeddable":true,"href":"http:\/\/acusticaysonido.net\/ayshome\/index.php\/wp-json\/wp\/v2\/comments?post=1258"}],"wp:featuredmedia":[{"embeddable":true,"href":"http:\/\/acusticaysonido.net\/ayshome\/index.php\/wp-json\/wp\/v2\/media\/1259"}],"wp:attachment":[{"href":"http:\/\/acusticaysonido.net\/ayshome\/index.php\/wp-json\/wp\/v2\/media?parent=1258"}],"wp:term":[{"taxonomy":"product_cat","embeddable":true,"href":"http:\/\/acusticaysonido.net\/ayshome\/index.php\/wp-json\/wp\/v2\/product_cat?post=1258"},{"taxonomy":"product_tag","embeddable":true,"href":"http:\/\/acusticaysonido.net\/ayshome\/index.php\/wp-json\/wp\/v2\/product_tag?post=1258"}],"curies":[{"name":"wp","href":"https:\/\/api.w.org\/{rel}","templated":true}]}}