{"id":983,"date":"2020-09-01T10:00:29","date_gmt":"2020-09-01T16:00:29","guid":{"rendered":"http:\/\/acusticaysonido.net\/ayshome\/?page_id=983"},"modified":"2020-09-03T09:23:08","modified_gmt":"2020-09-03T15:23:08","slug":"diseno","status":"publish","type":"page","link":"http:\/\/acusticaysonido.net\/ayshome\/index.php\/diseno\/","title":{"rendered":"Dise\u00f1o"},"content":{"rendered":"\n<h1 class=\"wp-block-heading\"><strong>Dise\u00f1o<\/strong><\/h1>\n\n\n\n<figure class=\"wp-block-image size-large\"><img loading=\"lazy\" decoding=\"async\" width=\"1024\" height=\"576\" src=\"http:\/\/acusticaysonido.net\/ayshome\/wp-content\/uploads\/2020\/09\/dise\u00f1o-banner_varios-1-1024x576.jpg\" alt=\"\" class=\"wp-image-1017\" srcset=\"http:\/\/acusticaysonido.net\/ayshome\/wp-content\/uploads\/2020\/09\/dise\u00f1o-banner_varios-1-1024x576.jpg 1024w, http:\/\/acusticaysonido.net\/ayshome\/wp-content\/uploads\/2020\/09\/dise\u00f1o-banner_varios-1-600x337.jpg 600w, http:\/\/acusticaysonido.net\/ayshome\/wp-content\/uploads\/2020\/09\/dise\u00f1o-banner_varios-1-300x169.jpg 300w, http:\/\/acusticaysonido.net\/ayshome\/wp-content\/uploads\/2020\/09\/dise\u00f1o-banner_varios-1-768x432.jpg 768w, http:\/\/acusticaysonido.net\/ayshome\/wp-content\/uploads\/2020\/09\/dise\u00f1o-banner_varios-1.jpg 1281w\" sizes=\"(max-width: 1024px) 100vw, 1024px\" \/><\/figure>\n\n\n\n<p>Nuestro departamento de ingenier\u00eda ofrece servicio de dise\u00f1o especializado en sistemas comerciales e inspecci\u00f3n de obra, tanto dentro como fuera del pa\u00eds:<\/p>\n\n\n\n<ul><li>Acondicionamiento ac\u00fastico<\/li><li>Aislamiento ac\u00fastico y control de ruido<\/li><li>Sonido arquitect\u00f3nico o distribuido<\/li><li>Sistemas de audio y v\u00eddeo conferencia<\/li><li>Sistemas de colaboraci\u00f3n visual<\/li><li>Sistemas de audio profesional de alta potencia<\/li><li>Sistemas de videowall<\/li><li>Sistemas de Iluminaci\u00f3n arquitect\u00f3nica y esc\u00e9nica<\/li><li>Sistemas de streaming<\/li><li>Sistemas especiales para exteriores&nbsp;<\/li><li>Automatizaci\u00f3n de casas<\/li><li>Salas para cine en casa<\/li><li>Salas para sistemas Hi Fi y High End<\/li><li>Redes de \u00e1rea local (LAN) optimizadas para audio y video<\/li><\/ul>\n\n\n\n<p>Entre los dise\u00f1os realizados de sistemas ac\u00fasticos y audiovisuales recientemente podemos mencionar:<\/p>\n\n\n\n<ul><li>Hotel W Costa Rica<\/li><li>Auditorio Complejo San Pablo &#8211; Universidad Nacional de Costa Rica<\/li><\/ul>\n\n\n\n<p>Hemos realizado reingenier\u00edas de proyectos tales como:<\/p>\n\n\n\n<ul><li>Hotel Dreams Las Mareas<\/li><li>Centro Nacional de Convenciones de Costa Rica<\/li><li>Museo del Jade<\/li><\/ul>\n\n\n\n<p><a rel=\"noreferrer noopener\" href=\"http:\/\/acusticaysonido.net\/ayshome\/index.php\/contactenos\/\" target=\"_blank\"><span class=\"has-inline-color has-vivid-cyan-blue-color\">Cont\u00e1ctenos para el dise\u00f1o o reingenier\u00eda de su proyecto.<\/span><\/a><\/p>\n\n\n\n<figure class=\"wp-block-gallery columns-3 is-cropped wp-block-gallery-1 is-layout-flex wp-block-gallery-is-layout-flex\"><ul class=\"blocks-gallery-grid\"><li class=\"blocks-gallery-item\"><figure><a href=\"http:\/\/acusticaysonido.net\/ayshome\/wp-content\/uploads\/2020\/09\/1e3b3e2114deb9e8dae5f715fc12961d.jpg\"><img loading=\"lazy\" decoding=\"async\" width=\"540\" height=\"359\" src=\"http:\/\/acusticaysonido.net\/ayshome\/wp-content\/uploads\/2020\/09\/1e3b3e2114deb9e8dae5f715fc12961d.jpg\" alt=\"\" data-id=\"1007\" data-full-url=\"http:\/\/acusticaysonido.net\/ayshome\/wp-content\/uploads\/2020\/09\/1e3b3e2114deb9e8dae5f715fc12961d.jpg\" data-link=\"http:\/\/acusticaysonido.net\/ayshome\/index.php\/diseno\/1e3b3e2114deb9e8dae5f715fc12961d\/\" class=\"wp-image-1007\" srcset=\"http:\/\/acusticaysonido.net\/ayshome\/wp-content\/uploads\/2020\/09\/1e3b3e2114deb9e8dae5f715fc12961d.jpg 540w, http:\/\/acusticaysonido.net\/ayshome\/wp-content\/uploads\/2020\/09\/1e3b3e2114deb9e8dae5f715fc12961d-300x199.jpg 300w\" sizes=\"(max-width: 540px) 100vw, 540px\" \/><\/a><\/figure><\/li><li class=\"blocks-gallery-item\"><figure><a href=\"http:\/\/acusticaysonido.net\/ayshome\/wp-content\/uploads\/2020\/09\/Auditorio-grupo-secuoya-BGL-1.jpg\"><img loading=\"lazy\" decoding=\"async\" width=\"800\" height=\"440\" src=\"http:\/\/acusticaysonido.net\/ayshome\/wp-content\/uploads\/2020\/09\/Auditorio-grupo-secuoya-BGL-1.jpg\" alt=\"\" data-id=\"1006\" data-full-url=\"http:\/\/acusticaysonido.net\/ayshome\/wp-content\/uploads\/2020\/09\/Auditorio-grupo-secuoya-BGL-1.jpg\" data-link=\"http:\/\/acusticaysonido.net\/ayshome\/index.php\/diseno\/auditorio-grupo-secuoya-bgl-1\/\" class=\"wp-image-1006\" srcset=\"http:\/\/acusticaysonido.net\/ayshome\/wp-content\/uploads\/2020\/09\/Auditorio-grupo-secuoya-BGL-1.jpg 800w, http:\/\/acusticaysonido.net\/ayshome\/wp-content\/uploads\/2020\/09\/Auditorio-grupo-secuoya-BGL-1-600x330.jpg 600w, http:\/\/acusticaysonido.net\/ayshome\/wp-content\/uploads\/2020\/09\/Auditorio-grupo-secuoya-BGL-1-300x165.jpg 300w, http:\/\/acusticaysonido.net\/ayshome\/wp-content\/uploads\/2020\/09\/Auditorio-grupo-secuoya-BGL-1-768x422.jpg 768w\" sizes=\"(max-width: 800px) 100vw, 800px\" \/><\/a><\/figure><\/li><li class=\"blocks-gallery-item\"><figure><a href=\"http:\/\/acusticaysonido.net\/ayshome\/wp-content\/uploads\/2020\/09\/AUDIO-visual.jpg\"><img loading=\"lazy\" decoding=\"async\" width=\"910\" height=\"403\" src=\"http:\/\/acusticaysonido.net\/ayshome\/wp-content\/uploads\/2020\/09\/AUDIO-visual.jpg\" alt=\"\" data-id=\"1022\" data-full-url=\"http:\/\/acusticaysonido.net\/ayshome\/wp-content\/uploads\/2020\/09\/AUDIO-visual.jpg\" data-link=\"http:\/\/acusticaysonido.net\/ayshome\/index.php\/diseno\/audio-visual\/\" class=\"wp-image-1022\" srcset=\"http:\/\/acusticaysonido.net\/ayshome\/wp-content\/uploads\/2020\/09\/AUDIO-visual.jpg 910w, http:\/\/acusticaysonido.net\/ayshome\/wp-content\/uploads\/2020\/09\/AUDIO-visual-600x266.jpg 600w, http:\/\/acusticaysonido.net\/ayshome\/wp-content\/uploads\/2020\/09\/AUDIO-visual-300x133.jpg 300w, http:\/\/acusticaysonido.net\/ayshome\/wp-content\/uploads\/2020\/09\/AUDIO-visual-768x340.jpg 768w\" sizes=\"(max-width: 910px) 100vw, 910px\" \/><\/a><\/figure><\/li><li class=\"blocks-gallery-item\"><figure><a href=\"http:\/\/acusticaysonido.net\/ayshome\/wp-content\/uploads\/2020\/09\/Audio-Visual-Equipment-hire-London.jpg\"><img loading=\"lazy\" decoding=\"async\" width=\"925\" height=\"466\" src=\"http:\/\/acusticaysonido.net\/ayshome\/wp-content\/uploads\/2020\/09\/Audio-Visual-Equipment-hire-London.jpg\" alt=\"\" data-id=\"1018\" data-full-url=\"http:\/\/acusticaysonido.net\/ayshome\/wp-content\/uploads\/2020\/09\/Audio-Visual-Equipment-hire-London.jpg\" data-link=\"http:\/\/acusticaysonido.net\/ayshome\/index.php\/diseno\/audio-visual-equipment-hire-london\/\" class=\"wp-image-1018\" srcset=\"http:\/\/acusticaysonido.net\/ayshome\/wp-content\/uploads\/2020\/09\/Audio-Visual-Equipment-hire-London.jpg 925w, http:\/\/acusticaysonido.net\/ayshome\/wp-content\/uploads\/2020\/09\/Audio-Visual-Equipment-hire-London-600x302.jpg 600w, http:\/\/acusticaysonido.net\/ayshome\/wp-content\/uploads\/2020\/09\/Audio-Visual-Equipment-hire-London-300x151.jpg 300w, http:\/\/acusticaysonido.net\/ayshome\/wp-content\/uploads\/2020\/09\/Audio-Visual-Equipment-hire-London-768x387.jpg 768w\" sizes=\"(max-width: 925px) 100vw, 925px\" \/><\/a><\/figure><\/li><li class=\"blocks-gallery-item\"><figure><a href=\"http:\/\/acusticaysonido.net\/ayshome\/wp-content\/uploads\/2020\/09\/classroom.jpg\"><img loading=\"lazy\" decoding=\"async\" width=\"1024\" height=\"479\" src=\"http:\/\/acusticaysonido.net\/ayshome\/wp-content\/uploads\/2020\/09\/classroom-1024x479.jpg\" alt=\"\" data-id=\"1020\" data-full-url=\"http:\/\/acusticaysonido.net\/ayshome\/wp-content\/uploads\/2020\/09\/classroom.jpg\" data-link=\"http:\/\/acusticaysonido.net\/ayshome\/index.php\/diseno\/classroom\/\" class=\"wp-image-1020\" srcset=\"http:\/\/acusticaysonido.net\/ayshome\/wp-content\/uploads\/2020\/09\/classroom-1024x479.jpg 1024w, http:\/\/acusticaysonido.net\/ayshome\/wp-content\/uploads\/2020\/09\/classroom-600x281.jpg 600w, http:\/\/acusticaysonido.net\/ayshome\/wp-content\/uploads\/2020\/09\/classroom-300x140.jpg 300w, http:\/\/acusticaysonido.net\/ayshome\/wp-content\/uploads\/2020\/09\/classroom-768x359.jpg 768w, http:\/\/acusticaysonido.net\/ayshome\/wp-content\/uploads\/2020\/09\/classroom.jpg 1500w\" sizes=\"(max-width: 1024px) 100vw, 1024px\" \/><\/a><\/figure><\/li><li class=\"blocks-gallery-item\"><figure><a href=\"http:\/\/acusticaysonido.net\/ayshome\/wp-content\/uploads\/2020\/09\/ruido.jpg\"><img loading=\"lazy\" decoding=\"async\" width=\"888\" height=\"550\" src=\"http:\/\/acusticaysonido.net\/ayshome\/wp-content\/uploads\/2020\/09\/ruido.jpg\" alt=\"\" data-id=\"1023\" data-full-url=\"http:\/\/acusticaysonido.net\/ayshome\/wp-content\/uploads\/2020\/09\/ruido.jpg\" data-link=\"http:\/\/acusticaysonido.net\/ayshome\/index.php\/diseno\/ruido\/\" class=\"wp-image-1023\" srcset=\"http:\/\/acusticaysonido.net\/ayshome\/wp-content\/uploads\/2020\/09\/ruido.jpg 888w, http:\/\/acusticaysonido.net\/ayshome\/wp-content\/uploads\/2020\/09\/ruido-600x372.jpg 600w, http:\/\/acusticaysonido.net\/ayshome\/wp-content\/uploads\/2020\/09\/ruido-300x186.jpg 300w, http:\/\/acusticaysonido.net\/ayshome\/wp-content\/uploads\/2020\/09\/ruido-768x476.jpg 768w\" sizes=\"(max-width: 888px) 100vw, 888px\" \/><\/a><\/figure><\/li><li class=\"blocks-gallery-item\"><figure><a href=\"http:\/\/acusticaysonido.net\/ayshome\/wp-content\/uploads\/2020\/09\/Restaurante-panles-acusticos-decorativos-EliAcoustic-1.jpg\"><img loading=\"lazy\" decoding=\"async\" width=\"958\" height=\"536\" src=\"http:\/\/acusticaysonido.net\/ayshome\/wp-content\/uploads\/2020\/09\/Restaurante-panles-acusticos-decorativos-EliAcoustic-1.jpg\" alt=\"\" data-id=\"1024\" data-full-url=\"http:\/\/acusticaysonido.net\/ayshome\/wp-content\/uploads\/2020\/09\/Restaurante-panles-acusticos-decorativos-EliAcoustic-1.jpg\" data-link=\"http:\/\/acusticaysonido.net\/ayshome\/index.php\/diseno\/restaurante-panles-acusticos-decorativos-eliacoustic-1\/\" class=\"wp-image-1024\" srcset=\"http:\/\/acusticaysonido.net\/ayshome\/wp-content\/uploads\/2020\/09\/Restaurante-panles-acusticos-decorativos-EliAcoustic-1.jpg 958w, http:\/\/acusticaysonido.net\/ayshome\/wp-content\/uploads\/2020\/09\/Restaurante-panles-acusticos-decorativos-EliAcoustic-1-600x336.jpg 600w, http:\/\/acusticaysonido.net\/ayshome\/wp-content\/uploads\/2020\/09\/Restaurante-panles-acusticos-decorativos-EliAcoustic-1-300x168.jpg 300w, http:\/\/acusticaysonido.net\/ayshome\/wp-content\/uploads\/2020\/09\/Restaurante-panles-acusticos-decorativos-EliAcoustic-1-768x430.jpg 768w\" sizes=\"(max-width: 958px) 100vw, 958px\" \/><\/a><\/figure><\/li><li class=\"blocks-gallery-item\"><figure><a href=\"http:\/\/acusticaysonido.net\/ayshome\/wp-content\/uploads\/2020\/09\/materiales-ac\u00fasticos.jpg\"><img loading=\"lazy\" decoding=\"async\" width=\"960\" height=\"960\" src=\"http:\/\/acusticaysonido.net\/ayshome\/wp-content\/uploads\/2020\/09\/materiales-ac\u00fasticos.jpg\" alt=\"\" data-id=\"1025\" data-full-url=\"http:\/\/acusticaysonido.net\/ayshome\/wp-content\/uploads\/2020\/09\/materiales-ac\u00fasticos.jpg\" data-link=\"http:\/\/acusticaysonido.net\/ayshome\/index.php\/diseno\/materiales-acusticos\/\" class=\"wp-image-1025\" srcset=\"http:\/\/acusticaysonido.net\/ayshome\/wp-content\/uploads\/2020\/09\/materiales-ac\u00fasticos.jpg 960w, http:\/\/acusticaysonido.net\/ayshome\/wp-content\/uploads\/2020\/09\/materiales-ac\u00fasticos-300x300.jpg 300w, http:\/\/acusticaysonido.net\/ayshome\/wp-content\/uploads\/2020\/09\/materiales-ac\u00fasticos-100x100.jpg 100w, http:\/\/acusticaysonido.net\/ayshome\/wp-content\/uploads\/2020\/09\/materiales-ac\u00fasticos-600x600.jpg 600w, http:\/\/acusticaysonido.net\/ayshome\/wp-content\/uploads\/2020\/09\/materiales-ac\u00fasticos-150x150.jpg 150w, http:\/\/acusticaysonido.net\/ayshome\/wp-content\/uploads\/2020\/09\/materiales-ac\u00fasticos-768x768.jpg 768w\" sizes=\"(max-width: 960px) 100vw, 960px\" \/><\/a><\/figure><\/li><li class=\"blocks-gallery-item\"><figure><a href=\"http:\/\/acusticaysonido.net\/ayshome\/wp-content\/uploads\/2020\/09\/img_2903_005.jpg\"><img loading=\"lazy\" decoding=\"async\" width=\"700\" height=\"525\" src=\"http:\/\/acusticaysonido.net\/ayshome\/wp-content\/uploads\/2020\/09\/img_2903_005.jpg\" alt=\"\" data-id=\"1026\" data-full-url=\"http:\/\/acusticaysonido.net\/ayshome\/wp-content\/uploads\/2020\/09\/img_2903_005.jpg\" data-link=\"http:\/\/acusticaysonido.net\/ayshome\/index.php\/diseno\/img_2903_005\/\" class=\"wp-image-1026\" srcset=\"http:\/\/acusticaysonido.net\/ayshome\/wp-content\/uploads\/2020\/09\/img_2903_005.jpg 700w, http:\/\/acusticaysonido.net\/ayshome\/wp-content\/uploads\/2020\/09\/img_2903_005-600x450.jpg 600w, http:\/\/acusticaysonido.net\/ayshome\/wp-content\/uploads\/2020\/09\/img_2903_005-300x225.jpg 300w\" sizes=\"(max-width: 700px) 100vw, 700px\" \/><\/a><\/figure><\/li><li class=\"blocks-gallery-item\"><figure><a href=\"http:\/\/acusticaysonido.net\/ayshome\/wp-content\/uploads\/2020\/09\/dise\u00f1o-banner-1.jpg\"><img loading=\"lazy\" decoding=\"async\" width=\"1024\" height=\"210\" src=\"http:\/\/acusticaysonido.net\/ayshome\/wp-content\/uploads\/2020\/09\/dise\u00f1o-banner-1-1024x210.jpg\" alt=\"\" data-id=\"1019\" data-full-url=\"http:\/\/acusticaysonido.net\/ayshome\/wp-content\/uploads\/2020\/09\/dise\u00f1o-banner-1.jpg\" data-link=\"http:\/\/acusticaysonido.net\/ayshome\/index.php\/diseno\/diseno-banner-1\/\" class=\"wp-image-1019\" srcset=\"http:\/\/acusticaysonido.net\/ayshome\/wp-content\/uploads\/2020\/09\/dise\u00f1o-banner-1-1024x210.jpg 1024w, http:\/\/acusticaysonido.net\/ayshome\/wp-content\/uploads\/2020\/09\/dise\u00f1o-banner-1-600x123.jpg 600w, http:\/\/acusticaysonido.net\/ayshome\/wp-content\/uploads\/2020\/09\/dise\u00f1o-banner-1-300x61.jpg 300w, http:\/\/acusticaysonido.net\/ayshome\/wp-content\/uploads\/2020\/09\/dise\u00f1o-banner-1-768x157.jpg 768w, http:\/\/acusticaysonido.net\/ayshome\/wp-content\/uploads\/2020\/09\/dise\u00f1o-banner-1.jpg 1070w\" sizes=\"(max-width: 1024px) 100vw, 1024px\" \/><\/a><\/figure><\/li><\/ul><\/figure>\n","protected":false},"excerpt":{"rendered":"<p>Dise\u00f1o Nuestro departamento de ingenier\u00eda ofrece servicio de dise\u00f1o especializado en sistemas comerciales e inspecci\u00f3n de obra, tanto dentro como fuera del pa\u00eds: Acondicionamiento ac\u00fastico Aislamiento ac\u00fastico y control de ruido Sonido arquitect\u00f3nico o distribuido Sistemas de audio y v\u00eddeo conferencia Sistemas de colaboraci\u00f3n visual Sistemas de audio profesional de alta potencia Sistemas de videowall [&hellip;]<\/p>\n","protected":false},"author":4,"featured_media":0,"parent":0,"menu_order":0,"comment_status":"closed","ping_status":"closed","template":"","meta":{"footnotes":""},"_links":{"self":[{"href":"http:\/\/acusticaysonido.net\/ayshome\/index.php\/wp-json\/wp\/v2\/pages\/983"}],"collection":[{"href":"http:\/\/acusticaysonido.net\/ayshome\/index.php\/wp-json\/wp\/v2\/pages"}],"about":[{"href":"http:\/\/acusticaysonido.net\/ayshome\/index.php\/wp-json\/wp\/v2\/types\/page"}],"author":[{"embeddable":true,"href":"http:\/\/acusticaysonido.net\/ayshome\/index.php\/wp-json\/wp\/v2\/users\/4"}],"replies":[{"embeddable":true,"href":"http:\/\/acusticaysonido.net\/ayshome\/index.php\/wp-json\/wp\/v2\/comments?post=983"}],"version-history":[{"count":24,"href":"http:\/\/acusticaysonido.net\/ayshome\/index.php\/wp-json\/wp\/v2\/pages\/983\/revisions"}],"predecessor-version":[{"id":1028,"href":"http:\/\/acusticaysonido.net\/ayshome\/index.php\/wp-json\/wp\/v2\/pages\/983\/revisions\/1028"}],"wp:attachment":[{"href":"http:\/\/acusticaysonido.net\/ayshome\/index.php\/wp-json\/wp\/v2\/media?parent=983"}],"curies":[{"name":"wp","href":"https:\/\/api.w.org\/{rel}","templated":true}]}}