{"id":823,"date":"2020-05-19T11:57:12","date_gmt":"2020-05-19T17:57:12","guid":{"rendered":"http:\/\/acusticaysonido.net\/ayshome\/?page_id=823"},"modified":"2020-05-20T15:57:09","modified_gmt":"2020-05-20T21:57:09","slug":"atlas-ied","status":"publish","type":"page","link":"http:\/\/acusticaysonido.net\/ayshome\/index.php\/atlas-ied\/","title":{"rendered":"Atlas IED"},"content":{"rendered":"\n<figure class=\"wp-block-image size-full is-resized\"><img loading=\"lazy\" decoding=\"async\" src=\"http:\/\/acusticaysonido.net\/ayshome\/wp-content\/uploads\/2020\/05\/AtlasIED_Logo_2C-1.jpg\" alt=\"\" class=\"wp-image-847\" width=\"432\" height=\"68\" srcset=\"http:\/\/acusticaysonido.net\/ayshome\/wp-content\/uploads\/2020\/05\/AtlasIED_Logo_2C-1.jpg 1920w, http:\/\/acusticaysonido.net\/ayshome\/wp-content\/uploads\/2020\/05\/AtlasIED_Logo_2C-1-600x94.jpg 600w, http:\/\/acusticaysonido.net\/ayshome\/wp-content\/uploads\/2020\/05\/AtlasIED_Logo_2C-1-300x47.jpg 300w, http:\/\/acusticaysonido.net\/ayshome\/wp-content\/uploads\/2020\/05\/AtlasIED_Logo_2C-1-1024x161.jpg 1024w, http:\/\/acusticaysonido.net\/ayshome\/wp-content\/uploads\/2020\/05\/AtlasIED_Logo_2C-1-768x121.jpg 768w, http:\/\/acusticaysonido.net\/ayshome\/wp-content\/uploads\/2020\/05\/AtlasIED_Logo_2C-1-1536x242.jpg 1536w\" sizes=\"(max-width: 432px) 100vw, 432px\" \/><\/figure>\n\n\n\n<hr class=\"wp-block-separator\"\/>\n\n\n\n<p><a rel=\"noreferrer noopener\" href=\"https:\/\/www.atlasied.com\/\" target=\"_blank\"><span class=\"has-inline-color has-vivid-cyan-blue-color\">Visitar p\u00e1gina web de<\/span><\/a><a href=\"https:\/\/www.atlasied.com\/\"><span class=\"has-inline-color has-vivid-cyan-blue-color\"> Atlas IED<\/span><\/a><\/p>\n\n\n\n<hr class=\"wp-block-separator\"\/>\n\n\n\n<p>AtlasIED es la combinaci\u00f3n de dos l\u00edderes ampliamente reconocidos en el mundo del audio comercial, Atlas Sound e Innovative Electronic Designs (IED). Ambas compa\u00f1\u00edas han estado colaborando durante d\u00e9cadas y se han convertido en dos de los fabricantes de audio comercial m\u00e1s exitosos.<\/p>\n\n\n\n<p>Atlas Sound se ha convertido en el mayor proveedor de audio comercial que abarca desde peque\u00f1as empresas hasta las m\u00e1s grandes, mientras que Innovative Electronic Designs (IED) ha sido conocido como el l\u00edder en sistemas de notificaci\u00f3n masiva en aeropuertos, corporaciones e instituciones gubernamentales. Durante m\u00e1s de 80 a\u00f1os, ambas compa\u00f1\u00edas se han instalado en m\u00e1s de un mill\u00f3n de negocios. En 2009, Atlas Sound e IED se convirtieron en empresas hermanas que operan de forma independiente con supervisi\u00f3n combinada a nivel de gesti\u00f3n ejecutiva. A medida que las tecnolog\u00edas continuaron integr\u00e1ndose juntas, ambas organizaciones unieron fuerzas. En 2015, Atlas Sound e IED combinaron sus equipos de ventas, marketing y soporte. Hoy, AtlasIED brinda un excelente servicio a usted y a los diversos segmentos del mercado.<\/p>\n\n\n\n<p>AtlasIED ofrece m\u00e1s de 2.000 ofertas de productos \u00fanicos. Pueden ofrecer una soluci\u00f3n espec\u00edfica para cada necesidad. Sus categor\u00edas de productos cubren todo, desde entradas de audio, controles de usuario, procesamiento electr\u00f3nico, enrutamiento de se\u00f1al y amplificaci\u00f3n de potencia hasta los altavoces que cubren todas las \u00e1reas de un edificio. No tiene que depender de m\u00faltiples proveedores para completar su proyecto completo. Puede obtenerlo de AtlasIED como su proveedor \u00fanico. Adem\u00e1s de estas tecnolog\u00edas de productos, tambi\u00e9n son conocidos como el l\u00edder de la industria en soportes de micr\u00f3fonos utilizados por los artistas m\u00e1s famosos. La pr\u00f3xima vez que est\u00e9 disfrutando de un concierto de m\u00fasica, stand up comedy o actuaci\u00f3n teatral, su artista favorito probablemente se est\u00e9 aferrando a uno de nuestros stands.<\/p>\n\n\n\n<hr class=\"wp-block-separator\"\/>\n\n\n\n<figure class=\"wp-block-gallery columns-3 is-cropped wp-block-gallery-1 is-layout-flex wp-block-gallery-is-layout-flex\"><ul class=\"blocks-gallery-grid\"><li class=\"blocks-gallery-item\"><figure><img loading=\"lazy\" decoding=\"async\" width=\"300\" height=\"300\" src=\"http:\/\/acusticaysonido.net\/ayshome\/wp-content\/uploads\/2020\/05\/speakers-horns_300.png\" alt=\"\" data-id=\"871\" data-full-url=\"http:\/\/acusticaysonido.net\/ayshome\/wp-content\/uploads\/2020\/05\/speakers-horns_300.png\" data-link=\"http:\/\/acusticaysonido.net\/ayshome\/index.php\/atlas-ied\/speakers-horns_300\/\" class=\"wp-image-871\" srcset=\"http:\/\/acusticaysonido.net\/ayshome\/wp-content\/uploads\/2020\/05\/speakers-horns_300.png 300w, http:\/\/acusticaysonido.net\/ayshome\/wp-content\/uploads\/2020\/05\/speakers-horns_300-100x100.png 100w, http:\/\/acusticaysonido.net\/ayshome\/wp-content\/uploads\/2020\/05\/speakers-horns_300-150x150.png 150w\" sizes=\"(max-width: 300px) 100vw, 300px\" \/><\/figure><\/li><li class=\"blocks-gallery-item\"><figure><img loading=\"lazy\" decoding=\"async\" width=\"300\" height=\"300\" src=\"http:\/\/acusticaysonido.net\/ayshome\/wp-content\/uploads\/2020\/05\/0020536_full-range-horns_300.jpeg\" alt=\"\" data-id=\"872\" data-full-url=\"http:\/\/acusticaysonido.net\/ayshome\/wp-content\/uploads\/2020\/05\/0020536_full-range-horns_300.jpeg\" data-link=\"http:\/\/acusticaysonido.net\/ayshome\/index.php\/atlas-ied\/0020536_full-range-horns_300\/\" class=\"wp-image-872\" srcset=\"http:\/\/acusticaysonido.net\/ayshome\/wp-content\/uploads\/2020\/05\/0020536_full-range-horns_300.jpeg 300w, http:\/\/acusticaysonido.net\/ayshome\/wp-content\/uploads\/2020\/05\/0020536_full-range-horns_300-100x100.jpeg 100w, http:\/\/acusticaysonido.net\/ayshome\/wp-content\/uploads\/2020\/05\/0020536_full-range-horns_300-150x150.jpeg 150w\" sizes=\"(max-width: 300px) 100vw, 300px\" \/><\/figure><\/li><li class=\"blocks-gallery-item\"><figure><img loading=\"lazy\" decoding=\"async\" width=\"300\" height=\"300\" src=\"http:\/\/acusticaysonido.net\/ayshome\/wp-content\/uploads\/2020\/05\/0025661_horns_300.png\" alt=\"\" data-id=\"873\" data-full-url=\"http:\/\/acusticaysonido.net\/ayshome\/wp-content\/uploads\/2020\/05\/0025661_horns_300.png\" data-link=\"http:\/\/acusticaysonido.net\/ayshome\/index.php\/atlas-ied\/0025661_horns_300\/\" class=\"wp-image-873\" srcset=\"http:\/\/acusticaysonido.net\/ayshome\/wp-content\/uploads\/2020\/05\/0025661_horns_300.png 300w, http:\/\/acusticaysonido.net\/ayshome\/wp-content\/uploads\/2020\/05\/0025661_horns_300-100x100.png 100w, http:\/\/acusticaysonido.net\/ayshome\/wp-content\/uploads\/2020\/05\/0025661_horns_300-150x150.png 150w\" sizes=\"(max-width: 300px) 100vw, 300px\" \/><\/figure><\/li><li class=\"blocks-gallery-item\"><figure><img loading=\"lazy\" decoding=\"async\" width=\"300\" height=\"300\" src=\"http:\/\/acusticaysonido.net\/ayshome\/wp-content\/uploads\/2020\/05\/0026725_temporary-audio-systems_300.jpeg\" alt=\"\" data-id=\"875\" data-full-url=\"http:\/\/acusticaysonido.net\/ayshome\/wp-content\/uploads\/2020\/05\/0026725_temporary-audio-systems_300.jpeg\" data-link=\"http:\/\/acusticaysonido.net\/ayshome\/index.php\/atlas-ied\/0026725_temporary-audio-systems_300\/\" class=\"wp-image-875\" srcset=\"http:\/\/acusticaysonido.net\/ayshome\/wp-content\/uploads\/2020\/05\/0026725_temporary-audio-systems_300.jpeg 300w, http:\/\/acusticaysonido.net\/ayshome\/wp-content\/uploads\/2020\/05\/0026725_temporary-audio-systems_300-100x100.jpeg 100w, http:\/\/acusticaysonido.net\/ayshome\/wp-content\/uploads\/2020\/05\/0026725_temporary-audio-systems_300-150x150.jpeg 150w\" sizes=\"(max-width: 300px) 100vw, 300px\" \/><\/figure><\/li><li class=\"blocks-gallery-item\"><figure><img loading=\"lazy\" decoding=\"async\" width=\"350\" height=\"350\" src=\"http:\/\/acusticaysonido.net\/ayshome\/wp-content\/uploads\/2020\/05\/0026480.png\" alt=\"\" data-id=\"878\" data-full-url=\"http:\/\/acusticaysonido.net\/ayshome\/wp-content\/uploads\/2020\/05\/0026480.png\" data-link=\"http:\/\/acusticaysonido.net\/ayshome\/index.php\/atlas-ied\/attachment\/0026480\/\" class=\"wp-image-878\" srcset=\"http:\/\/acusticaysonido.net\/ayshome\/wp-content\/uploads\/2020\/05\/0026480.png 350w, http:\/\/acusticaysonido.net\/ayshome\/wp-content\/uploads\/2020\/05\/0026480-300x300.png 300w, http:\/\/acusticaysonido.net\/ayshome\/wp-content\/uploads\/2020\/05\/0026480-100x100.png 100w, http:\/\/acusticaysonido.net\/ayshome\/wp-content\/uploads\/2020\/05\/0026480-150x150.png 150w\" sizes=\"(max-width: 350px) 100vw, 350px\" \/><\/figure><\/li><li class=\"blocks-gallery-item\"><figure><img loading=\"lazy\" decoding=\"async\" width=\"300\" height=\"300\" src=\"http:\/\/acusticaysonido.net\/ayshome\/wp-content\/uploads\/2020\/05\/0014588_power-distribution-conditioners_300.png\" alt=\"\" data-id=\"882\" data-full-url=\"http:\/\/acusticaysonido.net\/ayshome\/wp-content\/uploads\/2020\/05\/0014588_power-distribution-conditioners_300.png\" data-link=\"http:\/\/acusticaysonido.net\/ayshome\/index.php\/atlas-ied\/0014588_power-distribution-conditioners_300\/\" class=\"wp-image-882\" srcset=\"http:\/\/acusticaysonido.net\/ayshome\/wp-content\/uploads\/2020\/05\/0014588_power-distribution-conditioners_300.png 300w, http:\/\/acusticaysonido.net\/ayshome\/wp-content\/uploads\/2020\/05\/0014588_power-distribution-conditioners_300-100x100.png 100w, http:\/\/acusticaysonido.net\/ayshome\/wp-content\/uploads\/2020\/05\/0014588_power-distribution-conditioners_300-150x150.png 150w\" sizes=\"(max-width: 300px) 100vw, 300px\" \/><\/figure><\/li><\/ul><\/figure>\n\n\n\n<figure class=\"wp-block-image size-large is-resized\"><img loading=\"lazy\" decoding=\"async\" src=\"http:\/\/acusticaysonido.net\/ayshome\/wp-content\/uploads\/2020\/05\/GLOBALCOMIP_Logo_Horiz_4C-1024x198.jpg\" alt=\"\" class=\"wp-image-856\" width=\"424\" height=\"82\" srcset=\"http:\/\/acusticaysonido.net\/ayshome\/wp-content\/uploads\/2020\/05\/GLOBALCOMIP_Logo_Horiz_4C-1024x198.jpg 1024w, http:\/\/acusticaysonido.net\/ayshome\/wp-content\/uploads\/2020\/05\/GLOBALCOMIP_Logo_Horiz_4C-600x116.jpg 600w, http:\/\/acusticaysonido.net\/ayshome\/wp-content\/uploads\/2020\/05\/GLOBALCOMIP_Logo_Horiz_4C-300x58.jpg 300w, http:\/\/acusticaysonido.net\/ayshome\/wp-content\/uploads\/2020\/05\/GLOBALCOMIP_Logo_Horiz_4C-768x149.jpg 768w, http:\/\/acusticaysonido.net\/ayshome\/wp-content\/uploads\/2020\/05\/GLOBALCOMIP_Logo_Horiz_4C-1536x297.jpg 1536w, http:\/\/acusticaysonido.net\/ayshome\/wp-content\/uploads\/2020\/05\/GLOBALCOMIP_Logo_Horiz_4C.jpg 1918w\" sizes=\"(max-width: 424px) 100vw, 424px\" \/><\/figure>\n\n\n\n<hr class=\"wp-block-separator\"\/>\n\n\n\n<p class=\"has-medium-font-size\">Arquitectura totalmente escalable: el poder de crecer<\/p>\n\n\n\n<p><br>Dise\u00f1ado seg\u00fan los est\u00e1ndares de calidad de clase empresarial, GLOBALCOM\u00ae.IP es lo suficientemente potente para cualquier tama\u00f1o de instalaci\u00f3n, pero flexible para adaptarse a la expansi\u00f3n del sistema cuando se requieren necesidades comerciales adicionales. La expansi\u00f3n es muy simple de implementar. Conecte los dispositivos adicionales a la red y act\u00edvelos mediante el software GCK 3.0. GLOBALCOM\u00ae.IP simplifica el inicio con un sistema VoIP b\u00e1sico y agrega la funcionalidad deseada para cualquier necesidad comercial.<\/p>\n\n\n\n<hr class=\"wp-block-separator\"\/>\n\n\n\n<figure class=\"wp-block-image size-full\"><img loading=\"lazy\" decoding=\"async\" width=\"1460\" height=\"793\" src=\"http:\/\/acusticaysonido.net\/ayshome\/wp-content\/uploads\/2020\/05\/globalcomip.png\" alt=\"\" class=\"wp-image-863\" srcset=\"http:\/\/acusticaysonido.net\/ayshome\/wp-content\/uploads\/2020\/05\/globalcomip.png 1460w, http:\/\/acusticaysonido.net\/ayshome\/wp-content\/uploads\/2020\/05\/globalcomip-600x326.png 600w, http:\/\/acusticaysonido.net\/ayshome\/wp-content\/uploads\/2020\/05\/globalcomip-300x163.png 300w, http:\/\/acusticaysonido.net\/ayshome\/wp-content\/uploads\/2020\/05\/globalcomip-1024x556.png 1024w, http:\/\/acusticaysonido.net\/ayshome\/wp-content\/uploads\/2020\/05\/globalcomip-768x417.png 768w\" sizes=\"(max-width: 1460px) 100vw, 1460px\" \/><\/figure>\n\n\n\n<figure class=\"wp-block-gallery columns-3 is-cropped wp-block-gallery-2 is-layout-flex wp-block-gallery-is-layout-flex\"><ul class=\"blocks-gallery-grid\"><li class=\"blocks-gallery-item\"><figure><img loading=\"lazy\" decoding=\"async\" width=\"1024\" height=\"1024\" src=\"http:\/\/acusticaysonido.net\/ayshome\/wp-content\/uploads\/2020\/05\/globalcomsupsupip-ip100-announcement-control-system-1024x1024.png\" alt=\"\" data-id=\"886\" data-link=\"http:\/\/acusticaysonido.net\/ayshome\/index.php\/atlas-ied\/globalcomsupsupip-ip100-announcement-control-system\/\" class=\"wp-image-886\" srcset=\"http:\/\/acusticaysonido.net\/ayshome\/wp-content\/uploads\/2020\/05\/globalcomsupsupip-ip100-announcement-control-system-1024x1024.png 1024w, http:\/\/acusticaysonido.net\/ayshome\/wp-content\/uploads\/2020\/05\/globalcomsupsupip-ip100-announcement-control-system-300x300.png 300w, http:\/\/acusticaysonido.net\/ayshome\/wp-content\/uploads\/2020\/05\/globalcomsupsupip-ip100-announcement-control-system-100x100.png 100w, http:\/\/acusticaysonido.net\/ayshome\/wp-content\/uploads\/2020\/05\/globalcomsupsupip-ip100-announcement-control-system-600x600.png 600w, http:\/\/acusticaysonido.net\/ayshome\/wp-content\/uploads\/2020\/05\/globalcomsupsupip-ip100-announcement-control-system-150x150.png 150w, http:\/\/acusticaysonido.net\/ayshome\/wp-content\/uploads\/2020\/05\/globalcomsupsupip-ip100-announcement-control-system-768x768.png 768w, http:\/\/acusticaysonido.net\/ayshome\/wp-content\/uploads\/2020\/05\/globalcomsupsupip-ip100-announcement-control-system-1536x1536.png 1536w, http:\/\/acusticaysonido.net\/ayshome\/wp-content\/uploads\/2020\/05\/globalcomsupsupip-ip100-announcement-control-system.png 1920w\" sizes=\"(max-width: 1024px) 100vw, 1024px\" \/><\/figure><\/li><li class=\"blocks-gallery-item\"><figure><img loading=\"lazy\" decoding=\"async\" width=\"300\" height=\"300\" src=\"http:\/\/acusticaysonido.net\/ayshome\/wp-content\/uploads\/2020\/05\/0020794_globalcomsupsupip-digital-amplifiers_300.png\" alt=\"\" data-id=\"885\" data-link=\"http:\/\/acusticaysonido.net\/ayshome\/index.php\/atlas-ied\/0020794_globalcomsupsupip-digital-amplifiers_300\/\" class=\"wp-image-885\" srcset=\"http:\/\/acusticaysonido.net\/ayshome\/wp-content\/uploads\/2020\/05\/0020794_globalcomsupsupip-digital-amplifiers_300.png 300w, http:\/\/acusticaysonido.net\/ayshome\/wp-content\/uploads\/2020\/05\/0020794_globalcomsupsupip-digital-amplifiers_300-100x100.png 100w, http:\/\/acusticaysonido.net\/ayshome\/wp-content\/uploads\/2020\/05\/0020794_globalcomsupsupip-digital-amplifiers_300-150x150.png 150w\" sizes=\"(max-width: 300px) 100vw, 300px\" \/><\/figure><\/li><li class=\"blocks-gallery-item\"><figure><img loading=\"lazy\" decoding=\"async\" width=\"300\" height=\"300\" src=\"http:\/\/acusticaysonido.net\/ayshome\/wp-content\/uploads\/2020\/05\/0026096_globalcomsupsupip-enabled-endpoint-devices_300.jpeg\" alt=\"\" data-id=\"887\" data-link=\"http:\/\/acusticaysonido.net\/ayshome\/index.php\/atlas-ied\/0026096_globalcomsupsupip-enabled-endpoint-devices_300\/\" class=\"wp-image-887\" srcset=\"http:\/\/acusticaysonido.net\/ayshome\/wp-content\/uploads\/2020\/05\/0026096_globalcomsupsupip-enabled-endpoint-devices_300.jpeg 300w, http:\/\/acusticaysonido.net\/ayshome\/wp-content\/uploads\/2020\/05\/0026096_globalcomsupsupip-enabled-endpoint-devices_300-100x100.jpeg 100w, http:\/\/acusticaysonido.net\/ayshome\/wp-content\/uploads\/2020\/05\/0026096_globalcomsupsupip-enabled-endpoint-devices_300-150x150.jpeg 150w\" sizes=\"(max-width: 300px) 100vw, 300px\" \/><\/figure><\/li><li class=\"blocks-gallery-item\"><figure><img loading=\"lazy\" decoding=\"async\" width=\"300\" height=\"267\" src=\"http:\/\/acusticaysonido.net\/ayshome\/wp-content\/uploads\/2020\/05\/0024372_globalcomsupsupip-digital-communication-stations_300.png\" alt=\"\" data-id=\"888\" data-link=\"http:\/\/acusticaysonido.net\/ayshome\/index.php\/atlas-ied\/0024372_globalcomsupsupip-digital-communication-stations_300\/\" class=\"wp-image-888\"\/><\/figure><\/li><li class=\"blocks-gallery-item\"><figure><img loading=\"lazy\" decoding=\"async\" width=\"300\" height=\"300\" src=\"http:\/\/acusticaysonido.net\/ayshome\/wp-content\/uploads\/2020\/05\/0020854_globalcomsupsupip-input-output-and-logic-devices_300.png\" alt=\"\" data-id=\"891\" data-link=\"http:\/\/acusticaysonido.net\/ayshome\/index.php\/atlas-ied\/0020854_globalcomsupsupip-input-output-and-logic-devices_300\/\" class=\"wp-image-891\" srcset=\"http:\/\/acusticaysonido.net\/ayshome\/wp-content\/uploads\/2020\/05\/0020854_globalcomsupsupip-input-output-and-logic-devices_300.png 300w, http:\/\/acusticaysonido.net\/ayshome\/wp-content\/uploads\/2020\/05\/0020854_globalcomsupsupip-input-output-and-logic-devices_300-100x100.png 100w, http:\/\/acusticaysonido.net\/ayshome\/wp-content\/uploads\/2020\/05\/0020854_globalcomsupsupip-input-output-and-logic-devices_300-150x150.png 150w\" sizes=\"(max-width: 300px) 100vw, 300px\" \/><\/figure><\/li><li class=\"blocks-gallery-item\"><figure><img loading=\"lazy\" decoding=\"async\" width=\"300\" height=\"300\" src=\"http:\/\/acusticaysonido.net\/ayshome\/wp-content\/uploads\/2020\/05\/0019695_300.png\" alt=\"\" data-id=\"892\" data-link=\"http:\/\/acusticaysonido.net\/ayshome\/index.php\/atlas-ied\/0019695_300\/\" class=\"wp-image-892\" srcset=\"http:\/\/acusticaysonido.net\/ayshome\/wp-content\/uploads\/2020\/05\/0019695_300.png 300w, http:\/\/acusticaysonido.net\/ayshome\/wp-content\/uploads\/2020\/05\/0019695_300-100x100.png 100w, http:\/\/acusticaysonido.net\/ayshome\/wp-content\/uploads\/2020\/05\/0019695_300-150x150.png 150w\" sizes=\"(max-width: 300px) 100vw, 300px\" \/><\/figure><\/li><li class=\"blocks-gallery-item\"><figure><img loading=\"lazy\" decoding=\"async\" width=\"300\" height=\"187\" src=\"http:\/\/acusticaysonido.net\/ayshome\/wp-content\/uploads\/2020\/05\/0020796_gck-enterprise-wide-application-platform_300.jpeg\" alt=\"\" data-id=\"890\" data-link=\"http:\/\/acusticaysonido.net\/ayshome\/index.php\/atlas-ied\/0020796_gck-enterprise-wide-application-platform_300\/\" class=\"wp-image-890\"\/><\/figure><\/li><li class=\"blocks-gallery-item\"><figure><img loading=\"lazy\" decoding=\"async\" width=\"300\" height=\"185\" src=\"http:\/\/acusticaysonido.net\/ayshome\/wp-content\/uploads\/2020\/05\/0020852_directorsupsup-system-management-software_300.png\" alt=\"\" data-id=\"889\" data-link=\"http:\/\/acusticaysonido.net\/ayshome\/index.php\/atlas-ied\/0020852_directorsupsup-system-management-software_300\/\" class=\"wp-image-889\"\/><\/figure><\/li><\/ul><\/figure>\n","protected":false},"excerpt":{"rendered":"<p>Visitar p\u00e1gina web de Atlas IED AtlasIED es la combinaci\u00f3n de dos l\u00edderes ampliamente reconocidos en el mundo del audio comercial, Atlas Sound e Innovative Electronic Designs (IED). Ambas compa\u00f1\u00edas han estado colaborando durante d\u00e9cadas y se han convertido en dos de los fabricantes de audio comercial m\u00e1s exitosos. Atlas Sound se ha convertido en [&hellip;]<\/p>\n","protected":false},"author":1,"featured_media":0,"parent":0,"menu_order":0,"comment_status":"closed","ping_status":"closed","template":"","meta":{"footnotes":""},"_links":{"self":[{"href":"http:\/\/acusticaysonido.net\/ayshome\/index.php\/wp-json\/wp\/v2\/pages\/823"}],"collection":[{"href":"http:\/\/acusticaysonido.net\/ayshome\/index.php\/wp-json\/wp\/v2\/pages"}],"about":[{"href":"http:\/\/acusticaysonido.net\/ayshome\/index.php\/wp-json\/wp\/v2\/types\/page"}],"author":[{"embeddable":true,"href":"http:\/\/acusticaysonido.net\/ayshome\/index.php\/wp-json\/wp\/v2\/users\/1"}],"replies":[{"embeddable":true,"href":"http:\/\/acusticaysonido.net\/ayshome\/index.php\/wp-json\/wp\/v2\/comments?post=823"}],"version-history":[{"count":28,"href":"http:\/\/acusticaysonido.net\/ayshome\/index.php\/wp-json\/wp\/v2\/pages\/823\/revisions"}],"predecessor-version":[{"id":947,"href":"http:\/\/acusticaysonido.net\/ayshome\/index.php\/wp-json\/wp\/v2\/pages\/823\/revisions\/947"}],"wp:attachment":[{"href":"http:\/\/acusticaysonido.net\/ayshome\/index.php\/wp-json\/wp\/v2\/media?parent=823"}],"curies":[{"name":"wp","href":"https:\/\/api.w.org\/{rel}","templated":true}]}}