{"id":73,"date":"2020-05-07T14:27:14","date_gmt":"2020-05-07T20:27:14","guid":{"rendered":"http:\/\/acusticaysonido.net\/ayshome\/?page_id=73"},"modified":"2020-09-15T15:16:56","modified_gmt":"2020-09-15T21:16:56","slug":"bares-restaurantes-salas","status":"publish","type":"page","link":"http:\/\/acusticaysonido.net\/ayshome\/index.php\/bares-restaurantes-salas\/","title":{"rendered":"Bares, restaurantes, salas de eventos"},"content":{"rendered":"\n<p>No hay nada m\u00e1s agradable y placentero que disfrutar los alimentos con m\u00fasica ambiente, disfrutar su bebida al observar una actividad deportiva con un sonido y video de \u00f3ptima calidad, o bien escuchar un son con un exquisito sonido que invita al baile y goce del momento. En Ac\u00fastica y Sonido le realizamos el dise\u00f1o, la instalaci\u00f3n y puesta en marcha del sistema de audio y video que requiera para su bar, restaurante o sal\u00f3n multiuso con equipos de la m\u00e1s alta calidad le ofrecemos:<\/p>\n\n\n\n<ul><li>Sistemas de audio para fondo musical y llamados<\/li><li>Sistemas de audio streaming<\/li><li>Sistemas de audio distribuido por zonas<\/li><li>Sistema de audio profesional de alta potencia<\/li><li>Sistemas de Iluminaci\u00f3n arquitect\u00f3nica y esc\u00e9nica<\/li><li>Sistemas audiovisuales incluyendo transporte de se\u00f1ales en red mediante dispositivos IP<\/li><li>Sistemas de intercomunicaci\u00f3n<\/li><li>Soluciones ac\u00fasticas para acondicionamiento, aislamiento y control de ruido<\/li><li>Automatizaci\u00f3n<\/li><li>Cableado y conectorizaci\u00f3n<\/li><\/ul>\n\n\n\n<p><a href=\"http:\/\/acusticaysonido.net\/ayshome\/wp-content\/uploads\/2020\/07\/CATALOGO-SECTOR-HOTELERO.pdf\" target=\"_blank\" rel=\"noreferrer noopener\"><span class=\"has-inline-color has-vivid-cyan-blue-color\">CLICK AQU\u00cd PARA DESCARGAR NUESTRO CAT\u00c1LOGO<\/span><\/a><\/p>\n\n\n\n<hr class=\"wp-block-separator\"\/>\n\n\n\n<figure class=\"wp-block-gallery columns-3 is-cropped wp-block-gallery-1 is-layout-flex wp-block-gallery-is-layout-flex\"><ul class=\"blocks-gallery-grid\"><li class=\"blocks-gallery-item\"><figure><a href=\"http:\/\/acusticaysonido.net\/ayshome\/wp-content\/uploads\/2020\/05\/Bar-VMF-33-1024x427.jpg\"><img loading=\"lazy\" decoding=\"async\" width=\"1024\" height=\"427\" src=\"http:\/\/acusticaysonido.net\/ayshome\/wp-content\/uploads\/2020\/05\/Bar-VMF-33-1024x427.jpg\" alt=\"\" data-id=\"103\" data-link=\"http:\/\/acusticaysonido.net\/ayshome\/index.php\/bares-restaurantes-salones-multiuso\/bar-vmf-33\/\" class=\"wp-image-103\" srcset=\"http:\/\/acusticaysonido.net\/ayshome\/wp-content\/uploads\/2020\/05\/Bar-VMF-33-1024x427.jpg 1024w, http:\/\/acusticaysonido.net\/ayshome\/wp-content\/uploads\/2020\/05\/Bar-VMF-33-600x250.jpg 600w, http:\/\/acusticaysonido.net\/ayshome\/wp-content\/uploads\/2020\/05\/Bar-VMF-33-300x125.jpg 300w, http:\/\/acusticaysonido.net\/ayshome\/wp-content\/uploads\/2020\/05\/Bar-VMF-33-768x320.jpg 768w, http:\/\/acusticaysonido.net\/ayshome\/wp-content\/uploads\/2020\/05\/Bar-VMF-33-1536x640.jpg 1536w, http:\/\/acusticaysonido.net\/ayshome\/wp-content\/uploads\/2020\/05\/Bar-VMF-33.jpg 1920w\" sizes=\"(max-width: 1024px) 100vw, 1024px\" \/><\/a><\/figure><\/li><li class=\"blocks-gallery-item\"><figure><a href=\"http:\/\/acusticaysonido.net\/ayshome\/wp-content\/uploads\/2020\/05\/BW_Refprojecten-tegel1280x855-Werelds_rotatie-1-min-1024x684.jpg\"><img loading=\"lazy\" decoding=\"async\" width=\"1024\" height=\"684\" src=\"http:\/\/acusticaysonido.net\/ayshome\/wp-content\/uploads\/2020\/05\/BW_Refprojecten-tegel1280x855-Werelds_rotatie-1-min-1024x684.jpg\" alt=\"\" data-id=\"104\" data-link=\"http:\/\/acusticaysonido.net\/ayshome\/index.php\/bares-restaurantes-salones-multiuso\/bw_refprojecten-tegel1280x855-werelds_rotatie-1-min\/\" class=\"wp-image-104\" srcset=\"http:\/\/acusticaysonido.net\/ayshome\/wp-content\/uploads\/2020\/05\/BW_Refprojecten-tegel1280x855-Werelds_rotatie-1-min-1024x684.jpg 1024w, http:\/\/acusticaysonido.net\/ayshome\/wp-content\/uploads\/2020\/05\/BW_Refprojecten-tegel1280x855-Werelds_rotatie-1-min-600x401.jpg 600w, http:\/\/acusticaysonido.net\/ayshome\/wp-content\/uploads\/2020\/05\/BW_Refprojecten-tegel1280x855-Werelds_rotatie-1-min-300x200.jpg 300w, http:\/\/acusticaysonido.net\/ayshome\/wp-content\/uploads\/2020\/05\/BW_Refprojecten-tegel1280x855-Werelds_rotatie-1-min-768x513.jpg 768w, http:\/\/acusticaysonido.net\/ayshome\/wp-content\/uploads\/2020\/05\/BW_Refprojecten-tegel1280x855-Werelds_rotatie-1-min.jpg 1280w\" sizes=\"(max-width: 1024px) 100vw, 1024px\" \/><\/a><\/figure><\/li><li class=\"blocks-gallery-item\"><figure><a href=\"http:\/\/acusticaysonido.net\/ayshome\/wp-content\/uploads\/2020\/05\/hosteleria_portada-1024x417.jpg\"><img loading=\"lazy\" decoding=\"async\" width=\"1024\" height=\"417\" src=\"http:\/\/acusticaysonido.net\/ayshome\/wp-content\/uploads\/2020\/05\/hosteleria_portada-1024x417.jpg\" alt=\"\" data-id=\"105\" data-link=\"http:\/\/acusticaysonido.net\/ayshome\/index.php\/bares-restaurantes-salones-multiuso\/hosteleria_portada\/\" class=\"wp-image-105\" srcset=\"http:\/\/acusticaysonido.net\/ayshome\/wp-content\/uploads\/2020\/05\/hosteleria_portada-1024x417.jpg 1024w, http:\/\/acusticaysonido.net\/ayshome\/wp-content\/uploads\/2020\/05\/hosteleria_portada-600x245.jpg 600w, http:\/\/acusticaysonido.net\/ayshome\/wp-content\/uploads\/2020\/05\/hosteleria_portada-300x122.jpg 300w, http:\/\/acusticaysonido.net\/ayshome\/wp-content\/uploads\/2020\/05\/hosteleria_portada-768x313.jpg 768w, http:\/\/acusticaysonido.net\/ayshome\/wp-content\/uploads\/2020\/05\/hosteleria_portada.jpg 1200w\" sizes=\"(max-width: 1024px) 100vw, 1024px\" \/><\/a><\/figure><\/li><li class=\"blocks-gallery-item\"><figure><a href=\"http:\/\/acusticaysonido.net\/ayshome\/wp-content\/uploads\/2020\/05\/Barrella-y-Powersoft-en-Woods-SP-605x334-1.jpg\"><img loading=\"lazy\" decoding=\"async\" width=\"605\" height=\"334\" src=\"http:\/\/acusticaysonido.net\/ayshome\/wp-content\/uploads\/2020\/05\/Barrella-y-Powersoft-en-Woods-SP-605x334-1.jpg\" alt=\"\" data-id=\"156\" data-link=\"http:\/\/acusticaysonido.net\/ayshome\/index.php\/bares-restaurantes-salones-multiuso\/barrella-y-powersoft-en-woods-sp-605x334-1\/\" class=\"wp-image-156\" srcset=\"http:\/\/acusticaysonido.net\/ayshome\/wp-content\/uploads\/2020\/05\/Barrella-y-Powersoft-en-Woods-SP-605x334-1.jpg 605w, http:\/\/acusticaysonido.net\/ayshome\/wp-content\/uploads\/2020\/05\/Barrella-y-Powersoft-en-Woods-SP-605x334-1-600x331.jpg 600w, http:\/\/acusticaysonido.net\/ayshome\/wp-content\/uploads\/2020\/05\/Barrella-y-Powersoft-en-Woods-SP-605x334-1-300x166.jpg 300w\" sizes=\"(max-width: 605px) 100vw, 605px\" \/><\/a><\/figure><\/li><li class=\"blocks-gallery-item\"><figure><a href=\"http:\/\/acusticaysonido.net\/ayshome\/wp-content\/uploads\/2020\/05\/ICCW-1.jpg\"><img loading=\"lazy\" decoding=\"async\" width=\"785\" height=\"524\" src=\"http:\/\/acusticaysonido.net\/ayshome\/wp-content\/uploads\/2020\/05\/ICCW-1.jpg\" alt=\"\" data-id=\"158\" data-link=\"http:\/\/acusticaysonido.net\/ayshome\/index.php\/bares-restaurantes-salones-multiuso\/iccw-1\/\" class=\"wp-image-158\" srcset=\"http:\/\/acusticaysonido.net\/ayshome\/wp-content\/uploads\/2020\/05\/ICCW-1.jpg 785w, http:\/\/acusticaysonido.net\/ayshome\/wp-content\/uploads\/2020\/05\/ICCW-1-600x401.jpg 600w, http:\/\/acusticaysonido.net\/ayshome\/wp-content\/uploads\/2020\/05\/ICCW-1-300x200.jpg 300w, http:\/\/acusticaysonido.net\/ayshome\/wp-content\/uploads\/2020\/05\/ICCW-1-768x513.jpg 768w\" sizes=\"(max-width: 785px) 100vw, 785px\" \/><\/a><\/figure><\/li><li class=\"blocks-gallery-item\"><figure><a href=\"http:\/\/acusticaysonido.net\/ayshome\/wp-content\/uploads\/2020\/05\/ICCW-3.jpg\"><img loading=\"lazy\" decoding=\"async\" width=\"917\" height=\"612\" src=\"http:\/\/acusticaysonido.net\/ayshome\/wp-content\/uploads\/2020\/05\/ICCW-3.jpg\" alt=\"\" data-id=\"159\" data-full-url=\"http:\/\/acusticaysonido.net\/ayshome\/wp-content\/uploads\/2020\/05\/ICCW-3.jpg\" data-link=\"http:\/\/acusticaysonido.net\/ayshome\/index.php\/bares-restaurantes-salones-multiuso\/iccw-3\/\" class=\"wp-image-159\" srcset=\"http:\/\/acusticaysonido.net\/ayshome\/wp-content\/uploads\/2020\/05\/ICCW-3.jpg 917w, http:\/\/acusticaysonido.net\/ayshome\/wp-content\/uploads\/2020\/05\/ICCW-3-600x400.jpg 600w, http:\/\/acusticaysonido.net\/ayshome\/wp-content\/uploads\/2020\/05\/ICCW-3-300x200.jpg 300w, http:\/\/acusticaysonido.net\/ayshome\/wp-content\/uploads\/2020\/05\/ICCW-3-768x513.jpg 768w\" sizes=\"(max-width: 917px) 100vw, 917px\" \/><\/a><\/figure><\/li><\/ul><\/figure>\n","protected":false},"excerpt":{"rendered":"<p>No hay nada m\u00e1s agradable y placentero que disfrutar los alimentos con m\u00fasica ambiente, disfrutar su bebida al observar una actividad deportiva con un sonido y video de \u00f3ptima calidad, o bien escuchar un son con un exquisito sonido que invita al baile y goce del momento. En Ac\u00fastica y Sonido le realizamos el dise\u00f1o, [&hellip;]<\/p>\n","protected":false},"author":1,"featured_media":103,"parent":0,"menu_order":0,"comment_status":"closed","ping_status":"closed","template":"","meta":{"footnotes":""},"_links":{"self":[{"href":"http:\/\/acusticaysonido.net\/ayshome\/index.php\/wp-json\/wp\/v2\/pages\/73"}],"collection":[{"href":"http:\/\/acusticaysonido.net\/ayshome\/index.php\/wp-json\/wp\/v2\/pages"}],"about":[{"href":"http:\/\/acusticaysonido.net\/ayshome\/index.php\/wp-json\/wp\/v2\/types\/page"}],"author":[{"embeddable":true,"href":"http:\/\/acusticaysonido.net\/ayshome\/index.php\/wp-json\/wp\/v2\/users\/1"}],"replies":[{"embeddable":true,"href":"http:\/\/acusticaysonido.net\/ayshome\/index.php\/wp-json\/wp\/v2\/comments?post=73"}],"version-history":[{"count":10,"href":"http:\/\/acusticaysonido.net\/ayshome\/index.php\/wp-json\/wp\/v2\/pages\/73\/revisions"}],"predecessor-version":[{"id":1086,"href":"http:\/\/acusticaysonido.net\/ayshome\/index.php\/wp-json\/wp\/v2\/pages\/73\/revisions\/1086"}],"wp:featuredmedia":[{"embeddable":true,"href":"http:\/\/acusticaysonido.net\/ayshome\/index.php\/wp-json\/wp\/v2\/media\/103"}],"wp:attachment":[{"href":"http:\/\/acusticaysonido.net\/ayshome\/index.php\/wp-json\/wp\/v2\/media?parent=73"}],"curies":[{"name":"wp","href":"https:\/\/api.w.org\/{rel}","templated":true}]}}