{"id":72,"date":"2020-05-07T14:27:14","date_gmt":"2020-05-07T20:27:14","guid":{"rendered":"http:\/\/acusticaysonido.net\/ayshome\/?page_id=72"},"modified":"2020-09-15T15:18:46","modified_gmt":"2020-09-15T21:18:46","slug":"iglesias","status":"publish","type":"page","link":"http:\/\/acusticaysonido.net\/ayshome\/index.php\/iglesias\/","title":{"rendered":"Iglesias"},"content":{"rendered":"\n<p>Para centros de culto donde el mensaje que se expresa debe ser bien escuchado para el beneficio de los fieles, se necesita de un sistema de sonido y multimedia de alto desempe\u00f1o donde la voz se transmita de forma clara e inteligible. Ac\u00fastica y Sonido le dise\u00f1a, instala y pone en marcha su sistema de audio y v\u00eddeo con equipos de alta calidad.<\/p>\n\n\n\n<p>Le ofrecemos:<\/p>\n\n\n\n<ul><li>Sistemas de sonido profesional de alta inteligibilidad<\/li><li>Sistemas audiovisuales incluyendo transporte de se\u00f1ales en red mediante dispositivos IP<\/li><li>Equipos de audio y video port\u00e1tiles<\/li><li>Soluciones ac\u00fasticas para acondicionamiento, aislamiento y control de ruido<\/li><li>Sistemas de microfon\u00eda al\u00e1mbrica e inal\u00e1mbrica<\/li><li>Sistemas de campanas electr\u00f3nicas (Carillon)<\/li><li>Sistemas de Iluminaci\u00f3n arquitect\u00f3nica y esc\u00e9nica<\/li><li>Cableado y conectorizaci\u00f3n<\/li><\/ul>\n\n\n\n<figure class=\"wp-block-gallery columns-3 is-cropped wp-block-gallery-1 is-layout-flex wp-block-gallery-is-layout-flex\"><ul class=\"blocks-gallery-grid\"><li class=\"blocks-gallery-item\"><figure><a href=\"http:\/\/acusticaysonido.net\/ayshome\/wp-content\/uploads\/2020\/05\/basilica_de_san_marcos_5.jpg\"><img loading=\"lazy\" decoding=\"async\" width=\"960\" height=\"480\" src=\"http:\/\/acusticaysonido.net\/ayshome\/wp-content\/uploads\/2020\/05\/basilica_de_san_marcos_5.jpg\" alt=\"\" data-id=\"803\" data-full-url=\"http:\/\/acusticaysonido.net\/ayshome\/wp-content\/uploads\/2020\/05\/basilica_de_san_marcos_5.jpg\" data-link=\"http:\/\/acusticaysonido.net\/ayshome\/index.php\/iglesias\/basilica_de_san_marcos_5\/\" class=\"wp-image-803\" srcset=\"http:\/\/acusticaysonido.net\/ayshome\/wp-content\/uploads\/2020\/05\/basilica_de_san_marcos_5.jpg 960w, http:\/\/acusticaysonido.net\/ayshome\/wp-content\/uploads\/2020\/05\/basilica_de_san_marcos_5-600x300.jpg 600w, http:\/\/acusticaysonido.net\/ayshome\/wp-content\/uploads\/2020\/05\/basilica_de_san_marcos_5-300x150.jpg 300w, http:\/\/acusticaysonido.net\/ayshome\/wp-content\/uploads\/2020\/05\/basilica_de_san_marcos_5-768x384.jpg 768w\" sizes=\"(max-width: 960px) 100vw, 960px\" \/><\/a><\/figure><\/li><li class=\"blocks-gallery-item\"><figure><a href=\"http:\/\/acusticaysonido.net\/ayshome\/wp-content\/uploads\/2020\/05\/basilica_de_san_marcos_3.1_array-1.jpg\"><img loading=\"lazy\" decoding=\"async\" width=\"1024\" height=\"683\" src=\"http:\/\/acusticaysonido.net\/ayshome\/wp-content\/uploads\/2020\/05\/basilica_de_san_marcos_3.1_array-1-1024x683.jpg\" alt=\"\" data-id=\"814\" data-full-url=\"http:\/\/acusticaysonido.net\/ayshome\/wp-content\/uploads\/2020\/05\/basilica_de_san_marcos_3.1_array-1.jpg\" data-link=\"http:\/\/acusticaysonido.net\/ayshome\/index.php\/iglesias\/basilica_de_san_marcos_3-1_array-1\/\" class=\"wp-image-814\" srcset=\"http:\/\/acusticaysonido.net\/ayshome\/wp-content\/uploads\/2020\/05\/basilica_de_san_marcos_3.1_array-1-1024x683.jpg 1024w, http:\/\/acusticaysonido.net\/ayshome\/wp-content\/uploads\/2020\/05\/basilica_de_san_marcos_3.1_array-1-600x400.jpg 600w, http:\/\/acusticaysonido.net\/ayshome\/wp-content\/uploads\/2020\/05\/basilica_de_san_marcos_3.1_array-1-300x200.jpg 300w, http:\/\/acusticaysonido.net\/ayshome\/wp-content\/uploads\/2020\/05\/basilica_de_san_marcos_3.1_array-1-768x512.jpg 768w, http:\/\/acusticaysonido.net\/ayshome\/wp-content\/uploads\/2020\/05\/basilica_de_san_marcos_3.1_array-1-1536x1024.jpg 1536w, http:\/\/acusticaysonido.net\/ayshome\/wp-content\/uploads\/2020\/05\/basilica_de_san_marcos_3.1_array-1.jpg 1600w\" sizes=\"(max-width: 1024px) 100vw, 1024px\" \/><\/a><\/figure><\/li><li class=\"blocks-gallery-item\"><figure><a href=\"http:\/\/acusticaysonido.net\/ayshome\/wp-content\/uploads\/2020\/05\/d6c7ed5bdf3560c9f4ea0ef34c0b81da.jpg\"><img loading=\"lazy\" decoding=\"async\" width=\"600\" height=\"400\" src=\"http:\/\/acusticaysonido.net\/ayshome\/wp-content\/uploads\/2020\/05\/d6c7ed5bdf3560c9f4ea0ef34c0b81da.jpg\" alt=\"\" data-id=\"121\" data-full-url=\"http:\/\/acusticaysonido.net\/ayshome\/wp-content\/uploads\/2020\/05\/d6c7ed5bdf3560c9f4ea0ef34c0b81da.jpg\" data-link=\"http:\/\/acusticaysonido.net\/ayshome\/index.php\/iglesias\/d6c7ed5bdf3560c9f4ea0ef34c0b81da\/\" class=\"wp-image-121\" srcset=\"http:\/\/acusticaysonido.net\/ayshome\/wp-content\/uploads\/2020\/05\/d6c7ed5bdf3560c9f4ea0ef34c0b81da.jpg 600w, http:\/\/acusticaysonido.net\/ayshome\/wp-content\/uploads\/2020\/05\/d6c7ed5bdf3560c9f4ea0ef34c0b81da-300x200.jpg 300w\" sizes=\"(max-width: 600px) 100vw, 600px\" \/><\/a><\/figure><\/li><li class=\"blocks-gallery-item\"><figure><a href=\"http:\/\/acusticaysonido.net\/ayshome\/wp-content\/uploads\/2020\/05\/chancel-layout-3260.jpg\"><img loading=\"lazy\" decoding=\"async\" width=\"1024\" height=\"683\" src=\"http:\/\/acusticaysonido.net\/ayshome\/wp-content\/uploads\/2020\/05\/chancel-layout-3260-1024x683.jpg\" alt=\"\" data-id=\"166\" data-full-url=\"http:\/\/acusticaysonido.net\/ayshome\/wp-content\/uploads\/2020\/05\/chancel-layout-3260.jpg\" data-link=\"http:\/\/acusticaysonido.net\/ayshome\/index.php\/iglesias\/chancel-layout-3260\/\" class=\"wp-image-166\" srcset=\"http:\/\/acusticaysonido.net\/ayshome\/wp-content\/uploads\/2020\/05\/chancel-layout-3260-1024x683.jpg 1024w, http:\/\/acusticaysonido.net\/ayshome\/wp-content\/uploads\/2020\/05\/chancel-layout-3260-600x400.jpg 600w, http:\/\/acusticaysonido.net\/ayshome\/wp-content\/uploads\/2020\/05\/chancel-layout-3260-300x200.jpg 300w, http:\/\/acusticaysonido.net\/ayshome\/wp-content\/uploads\/2020\/05\/chancel-layout-3260-768x512.jpg 768w, http:\/\/acusticaysonido.net\/ayshome\/wp-content\/uploads\/2020\/05\/chancel-layout-3260-1536x1024.jpg 1536w, http:\/\/acusticaysonido.net\/ayshome\/wp-content\/uploads\/2020\/05\/chancel-layout-3260.jpg 1920w\" sizes=\"(max-width: 1024px) 100vw, 1024px\" \/><\/a><\/figure><\/li><li class=\"blocks-gallery-item\"><figure><a href=\"http:\/\/acusticaysonido.net\/ayshome\/wp-content\/uploads\/2020\/05\/161795e2bfef069f127e45deb8b6b80e.jpg\"><img loading=\"lazy\" decoding=\"async\" width=\"1000\" height=\"795\" src=\"http:\/\/acusticaysonido.net\/ayshome\/wp-content\/uploads\/2020\/05\/161795e2bfef069f127e45deb8b6b80e.jpg\" alt=\"\" data-id=\"123\" data-full-url=\"http:\/\/acusticaysonido.net\/ayshome\/wp-content\/uploads\/2020\/05\/161795e2bfef069f127e45deb8b6b80e.jpg\" data-link=\"http:\/\/acusticaysonido.net\/ayshome\/index.php\/iglesias\/161795e2bfef069f127e45deb8b6b80e\/\" class=\"wp-image-123\" srcset=\"http:\/\/acusticaysonido.net\/ayshome\/wp-content\/uploads\/2020\/05\/161795e2bfef069f127e45deb8b6b80e.jpg 1000w, http:\/\/acusticaysonido.net\/ayshome\/wp-content\/uploads\/2020\/05\/161795e2bfef069f127e45deb8b6b80e-600x477.jpg 600w, http:\/\/acusticaysonido.net\/ayshome\/wp-content\/uploads\/2020\/05\/161795e2bfef069f127e45deb8b6b80e-300x239.jpg 300w, http:\/\/acusticaysonido.net\/ayshome\/wp-content\/uploads\/2020\/05\/161795e2bfef069f127e45deb8b6b80e-768x611.jpg 768w\" sizes=\"(max-width: 1000px) 100vw, 1000px\" \/><\/a><\/figure><\/li><li class=\"blocks-gallery-item\"><figure><a href=\"http:\/\/acusticaysonido.net\/ayshome\/wp-content\/uploads\/2020\/05\/good-speaker-system-setup_s.jpg\"><img loading=\"lazy\" decoding=\"async\" width=\"1024\" height=\"601\" src=\"http:\/\/acusticaysonido.net\/ayshome\/wp-content\/uploads\/2020\/05\/good-speaker-system-setup_s-1024x601.jpg\" alt=\"\" data-id=\"122\" data-full-url=\"http:\/\/acusticaysonido.net\/ayshome\/wp-content\/uploads\/2020\/05\/good-speaker-system-setup_s.jpg\" data-link=\"http:\/\/acusticaysonido.net\/ayshome\/index.php\/iglesias\/good-speaker-system-setup_s\/\" class=\"wp-image-122\" srcset=\"http:\/\/acusticaysonido.net\/ayshome\/wp-content\/uploads\/2020\/05\/good-speaker-system-setup_s-1024x601.jpg 1024w, http:\/\/acusticaysonido.net\/ayshome\/wp-content\/uploads\/2020\/05\/good-speaker-system-setup_s-600x352.jpg 600w, http:\/\/acusticaysonido.net\/ayshome\/wp-content\/uploads\/2020\/05\/good-speaker-system-setup_s-300x176.jpg 300w, http:\/\/acusticaysonido.net\/ayshome\/wp-content\/uploads\/2020\/05\/good-speaker-system-setup_s-768x450.jpg 768w, http:\/\/acusticaysonido.net\/ayshome\/wp-content\/uploads\/2020\/05\/good-speaker-system-setup_s-1536x901.jpg 1536w, http:\/\/acusticaysonido.net\/ayshome\/wp-content\/uploads\/2020\/05\/good-speaker-system-setup_s.jpg 2000w\" sizes=\"(max-width: 1024px) 100vw, 1024px\" \/><\/a><\/figure><\/li><\/ul><\/figure>\n","protected":false},"excerpt":{"rendered":"<p>Para centros de culto donde el mensaje que se expresa debe ser bien escuchado para el beneficio de los fieles, se necesita de un sistema de sonido y multimedia de alto desempe\u00f1o donde la voz se transmita de forma clara e inteligible. Ac\u00fastica y Sonido le dise\u00f1a, instala y pone en marcha su sistema de [&hellip;]<\/p>\n","protected":false},"author":1,"featured_media":801,"parent":0,"menu_order":0,"comment_status":"closed","ping_status":"closed","template":"","meta":{"footnotes":""},"_links":{"self":[{"href":"http:\/\/acusticaysonido.net\/ayshome\/index.php\/wp-json\/wp\/v2\/pages\/72"}],"collection":[{"href":"http:\/\/acusticaysonido.net\/ayshome\/index.php\/wp-json\/wp\/v2\/pages"}],"about":[{"href":"http:\/\/acusticaysonido.net\/ayshome\/index.php\/wp-json\/wp\/v2\/types\/page"}],"author":[{"embeddable":true,"href":"http:\/\/acusticaysonido.net\/ayshome\/index.php\/wp-json\/wp\/v2\/users\/1"}],"replies":[{"embeddable":true,"href":"http:\/\/acusticaysonido.net\/ayshome\/index.php\/wp-json\/wp\/v2\/comments?post=72"}],"version-history":[{"count":19,"href":"http:\/\/acusticaysonido.net\/ayshome\/index.php\/wp-json\/wp\/v2\/pages\/72\/revisions"}],"predecessor-version":[{"id":1087,"href":"http:\/\/acusticaysonido.net\/ayshome\/index.php\/wp-json\/wp\/v2\/pages\/72\/revisions\/1087"}],"wp:featuredmedia":[{"embeddable":true,"href":"http:\/\/acusticaysonido.net\/ayshome\/index.php\/wp-json\/wp\/v2\/media\/801"}],"wp:attachment":[{"href":"http:\/\/acusticaysonido.net\/ayshome\/index.php\/wp-json\/wp\/v2\/media?parent=72"}],"curies":[{"name":"wp","href":"https:\/\/api.w.org\/{rel}","templated":true}]}}