{"id":71,"date":"2020-05-07T14:27:14","date_gmt":"2020-05-07T20:27:14","guid":{"rendered":"http:\/\/acusticaysonido.net\/ayshome\/?page_id=71"},"modified":"2020-07-28T21:12:26","modified_gmt":"2020-07-29T03:12:26","slug":"sector-educativo","status":"publish","type":"page","link":"http:\/\/acusticaysonido.net\/ayshome\/index.php\/sector-educativo\/","title":{"rendered":"Sector Educativo"},"content":{"rendered":"\n<p>En \u00e9sta era tecnol\u00f3gica las nuevas generaciones requieren de centro educativos dotados de tecnolog\u00eda de punta para estar al nivel adecuado que las empresas exigentes de los egresados, por lo que disponer de aulas, salas de capacitaci\u00f3n, \u00e1reas administrativas, auditorios y otros recintos con un excelente sistema de audio y multimedia se vuelven indispensables para el correcto desarrollo de los estudiantes. En Ac\u00fastica y Sonido le dise\u00f1amos, instalamos y ponemos en marcha los sistemas de audio, multimedia, luces, sistemas de colaboraci\u00f3n, etc. que las instalaciones requieran con equipos de alta calidad. Por eso le ofrecemos:<\/p>\n\n\n\n<ul><li>Sistemas audiovisuales incluyendo transporte de se\u00f1ales en red mediante dispositivos IP<\/li><li>Sistemas de audio y video conferencia<\/li><li>Sistemas de colaboraci\u00f3n visual<\/li><li>Sistemas de intercomunicaci\u00f3n<\/li><li>Sistemas de audio para notificaci\u00f3n y evacuaci\u00f3n (UL2572 y EN54)<\/li><li>Sistemas de videowall<\/li><li>Sistemas de audio distribuido por zonas<\/li><li>Equipos de audio y video port\u00e1tiles<\/li><li>Soluciones ac\u00fasticas para acondicionamiento, aislamiento y control de ruido<\/li><li>Cableado y conectorizaci\u00f3n<\/li><\/ul>\n\n\n\n<p><a href=\"http:\/\/acusticaysonido.net\/ayshome\/wp-content\/uploads\/2020\/07\/CATALOGO-SECTOR-EDUCACION.pdf\" target=\"_blank\" rel=\"noreferrer noopener\"><span class=\"has-inline-color has-vivid-cyan-blue-color\">CLICK AQU\u00cd PARA DESCARGAR NUESTRO CAT\u00c1LOGO PARA EL SECTOR EDUCATIVO<\/span><\/a><\/p>\n\n\n\n<hr class=\"wp-block-separator\"\/>\n\n\n\n<figure class=\"wp-block-gallery columns-3 is-cropped wp-block-gallery-1 is-layout-flex wp-block-gallery-is-layout-flex\"><ul class=\"blocks-gallery-grid\"><li class=\"blocks-gallery-item\"><figure><a href=\"http:\/\/acusticaysonido.net\/ayshome\/wp-content\/uploads\/2020\/05\/cc_srvc_int_tiered_lecture-300x200.jpg\"><img loading=\"lazy\" decoding=\"async\" width=\"300\" height=\"200\" src=\"http:\/\/acusticaysonido.net\/ayshome\/wp-content\/uploads\/2020\/05\/cc_srvc_int_tiered_lecture-300x200.jpg\" alt=\"\" data-id=\"118\" data-link=\"http:\/\/acusticaysonido.net\/ayshome\/index.php\/sector-educativo\/cc_srvc_int_tiered_lecture\/\" class=\"wp-image-118\" srcset=\"http:\/\/acusticaysonido.net\/ayshome\/wp-content\/uploads\/2020\/05\/cc_srvc_int_tiered_lecture-300x200.jpg 300w, http:\/\/acusticaysonido.net\/ayshome\/wp-content\/uploads\/2020\/05\/cc_srvc_int_tiered_lecture-600x400.jpg 600w, http:\/\/acusticaysonido.net\/ayshome\/wp-content\/uploads\/2020\/05\/cc_srvc_int_tiered_lecture-768x512.jpg 768w, http:\/\/acusticaysonido.net\/ayshome\/wp-content\/uploads\/2020\/05\/cc_srvc_int_tiered_lecture.jpg 1001w\" sizes=\"(max-width: 300px) 100vw, 300px\" \/><\/a><\/figure><\/li><li class=\"blocks-gallery-item\"><figure><a href=\"http:\/\/acusticaysonido.net\/ayshome\/wp-content\/uploads\/2020\/05\/25268cd7e7e7d7bd67f71cb37406a568-300x220.jpg\"><img loading=\"lazy\" decoding=\"async\" width=\"300\" height=\"220\" src=\"http:\/\/acusticaysonido.net\/ayshome\/wp-content\/uploads\/2020\/05\/25268cd7e7e7d7bd67f71cb37406a568-300x220.jpg\" alt=\"\" data-id=\"117\" data-link=\"http:\/\/acusticaysonido.net\/ayshome\/index.php\/sector-educativo\/25268cd7e7e7d7bd67f71cb37406a568\/\" class=\"wp-image-117\" srcset=\"http:\/\/acusticaysonido.net\/ayshome\/wp-content\/uploads\/2020\/05\/25268cd7e7e7d7bd67f71cb37406a568-300x220.jpg 300w, http:\/\/acusticaysonido.net\/ayshome\/wp-content\/uploads\/2020\/05\/25268cd7e7e7d7bd67f71cb37406a568-600x439.jpg 600w, http:\/\/acusticaysonido.net\/ayshome\/wp-content\/uploads\/2020\/05\/25268cd7e7e7d7bd67f71cb37406a568-1024x750.jpg 1024w, http:\/\/acusticaysonido.net\/ayshome\/wp-content\/uploads\/2020\/05\/25268cd7e7e7d7bd67f71cb37406a568-768x562.jpg 768w, http:\/\/acusticaysonido.net\/ayshome\/wp-content\/uploads\/2020\/05\/25268cd7e7e7d7bd67f71cb37406a568.jpg 1366w\" sizes=\"(max-width: 300px) 100vw, 300px\" \/><\/a><\/figure><\/li><li class=\"blocks-gallery-item\"><figure><a href=\"http:\/\/acusticaysonido.net\/ayshome\/wp-content\/uploads\/2020\/05\/3de2318cd3354515a7385e63cb66e56b-300x167.jpg\"><img loading=\"lazy\" decoding=\"async\" width=\"300\" height=\"167\" src=\"http:\/\/acusticaysonido.net\/ayshome\/wp-content\/uploads\/2020\/05\/3de2318cd3354515a7385e63cb66e56b-300x167.jpg\" alt=\"\" data-id=\"116\" data-link=\"http:\/\/acusticaysonido.net\/ayshome\/index.php\/sector-educativo\/3de2318cd3354515a7385e63cb66e56b\/\" class=\"wp-image-116\" srcset=\"http:\/\/acusticaysonido.net\/ayshome\/wp-content\/uploads\/2020\/05\/3de2318cd3354515a7385e63cb66e56b-300x167.jpg 300w, http:\/\/acusticaysonido.net\/ayshome\/wp-content\/uploads\/2020\/05\/3de2318cd3354515a7385e63cb66e56b-600x334.jpg 600w, http:\/\/acusticaysonido.net\/ayshome\/wp-content\/uploads\/2020\/05\/3de2318cd3354515a7385e63cb66e56b-1024x570.jpg 1024w, http:\/\/acusticaysonido.net\/ayshome\/wp-content\/uploads\/2020\/05\/3de2318cd3354515a7385e63cb66e56b-768x427.jpg 768w, http:\/\/acusticaysonido.net\/ayshome\/wp-content\/uploads\/2020\/05\/3de2318cd3354515a7385e63cb66e56b-1536x854.jpg 1536w, http:\/\/acusticaysonido.net\/ayshome\/wp-content\/uploads\/2020\/05\/3de2318cd3354515a7385e63cb66e56b.jpg 1582w\" sizes=\"(max-width: 300px) 100vw, 300px\" \/><\/a><\/figure><\/li><li class=\"blocks-gallery-item\"><figure><a href=\"http:\/\/acusticaysonido.net\/ayshome\/wp-content\/uploads\/2020\/05\/Cabina-Auditorio-UNA-300x172.jpg\"><img loading=\"lazy\" decoding=\"async\" width=\"300\" height=\"172\" src=\"http:\/\/acusticaysonido.net\/ayshome\/wp-content\/uploads\/2020\/05\/Cabina-Auditorio-UNA-300x172.jpg\" alt=\"\" data-id=\"161\" data-link=\"http:\/\/acusticaysonido.net\/ayshome\/index.php\/sector-educativo\/cabina-auditorio-una\/\" class=\"wp-image-161\" srcset=\"http:\/\/acusticaysonido.net\/ayshome\/wp-content\/uploads\/2020\/05\/Cabina-Auditorio-UNA-300x172.jpg 300w, http:\/\/acusticaysonido.net\/ayshome\/wp-content\/uploads\/2020\/05\/Cabina-Auditorio-UNA-scaled-600x345.jpg 600w, http:\/\/acusticaysonido.net\/ayshome\/wp-content\/uploads\/2020\/05\/Cabina-Auditorio-UNA-1024x589.jpg 1024w, http:\/\/acusticaysonido.net\/ayshome\/wp-content\/uploads\/2020\/05\/Cabina-Auditorio-UNA-768x442.jpg 768w, http:\/\/acusticaysonido.net\/ayshome\/wp-content\/uploads\/2020\/05\/Cabina-Auditorio-UNA-1536x883.jpg 1536w, http:\/\/acusticaysonido.net\/ayshome\/wp-content\/uploads\/2020\/05\/Cabina-Auditorio-UNA-2048x1177.jpg 2048w\" sizes=\"(max-width: 300px) 100vw, 300px\" \/><\/a><\/figure><\/li><li class=\"blocks-gallery-item\"><figure><a href=\"http:\/\/acusticaysonido.net\/ayshome\/wp-content\/uploads\/2020\/05\/salon-2.jpg\"><img loading=\"lazy\" decoding=\"async\" width=\"1024\" height=\"683\" src=\"http:\/\/acusticaysonido.net\/ayshome\/wp-content\/uploads\/2020\/05\/salon-2-1024x683.jpg\" alt=\"\" data-id=\"209\" data-full-url=\"http:\/\/acusticaysonido.net\/ayshome\/wp-content\/uploads\/2020\/05\/salon-2.jpg\" data-link=\"http:\/\/acusticaysonido.net\/ayshome\/index.php\/sector-educativo\/aula-512-modulo-2-3\/\" class=\"wp-image-209\" srcset=\"http:\/\/acusticaysonido.net\/ayshome\/wp-content\/uploads\/2020\/05\/salon-2-1024x683.jpg 1024w, http:\/\/acusticaysonido.net\/ayshome\/wp-content\/uploads\/2020\/05\/salon-2-600x400.jpg 600w, http:\/\/acusticaysonido.net\/ayshome\/wp-content\/uploads\/2020\/05\/salon-2-300x200.jpg 300w, http:\/\/acusticaysonido.net\/ayshome\/wp-content\/uploads\/2020\/05\/salon-2-768x512.jpg 768w, http:\/\/acusticaysonido.net\/ayshome\/wp-content\/uploads\/2020\/05\/salon-2-1536x1024.jpg 1536w, http:\/\/acusticaysonido.net\/ayshome\/wp-content\/uploads\/2020\/05\/salon-2.jpg 1555w\" sizes=\"(max-width: 1024px) 100vw, 1024px\" \/><\/a><\/figure><\/li><li class=\"blocks-gallery-item\"><figure><a href=\"http:\/\/acusticaysonido.net\/ayshome\/wp-content\/uploads\/2020\/05\/sala-de-capacitacion-o-aula-miraflores-D_NQ_NP_853960-MPE31966922036_082019-F-300x200.jpg\"><img loading=\"lazy\" decoding=\"async\" width=\"300\" height=\"200\" src=\"http:\/\/acusticaysonido.net\/ayshome\/wp-content\/uploads\/2020\/05\/sala-de-capacitacion-o-aula-miraflores-D_NQ_NP_853960-MPE31966922036_082019-F-300x200.jpg\" alt=\"\" data-id=\"164\" data-link=\"http:\/\/acusticaysonido.net\/ayshome\/index.php\/sector-educativo\/sala-de-capacitacion-o-aula-miraflores-d_nq_np_853960-mpe31966922036_082019-f\/\" class=\"wp-image-164\" srcset=\"http:\/\/acusticaysonido.net\/ayshome\/wp-content\/uploads\/2020\/05\/sala-de-capacitacion-o-aula-miraflores-D_NQ_NP_853960-MPE31966922036_082019-F-300x200.jpg 300w, http:\/\/acusticaysonido.net\/ayshome\/wp-content\/uploads\/2020\/05\/sala-de-capacitacion-o-aula-miraflores-D_NQ_NP_853960-MPE31966922036_082019-F-600x400.jpg 600w, http:\/\/acusticaysonido.net\/ayshome\/wp-content\/uploads\/2020\/05\/sala-de-capacitacion-o-aula-miraflores-D_NQ_NP_853960-MPE31966922036_082019-F-1024x683.jpg 1024w, http:\/\/acusticaysonido.net\/ayshome\/wp-content\/uploads\/2020\/05\/sala-de-capacitacion-o-aula-miraflores-D_NQ_NP_853960-MPE31966922036_082019-F-768x512.jpg 768w, http:\/\/acusticaysonido.net\/ayshome\/wp-content\/uploads\/2020\/05\/sala-de-capacitacion-o-aula-miraflores-D_NQ_NP_853960-MPE31966922036_082019-F.jpg 1200w\" sizes=\"(max-width: 300px) 100vw, 300px\" \/><\/a><\/figure><\/li><\/ul><\/figure>\n\n\n\n<p><\/p>\n","protected":false},"excerpt":{"rendered":"<p>En \u00e9sta era tecnol\u00f3gica las nuevas generaciones requieren de centro educativos dotados de tecnolog\u00eda de punta para estar al nivel adecuado que las empresas exigentes de los egresados, por lo que disponer de aulas, salas de capacitaci\u00f3n, \u00e1reas administrativas, auditorios y otros recintos con un excelente sistema de audio y multimedia se vuelven indispensables para [&hellip;]<\/p>\n","protected":false},"author":1,"featured_media":118,"parent":0,"menu_order":0,"comment_status":"closed","ping_status":"closed","template":"","meta":{"footnotes":""},"_links":{"self":[{"href":"http:\/\/acusticaysonido.net\/ayshome\/index.php\/wp-json\/wp\/v2\/pages\/71"}],"collection":[{"href":"http:\/\/acusticaysonido.net\/ayshome\/index.php\/wp-json\/wp\/v2\/pages"}],"about":[{"href":"http:\/\/acusticaysonido.net\/ayshome\/index.php\/wp-json\/wp\/v2\/types\/page"}],"author":[{"embeddable":true,"href":"http:\/\/acusticaysonido.net\/ayshome\/index.php\/wp-json\/wp\/v2\/users\/1"}],"replies":[{"embeddable":true,"href":"http:\/\/acusticaysonido.net\/ayshome\/index.php\/wp-json\/wp\/v2\/comments?post=71"}],"version-history":[{"count":8,"href":"http:\/\/acusticaysonido.net\/ayshome\/index.php\/wp-json\/wp\/v2\/pages\/71\/revisions"}],"predecessor-version":[{"id":971,"href":"http:\/\/acusticaysonido.net\/ayshome\/index.php\/wp-json\/wp\/v2\/pages\/71\/revisions\/971"}],"wp:featuredmedia":[{"embeddable":true,"href":"http:\/\/acusticaysonido.net\/ayshome\/index.php\/wp-json\/wp\/v2\/media\/118"}],"wp:attachment":[{"href":"http:\/\/acusticaysonido.net\/ayshome\/index.php\/wp-json\/wp\/v2\/media?parent=71"}],"curies":[{"name":"wp","href":"https:\/\/api.w.org\/{rel}","templated":true}]}}