{"id":70,"date":"2020-05-07T14:27:14","date_gmt":"2020-05-07T20:27:14","guid":{"rendered":"http:\/\/acusticaysonido.net\/ayshome\/?page_id=70"},"modified":"2020-09-15T15:15:34","modified_gmt":"2020-09-15T21:15:34","slug":"sector-corporativo","status":"publish","type":"page","link":"http:\/\/acusticaysonido.net\/ayshome\/index.php\/sector-corporativo\/","title":{"rendered":"Sector Corporativo"},"content":{"rendered":"\n<p>Estamos en constante actualizaci\u00f3n de la m\u00e1s alta tecnolog\u00eda para ofrecer un excelente servicio para sitios como naves industriales, centros de convenciones, salas de reuni\u00f3n, salas multimedia, etc., donde lo \u00faltimo es necesario para el correcto funcionamiento de los servicios que se le brinda al p\u00fablico. Logrando as\u00ed eficiencia y funcionalidad de los sistemas de audio y multimedia al operar con equipos de la m\u00e1s alta calidad Ac\u00fastica y Sonido le dise\u00f1a, instala y pone en marcha todo lo que su instalaci\u00f3n corporativa necesita.<\/p>\n\n\n\n<p>Ofrecemos:<\/p>\n\n\n\n<ul><li>Sistemas audiovisuales incluyendo transporte de se\u00f1ales en red mediante dispositivos IP.<\/li><li>Sistemas de audio y video conferencia<\/li><li>Sistemas de colaboraci\u00f3n visual<\/li><li>Sistemas de conferencia y voto dirigido (juntas directivas, consejos, etc)<\/li><li>Sistemas de intercomunicaci\u00f3n<\/li><li>Sistemas de audio distribuido por zonas<\/li><li>Sistema de audio profesional de alta potencia<\/li><li>Sistemas de Iluminaci\u00f3n arquitect\u00f3nica y esc\u00e9nica<\/li><li>Sistemas de videowall<\/li><li>Equipos de audio y video port\u00e1tiles<\/li><li>Soluciones ac\u00fasticas para acondicionamiento, aislamiento y control de ruido<\/li><li>Automatizaci\u00f3n<\/li><li>Cableado y conectorizaci\u00f3n<\/li><\/ul>\n\n\n\n<figure class=\"wp-block-gallery columns-3 is-cropped wp-block-gallery-1 is-layout-flex wp-block-gallery-is-layout-flex\"><ul class=\"blocks-gallery-grid\"><li class=\"blocks-gallery-item\"><figure><a href=\"http:\/\/acusticaysonido.net\/ayshome\/wp-content\/uploads\/2020\/05\/microfonia-1200x520-1.jpg\"><img loading=\"lazy\" decoding=\"async\" width=\"300\" height=\"130\" src=\"http:\/\/acusticaysonido.net\/ayshome\/wp-content\/uploads\/2020\/05\/microfonia-1200x520-1-300x130.jpg\" alt=\"\" data-id=\"107\" data-full-url=\"http:\/\/acusticaysonido.net\/ayshome\/wp-content\/uploads\/2020\/05\/microfonia-1200x520-1.jpg\" data-link=\"http:\/\/acusticaysonido.net\/ayshome\/index.php\/sector-corporativo\/microfonia-1200x520\/\" class=\"wp-image-107\" srcset=\"http:\/\/acusticaysonido.net\/ayshome\/wp-content\/uploads\/2020\/05\/microfonia-1200x520-1-300x130.jpg 300w, http:\/\/acusticaysonido.net\/ayshome\/wp-content\/uploads\/2020\/05\/microfonia-1200x520-1-600x260.jpg 600w, http:\/\/acusticaysonido.net\/ayshome\/wp-content\/uploads\/2020\/05\/microfonia-1200x520-1-1024x444.jpg 1024w, http:\/\/acusticaysonido.net\/ayshome\/wp-content\/uploads\/2020\/05\/microfonia-1200x520-1-768x333.jpg 768w, http:\/\/acusticaysonido.net\/ayshome\/wp-content\/uploads\/2020\/05\/microfonia-1200x520-1.jpg 1200w\" sizes=\"(max-width: 300px) 100vw, 300px\" \/><\/a><\/figure><\/li><li class=\"blocks-gallery-item\"><figure><a href=\"http:\/\/acusticaysonido.net\/ayshome\/wp-content\/uploads\/2020\/05\/Sala-reuni\u00f3n-CCCR-scaled.jpg\"><img loading=\"lazy\" decoding=\"async\" width=\"300\" height=\"200\" src=\"http:\/\/acusticaysonido.net\/ayshome\/wp-content\/uploads\/2020\/05\/Sala-reuni\u00f3n-CCCR-300x200.jpg\" alt=\"\" data-id=\"108\" data-full-url=\"http:\/\/acusticaysonido.net\/ayshome\/wp-content\/uploads\/2020\/05\/Sala-reuni\u00f3n-CCCR-scaled.jpg\" data-link=\"http:\/\/acusticaysonido.net\/ayshome\/index.php\/sector-corporativo\/sala-reunion-cccr\/\" class=\"wp-image-108\" srcset=\"http:\/\/acusticaysonido.net\/ayshome\/wp-content\/uploads\/2020\/05\/Sala-reuni\u00f3n-CCCR-300x200.jpg 300w, http:\/\/acusticaysonido.net\/ayshome\/wp-content\/uploads\/2020\/05\/Sala-reuni\u00f3n-CCCR-scaled-600x400.jpg 600w, http:\/\/acusticaysonido.net\/ayshome\/wp-content\/uploads\/2020\/05\/Sala-reuni\u00f3n-CCCR-1024x683.jpg 1024w, http:\/\/acusticaysonido.net\/ayshome\/wp-content\/uploads\/2020\/05\/Sala-reuni\u00f3n-CCCR-768x512.jpg 768w, http:\/\/acusticaysonido.net\/ayshome\/wp-content\/uploads\/2020\/05\/Sala-reuni\u00f3n-CCCR-1536x1024.jpg 1536w, http:\/\/acusticaysonido.net\/ayshome\/wp-content\/uploads\/2020\/05\/Sala-reuni\u00f3n-CCCR-2048x1365.jpg 2048w\" sizes=\"(max-width: 300px) 100vw, 300px\" \/><\/a><\/figure><\/li><li class=\"blocks-gallery-item\"><figure><a href=\"http:\/\/acusticaysonido.net\/ayshome\/wp-content\/uploads\/2020\/05\/Sala-formacion-aula.jpg\"><img loading=\"lazy\" decoding=\"async\" width=\"300\" height=\"225\" src=\"http:\/\/acusticaysonido.net\/ayshome\/wp-content\/uploads\/2020\/05\/Sala-formacion-aula-300x225.jpg\" alt=\"\" data-id=\"109\" data-full-url=\"http:\/\/acusticaysonido.net\/ayshome\/wp-content\/uploads\/2020\/05\/Sala-formacion-aula.jpg\" data-link=\"http:\/\/acusticaysonido.net\/ayshome\/index.php\/sector-corporativo\/sala-formacion-aula\/\" class=\"wp-image-109\" srcset=\"http:\/\/acusticaysonido.net\/ayshome\/wp-content\/uploads\/2020\/05\/Sala-formacion-aula-300x225.jpg 300w, http:\/\/acusticaysonido.net\/ayshome\/wp-content\/uploads\/2020\/05\/Sala-formacion-aula-600x450.jpg 600w, http:\/\/acusticaysonido.net\/ayshome\/wp-content\/uploads\/2020\/05\/Sala-formacion-aula-768x576.jpg 768w, http:\/\/acusticaysonido.net\/ayshome\/wp-content\/uploads\/2020\/05\/Sala-formacion-aula.jpg 1024w\" sizes=\"(max-width: 300px) 100vw, 300px\" \/><\/a><\/figure><\/li><li class=\"blocks-gallery-item\"><figure><a href=\"http:\/\/acusticaysonido.net\/ayshome\/wp-content\/uploads\/2020\/05\/Sala-reunion-estandar.jpg\"><img loading=\"lazy\" decoding=\"async\" width=\"300\" height=\"225\" src=\"http:\/\/acusticaysonido.net\/ayshome\/wp-content\/uploads\/2020\/05\/Sala-reunion-estandar-300x225.jpg\" alt=\"\" data-id=\"110\" data-full-url=\"http:\/\/acusticaysonido.net\/ayshome\/wp-content\/uploads\/2020\/05\/Sala-reunion-estandar.jpg\" data-link=\"http:\/\/acusticaysonido.net\/ayshome\/index.php\/sector-corporativo\/sala-reunion-estandar\/\" class=\"wp-image-110\" srcset=\"http:\/\/acusticaysonido.net\/ayshome\/wp-content\/uploads\/2020\/05\/Sala-reunion-estandar-300x225.jpg 300w, http:\/\/acusticaysonido.net\/ayshome\/wp-content\/uploads\/2020\/05\/Sala-reunion-estandar-600x450.jpg 600w, http:\/\/acusticaysonido.net\/ayshome\/wp-content\/uploads\/2020\/05\/Sala-reunion-estandar-768x576.jpg 768w, http:\/\/acusticaysonido.net\/ayshome\/wp-content\/uploads\/2020\/05\/Sala-reunion-estandar.jpg 1024w\" sizes=\"(max-width: 300px) 100vw, 300px\" \/><\/a><\/figure><\/li><li class=\"blocks-gallery-item\"><figure><a href=\"http:\/\/acusticaysonido.net\/ayshome\/wp-content\/uploads\/2020\/05\/salas-de-reuniones-gesab.jpg\"><img loading=\"lazy\" decoding=\"async\" width=\"300\" height=\"167\" src=\"http:\/\/acusticaysonido.net\/ayshome\/wp-content\/uploads\/2020\/05\/salas-de-reuniones-gesab-300x167.jpg\" alt=\"\" data-id=\"111\" data-full-url=\"http:\/\/acusticaysonido.net\/ayshome\/wp-content\/uploads\/2020\/05\/salas-de-reuniones-gesab.jpg\" data-link=\"http:\/\/acusticaysonido.net\/ayshome\/index.php\/sector-corporativo\/salas-de-reuniones-gesab\/\" class=\"wp-image-111\" srcset=\"http:\/\/acusticaysonido.net\/ayshome\/wp-content\/uploads\/2020\/05\/salas-de-reuniones-gesab-300x167.jpg 300w, http:\/\/acusticaysonido.net\/ayshome\/wp-content\/uploads\/2020\/05\/salas-de-reuniones-gesab-600x335.jpg 600w, http:\/\/acusticaysonido.net\/ayshome\/wp-content\/uploads\/2020\/05\/salas-de-reuniones-gesab-768x428.jpg 768w, http:\/\/acusticaysonido.net\/ayshome\/wp-content\/uploads\/2020\/05\/salas-de-reuniones-gesab.jpg 800w\" sizes=\"(max-width: 300px) 100vw, 300px\" \/><\/a><\/figure><\/li><li class=\"blocks-gallery-item\"><figure><a href=\"http:\/\/acusticaysonido.net\/ayshome\/wp-content\/uploads\/2020\/05\/tomino.jpg\"><img loading=\"lazy\" decoding=\"async\" width=\"300\" height=\"200\" src=\"http:\/\/acusticaysonido.net\/ayshome\/wp-content\/uploads\/2020\/05\/tomino-300x200.jpg\" alt=\"\" data-id=\"112\" data-full-url=\"http:\/\/acusticaysonido.net\/ayshome\/wp-content\/uploads\/2020\/05\/tomino.jpg\" data-link=\"http:\/\/acusticaysonido.net\/ayshome\/index.php\/sector-corporativo\/tomino\/\" class=\"wp-image-112\" srcset=\"http:\/\/acusticaysonido.net\/ayshome\/wp-content\/uploads\/2020\/05\/tomino-300x200.jpg 300w, http:\/\/acusticaysonido.net\/ayshome\/wp-content\/uploads\/2020\/05\/tomino-600x400.jpg 600w, http:\/\/acusticaysonido.net\/ayshome\/wp-content\/uploads\/2020\/05\/tomino-768x512.jpg 768w, http:\/\/acusticaysonido.net\/ayshome\/wp-content\/uploads\/2020\/05\/tomino.jpg 900w\" sizes=\"(max-width: 300px) 100vw, 300px\" \/><\/a><\/figure><\/li><\/ul><\/figure>\n","protected":false},"excerpt":{"rendered":"<p>Estamos en constante actualizaci\u00f3n de la m\u00e1s alta tecnolog\u00eda para ofrecer un excelente servicio para sitios como naves industriales, centros de convenciones, salas de reuni\u00f3n, salas multimedia, etc., donde lo \u00faltimo es necesario para el correcto funcionamiento de los servicios que se le brinda al p\u00fablico. Logrando as\u00ed eficiencia y funcionalidad de los sistemas de [&hellip;]<\/p>\n","protected":false},"author":1,"featured_media":107,"parent":0,"menu_order":0,"comment_status":"closed","ping_status":"closed","template":"","meta":{"footnotes":""},"_links":{"self":[{"href":"http:\/\/acusticaysonido.net\/ayshome\/index.php\/wp-json\/wp\/v2\/pages\/70"}],"collection":[{"href":"http:\/\/acusticaysonido.net\/ayshome\/index.php\/wp-json\/wp\/v2\/pages"}],"about":[{"href":"http:\/\/acusticaysonido.net\/ayshome\/index.php\/wp-json\/wp\/v2\/types\/page"}],"author":[{"embeddable":true,"href":"http:\/\/acusticaysonido.net\/ayshome\/index.php\/wp-json\/wp\/v2\/users\/1"}],"replies":[{"embeddable":true,"href":"http:\/\/acusticaysonido.net\/ayshome\/index.php\/wp-json\/wp\/v2\/comments?post=70"}],"version-history":[{"count":4,"href":"http:\/\/acusticaysonido.net\/ayshome\/index.php\/wp-json\/wp\/v2\/pages\/70\/revisions"}],"predecessor-version":[{"id":1085,"href":"http:\/\/acusticaysonido.net\/ayshome\/index.php\/wp-json\/wp\/v2\/pages\/70\/revisions\/1085"}],"wp:featuredmedia":[{"embeddable":true,"href":"http:\/\/acusticaysonido.net\/ayshome\/index.php\/wp-json\/wp\/v2\/media\/107"}],"wp:attachment":[{"href":"http:\/\/acusticaysonido.net\/ayshome\/index.php\/wp-json\/wp\/v2\/media?parent=70"}],"curies":[{"name":"wp","href":"https:\/\/api.w.org\/{rel}","templated":true}]}}