{"id":69,"date":"2020-05-07T14:27:14","date_gmt":"2020-05-07T20:27:14","guid":{"rendered":"http:\/\/acusticaysonido.net\/ayshome\/?page_id=69"},"modified":"2020-08-06T11:05:29","modified_gmt":"2020-08-06T17:05:29","slug":"sector-salud","status":"publish","type":"page","link":"http:\/\/acusticaysonido.net\/ayshome\/index.php\/sector-salud\/","title":{"rendered":"Sector Salud"},"content":{"rendered":"\n<p>En centros de salud como hospitales y cl\u00ednicas, donde una excelente comunicaci\u00f3n es indispensable para mantener informado a todo el personal, doctores y pacientes, un sistema de voceo es imprescindible, as\u00ed como m\u00fasica ambiente en \u00e1reas de espera que as\u00ed lo requieran. Ac\u00fastica y Sonido le brinda el dise\u00f1o, instalaci\u00f3n y puesta en su marcha de su sistema de audio y multimedia, as\u00ed como su sistema de evacuaci\u00f3n (EVAC) que es obligatorio en este tipo de recintos para mantener la seguridad de todo el personal y pacientes. Con productos de la m\u00e1s alta calidad le ofrecemos:<\/p>\n\n\n\n<ul><li>Sistemas de audio para notificaci\u00f3n y evacuaci\u00f3n (UL2572 y EN54)<\/li><li>Sistemas de llamado paciente enfermera VoIP<\/li><li>Sistemas de audio y video conferencia<\/li><li>Sistemas de colaboraci\u00f3n visual<\/li><li>Sistemas de intercomunicaci\u00f3n<\/li><li>Sistemas audiovisuales incluyendo transporte de se\u00f1ales en red mediante dispositivos IP<\/li><li>Equipos de audio y video port\u00e1tiles<\/li><li>Soluciones ac\u00fasticas para acondicionamiento, aislamiento y control de ruido<\/li><li>Cableado y conectorizaci\u00f3n<\/li><\/ul>\n\n\n\n<p><a href=\"http:\/\/acusticaysonido.net\/ayshome\/wp-content\/uploads\/2020\/08\/CATALOGO-SECTOR-SALUD.pdf\" target=\"_blank\" rel=\"noreferrer noopener\"><span class=\"has-inline-color has-vivid-cyan-blue-color\">CLICK AQU\u00cd PARA DESCARGAR NUESTRO CAT\u00c1LOGO PARA EL SECTOR SALUD<\/span><\/a><\/p>\n\n\n\n<hr class=\"wp-block-separator\"\/>\n\n\n\n<figure class=\"wp-block-gallery columns-3 is-cropped wp-block-gallery-1 is-layout-flex wp-block-gallery-is-layout-flex\"><ul class=\"blocks-gallery-grid\"><li class=\"blocks-gallery-item\"><figure><a href=\"http:\/\/acusticaysonido.net\/ayshome\/wp-content\/uploads\/2020\/05\/prepaga3-300x200.jpg\"><img loading=\"lazy\" decoding=\"async\" width=\"300\" height=\"200\" src=\"http:\/\/acusticaysonido.net\/ayshome\/wp-content\/uploads\/2020\/05\/prepaga3-300x200.jpg\" alt=\"\" data-id=\"114\" data-link=\"http:\/\/acusticaysonido.net\/ayshome\/index.php\/sector-salud\/prepaga3\/\" class=\"wp-image-114\" srcset=\"http:\/\/acusticaysonido.net\/ayshome\/wp-content\/uploads\/2020\/05\/prepaga3-300x200.jpg 300w, http:\/\/acusticaysonido.net\/ayshome\/wp-content\/uploads\/2020\/05\/prepaga3-600x400.jpg 600w, http:\/\/acusticaysonido.net\/ayshome\/wp-content\/uploads\/2020\/05\/prepaga3-768x512.jpg 768w, http:\/\/acusticaysonido.net\/ayshome\/wp-content\/uploads\/2020\/05\/prepaga3.jpg 900w\" sizes=\"(max-width: 300px) 100vw, 300px\" \/><\/a><\/figure><\/li><li class=\"blocks-gallery-item\"><figure><a href=\"http:\/\/acusticaysonido.net\/ayshome\/wp-content\/uploads\/2020\/05\/uci-300x129.jpg\"><img loading=\"lazy\" decoding=\"async\" width=\"300\" height=\"129\" src=\"http:\/\/acusticaysonido.net\/ayshome\/wp-content\/uploads\/2020\/05\/uci-300x129.jpg\" alt=\"\" data-id=\"115\" data-link=\"http:\/\/acusticaysonido.net\/ayshome\/index.php\/sector-salud\/uci\/\" class=\"wp-image-115\" srcset=\"http:\/\/acusticaysonido.net\/ayshome\/wp-content\/uploads\/2020\/05\/uci-300x129.jpg 300w, http:\/\/acusticaysonido.net\/ayshome\/wp-content\/uploads\/2020\/05\/uci-600x258.jpg 600w, http:\/\/acusticaysonido.net\/ayshome\/wp-content\/uploads\/2020\/05\/uci-1024x440.jpg 1024w, http:\/\/acusticaysonido.net\/ayshome\/wp-content\/uploads\/2020\/05\/uci-768x330.jpg 768w, http:\/\/acusticaysonido.net\/ayshome\/wp-content\/uploads\/2020\/05\/uci-1536x660.jpg 1536w, http:\/\/acusticaysonido.net\/ayshome\/wp-content\/uploads\/2020\/05\/uci.jpg 1600w\" sizes=\"(max-width: 300px) 100vw, 300px\" \/><\/a><\/figure><\/li><li class=\"blocks-gallery-item\"><figure><a href=\"http:\/\/acusticaysonido.net\/ayshome\/wp-content\/uploads\/2020\/05\/58e702baac75b-300x201.jpeg\"><img loading=\"lazy\" decoding=\"async\" width=\"300\" height=\"201\" src=\"http:\/\/acusticaysonido.net\/ayshome\/wp-content\/uploads\/2020\/05\/58e702baac75b-300x201.jpeg\" alt=\"\" data-id=\"147\" data-link=\"http:\/\/acusticaysonido.net\/ayshome\/index.php\/sector-salud\/58e702baac75b\/\" class=\"wp-image-147\" srcset=\"http:\/\/acusticaysonido.net\/ayshome\/wp-content\/uploads\/2020\/05\/58e702baac75b-300x201.jpeg 300w, http:\/\/acusticaysonido.net\/ayshome\/wp-content\/uploads\/2020\/05\/58e702baac75b-600x401.jpeg 600w, http:\/\/acusticaysonido.net\/ayshome\/wp-content\/uploads\/2020\/05\/58e702baac75b.jpeg 640w\" sizes=\"(max-width: 300px) 100vw, 300px\" \/><\/a><\/figure><\/li><li class=\"blocks-gallery-item\"><figure><a href=\"http:\/\/acusticaysonido.net\/ayshome\/wp-content\/uploads\/2020\/05\/Que-es-un-sistema-de-consola-para-hospitales-1-300x158.jpg\"><img loading=\"lazy\" decoding=\"async\" width=\"300\" height=\"158\" src=\"http:\/\/acusticaysonido.net\/ayshome\/wp-content\/uploads\/2020\/05\/Que-es-un-sistema-de-consola-para-hospitales-1-300x158.jpg\" alt=\"\" data-id=\"152\" data-link=\"http:\/\/acusticaysonido.net\/ayshome\/index.php\/sector-salud\/que-es-un-sistema-de-consola-para-hospitales-1\/\" class=\"wp-image-152\" srcset=\"http:\/\/acusticaysonido.net\/ayshome\/wp-content\/uploads\/2020\/05\/Que-es-un-sistema-de-consola-para-hospitales-1-300x158.jpg 300w, http:\/\/acusticaysonido.net\/ayshome\/wp-content\/uploads\/2020\/05\/Que-es-un-sistema-de-consola-para-hospitales-1.jpg 600w\" sizes=\"(max-width: 300px) 100vw, 300px\" \/><\/a><\/figure><\/li><li class=\"blocks-gallery-item\"><figure><a href=\"http:\/\/acusticaysonido.net\/ayshome\/wp-content\/uploads\/2020\/05\/bodegon_PACIENTEENFERMERA-3-300x208.jpg\"><img loading=\"lazy\" decoding=\"async\" width=\"300\" height=\"208\" src=\"http:\/\/acusticaysonido.net\/ayshome\/wp-content\/uploads\/2020\/05\/bodegon_PACIENTEENFERMERA-3-300x208.jpg\" alt=\"\" data-id=\"153\" data-link=\"http:\/\/acusticaysonido.net\/ayshome\/index.php\/sector-salud\/bodegon_pacienteenfermera-3\/\" class=\"wp-image-153\" srcset=\"http:\/\/acusticaysonido.net\/ayshome\/wp-content\/uploads\/2020\/05\/bodegon_PACIENTEENFERMERA-3-300x208.jpg 300w, http:\/\/acusticaysonido.net\/ayshome\/wp-content\/uploads\/2020\/05\/bodegon_PACIENTEENFERMERA-3-600x416.jpg 600w, http:\/\/acusticaysonido.net\/ayshome\/wp-content\/uploads\/2020\/05\/bodegon_PACIENTEENFERMERA-3-768x532.jpg 768w, http:\/\/acusticaysonido.net\/ayshome\/wp-content\/uploads\/2020\/05\/bodegon_PACIENTEENFERMERA-3.jpg 1000w\" sizes=\"(max-width: 300px) 100vw, 300px\" \/><\/a><\/figure><\/li><li class=\"blocks-gallery-item\"><figure><a href=\"http:\/\/acusticaysonido.net\/ayshome\/wp-content\/uploads\/2020\/05\/Assist-1.jpg\"><img loading=\"lazy\" decoding=\"async\" width=\"300\" height=\"235\" src=\"http:\/\/acusticaysonido.net\/ayshome\/wp-content\/uploads\/2020\/05\/Assist-1-300x235.jpg\" alt=\"\" data-id=\"154\" data-full-url=\"http:\/\/acusticaysonido.net\/ayshome\/wp-content\/uploads\/2020\/05\/Assist-1.jpg\" data-link=\"http:\/\/acusticaysonido.net\/ayshome\/index.php\/sector-salud\/assist-1\/\" class=\"wp-image-154\" srcset=\"http:\/\/acusticaysonido.net\/ayshome\/wp-content\/uploads\/2020\/05\/Assist-1-300x235.jpg 300w, http:\/\/acusticaysonido.net\/ayshome\/wp-content\/uploads\/2020\/05\/Assist-1-600x471.jpg 600w, http:\/\/acusticaysonido.net\/ayshome\/wp-content\/uploads\/2020\/05\/Assist-1.jpg 714w\" sizes=\"(max-width: 300px) 100vw, 300px\" \/><\/a><\/figure><\/li><\/ul><\/figure>\n","protected":false},"excerpt":{"rendered":"<p>En centros de salud como hospitales y cl\u00ednicas, donde una excelente comunicaci\u00f3n es indispensable para mantener informado a todo el personal, doctores y pacientes, un sistema de voceo es imprescindible, as\u00ed como m\u00fasica ambiente en \u00e1reas de espera que as\u00ed lo requieran. Ac\u00fastica y Sonido le brinda el dise\u00f1o, instalaci\u00f3n y puesta en su marcha [&hellip;]<\/p>\n","protected":false},"author":1,"featured_media":115,"parent":0,"menu_order":0,"comment_status":"closed","ping_status":"closed","template":"","meta":{"footnotes":""},"_links":{"self":[{"href":"http:\/\/acusticaysonido.net\/ayshome\/index.php\/wp-json\/wp\/v2\/pages\/69"}],"collection":[{"href":"http:\/\/acusticaysonido.net\/ayshome\/index.php\/wp-json\/wp\/v2\/pages"}],"about":[{"href":"http:\/\/acusticaysonido.net\/ayshome\/index.php\/wp-json\/wp\/v2\/types\/page"}],"author":[{"embeddable":true,"href":"http:\/\/acusticaysonido.net\/ayshome\/index.php\/wp-json\/wp\/v2\/users\/1"}],"replies":[{"embeddable":true,"href":"http:\/\/acusticaysonido.net\/ayshome\/index.php\/wp-json\/wp\/v2\/comments?post=69"}],"version-history":[{"count":6,"href":"http:\/\/acusticaysonido.net\/ayshome\/index.php\/wp-json\/wp\/v2\/pages\/69\/revisions"}],"predecessor-version":[{"id":980,"href":"http:\/\/acusticaysonido.net\/ayshome\/index.php\/wp-json\/wp\/v2\/pages\/69\/revisions\/980"}],"wp:featuredmedia":[{"embeddable":true,"href":"http:\/\/acusticaysonido.net\/ayshome\/index.php\/wp-json\/wp\/v2\/media\/115"}],"wp:attachment":[{"href":"http:\/\/acusticaysonido.net\/ayshome\/index.php\/wp-json\/wp\/v2\/media?parent=69"}],"curies":[{"name":"wp","href":"https:\/\/api.w.org\/{rel}","templated":true}]}}