{"id":67,"date":"2020-05-07T14:27:14","date_gmt":"2020-05-07T20:27:14","guid":{"rendered":"http:\/\/acusticaysonido.net\/ayshome\/?page_id=67"},"modified":"2020-09-15T14:35:11","modified_gmt":"2020-09-15T20:35:11","slug":"sector-hoteleria","status":"publish","type":"page","link":"http:\/\/acusticaysonido.net\/ayshome\/index.php\/sector-hoteleria\/","title":{"rendered":"Sector Hoteler\u00eda"},"content":{"rendered":"\n<p>Genere un ambiente de comodidad, confort y entretenimiento que haga desear al hu\u00e9sped volver a disfrutar de las instalaciones donde la m\u00fasica ambiente en las diferentes zonas del hotel, as\u00ed como el disfrute de las diferentes actividades se conviertan en una experiencia inolvidable. Con un sistema de audio, multimedia, avisos de voz, luces y mucho m\u00e1s con equipos de alta calidad en Ac\u00fastica y Sonido le brindamos tanto el dise\u00f1o como la instalaci\u00f3n y puesta en marcha de los sistemas para logre ese efecto deseado.<\/p>\n\n\n\n<p>Le ofrecemos:<\/p>\n\n\n\n<ul><li>Sistemas audiovisuales incluyendo transporte de se\u00f1ales en red mediante dispositivos IP.<\/li><li>Sistemas de entretenimiento y conectividad para habitaciones (USB, Bluetooth, Wi Fi)<\/li><li>Sistemas de audio distribuido por zonas<\/li><li>Sistemas de audio streaming<\/li><li>Sistema de audio profesional de alta potencia<\/li><li>Sistemas de audio y v\u00eddeo para exteriores (jardines, piscinas, etc)<\/li><li>Equipos de audio y v\u00eddeo port\u00e1tiles<\/li><li>Soluciones ac\u00fasticas para acondicionamiento, aislamiento y control de ruido<\/li><li>Sistemas de Iluminaci\u00f3n arquitect\u00f3nica y esc\u00e9nica<\/li><li>Sistemas de videowall<\/li><li>Automatizaci\u00f3n<\/li><li>Cableado y conectorizaci\u00f3n<\/li><\/ul>\n\n\n\n<p><a href=\"http:\/\/acusticaysonido.net\/ayshome\/wp-content\/uploads\/2020\/07\/CATALOGO-SECTOR-HOTELERO.pdf\" target=\"_blank\" rel=\"noreferrer noopener\"><span class=\"has-inline-color has-vivid-cyan-blue-color\">CLICK AQU\u00cd PARA DESCARGAR NUESTRO CAT\u00c1LOGO PARA EL SECTOR HOTELERO<\/span><\/a><\/p>\n\n\n\n<hr class=\"wp-block-separator\"\/>\n\n\n\n<p>     <\/p>\n\n\n\n<p>   <\/p>\n\n\n\n<figure class=\"wp-block-gallery columns-3 is-cropped wp-block-gallery-1 is-layout-flex wp-block-gallery-is-layout-flex\"><ul class=\"blocks-gallery-grid\"><li class=\"blocks-gallery-item\"><figure><a href=\"http:\/\/acusticaysonido.net\/ayshome\/wp-content\/uploads\/2020\/05\/Blog-Outdoor-Sound-System-Questions_0c1fe40ad4e1a8f42f651fdf9df1624c.jpg\"><img loading=\"lazy\" decoding=\"async\" width=\"300\" height=\"200\" src=\"http:\/\/acusticaysonido.net\/ayshome\/wp-content\/uploads\/2020\/05\/Blog-Outdoor-Sound-System-Questions_0c1fe40ad4e1a8f42f651fdf9df1624c-300x200.jpg\" alt=\"\" data-id=\"96\" data-full-url=\"http:\/\/acusticaysonido.net\/ayshome\/wp-content\/uploads\/2020\/05\/Blog-Outdoor-Sound-System-Questions_0c1fe40ad4e1a8f42f651fdf9df1624c.jpg\" data-link=\"http:\/\/acusticaysonido.net\/ayshome\/index.php\/sector-hoteleria\/blog-outdoor-sound-system-questions_0c1fe40ad4e1a8f42f651fdf9df1624c\/\" class=\"wp-image-96\" srcset=\"http:\/\/acusticaysonido.net\/ayshome\/wp-content\/uploads\/2020\/05\/Blog-Outdoor-Sound-System-Questions_0c1fe40ad4e1a8f42f651fdf9df1624c-300x200.jpg 300w, http:\/\/acusticaysonido.net\/ayshome\/wp-content\/uploads\/2020\/05\/Blog-Outdoor-Sound-System-Questions_0c1fe40ad4e1a8f42f651fdf9df1624c-600x401.jpg 600w, http:\/\/acusticaysonido.net\/ayshome\/wp-content\/uploads\/2020\/05\/Blog-Outdoor-Sound-System-Questions_0c1fe40ad4e1a8f42f651fdf9df1624c-768x513.jpg 768w, http:\/\/acusticaysonido.net\/ayshome\/wp-content\/uploads\/2020\/05\/Blog-Outdoor-Sound-System-Questions_0c1fe40ad4e1a8f42f651fdf9df1624c.jpg 900w\" sizes=\"(max-width: 300px) 100vw, 300px\" \/><\/a><\/figure><\/li><li class=\"blocks-gallery-item\"><figure><a href=\"http:\/\/acusticaysonido.net\/ayshome\/wp-content\/uploads\/2020\/05\/Centro-baile.jpg\"><img loading=\"lazy\" decoding=\"async\" width=\"300\" height=\"169\" src=\"http:\/\/acusticaysonido.net\/ayshome\/wp-content\/uploads\/2020\/05\/Centro-baile-300x169.jpg\" alt=\"\" data-id=\"97\" data-full-url=\"http:\/\/acusticaysonido.net\/ayshome\/wp-content\/uploads\/2020\/05\/Centro-baile.jpg\" data-link=\"http:\/\/acusticaysonido.net\/ayshome\/index.php\/sector-hoteleria\/centro-baile\/\" class=\"wp-image-97\" srcset=\"http:\/\/acusticaysonido.net\/ayshome\/wp-content\/uploads\/2020\/05\/Centro-baile-300x169.jpg 300w, http:\/\/acusticaysonido.net\/ayshome\/wp-content\/uploads\/2020\/05\/Centro-baile-600x338.jpg 600w, http:\/\/acusticaysonido.net\/ayshome\/wp-content\/uploads\/2020\/05\/Centro-baile-1024x576.jpg 1024w, http:\/\/acusticaysonido.net\/ayshome\/wp-content\/uploads\/2020\/05\/Centro-baile-768x432.jpg 768w, http:\/\/acusticaysonido.net\/ayshome\/wp-content\/uploads\/2020\/05\/Centro-baile.jpg 1200w\" sizes=\"(max-width: 300px) 100vw, 300px\" \/><\/a><\/figure><\/li><li class=\"blocks-gallery-item\"><figure><a href=\"http:\/\/acusticaysonido.net\/ayshome\/wp-content\/uploads\/2020\/05\/Escenario-baile.jpg\"><img loading=\"lazy\" decoding=\"async\" width=\"300\" height=\"200\" src=\"http:\/\/acusticaysonido.net\/ayshome\/wp-content\/uploads\/2020\/05\/Escenario-baile-300x200.jpg\" alt=\"\" data-id=\"99\" data-full-url=\"http:\/\/acusticaysonido.net\/ayshome\/wp-content\/uploads\/2020\/05\/Escenario-baile.jpg\" data-link=\"http:\/\/acusticaysonido.net\/ayshome\/index.php\/sector-hoteleria\/escenario-baile\/\" class=\"wp-image-99\" srcset=\"http:\/\/acusticaysonido.net\/ayshome\/wp-content\/uploads\/2020\/05\/Escenario-baile-300x200.jpg 300w, http:\/\/acusticaysonido.net\/ayshome\/wp-content\/uploads\/2020\/05\/Escenario-baile-600x400.jpg 600w, http:\/\/acusticaysonido.net\/ayshome\/wp-content\/uploads\/2020\/05\/Escenario-baile-768x511.jpg 768w, http:\/\/acusticaysonido.net\/ayshome\/wp-content\/uploads\/2020\/05\/Escenario-baile.jpg 1000w\" sizes=\"(max-width: 300px) 100vw, 300px\" \/><\/a><\/figure><\/li><li class=\"blocks-gallery-item\"><figure><a href=\"http:\/\/acusticaysonido.net\/ayshome\/wp-content\/uploads\/2020\/05\/Sonarray_Parallax_060342-scaled.jpg\"><img loading=\"lazy\" decoding=\"async\" width=\"300\" height=\"200\" src=\"http:\/\/acusticaysonido.net\/ayshome\/wp-content\/uploads\/2020\/05\/Sonarray_Parallax_060342-300x200.jpg\" alt=\"\" data-id=\"102\" data-full-url=\"http:\/\/acusticaysonido.net\/ayshome\/wp-content\/uploads\/2020\/05\/Sonarray_Parallax_060342-scaled.jpg\" data-link=\"http:\/\/acusticaysonido.net\/ayshome\/index.php\/sector-hoteleria\/sonarray_parallax_060342\/\" class=\"wp-image-102\" srcset=\"http:\/\/acusticaysonido.net\/ayshome\/wp-content\/uploads\/2020\/05\/Sonarray_Parallax_060342-300x200.jpg 300w, http:\/\/acusticaysonido.net\/ayshome\/wp-content\/uploads\/2020\/05\/Sonarray_Parallax_060342-scaled-600x400.jpg 600w, http:\/\/acusticaysonido.net\/ayshome\/wp-content\/uploads\/2020\/05\/Sonarray_Parallax_060342-1024x683.jpg 1024w, http:\/\/acusticaysonido.net\/ayshome\/wp-content\/uploads\/2020\/05\/Sonarray_Parallax_060342-768x512.jpg 768w, http:\/\/acusticaysonido.net\/ayshome\/wp-content\/uploads\/2020\/05\/Sonarray_Parallax_060342-1536x1024.jpg 1536w, http:\/\/acusticaysonido.net\/ayshome\/wp-content\/uploads\/2020\/05\/Sonarray_Parallax_060342-2048x1365.jpg 2048w\" sizes=\"(max-width: 300px) 100vw, 300px\" \/><\/a><\/figure><\/li><li class=\"blocks-gallery-item\"><figure><a href=\"http:\/\/acusticaysonido.net\/ayshome\/wp-content\/uploads\/2020\/05\/screenshot-2.png\"><img loading=\"lazy\" decoding=\"async\" width=\"300\" height=\"203\" src=\"http:\/\/acusticaysonido.net\/ayshome\/wp-content\/uploads\/2020\/05\/screenshot-2-300x203.png\" alt=\"\" data-id=\"101\" data-full-url=\"http:\/\/acusticaysonido.net\/ayshome\/wp-content\/uploads\/2020\/05\/screenshot-2.png\" data-link=\"http:\/\/acusticaysonido.net\/ayshome\/index.php\/sector-hoteleria\/screenshot-2\/\" class=\"wp-image-101\" srcset=\"http:\/\/acusticaysonido.net\/ayshome\/wp-content\/uploads\/2020\/05\/screenshot-2-300x203.png 300w, http:\/\/acusticaysonido.net\/ayshome\/wp-content\/uploads\/2020\/05\/screenshot-2-600x405.png 600w, http:\/\/acusticaysonido.net\/ayshome\/wp-content\/uploads\/2020\/05\/screenshot-2.png 708w\" sizes=\"(max-width: 300px) 100vw, 300px\" \/><\/a><\/figure><\/li><li class=\"blocks-gallery-item\"><figure><a href=\"http:\/\/acusticaysonido.net\/ayshome\/wp-content\/uploads\/2020\/05\/DRELM_RES_BarefootGrill_1_slider.jpg\"><img loading=\"lazy\" decoding=\"async\" width=\"300\" height=\"98\" src=\"http:\/\/acusticaysonido.net\/ayshome\/wp-content\/uploads\/2020\/05\/DRELM_RES_BarefootGrill_1_slider-300x98.jpg\" alt=\"\" data-id=\"98\" data-full-url=\"http:\/\/acusticaysonido.net\/ayshome\/wp-content\/uploads\/2020\/05\/DRELM_RES_BarefootGrill_1_slider.jpg\" data-link=\"http:\/\/acusticaysonido.net\/ayshome\/index.php\/sector-hoteleria\/drelm_res_barefootgrill_1_slider\/\" class=\"wp-image-98\" srcset=\"http:\/\/acusticaysonido.net\/ayshome\/wp-content\/uploads\/2020\/05\/DRELM_RES_BarefootGrill_1_slider-300x98.jpg 300w, http:\/\/acusticaysonido.net\/ayshome\/wp-content\/uploads\/2020\/05\/DRELM_RES_BarefootGrill_1_slider-600x196.jpg 600w, http:\/\/acusticaysonido.net\/ayshome\/wp-content\/uploads\/2020\/05\/DRELM_RES_BarefootGrill_1_slider-1024x335.jpg 1024w, http:\/\/acusticaysonido.net\/ayshome\/wp-content\/uploads\/2020\/05\/DRELM_RES_BarefootGrill_1_slider-768x251.jpg 768w, http:\/\/acusticaysonido.net\/ayshome\/wp-content\/uploads\/2020\/05\/DRELM_RES_BarefootGrill_1_slider.jpg 1400w\" sizes=\"(max-width: 300px) 100vw, 300px\" \/><\/a><\/figure><\/li><\/ul><\/figure>\n","protected":false},"excerpt":{"rendered":"<p>Genere un ambiente de comodidad, confort y entretenimiento que haga desear al hu\u00e9sped volver a disfrutar de las instalaciones donde la m\u00fasica ambiente en las diferentes zonas del hotel, as\u00ed como el disfrute de las diferentes actividades se conviertan en una experiencia inolvidable. Con un sistema de audio, multimedia, avisos de voz, luces y mucho [&hellip;]<\/p>\n","protected":false},"author":1,"featured_media":98,"parent":0,"menu_order":0,"comment_status":"closed","ping_status":"closed","template":"","meta":{"footnotes":""},"_links":{"self":[{"href":"http:\/\/acusticaysonido.net\/ayshome\/index.php\/wp-json\/wp\/v2\/pages\/67"}],"collection":[{"href":"http:\/\/acusticaysonido.net\/ayshome\/index.php\/wp-json\/wp\/v2\/pages"}],"about":[{"href":"http:\/\/acusticaysonido.net\/ayshome\/index.php\/wp-json\/wp\/v2\/types\/page"}],"author":[{"embeddable":true,"href":"http:\/\/acusticaysonido.net\/ayshome\/index.php\/wp-json\/wp\/v2\/users\/1"}],"replies":[{"embeddable":true,"href":"http:\/\/acusticaysonido.net\/ayshome\/index.php\/wp-json\/wp\/v2\/comments?post=67"}],"version-history":[{"count":12,"href":"http:\/\/acusticaysonido.net\/ayshome\/index.php\/wp-json\/wp\/v2\/pages\/67\/revisions"}],"predecessor-version":[{"id":1082,"href":"http:\/\/acusticaysonido.net\/ayshome\/index.php\/wp-json\/wp\/v2\/pages\/67\/revisions\/1082"}],"wp:featuredmedia":[{"embeddable":true,"href":"http:\/\/acusticaysonido.net\/ayshome\/index.php\/wp-json\/wp\/v2\/media\/98"}],"wp:attachment":[{"href":"http:\/\/acusticaysonido.net\/ayshome\/index.php\/wp-json\/wp\/v2\/media?parent=67"}],"curies":[{"name":"wp","href":"https:\/\/api.w.org\/{rel}","templated":true}]}}