{"id":574,"date":"2020-05-12T11:54:23","date_gmt":"2020-05-12T17:54:23","guid":{"rendered":"http:\/\/acusticaysonido.net\/ayshome\/?page_id=574"},"modified":"2020-05-20T15:59:25","modified_gmt":"2020-05-20T21:59:25","slug":"belltron","status":"publish","type":"page","link":"http:\/\/acusticaysonido.net\/ayshome\/index.php\/belltron\/","title":{"rendered":"Belltron"},"content":{"rendered":"\n<figure class=\"wp-block-image size-large is-resized\"><img loading=\"lazy\" decoding=\"async\" src=\"http:\/\/acusticaysonido.net\/ayshome\/wp-content\/uploads\/2020\/05\/belltron.png\" alt=\"\" class=\"wp-image-578\" width=\"280\" height=\"80\" srcset=\"http:\/\/acusticaysonido.net\/ayshome\/wp-content\/uploads\/2020\/05\/belltron.png 731w, http:\/\/acusticaysonido.net\/ayshome\/wp-content\/uploads\/2020\/05\/belltron-600x172.png 600w, http:\/\/acusticaysonido.net\/ayshome\/wp-content\/uploads\/2020\/05\/belltron-300x86.png 300w\" sizes=\"(max-width: 280px) 100vw, 280px\" \/><\/figure>\n\n\n\n<hr class=\"wp-block-separator\"\/>\n\n\n\n<p><a href=\"https:\/\/www.belltron.com\/en\" target=\"_blank\" rel=\"noreferrer noopener\"><span class=\"has-inline-color has-vivid-cyan-blue-color\">Visitar p\u00e1gina web de Belltron<\/span><\/a><\/p>\n\n\n\n<hr class=\"wp-block-separator\"\/>\n\n\n\n<p>Belltron es un l\u00edder internacional en el dise\u00f1o y fabricaci\u00f3n de sistemas digitales de audio, voz, sonido y m\u00fasica para las necesidades especiales de los lugares de culto. Es bien conocido y utilizado en todo el mundo y est\u00e1 presente en m\u00e1s de 15,000 iglesias y cientos de catedrales.<\/p>\n\n\n\n<p>La historia de la marca se desarrolla a trav\u00e9s de innumerables proyectos. Tecnolog\u00eda avanzada creada, dise\u00f1ada y realizada en su propia f\u00e1brica con mano de obra meticulosa y atenci\u00f3n al detalle. El equipo est\u00e1 dise\u00f1ado espec\u00edficamente para las necesidades de los sacerdotes m\u00e1s exigentes. El resultado es un producto que cumple con los requisitos individuales y sobresale en el mundo.<\/p>\n\n\n\n<p>Belltron dise\u00f1a, fabrica y comercializa sistemas para campanas digitales, motores para campanas reales con control electr\u00f3nico, sistemas de transmisi\u00f3n de audio y voz, reproductores lit\u00fargicos, sistemas m\u00f3viles para procesiones y muchos otros productos para mejorar la calidad del sonido y la est\u00e9tica de las instalaciones de la iglesia y facilitar las tareas del clero. Productos de alta calidad y gran flexibilidad, tecnol\u00f3gicamente avanzados y al mismo tiempo f\u00e1ciles de usar. Una ventaja considerable tanto para el instalador como para el usuario final.<\/p>\n\n\n\n<hr class=\"wp-block-separator\"\/>\n\n\n\n<figure class=\"wp-block-gallery columns-2 is-cropped wp-block-gallery-1 is-layout-flex wp-block-gallery-is-layout-flex\"><ul class=\"blocks-gallery-grid\"><li class=\"blocks-gallery-item\"><figure><img loading=\"lazy\" decoding=\"async\" width=\"608\" height=\"380\" src=\"http:\/\/acusticaysonido.net\/ayshome\/wp-content\/uploads\/2020\/05\/3800TS-NEW.png\" alt=\"\" data-id=\"585\" data-link=\"http:\/\/acusticaysonido.net\/ayshome\/index.php\/belltron\/3800ts-new\/\" class=\"wp-image-585\" srcset=\"http:\/\/acusticaysonido.net\/ayshome\/wp-content\/uploads\/2020\/05\/3800TS-NEW.png 608w, http:\/\/acusticaysonido.net\/ayshome\/wp-content\/uploads\/2020\/05\/3800TS-NEW-600x375.png 600w, http:\/\/acusticaysonido.net\/ayshome\/wp-content\/uploads\/2020\/05\/3800TS-NEW-300x188.png 300w, http:\/\/acusticaysonido.net\/ayshome\/wp-content\/uploads\/2020\/05\/3800TS-NEW-405x253.png 405w\" sizes=\"(max-width: 608px) 100vw, 608px\" \/><\/figure><\/li><li class=\"blocks-gallery-item\"><figure><img loading=\"lazy\" decoding=\"async\" width=\"608\" height=\"380\" src=\"http:\/\/acusticaysonido.net\/ayshome\/wp-content\/uploads\/2020\/05\/DMC-38001.png\" alt=\"\" data-id=\"584\" data-link=\"http:\/\/acusticaysonido.net\/ayshome\/index.php\/belltron\/dmc-38001\/\" class=\"wp-image-584\" srcset=\"http:\/\/acusticaysonido.net\/ayshome\/wp-content\/uploads\/2020\/05\/DMC-38001.png 608w, http:\/\/acusticaysonido.net\/ayshome\/wp-content\/uploads\/2020\/05\/DMC-38001-600x375.png 600w, http:\/\/acusticaysonido.net\/ayshome\/wp-content\/uploads\/2020\/05\/DMC-38001-300x188.png 300w, http:\/\/acusticaysonido.net\/ayshome\/wp-content\/uploads\/2020\/05\/DMC-38001-405x253.png 405w\" sizes=\"(max-width: 608px) 100vw, 608px\" \/><\/figure><\/li><li class=\"blocks-gallery-item\"><figure><img loading=\"lazy\" decoding=\"async\" width=\"608\" height=\"380\" src=\"http:\/\/acusticaysonido.net\/ayshome\/wp-content\/uploads\/2020\/05\/CA95-serie.png\" alt=\"\" data-id=\"583\" data-link=\"http:\/\/acusticaysonido.net\/ayshome\/index.php\/belltron\/ca95-serie\/\" class=\"wp-image-583\" srcset=\"http:\/\/acusticaysonido.net\/ayshome\/wp-content\/uploads\/2020\/05\/CA95-serie.png 608w, http:\/\/acusticaysonido.net\/ayshome\/wp-content\/uploads\/2020\/05\/CA95-serie-600x375.png 600w, http:\/\/acusticaysonido.net\/ayshome\/wp-content\/uploads\/2020\/05\/CA95-serie-300x188.png 300w, http:\/\/acusticaysonido.net\/ayshome\/wp-content\/uploads\/2020\/05\/CA95-serie-405x253.png 405w\" sizes=\"(max-width: 608px) 100vw, 608px\" \/><\/figure><\/li><li class=\"blocks-gallery-item\"><figure><img loading=\"lazy\" decoding=\"async\" width=\"608\" height=\"380\" src=\"http:\/\/acusticaysonido.net\/ayshome\/wp-content\/uploads\/2020\/05\/Bl-Serie.png\" alt=\"\" data-id=\"586\" data-full-url=\"http:\/\/acusticaysonido.net\/ayshome\/wp-content\/uploads\/2020\/05\/Bl-Serie.png\" data-link=\"http:\/\/acusticaysonido.net\/ayshome\/index.php\/belltron\/bl-serie\/\" class=\"wp-image-586\" srcset=\"http:\/\/acusticaysonido.net\/ayshome\/wp-content\/uploads\/2020\/05\/Bl-Serie.png 608w, http:\/\/acusticaysonido.net\/ayshome\/wp-content\/uploads\/2020\/05\/Bl-Serie-600x375.png 600w, http:\/\/acusticaysonido.net\/ayshome\/wp-content\/uploads\/2020\/05\/Bl-Serie-300x188.png 300w, http:\/\/acusticaysonido.net\/ayshome\/wp-content\/uploads\/2020\/05\/Bl-Serie-405x253.png 405w\" sizes=\"(max-width: 608px) 100vw, 608px\" \/><\/figure><\/li><\/ul><\/figure>\n","protected":false},"excerpt":{"rendered":"<p>Visitar p\u00e1gina web de Belltron Belltron es un l\u00edder internacional en el dise\u00f1o y fabricaci\u00f3n de sistemas digitales de audio, voz, sonido y m\u00fasica para las necesidades especiales de los lugares de culto. Es bien conocido y utilizado en todo el mundo y est\u00e1 presente en m\u00e1s de 15,000 iglesias y cientos de catedrales. La [&hellip;]<\/p>\n","protected":false},"author":1,"featured_media":0,"parent":0,"menu_order":0,"comment_status":"closed","ping_status":"closed","template":"","meta":{"footnotes":""},"_links":{"self":[{"href":"http:\/\/acusticaysonido.net\/ayshome\/index.php\/wp-json\/wp\/v2\/pages\/574"}],"collection":[{"href":"http:\/\/acusticaysonido.net\/ayshome\/index.php\/wp-json\/wp\/v2\/pages"}],"about":[{"href":"http:\/\/acusticaysonido.net\/ayshome\/index.php\/wp-json\/wp\/v2\/types\/page"}],"author":[{"embeddable":true,"href":"http:\/\/acusticaysonido.net\/ayshome\/index.php\/wp-json\/wp\/v2\/users\/1"}],"replies":[{"embeddable":true,"href":"http:\/\/acusticaysonido.net\/ayshome\/index.php\/wp-json\/wp\/v2\/comments?post=574"}],"version-history":[{"count":7,"href":"http:\/\/acusticaysonido.net\/ayshome\/index.php\/wp-json\/wp\/v2\/pages\/574\/revisions"}],"predecessor-version":[{"id":948,"href":"http:\/\/acusticaysonido.net\/ayshome\/index.php\/wp-json\/wp\/v2\/pages\/574\/revisions\/948"}],"wp:attachment":[{"href":"http:\/\/acusticaysonido.net\/ayshome\/index.php\/wp-json\/wp\/v2\/media?parent=574"}],"curies":[{"name":"wp","href":"https:\/\/api.w.org\/{rel}","templated":true}]}}