{"id":469,"date":"2020-05-08T16:04:15","date_gmt":"2020-05-08T22:04:15","guid":{"rendered":"http:\/\/acusticaysonido.net\/ayshome\/?page_id=469"},"modified":"2020-05-14T13:29:43","modified_gmt":"2020-05-14T19:29:43","slug":"centro-nacional-de-convenciones","status":"publish","type":"page","link":"http:\/\/acusticaysonido.net\/ayshome\/index.php\/centro-nacional-de-convenciones\/","title":{"rendered":"Centro Nacional de Convenciones"},"content":{"rendered":"\n<h2 class=\"wp-block-heading\"><strong>Centro de convenciones de Costa Rica (CCCR)<\/strong><\/h2>\n\n\n\n<p>El Centro de Convenciones de Costa Rica (CCCR), ubicado a ocho kil\u00f3metros del Aeropuerto Internacional Juan Santamar\u00eda, es una obra arquitect\u00f3nica de avanzada, dotada con tecnolog\u00eda de \u00faltima generaci\u00f3n para que sus eventos sean una experiencia \u00fanica; ya sean bodas, graduaciones, diversas exposiciones, congresos, convenciones y cualquier actividad o evento que desee realizar, tanto nacionales como internacionales. Ac\u00fastica y Sonido realiz\u00f3 el dise\u00f1o, instalaci\u00f3n y puesta en marcha de todo el sistema audiovisual del centro, para los diferentes salones modulares, salas de reuni\u00f3n y \u00e1reas comunes. Se instal\u00f3 un sistema que a su vez integra todas los requerimientos audiovisuales de este hermoso centro, donde la comunicaci\u00f3n IP y la tecnolog\u00eda Dante est\u00e1n presentes en todo el sitio. Sistemas como IPBaseT AV over IP de Aurora con tecnolog\u00eda Dante, brindan una excelente soluci\u00f3n y versatilidad para la ejecuci\u00f3n de cualquier evento audiovisual.<\/p>\n\n\n\n<p class=\"has-text-color has-vivid-cyan-blue-color\"><a href=\"http:\/\/acusticaysonido.net\/ayshome\/index.php\/contactenos\/\" target=\"_blank\" rel=\"noreferrer noopener\">Cont\u00e1ctenos y solicite su cotizaci\u00f3n para su proyecto.<\/a><\/p>\n\n\n\n<p>Marcas utilizadas en el proyecto.<\/p>\n\n\n\n<p><a href=\"http:\/\/acusticaysonido.net\/ayshome\/index.php\/rcf-italy\/\"><img loading=\"lazy\" decoding=\"async\" width=\"1022\" height=\"1022\" class=\"wp-image-313\" style=\"width: 150px;\" src=\"http:\/\/acusticaysonido.net\/ayshome\/wp-content\/uploads\/2020\/05\/rcf_logo.jpg\" alt=\"\" srcset=\"http:\/\/acusticaysonido.net\/ayshome\/wp-content\/uploads\/2020\/05\/rcf_logo.jpg 1022w, http:\/\/acusticaysonido.net\/ayshome\/wp-content\/uploads\/2020\/05\/rcf_logo-300x300.jpg 300w, http:\/\/acusticaysonido.net\/ayshome\/wp-content\/uploads\/2020\/05\/rcf_logo-100x100.jpg 100w, http:\/\/acusticaysonido.net\/ayshome\/wp-content\/uploads\/2020\/05\/rcf_logo-600x600.jpg 600w, http:\/\/acusticaysonido.net\/ayshome\/wp-content\/uploads\/2020\/05\/rcf_logo-150x150.jpg 150w, http:\/\/acusticaysonido.net\/ayshome\/wp-content\/uploads\/2020\/05\/rcf_logo-768x768.jpg 768w\" sizes=\"(max-width: 1022px) 100vw, 1022px\" \/><\/a>     <a href=\"http:\/\/acusticaysonido.net\/ayshome\/index.php\/nec-display\/\"><img loading=\"lazy\" decoding=\"async\" width=\"2500\" height=\"679\" class=\"wp-image-334\" style=\"width: 150px;\" src=\"http:\/\/acusticaysonido.net\/ayshome\/wp-content\/uploads\/2020\/05\/nec-logo.png\" alt=\"\" srcset=\"http:\/\/acusticaysonido.net\/ayshome\/wp-content\/uploads\/2020\/05\/nec-logo.png 2500w, http:\/\/acusticaysonido.net\/ayshome\/wp-content\/uploads\/2020\/05\/nec-logo-600x163.png 600w, http:\/\/acusticaysonido.net\/ayshome\/wp-content\/uploads\/2020\/05\/nec-logo-300x81.png 300w, http:\/\/acusticaysonido.net\/ayshome\/wp-content\/uploads\/2020\/05\/nec-logo-1024x278.png 1024w, http:\/\/acusticaysonido.net\/ayshome\/wp-content\/uploads\/2020\/05\/nec-logo-768x209.png 768w, http:\/\/acusticaysonido.net\/ayshome\/wp-content\/uploads\/2020\/05\/nec-logo-1536x417.png 1536w, http:\/\/acusticaysonido.net\/ayshome\/wp-content\/uploads\/2020\/05\/nec-logo-2048x556.png 2048w\" sizes=\"(max-width: 2500px) 100vw, 2500px\" \/><\/a>     <a href=\"http:\/\/acusticaysonido.net\/ayshome\/index.php\/aurora-multimedia\/\"><img loading=\"lazy\" decoding=\"async\" width=\"640\" height=\"160\" class=\"wp-image-310\" style=\"width: 150px;\" src=\"http:\/\/acusticaysonido.net\/ayshome\/wp-content\/uploads\/2020\/05\/Aurora_Logo_Edited.jpg\" alt=\"\" srcset=\"http:\/\/acusticaysonido.net\/ayshome\/wp-content\/uploads\/2020\/05\/Aurora_Logo_Edited.jpg 640w, http:\/\/acusticaysonido.net\/ayshome\/wp-content\/uploads\/2020\/05\/Aurora_Logo_Edited-600x150.jpg 600w, http:\/\/acusticaysonido.net\/ayshome\/wp-content\/uploads\/2020\/05\/Aurora_Logo_Edited-300x75.jpg 300w\" sizes=\"(max-width: 640px) 100vw, 640px\" \/><\/a>     <a href=\"http:\/\/acusticaysonido.net\/ayshome\/index.php\/liberty-av-solutions\/\"><img loading=\"lazy\" decoding=\"async\" width=\"845\" height=\"180\" class=\"wp-image-348\" style=\"width: 150px;\" src=\"http:\/\/acusticaysonido.net\/ayshome\/wp-content\/uploads\/2020\/05\/LibertyAVSolutions_LOGO_no-tagline.png\" alt=\"\" srcset=\"http:\/\/acusticaysonido.net\/ayshome\/wp-content\/uploads\/2020\/05\/LibertyAVSolutions_LOGO_no-tagline.png 845w, http:\/\/acusticaysonido.net\/ayshome\/wp-content\/uploads\/2020\/05\/LibertyAVSolutions_LOGO_no-tagline-600x128.png 600w, http:\/\/acusticaysonido.net\/ayshome\/wp-content\/uploads\/2020\/05\/LibertyAVSolutions_LOGO_no-tagline-300x64.png 300w, http:\/\/acusticaysonido.net\/ayshome\/wp-content\/uploads\/2020\/05\/LibertyAVSolutions_LOGO_no-tagline-768x164.png 768w\" sizes=\"(max-width: 845px) 100vw, 845px\" \/><\/a>     <a href=\"http:\/\/acusticaysonido.net\/ayshome\/index.php\/lowell\/\"><img loading=\"lazy\" decoding=\"async\" width=\"1178\" height=\"364\" class=\"wp-image-351\" style=\"width: 150px;\" src=\"http:\/\/acusticaysonido.net\/ayshome\/wp-content\/uploads\/2020\/05\/LOWELL-logo.png\" alt=\"\" srcset=\"http:\/\/acusticaysonido.net\/ayshome\/wp-content\/uploads\/2020\/05\/LOWELL-logo.png 1178w, http:\/\/acusticaysonido.net\/ayshome\/wp-content\/uploads\/2020\/05\/LOWELL-logo-600x185.png 600w, http:\/\/acusticaysonido.net\/ayshome\/wp-content\/uploads\/2020\/05\/LOWELL-logo-300x93.png 300w, http:\/\/acusticaysonido.net\/ayshome\/wp-content\/uploads\/2020\/05\/LOWELL-logo-1024x316.png 1024w, http:\/\/acusticaysonido.net\/ayshome\/wp-content\/uploads\/2020\/05\/LOWELL-logo-768x237.png 768w\" sizes=\"(max-width: 1178px) 100vw, 1178px\" \/><\/a><\/p>\n\n\n\n<figure class=\"wp-block-gallery columns-3 is-cropped wp-block-gallery-1 is-layout-flex wp-block-gallery-is-layout-flex\"><ul class=\"blocks-gallery-grid\"><li class=\"blocks-gallery-item\"><figure><a href=\"http:\/\/acusticaysonido.net\/ayshome\/wp-content\/uploads\/2020\/05\/cccr-ppal-carac-1024x683-1.jpg\"><img loading=\"lazy\" decoding=\"async\" width=\"1024\" height=\"683\" src=\"http:\/\/acusticaysonido.net\/ayshome\/wp-content\/uploads\/2020\/05\/cccr-ppal-carac-1024x683-1.jpg\" alt=\"\" data-id=\"642\" data-full-url=\"http:\/\/acusticaysonido.net\/ayshome\/wp-content\/uploads\/2020\/05\/cccr-ppal-carac-1024x683-1.jpg\" data-link=\"http:\/\/acusticaysonido.net\/ayshome\/index.php\/centro-nacional-de-convenciones\/cccr-ppal-carac-1024x683-1\/\" class=\"wp-image-642\" srcset=\"http:\/\/acusticaysonido.net\/ayshome\/wp-content\/uploads\/2020\/05\/cccr-ppal-carac-1024x683-1.jpg 1024w, http:\/\/acusticaysonido.net\/ayshome\/wp-content\/uploads\/2020\/05\/cccr-ppal-carac-1024x683-1-600x400.jpg 600w, http:\/\/acusticaysonido.net\/ayshome\/wp-content\/uploads\/2020\/05\/cccr-ppal-carac-1024x683-1-300x200.jpg 300w, http:\/\/acusticaysonido.net\/ayshome\/wp-content\/uploads\/2020\/05\/cccr-ppal-carac-1024x683-1-768x512.jpg 768w\" sizes=\"(max-width: 1024px) 100vw, 1024px\" \/><\/a><\/figure><\/li><li class=\"blocks-gallery-item\"><figure><a href=\"http:\/\/acusticaysonido.net\/ayshome\/wp-content\/uploads\/2020\/05\/triada-1.jpg\"><img loading=\"lazy\" decoding=\"async\" width=\"1024\" height=\"187\" src=\"http:\/\/acusticaysonido.net\/ayshome\/wp-content\/uploads\/2020\/05\/triada-1-1024x187.jpg\" alt=\"\" data-id=\"650\" data-full-url=\"http:\/\/acusticaysonido.net\/ayshome\/wp-content\/uploads\/2020\/05\/triada-1.jpg\" data-link=\"http:\/\/acusticaysonido.net\/ayshome\/index.php\/centro-nacional-de-convenciones\/triada-1\/\" class=\"wp-image-650\" srcset=\"http:\/\/acusticaysonido.net\/ayshome\/wp-content\/uploads\/2020\/05\/triada-1-1024x187.jpg 1024w, http:\/\/acusticaysonido.net\/ayshome\/wp-content\/uploads\/2020\/05\/triada-1-600x109.jpg 600w, http:\/\/acusticaysonido.net\/ayshome\/wp-content\/uploads\/2020\/05\/triada-1-300x55.jpg 300w, http:\/\/acusticaysonido.net\/ayshome\/wp-content\/uploads\/2020\/05\/triada-1-768x140.jpg 768w, http:\/\/acusticaysonido.net\/ayshome\/wp-content\/uploads\/2020\/05\/triada-1-1536x280.jpg 1536w, http:\/\/acusticaysonido.net\/ayshome\/wp-content\/uploads\/2020\/05\/triada-1.jpg 1920w\" sizes=\"(max-width: 1024px) 100vw, 1024px\" \/><\/a><\/figure><\/li><li class=\"blocks-gallery-item\"><figure><a href=\"http:\/\/acusticaysonido.net\/ayshome\/wp-content\/uploads\/2020\/05\/Central-1.png\"><img loading=\"lazy\" decoding=\"async\" width=\"1024\" height=\"617\" src=\"http:\/\/acusticaysonido.net\/ayshome\/wp-content\/uploads\/2020\/05\/Central-1-1024x617.png\" alt=\"\" data-id=\"643\" data-full-url=\"http:\/\/acusticaysonido.net\/ayshome\/wp-content\/uploads\/2020\/05\/Central-1.png\" data-link=\"http:\/\/acusticaysonido.net\/ayshome\/index.php\/centro-nacional-de-convenciones\/central-1\/\" class=\"wp-image-643\" srcset=\"http:\/\/acusticaysonido.net\/ayshome\/wp-content\/uploads\/2020\/05\/Central-1-1024x617.png 1024w, http:\/\/acusticaysonido.net\/ayshome\/wp-content\/uploads\/2020\/05\/Central-1-600x362.png 600w, http:\/\/acusticaysonido.net\/ayshome\/wp-content\/uploads\/2020\/05\/Central-1-300x181.png 300w, http:\/\/acusticaysonido.net\/ayshome\/wp-content\/uploads\/2020\/05\/Central-1-768x463.png 768w, http:\/\/acusticaysonido.net\/ayshome\/wp-content\/uploads\/2020\/05\/Central-1.png 1400w\" sizes=\"(max-width: 1024px) 100vw, 1024px\" \/><\/a><\/figure><\/li><li class=\"blocks-gallery-item\"><figure><a href=\"http:\/\/acusticaysonido.net\/ayshome\/wp-content\/uploads\/2020\/05\/CNCC.jpg\"><img loading=\"lazy\" decoding=\"async\" width=\"950\" height=\"534\" src=\"http:\/\/acusticaysonido.net\/ayshome\/wp-content\/uploads\/2020\/05\/CNCC.jpg\" alt=\"\" data-id=\"644\" data-full-url=\"http:\/\/acusticaysonido.net\/ayshome\/wp-content\/uploads\/2020\/05\/CNCC.jpg\" data-link=\"http:\/\/acusticaysonido.net\/ayshome\/index.php\/centro-nacional-de-convenciones\/cncc\/\" class=\"wp-image-644\" srcset=\"http:\/\/acusticaysonido.net\/ayshome\/wp-content\/uploads\/2020\/05\/CNCC.jpg 950w, http:\/\/acusticaysonido.net\/ayshome\/wp-content\/uploads\/2020\/05\/CNCC-600x337.jpg 600w, http:\/\/acusticaysonido.net\/ayshome\/wp-content\/uploads\/2020\/05\/CNCC-300x169.jpg 300w, http:\/\/acusticaysonido.net\/ayshome\/wp-content\/uploads\/2020\/05\/CNCC-768x432.jpg 768w\" sizes=\"(max-width: 950px) 100vw, 950px\" \/><\/a><\/figure><\/li><li class=\"blocks-gallery-item\"><figure><a href=\"http:\/\/acusticaysonido.net\/ayshome\/wp-content\/uploads\/2020\/05\/CNCC_2.jpg\"><img loading=\"lazy\" decoding=\"async\" width=\"600\" height=\"400\" src=\"http:\/\/acusticaysonido.net\/ayshome\/wp-content\/uploads\/2020\/05\/CNCC_2.jpg\" alt=\"\" data-id=\"645\" data-full-url=\"http:\/\/acusticaysonido.net\/ayshome\/wp-content\/uploads\/2020\/05\/CNCC_2.jpg\" data-link=\"http:\/\/acusticaysonido.net\/ayshome\/index.php\/centro-nacional-de-convenciones\/cncc_2\/\" class=\"wp-image-645\" srcset=\"http:\/\/acusticaysonido.net\/ayshome\/wp-content\/uploads\/2020\/05\/CNCC_2.jpg 600w, http:\/\/acusticaysonido.net\/ayshome\/wp-content\/uploads\/2020\/05\/CNCC_2-300x200.jpg 300w\" sizes=\"(max-width: 600px) 100vw, 600px\" \/><\/a><\/figure><\/li><li class=\"blocks-gallery-item\"><figure><a href=\"http:\/\/acusticaysonido.net\/ayshome\/wp-content\/uploads\/2020\/05\/CNCC_4-scaled.jpg\"><img loading=\"lazy\" decoding=\"async\" width=\"1024\" height=\"683\" src=\"http:\/\/acusticaysonido.net\/ayshome\/wp-content\/uploads\/2020\/05\/CNCC_4-1024x683.jpg\" alt=\"\" data-id=\"646\" data-full-url=\"http:\/\/acusticaysonido.net\/ayshome\/wp-content\/uploads\/2020\/05\/CNCC_4-scaled.jpg\" data-link=\"http:\/\/acusticaysonido.net\/ayshome\/index.php\/centro-nacional-de-convenciones\/cncc_4\/\" class=\"wp-image-646\" srcset=\"http:\/\/acusticaysonido.net\/ayshome\/wp-content\/uploads\/2020\/05\/CNCC_4-1024x683.jpg 1024w, http:\/\/acusticaysonido.net\/ayshome\/wp-content\/uploads\/2020\/05\/CNCC_4-scaled-600x400.jpg 600w, http:\/\/acusticaysonido.net\/ayshome\/wp-content\/uploads\/2020\/05\/CNCC_4-300x200.jpg 300w, http:\/\/acusticaysonido.net\/ayshome\/wp-content\/uploads\/2020\/05\/CNCC_4-768x512.jpg 768w, http:\/\/acusticaysonido.net\/ayshome\/wp-content\/uploads\/2020\/05\/CNCC_4-1536x1024.jpg 1536w, http:\/\/acusticaysonido.net\/ayshome\/wp-content\/uploads\/2020\/05\/CNCC_4-2048x1365.jpg 2048w\" sizes=\"(max-width: 1024px) 100vw, 1024px\" \/><\/a><\/figure><\/li><li class=\"blocks-gallery-item\"><figure><a href=\"http:\/\/acusticaysonido.net\/ayshome\/wp-content\/uploads\/2020\/05\/dt.common.streams.StreamServer.jpg\"><img loading=\"lazy\" decoding=\"async\" width=\"800\" height=\"533\" src=\"http:\/\/acusticaysonido.net\/ayshome\/wp-content\/uploads\/2020\/05\/dt.common.streams.StreamServer.jpg\" alt=\"\" data-id=\"647\" data-full-url=\"http:\/\/acusticaysonido.net\/ayshome\/wp-content\/uploads\/2020\/05\/dt.common.streams.StreamServer.jpg\" data-link=\"http:\/\/acusticaysonido.net\/ayshome\/index.php\/centro-nacional-de-convenciones\/dt-common-streams-streamserver\/\" class=\"wp-image-647\" srcset=\"http:\/\/acusticaysonido.net\/ayshome\/wp-content\/uploads\/2020\/05\/dt.common.streams.StreamServer.jpg 800w, http:\/\/acusticaysonido.net\/ayshome\/wp-content\/uploads\/2020\/05\/dt.common.streams.StreamServer-600x400.jpg 600w, http:\/\/acusticaysonido.net\/ayshome\/wp-content\/uploads\/2020\/05\/dt.common.streams.StreamServer-300x200.jpg 300w, http:\/\/acusticaysonido.net\/ayshome\/wp-content\/uploads\/2020\/05\/dt.common.streams.StreamServer-768x512.jpg 768w\" sizes=\"(max-width: 800px) 100vw, 800px\" \/><\/a><\/figure><\/li><li class=\"blocks-gallery-item\"><figure><a href=\"http:\/\/acusticaysonido.net\/ayshome\/wp-content\/uploads\/2020\/05\/Sala-reuni\u00f3n-CCCR-scaled.jpg\"><img loading=\"lazy\" decoding=\"async\" width=\"1024\" height=\"683\" src=\"http:\/\/acusticaysonido.net\/ayshome\/wp-content\/uploads\/2020\/05\/Sala-reuni\u00f3n-CCCR-1024x683.jpg\" alt=\"\" data-id=\"108\" data-full-url=\"http:\/\/acusticaysonido.net\/ayshome\/wp-content\/uploads\/2020\/05\/Sala-reuni\u00f3n-CCCR-scaled.jpg\" data-link=\"http:\/\/acusticaysonido.net\/ayshome\/index.php\/sector-corporativo\/sala-reunion-cccr\/\" class=\"wp-image-108\" srcset=\"http:\/\/acusticaysonido.net\/ayshome\/wp-content\/uploads\/2020\/05\/Sala-reuni\u00f3n-CCCR-1024x683.jpg 1024w, http:\/\/acusticaysonido.net\/ayshome\/wp-content\/uploads\/2020\/05\/Sala-reuni\u00f3n-CCCR-scaled-600x400.jpg 600w, http:\/\/acusticaysonido.net\/ayshome\/wp-content\/uploads\/2020\/05\/Sala-reuni\u00f3n-CCCR-300x200.jpg 300w, http:\/\/acusticaysonido.net\/ayshome\/wp-content\/uploads\/2020\/05\/Sala-reuni\u00f3n-CCCR-768x512.jpg 768w, http:\/\/acusticaysonido.net\/ayshome\/wp-content\/uploads\/2020\/05\/Sala-reuni\u00f3n-CCCR-1536x1024.jpg 1536w, http:\/\/acusticaysonido.net\/ayshome\/wp-content\/uploads\/2020\/05\/Sala-reuni\u00f3n-CCCR-2048x1365.jpg 2048w\" sizes=\"(max-width: 1024px) 100vw, 1024px\" \/><\/a><\/figure><\/li><li class=\"blocks-gallery-item\"><figure><a href=\"http:\/\/acusticaysonido.net\/ayshome\/wp-content\/uploads\/2020\/05\/ICT-Photo-No.-1-and-2.jpg\"><img loading=\"lazy\" decoding=\"async\" width=\"1024\" height=\"294\" src=\"http:\/\/acusticaysonido.net\/ayshome\/wp-content\/uploads\/2020\/05\/ICT-Photo-No.-1-and-2-1024x294.jpg\" alt=\"\" data-id=\"648\" data-full-url=\"http:\/\/acusticaysonido.net\/ayshome\/wp-content\/uploads\/2020\/05\/ICT-Photo-No.-1-and-2.jpg\" data-link=\"http:\/\/acusticaysonido.net\/ayshome\/index.php\/centro-nacional-de-convenciones\/ict-photo-no-1-and-2\/\" class=\"wp-image-648\" srcset=\"http:\/\/acusticaysonido.net\/ayshome\/wp-content\/uploads\/2020\/05\/ICT-Photo-No.-1-and-2-1024x294.jpg 1024w, http:\/\/acusticaysonido.net\/ayshome\/wp-content\/uploads\/2020\/05\/ICT-Photo-No.-1-and-2-600x172.jpg 600w, http:\/\/acusticaysonido.net\/ayshome\/wp-content\/uploads\/2020\/05\/ICT-Photo-No.-1-and-2-300x86.jpg 300w, http:\/\/acusticaysonido.net\/ayshome\/wp-content\/uploads\/2020\/05\/ICT-Photo-No.-1-and-2-768x220.jpg 768w, http:\/\/acusticaysonido.net\/ayshome\/wp-content\/uploads\/2020\/05\/ICT-Photo-No.-1-and-2-1536x440.jpg 1536w, http:\/\/acusticaysonido.net\/ayshome\/wp-content\/uploads\/2020\/05\/ICT-Photo-No.-1-and-2-2048x587.jpg 2048w\" sizes=\"(max-width: 1024px) 100vw, 1024px\" \/><\/a><\/figure><\/li><li class=\"blocks-gallery-item\"><figure><a href=\"http:\/\/acusticaysonido.net\/ayshome\/wp-content\/uploads\/2020\/05\/WhatsApp-Image-2020-05-14-at-11.31.42-AM-1.jpeg\"><img loading=\"lazy\" decoding=\"async\" width=\"768\" height=\"1024\" src=\"http:\/\/acusticaysonido.net\/ayshome\/wp-content\/uploads\/2020\/05\/WhatsApp-Image-2020-05-14-at-11.31.42-AM-1-768x1024.jpeg\" alt=\"\" data-id=\"731\" data-full-url=\"http:\/\/acusticaysonido.net\/ayshome\/wp-content\/uploads\/2020\/05\/WhatsApp-Image-2020-05-14-at-11.31.42-AM-1.jpeg\" data-link=\"http:\/\/acusticaysonido.net\/ayshome\/index.php\/centro-nacional-de-convenciones\/whatsapp-image-2020-05-14-at-11-31-42-am-1\/\" class=\"wp-image-731\" srcset=\"http:\/\/acusticaysonido.net\/ayshome\/wp-content\/uploads\/2020\/05\/WhatsApp-Image-2020-05-14-at-11.31.42-AM-1-768x1024.jpeg 768w, http:\/\/acusticaysonido.net\/ayshome\/wp-content\/uploads\/2020\/05\/WhatsApp-Image-2020-05-14-at-11.31.42-AM-1-600x800.jpeg 600w, http:\/\/acusticaysonido.net\/ayshome\/wp-content\/uploads\/2020\/05\/WhatsApp-Image-2020-05-14-at-11.31.42-AM-1-225x300.jpeg 225w, http:\/\/acusticaysonido.net\/ayshome\/wp-content\/uploads\/2020\/05\/WhatsApp-Image-2020-05-14-at-11.31.42-AM-1.jpeg 960w\" sizes=\"(max-width: 768px) 100vw, 768px\" \/><\/a><\/figure><\/li><li class=\"blocks-gallery-item\"><figure><a href=\"http:\/\/acusticaysonido.net\/ayshome\/wp-content\/uploads\/2020\/05\/WhatsApp-Image-2020-05-14-at-11.31.42-AM.jpeg\"><img loading=\"lazy\" decoding=\"async\" width=\"768\" height=\"1024\" src=\"http:\/\/acusticaysonido.net\/ayshome\/wp-content\/uploads\/2020\/05\/WhatsApp-Image-2020-05-14-at-11.31.42-AM-768x1024.jpeg\" alt=\"\" data-id=\"732\" data-full-url=\"http:\/\/acusticaysonido.net\/ayshome\/wp-content\/uploads\/2020\/05\/WhatsApp-Image-2020-05-14-at-11.31.42-AM.jpeg\" data-link=\"http:\/\/acusticaysonido.net\/ayshome\/index.php\/centro-nacional-de-convenciones\/whatsapp-image-2020-05-14-at-11-31-42-am\/\" class=\"wp-image-732\" srcset=\"http:\/\/acusticaysonido.net\/ayshome\/wp-content\/uploads\/2020\/05\/WhatsApp-Image-2020-05-14-at-11.31.42-AM-768x1024.jpeg 768w, http:\/\/acusticaysonido.net\/ayshome\/wp-content\/uploads\/2020\/05\/WhatsApp-Image-2020-05-14-at-11.31.42-AM-600x800.jpeg 600w, http:\/\/acusticaysonido.net\/ayshome\/wp-content\/uploads\/2020\/05\/WhatsApp-Image-2020-05-14-at-11.31.42-AM-225x300.jpeg 225w, http:\/\/acusticaysonido.net\/ayshome\/wp-content\/uploads\/2020\/05\/WhatsApp-Image-2020-05-14-at-11.31.42-AM.jpeg 960w\" sizes=\"(max-width: 768px) 100vw, 768px\" \/><\/a><\/figure><\/li><\/ul><\/figure>\n","protected":false},"excerpt":{"rendered":"<p>Centro de convenciones de Costa Rica (CCCR) El Centro de Convenciones de Costa Rica (CCCR), ubicado a ocho kil\u00f3metros del Aeropuerto Internacional Juan Santamar\u00eda, es una obra arquitect\u00f3nica de avanzada, dotada con tecnolog\u00eda de \u00faltima generaci\u00f3n para que sus eventos sean una experiencia \u00fanica; ya sean bodas, graduaciones, diversas exposiciones, congresos, convenciones y cualquier actividad [&hellip;]<\/p>\n","protected":false},"author":1,"featured_media":640,"parent":0,"menu_order":0,"comment_status":"closed","ping_status":"closed","template":"","meta":{"footnotes":""},"_links":{"self":[{"href":"http:\/\/acusticaysonido.net\/ayshome\/index.php\/wp-json\/wp\/v2\/pages\/469"}],"collection":[{"href":"http:\/\/acusticaysonido.net\/ayshome\/index.php\/wp-json\/wp\/v2\/pages"}],"about":[{"href":"http:\/\/acusticaysonido.net\/ayshome\/index.php\/wp-json\/wp\/v2\/types\/page"}],"author":[{"embeddable":true,"href":"http:\/\/acusticaysonido.net\/ayshome\/index.php\/wp-json\/wp\/v2\/users\/1"}],"replies":[{"embeddable":true,"href":"http:\/\/acusticaysonido.net\/ayshome\/index.php\/wp-json\/wp\/v2\/comments?post=469"}],"version-history":[{"count":6,"href":"http:\/\/acusticaysonido.net\/ayshome\/index.php\/wp-json\/wp\/v2\/pages\/469\/revisions"}],"predecessor-version":[{"id":748,"href":"http:\/\/acusticaysonido.net\/ayshome\/index.php\/wp-json\/wp\/v2\/pages\/469\/revisions\/748"}],"wp:featuredmedia":[{"embeddable":true,"href":"http:\/\/acusticaysonido.net\/ayshome\/index.php\/wp-json\/wp\/v2\/media\/640"}],"wp:attachment":[{"href":"http:\/\/acusticaysonido.net\/ayshome\/index.php\/wp-json\/wp\/v2\/media?parent=469"}],"curies":[{"name":"wp","href":"https:\/\/api.w.org\/{rel}","templated":true}]}}