{"id":465,"date":"2020-05-08T16:04:15","date_gmt":"2020-05-08T22:04:15","guid":{"rendered":"http:\/\/acusticaysonido.net\/ayshome\/?page_id=465"},"modified":"2020-05-14T13:26:11","modified_gmt":"2020-05-14T19:26:11","slug":"hotel-w-costa-rica","status":"publish","type":"page","link":"http:\/\/acusticaysonido.net\/ayshome\/index.php\/hotel-w-costa-rica\/","title":{"rendered":"Hotel W Costa Rica"},"content":{"rendered":"\n<h2 class=\"wp-block-heading\"><strong>Hotel W Costa Rica Reserva Conchal<\/strong><\/h2>\n\n\n\n<p>El Hotel W Costa Rica Reserva Conchal de la cadena Marriot, es un hotel de lujo escondido entre los manglares de Guanacaste, un oasis moderno en la hermosa Playa Conchal. El resort est\u00e1 rodeado de ex\u00f3ticos paisajes y arenas blancas de la costa. Inspirado en la energ\u00e9tica cultura de Guanacaste, el hotel presume de un dise\u00f1o atrevido que reinventa la idea del lujo. Ac\u00fastica y Sonido llev\u00f3 a cabo el dise\u00f1o, la instalaci\u00f3n y puesta en marcha de todo el sistema audiovisual del hotel. La recepci\u00f3n, restaurantes, kioscos, spa, gimnasio, \u00e1reas de piscina, sal\u00f3n de eventos, salas de reuni\u00f3n, \u00e1reas comunes, etc.; est\u00e1n dotados con equipos de la m\u00e1s alta calidad y tecnolog\u00eda de \u00faltima generaci\u00f3n para brindar a los hu\u00e9spedes una excelente calidad de sonido, ya sea para su relajaci\u00f3n o diversi\u00f3n.<\/p>\n\n\n\n<p class=\"has-text-color has-vivid-cyan-blue-color\"><a href=\"http:\/\/acusticaysonido.net\/ayshome\/index.php\/contactenos\/\" target=\"_blank\" rel=\"noreferrer noopener\">Cont\u00e1ctenos y solicite su cotizaci\u00f3n para su proyecto.<\/a><\/p>\n\n\n\n<p>Marcas utilizadas en el proyecto.<\/p>\n\n\n\n<p><a href=\"http:\/\/acusticaysonido.net\/ayshome\/index.php\/rcf-italy\/\"><img loading=\"lazy\" decoding=\"async\" width=\"1022\" height=\"1022\" class=\"wp-image-313\" style=\"width: 150px;\" src=\"http:\/\/acusticaysonido.net\/ayshome\/wp-content\/uploads\/2020\/05\/rcf_logo.jpg\" alt=\"\" srcset=\"http:\/\/acusticaysonido.net\/ayshome\/wp-content\/uploads\/2020\/05\/rcf_logo.jpg 1022w, http:\/\/acusticaysonido.net\/ayshome\/wp-content\/uploads\/2020\/05\/rcf_logo-300x300.jpg 300w, http:\/\/acusticaysonido.net\/ayshome\/wp-content\/uploads\/2020\/05\/rcf_logo-100x100.jpg 100w, http:\/\/acusticaysonido.net\/ayshome\/wp-content\/uploads\/2020\/05\/rcf_logo-600x600.jpg 600w, http:\/\/acusticaysonido.net\/ayshome\/wp-content\/uploads\/2020\/05\/rcf_logo-150x150.jpg 150w, http:\/\/acusticaysonido.net\/ayshome\/wp-content\/uploads\/2020\/05\/rcf_logo-768x768.jpg 768w\" sizes=\"(max-width: 1022px) 100vw, 1022px\" \/><\/a>     <a href=\"http:\/\/acusticaysonido.net\/ayshome\/index.php\/sonance\/\"><img loading=\"lazy\" decoding=\"async\" width=\"759\" height=\"120\" class=\"wp-image-317\" style=\"width: 150px;\" src=\"http:\/\/acusticaysonido.net\/ayshome\/wp-content\/uploads\/2020\/05\/sonance-logo-2019.png\" alt=\"\" srcset=\"http:\/\/acusticaysonido.net\/ayshome\/wp-content\/uploads\/2020\/05\/sonance-logo-2019.png 759w, http:\/\/acusticaysonido.net\/ayshome\/wp-content\/uploads\/2020\/05\/sonance-logo-2019-600x95.png 600w, http:\/\/acusticaysonido.net\/ayshome\/wp-content\/uploads\/2020\/05\/sonance-logo-2019-300x47.png 300w\" sizes=\"(max-width: 759px) 100vw, 759px\" \/><\/a>     <a href=\"http:\/\/acusticaysonido.net\/ayshome\/index.php\/rti\/\"><img loading=\"lazy\" decoding=\"async\" width=\"860\" height=\"308\" class=\"wp-image-341\" style=\"width: 150px;\" src=\"http:\/\/acusticaysonido.net\/ayshome\/wp-content\/uploads\/2020\/05\/rti-logo-png.png\" alt=\"\" srcset=\"http:\/\/acusticaysonido.net\/ayshome\/wp-content\/uploads\/2020\/05\/rti-logo-png.png 860w, http:\/\/acusticaysonido.net\/ayshome\/wp-content\/uploads\/2020\/05\/rti-logo-png-600x215.png 600w, http:\/\/acusticaysonido.net\/ayshome\/wp-content\/uploads\/2020\/05\/rti-logo-png-300x107.png 300w, http:\/\/acusticaysonido.net\/ayshome\/wp-content\/uploads\/2020\/05\/rti-logo-png-768x275.png 768w\" sizes=\"(max-width: 860px) 100vw, 860px\" \/><\/a>     <a href=\"http:\/\/acusticaysonido.net\/ayshome\/index.php\/nec-display\/\"><img loading=\"lazy\" decoding=\"async\" width=\"2500\" height=\"679\" class=\"wp-image-334\" style=\"width: 150px;\" src=\"http:\/\/acusticaysonido.net\/ayshome\/wp-content\/uploads\/2020\/05\/nec-logo.png\" alt=\"\" srcset=\"http:\/\/acusticaysonido.net\/ayshome\/wp-content\/uploads\/2020\/05\/nec-logo.png 2500w, http:\/\/acusticaysonido.net\/ayshome\/wp-content\/uploads\/2020\/05\/nec-logo-600x163.png 600w, http:\/\/acusticaysonido.net\/ayshome\/wp-content\/uploads\/2020\/05\/nec-logo-300x81.png 300w, http:\/\/acusticaysonido.net\/ayshome\/wp-content\/uploads\/2020\/05\/nec-logo-1024x278.png 1024w, http:\/\/acusticaysonido.net\/ayshome\/wp-content\/uploads\/2020\/05\/nec-logo-768x209.png 768w, http:\/\/acusticaysonido.net\/ayshome\/wp-content\/uploads\/2020\/05\/nec-logo-1536x417.png 1536w, http:\/\/acusticaysonido.net\/ayshome\/wp-content\/uploads\/2020\/05\/nec-logo-2048x556.png 2048w\" sizes=\"(max-width: 2500px) 100vw, 2500px\" \/><\/a>     <a href=\"http:\/\/acusticaysonido.net\/ayshome\/index.php\/dreamvision\/\"><img loading=\"lazy\" decoding=\"async\" width=\"512\" height=\"117\" class=\"wp-image-339\" style=\"width: 150px;\" src=\"http:\/\/acusticaysonido.net\/ayshome\/wp-content\/uploads\/2020\/05\/dreamvision_logo_2.png\" alt=\"\" srcset=\"http:\/\/acusticaysonido.net\/ayshome\/wp-content\/uploads\/2020\/05\/dreamvision_logo_2.png 512w, http:\/\/acusticaysonido.net\/ayshome\/wp-content\/uploads\/2020\/05\/dreamvision_logo_2-300x69.png 300w\" sizes=\"(max-width: 512px) 100vw, 512px\" \/><\/a>     <a href=\"http:\/\/acusticaysonido.net\/ayshome\/index.php\/aurora-multimedia\/\"><img loading=\"lazy\" decoding=\"async\" width=\"640\" height=\"160\" class=\"wp-image-310\" style=\"width: 150px;\" src=\"http:\/\/acusticaysonido.net\/ayshome\/wp-content\/uploads\/2020\/05\/Aurora_Logo_Edited.jpg\" alt=\"\" srcset=\"http:\/\/acusticaysonido.net\/ayshome\/wp-content\/uploads\/2020\/05\/Aurora_Logo_Edited.jpg 640w, http:\/\/acusticaysonido.net\/ayshome\/wp-content\/uploads\/2020\/05\/Aurora_Logo_Edited-600x150.jpg 600w, http:\/\/acusticaysonido.net\/ayshome\/wp-content\/uploads\/2020\/05\/Aurora_Logo_Edited-300x75.jpg 300w\" sizes=\"(max-width: 640px) 100vw, 640px\" \/><\/a>     <a href=\"http:\/\/acusticaysonido.net\/ayshome\/index.php\/liberty-av-solutions\/\"><img loading=\"lazy\" decoding=\"async\" width=\"845\" height=\"180\" class=\"wp-image-348\" style=\"width: 150px;\" src=\"http:\/\/acusticaysonido.net\/ayshome\/wp-content\/uploads\/2020\/05\/LibertyAVSolutions_LOGO_no-tagline.png\" alt=\"\" srcset=\"http:\/\/acusticaysonido.net\/ayshome\/wp-content\/uploads\/2020\/05\/LibertyAVSolutions_LOGO_no-tagline.png 845w, http:\/\/acusticaysonido.net\/ayshome\/wp-content\/uploads\/2020\/05\/LibertyAVSolutions_LOGO_no-tagline-600x128.png 600w, http:\/\/acusticaysonido.net\/ayshome\/wp-content\/uploads\/2020\/05\/LibertyAVSolutions_LOGO_no-tagline-300x64.png 300w, http:\/\/acusticaysonido.net\/ayshome\/wp-content\/uploads\/2020\/05\/LibertyAVSolutions_LOGO_no-tagline-768x164.png 768w\" sizes=\"(max-width: 845px) 100vw, 845px\" \/><\/a>     <em><a href=\"http:\/\/acusticaysonido.net\/ayshome\/index.php\/lowell\/\"><img loading=\"lazy\" decoding=\"async\" width=\"1178\" height=\"364\" class=\"wp-image-351\" style=\"width: 150px;\" src=\"http:\/\/acusticaysonido.net\/ayshome\/wp-content\/uploads\/2020\/05\/LOWELL-logo.png\" alt=\"\" srcset=\"http:\/\/acusticaysonido.net\/ayshome\/wp-content\/uploads\/2020\/05\/LOWELL-logo.png 1178w, http:\/\/acusticaysonido.net\/ayshome\/wp-content\/uploads\/2020\/05\/LOWELL-logo-600x185.png 600w, http:\/\/acusticaysonido.net\/ayshome\/wp-content\/uploads\/2020\/05\/LOWELL-logo-300x93.png 300w, http:\/\/acusticaysonido.net\/ayshome\/wp-content\/uploads\/2020\/05\/LOWELL-logo-1024x316.png 1024w, http:\/\/acusticaysonido.net\/ayshome\/wp-content\/uploads\/2020\/05\/LOWELL-logo-768x237.png 768w\" sizes=\"(max-width: 1178px) 100vw, 1178px\" \/><\/a><\/em><\/p>\n\n\n\n<figure class=\"wp-block-gallery columns-3 is-cropped wp-block-gallery-1 is-layout-flex wp-block-gallery-is-layout-flex\"><ul class=\"blocks-gallery-grid\"><li class=\"blocks-gallery-item\"><figure><a href=\"http:\/\/acusticaysonido.net\/ayshome\/wp-content\/uploads\/2020\/05\/Hotel-W_rest.jpg\"><img loading=\"lazy\" decoding=\"async\" width=\"550\" height=\"367\" src=\"http:\/\/acusticaysonido.net\/ayshome\/wp-content\/uploads\/2020\/05\/Hotel-W_rest.jpg\" alt=\"\" data-id=\"656\" data-full-url=\"http:\/\/acusticaysonido.net\/ayshome\/wp-content\/uploads\/2020\/05\/Hotel-W_rest.jpg\" data-link=\"http:\/\/acusticaysonido.net\/ayshome\/index.php\/hotel-w-costa-rica\/hotel-w_rest\/\" class=\"wp-image-656\" srcset=\"http:\/\/acusticaysonido.net\/ayshome\/wp-content\/uploads\/2020\/05\/Hotel-W_rest.jpg 550w, http:\/\/acusticaysonido.net\/ayshome\/wp-content\/uploads\/2020\/05\/Hotel-W_rest-300x200.jpg 300w\" sizes=\"(max-width: 550px) 100vw, 550px\" \/><\/a><\/figure><\/li><li class=\"blocks-gallery-item\"><figure><a href=\"http:\/\/acusticaysonido.net\/ayshome\/wp-content\/uploads\/2020\/05\/lirwh-beachclub-firepits-1881-hor-wide.jpg\"><img loading=\"lazy\" decoding=\"async\" width=\"1024\" height=\"576\" src=\"http:\/\/acusticaysonido.net\/ayshome\/wp-content\/uploads\/2020\/05\/lirwh-beachclub-firepits-1881-hor-wide-1024x576.jpg\" alt=\"\" data-id=\"658\" data-full-url=\"http:\/\/acusticaysonido.net\/ayshome\/wp-content\/uploads\/2020\/05\/lirwh-beachclub-firepits-1881-hor-wide.jpg\" data-link=\"http:\/\/acusticaysonido.net\/ayshome\/index.php\/hotel-w-costa-rica\/lirwh-beachclub-firepits-1881-hor-wide\/\" class=\"wp-image-658\" srcset=\"http:\/\/acusticaysonido.net\/ayshome\/wp-content\/uploads\/2020\/05\/lirwh-beachclub-firepits-1881-hor-wide-1024x576.jpg 1024w, http:\/\/acusticaysonido.net\/ayshome\/wp-content\/uploads\/2020\/05\/lirwh-beachclub-firepits-1881-hor-wide-600x338.jpg 600w, http:\/\/acusticaysonido.net\/ayshome\/wp-content\/uploads\/2020\/05\/lirwh-beachclub-firepits-1881-hor-wide-300x169.jpg 300w, http:\/\/acusticaysonido.net\/ayshome\/wp-content\/uploads\/2020\/05\/lirwh-beachclub-firepits-1881-hor-wide-768x432.jpg 768w, http:\/\/acusticaysonido.net\/ayshome\/wp-content\/uploads\/2020\/05\/lirwh-beachclub-firepits-1881-hor-wide.jpg 1440w\" sizes=\"(max-width: 1024px) 100vw, 1024px\" \/><\/a><\/figure><\/li><li class=\"blocks-gallery-item\"><figure><a href=\"http:\/\/acusticaysonido.net\/ayshome\/wp-content\/uploads\/2020\/05\/lirwh-wetdeck-bar-1896-hor-clsc.jpg\"><img loading=\"lazy\" decoding=\"async\" width=\"580\" height=\"386\" src=\"http:\/\/acusticaysonido.net\/ayshome\/wp-content\/uploads\/2020\/05\/lirwh-wetdeck-bar-1896-hor-clsc.jpg\" alt=\"\" data-id=\"665\" data-full-url=\"http:\/\/acusticaysonido.net\/ayshome\/wp-content\/uploads\/2020\/05\/lirwh-wetdeck-bar-1896-hor-clsc.jpg\" data-link=\"http:\/\/acusticaysonido.net\/ayshome\/index.php\/hotel-w-costa-rica\/lirwh-wetdeck-bar-1896-hor-clsc\/\" class=\"wp-image-665\" srcset=\"http:\/\/acusticaysonido.net\/ayshome\/wp-content\/uploads\/2020\/05\/lirwh-wetdeck-bar-1896-hor-clsc.jpg 580w, http:\/\/acusticaysonido.net\/ayshome\/wp-content\/uploads\/2020\/05\/lirwh-wetdeck-bar-1896-hor-clsc-300x200.jpg 300w\" sizes=\"(max-width: 580px) 100vw, 580px\" \/><\/a><\/figure><\/li><li class=\"blocks-gallery-item\"><figure><a href=\"http:\/\/acusticaysonido.net\/ayshome\/wp-content\/uploads\/2020\/05\/lirwh-livingroom-bar-1889-hor-clsc.jpg\"><img loading=\"lazy\" decoding=\"async\" width=\"780\" height=\"520\" src=\"http:\/\/acusticaysonido.net\/ayshome\/wp-content\/uploads\/2020\/05\/lirwh-livingroom-bar-1889-hor-clsc.jpg\" alt=\"\" data-id=\"659\" data-full-url=\"http:\/\/acusticaysonido.net\/ayshome\/wp-content\/uploads\/2020\/05\/lirwh-livingroom-bar-1889-hor-clsc.jpg\" data-link=\"http:\/\/acusticaysonido.net\/ayshome\/index.php\/hotel-w-costa-rica\/lirwh-livingroom-bar-1889-hor-clsc\/\" class=\"wp-image-659\" srcset=\"http:\/\/acusticaysonido.net\/ayshome\/wp-content\/uploads\/2020\/05\/lirwh-livingroom-bar-1889-hor-clsc.jpg 780w, http:\/\/acusticaysonido.net\/ayshome\/wp-content\/uploads\/2020\/05\/lirwh-livingroom-bar-1889-hor-clsc-600x400.jpg 600w, http:\/\/acusticaysonido.net\/ayshome\/wp-content\/uploads\/2020\/05\/lirwh-livingroom-bar-1889-hor-clsc-300x200.jpg 300w, http:\/\/acusticaysonido.net\/ayshome\/wp-content\/uploads\/2020\/05\/lirwh-livingroom-bar-1889-hor-clsc-768x512.jpg 768w\" sizes=\"(max-width: 780px) 100vw, 780px\" \/><\/a><\/figure><\/li><li class=\"blocks-gallery-item\"><figure><a href=\"http:\/\/acusticaysonido.net\/ayshome\/wp-content\/uploads\/2020\/05\/lirwh-awayr-spa-1878-hor-clsc.jpg\"><img loading=\"lazy\" decoding=\"async\" width=\"580\" height=\"386\" src=\"http:\/\/acusticaysonido.net\/ayshome\/wp-content\/uploads\/2020\/05\/lirwh-awayr-spa-1878-hor-clsc.jpg\" alt=\"\" data-id=\"657\" data-full-url=\"http:\/\/acusticaysonido.net\/ayshome\/wp-content\/uploads\/2020\/05\/lirwh-awayr-spa-1878-hor-clsc.jpg\" data-link=\"http:\/\/acusticaysonido.net\/ayshome\/index.php\/hotel-w-costa-rica\/lirwh-awayr-spa-1878-hor-clsc\/\" class=\"wp-image-657\" srcset=\"http:\/\/acusticaysonido.net\/ayshome\/wp-content\/uploads\/2020\/05\/lirwh-awayr-spa-1878-hor-clsc.jpg 580w, http:\/\/acusticaysonido.net\/ayshome\/wp-content\/uploads\/2020\/05\/lirwh-awayr-spa-1878-hor-clsc-300x200.jpg 300w\" sizes=\"(max-width: 580px) 100vw, 580px\" \/><\/a><\/figure><\/li><li class=\"blocks-gallery-item\"><figure><a href=\"http:\/\/acusticaysonido.net\/ayshome\/wp-content\/uploads\/2020\/05\/lirwh-spa-9103-hor-clsc.jpg\"><img loading=\"lazy\" decoding=\"async\" width=\"580\" height=\"386\" src=\"http:\/\/acusticaysonido.net\/ayshome\/wp-content\/uploads\/2020\/05\/lirwh-spa-9103-hor-clsc.jpg\" alt=\"\" data-id=\"663\" data-full-url=\"http:\/\/acusticaysonido.net\/ayshome\/wp-content\/uploads\/2020\/05\/lirwh-spa-9103-hor-clsc.jpg\" data-link=\"http:\/\/acusticaysonido.net\/ayshome\/index.php\/hotel-w-costa-rica\/lirwh-spa-9103-hor-clsc\/\" class=\"wp-image-663\" srcset=\"http:\/\/acusticaysonido.net\/ayshome\/wp-content\/uploads\/2020\/05\/lirwh-spa-9103-hor-clsc.jpg 580w, http:\/\/acusticaysonido.net\/ayshome\/wp-content\/uploads\/2020\/05\/lirwh-spa-9103-hor-clsc-300x200.jpg 300w\" sizes=\"(max-width: 580px) 100vw, 580px\" \/><\/a><\/figure><\/li><li class=\"blocks-gallery-item\"><figure><a href=\"http:\/\/acusticaysonido.net\/ayshome\/wp-content\/uploads\/2020\/05\/lirwh-meetings-9100-hor-clsc.jpg\"><img loading=\"lazy\" decoding=\"async\" width=\"1024\" height=\"682\" src=\"http:\/\/acusticaysonido.net\/ayshome\/wp-content\/uploads\/2020\/05\/lirwh-meetings-9100-hor-clsc-1024x682.jpg\" alt=\"\" data-id=\"660\" data-full-url=\"http:\/\/acusticaysonido.net\/ayshome\/wp-content\/uploads\/2020\/05\/lirwh-meetings-9100-hor-clsc.jpg\" data-link=\"http:\/\/acusticaysonido.net\/ayshome\/index.php\/hotel-w-costa-rica\/lirwh-meetings-9100-hor-clsc\/\" class=\"wp-image-660\" srcset=\"http:\/\/acusticaysonido.net\/ayshome\/wp-content\/uploads\/2020\/05\/lirwh-meetings-9100-hor-clsc-1024x682.jpg 1024w, http:\/\/acusticaysonido.net\/ayshome\/wp-content\/uploads\/2020\/05\/lirwh-meetings-9100-hor-clsc-600x400.jpg 600w, http:\/\/acusticaysonido.net\/ayshome\/wp-content\/uploads\/2020\/05\/lirwh-meetings-9100-hor-clsc-300x200.jpg 300w, http:\/\/acusticaysonido.net\/ayshome\/wp-content\/uploads\/2020\/05\/lirwh-meetings-9100-hor-clsc-768x511.jpg 768w, http:\/\/acusticaysonido.net\/ayshome\/wp-content\/uploads\/2020\/05\/lirwh-meetings-9100-hor-clsc.jpg 1440w\" sizes=\"(max-width: 1024px) 100vw, 1024px\" \/><\/a><\/figure><\/li><li class=\"blocks-gallery-item\"><figure><a href=\"http:\/\/acusticaysonido.net\/ayshome\/wp-content\/uploads\/2020\/05\/lirwh-room-events-9101-hor-clsc.jpg\"><img loading=\"lazy\" decoding=\"async\" width=\"1024\" height=\"683\" src=\"http:\/\/acusticaysonido.net\/ayshome\/wp-content\/uploads\/2020\/05\/lirwh-room-events-9101-hor-clsc-1024x683.jpg\" alt=\"\" data-id=\"662\" data-full-url=\"http:\/\/acusticaysonido.net\/ayshome\/wp-content\/uploads\/2020\/05\/lirwh-room-events-9101-hor-clsc.jpg\" data-link=\"http:\/\/acusticaysonido.net\/ayshome\/index.php\/hotel-w-costa-rica\/lirwh-room-events-9101-hor-clsc\/\" class=\"wp-image-662\" srcset=\"http:\/\/acusticaysonido.net\/ayshome\/wp-content\/uploads\/2020\/05\/lirwh-room-events-9101-hor-clsc-1024x683.jpg 1024w, http:\/\/acusticaysonido.net\/ayshome\/wp-content\/uploads\/2020\/05\/lirwh-room-events-9101-hor-clsc-600x400.jpg 600w, http:\/\/acusticaysonido.net\/ayshome\/wp-content\/uploads\/2020\/05\/lirwh-room-events-9101-hor-clsc-300x200.jpg 300w, http:\/\/acusticaysonido.net\/ayshome\/wp-content\/uploads\/2020\/05\/lirwh-room-events-9101-hor-clsc-768x512.jpg 768w, http:\/\/acusticaysonido.net\/ayshome\/wp-content\/uploads\/2020\/05\/lirwh-room-events-9101-hor-clsc.jpg 1440w\" sizes=\"(max-width: 1024px) 100vw, 1024px\" \/><\/a><\/figure><\/li><li class=\"blocks-gallery-item\"><figure><a href=\"http:\/\/acusticaysonido.net\/ayshome\/wp-content\/uploads\/2020\/05\/lirwh-meetings-9104-hor-clsc.jpg\"><img loading=\"lazy\" decoding=\"async\" width=\"1024\" height=\"683\" src=\"http:\/\/acusticaysonido.net\/ayshome\/wp-content\/uploads\/2020\/05\/lirwh-meetings-9104-hor-clsc-1024x683.jpg\" alt=\"\" data-id=\"661\" data-full-url=\"http:\/\/acusticaysonido.net\/ayshome\/wp-content\/uploads\/2020\/05\/lirwh-meetings-9104-hor-clsc.jpg\" data-link=\"http:\/\/acusticaysonido.net\/ayshome\/index.php\/hotel-w-costa-rica\/lirwh-meetings-9104-hor-clsc\/\" class=\"wp-image-661\" srcset=\"http:\/\/acusticaysonido.net\/ayshome\/wp-content\/uploads\/2020\/05\/lirwh-meetings-9104-hor-clsc-1024x683.jpg 1024w, http:\/\/acusticaysonido.net\/ayshome\/wp-content\/uploads\/2020\/05\/lirwh-meetings-9104-hor-clsc-600x400.jpg 600w, http:\/\/acusticaysonido.net\/ayshome\/wp-content\/uploads\/2020\/05\/lirwh-meetings-9104-hor-clsc-300x200.jpg 300w, http:\/\/acusticaysonido.net\/ayshome\/wp-content\/uploads\/2020\/05\/lirwh-meetings-9104-hor-clsc-768x512.jpg 768w, http:\/\/acusticaysonido.net\/ayshome\/wp-content\/uploads\/2020\/05\/lirwh-meetings-9104-hor-clsc.jpg 1440w\" sizes=\"(max-width: 1024px) 100vw, 1024px\" \/><\/a><\/figure><\/li><li class=\"blocks-gallery-item\"><figure><a href=\"http:\/\/acusticaysonido.net\/ayshome\/wp-content\/uploads\/2020\/05\/lirwh-studio-1894-hor-clsc.jpg\"><img loading=\"lazy\" decoding=\"async\" width=\"1024\" height=\"683\" src=\"http:\/\/acusticaysonido.net\/ayshome\/wp-content\/uploads\/2020\/05\/lirwh-studio-1894-hor-clsc-1024x683.jpg\" alt=\"\" data-id=\"664\" data-full-url=\"http:\/\/acusticaysonido.net\/ayshome\/wp-content\/uploads\/2020\/05\/lirwh-studio-1894-hor-clsc.jpg\" data-link=\"http:\/\/acusticaysonido.net\/ayshome\/index.php\/hotel-w-costa-rica\/lirwh-studio-1894-hor-clsc\/\" class=\"wp-image-664\" srcset=\"http:\/\/acusticaysonido.net\/ayshome\/wp-content\/uploads\/2020\/05\/lirwh-studio-1894-hor-clsc-1024x683.jpg 1024w, http:\/\/acusticaysonido.net\/ayshome\/wp-content\/uploads\/2020\/05\/lirwh-studio-1894-hor-clsc-600x400.jpg 600w, http:\/\/acusticaysonido.net\/ayshome\/wp-content\/uploads\/2020\/05\/lirwh-studio-1894-hor-clsc-300x200.jpg 300w, http:\/\/acusticaysonido.net\/ayshome\/wp-content\/uploads\/2020\/05\/lirwh-studio-1894-hor-clsc-768x512.jpg 768w, http:\/\/acusticaysonido.net\/ayshome\/wp-content\/uploads\/2020\/05\/lirwh-studio-1894-hor-clsc.jpg 1440w\" sizes=\"(max-width: 1024px) 100vw, 1024px\" \/><\/a><\/figure><\/li><li class=\"blocks-gallery-item\"><figure><a href=\"http:\/\/acusticaysonido.net\/ayshome\/wp-content\/uploads\/2020\/05\/lirwh-wetr-deck-1897-hor-wide.jpg\"><img loading=\"lazy\" decoding=\"async\" width=\"1024\" height=\"576\" src=\"http:\/\/acusticaysonido.net\/ayshome\/wp-content\/uploads\/2020\/05\/lirwh-wetr-deck-1897-hor-wide-1024x576.jpg\" alt=\"\" data-id=\"666\" data-full-url=\"http:\/\/acusticaysonido.net\/ayshome\/wp-content\/uploads\/2020\/05\/lirwh-wetr-deck-1897-hor-wide.jpg\" data-link=\"http:\/\/acusticaysonido.net\/ayshome\/index.php\/hotel-w-costa-rica\/lirwh-wetr-deck-1897-hor-wide\/\" class=\"wp-image-666\" srcset=\"http:\/\/acusticaysonido.net\/ayshome\/wp-content\/uploads\/2020\/05\/lirwh-wetr-deck-1897-hor-wide-1024x576.jpg 1024w, http:\/\/acusticaysonido.net\/ayshome\/wp-content\/uploads\/2020\/05\/lirwh-wetr-deck-1897-hor-wide-600x338.jpg 600w, http:\/\/acusticaysonido.net\/ayshome\/wp-content\/uploads\/2020\/05\/lirwh-wetr-deck-1897-hor-wide-300x169.jpg 300w, http:\/\/acusticaysonido.net\/ayshome\/wp-content\/uploads\/2020\/05\/lirwh-wetr-deck-1897-hor-wide-768x432.jpg 768w, http:\/\/acusticaysonido.net\/ayshome\/wp-content\/uploads\/2020\/05\/lirwh-wetr-deck-1897-hor-wide.jpg 1440w\" sizes=\"(max-width: 1024px) 100vw, 1024px\" \/><\/a><\/figure><\/li><\/ul><\/figure>\n\n\n\n<p><\/p>\n","protected":false},"excerpt":{"rendered":"<p>Hotel W Costa Rica Reserva Conchal El Hotel W Costa Rica Reserva Conchal de la cadena Marriot, es un hotel de lujo escondido entre los manglares de Guanacaste, un oasis moderno en la hermosa Playa Conchal. El resort est\u00e1 rodeado de ex\u00f3ticos paisajes y arenas blancas de la costa. Inspirado en la energ\u00e9tica cultura de [&hellip;]<\/p>\n","protected":false},"author":1,"featured_media":653,"parent":0,"menu_order":0,"comment_status":"closed","ping_status":"closed","template":"","meta":{"footnotes":""},"_links":{"self":[{"href":"http:\/\/acusticaysonido.net\/ayshome\/index.php\/wp-json\/wp\/v2\/pages\/465"}],"collection":[{"href":"http:\/\/acusticaysonido.net\/ayshome\/index.php\/wp-json\/wp\/v2\/pages"}],"about":[{"href":"http:\/\/acusticaysonido.net\/ayshome\/index.php\/wp-json\/wp\/v2\/types\/page"}],"author":[{"embeddable":true,"href":"http:\/\/acusticaysonido.net\/ayshome\/index.php\/wp-json\/wp\/v2\/users\/1"}],"replies":[{"embeddable":true,"href":"http:\/\/acusticaysonido.net\/ayshome\/index.php\/wp-json\/wp\/v2\/comments?post=465"}],"version-history":[{"count":10,"href":"http:\/\/acusticaysonido.net\/ayshome\/index.php\/wp-json\/wp\/v2\/pages\/465\/revisions"}],"predecessor-version":[{"id":747,"href":"http:\/\/acusticaysonido.net\/ayshome\/index.php\/wp-json\/wp\/v2\/pages\/465\/revisions\/747"}],"wp:featuredmedia":[{"embeddable":true,"href":"http:\/\/acusticaysonido.net\/ayshome\/index.php\/wp-json\/wp\/v2\/media\/653"}],"wp:attachment":[{"href":"http:\/\/acusticaysonido.net\/ayshome\/index.php\/wp-json\/wp\/v2\/media?parent=465"}],"curies":[{"name":"wp","href":"https:\/\/api.w.org\/{rel}","templated":true}]}}