{"id":463,"date":"2020-05-08T16:04:15","date_gmt":"2020-05-08T22:04:15","guid":{"rendered":"http:\/\/acusticaysonido.net\/ayshome\/?page_id=463"},"modified":"2020-05-14T13:45:27","modified_gmt":"2020-05-14T19:45:27","slug":"hotel-dreams-las-mareas","status":"publish","type":"page","link":"http:\/\/acusticaysonido.net\/ayshome\/index.php\/hotel-dreams-las-mareas\/","title":{"rendered":"Hotel Dreams Las Mareas"},"content":{"rendered":"\n<h2 class=\"wp-block-heading\"><strong>Hotel Dreams Las Mareas Resorts &amp; Spas<\/strong><\/h2>\n\n\n\n<p>Dreams Las Mareas Resorts &amp; Spas es un hotel de lujo, ubicado en una extensa playa repleta de palmeras y rodeado de exuberantes monta\u00f1as verdes y selvas en Playa El Jobo en la regi\u00f3n de Guanacaste de Costa Rica. En este magn\u00edfico hotel Ac\u00fastica y Sonido tuvo el agrado de estar a cargo de la reingenir\u00eda, instalaci\u00f3n y puesta en marchas de todo el sistema de sonido y video para las \u00e1reas comunes, por ejemplo, \u00e1reas de piscinas, restaurantes, spa, recepci\u00f3n, centro de convenciones, las suites del hotel, kioscos, club de ni\u00f1os, gimnasio, etc. Adem\u00e1s del sistema de proyecci\u00f3n, tanto proyectores como las pantallas de proyecci\u00f3n el\u00e9ctrica de diferentes \u00e1reas como el centro de convenciones, club de ni\u00f1os y otros.<\/p>\n\n\n\n<p class=\"has-text-color has-vivid-cyan-blue-color\"><a href=\"http:\/\/acusticaysonido.net\/ayshome\/index.php\/contactenos\/\" target=\"_blank\" rel=\"noreferrer noopener\">Cont\u00e1ctenos y solicite su cotizaci\u00f3n para su proyecto<\/a><\/p>\n\n\n\n<p>Marcas utilizadas en el proyecto.<\/p>\n\n\n\n<p><a href=\"http:\/\/acusticaysonido.net\/ayshome\/index.php\/rcf-italy\/\"><img loading=\"lazy\" decoding=\"async\" width=\"1022\" height=\"1022\" class=\"wp-image-313\" style=\"width: 150px;\" src=\"http:\/\/acusticaysonido.net\/ayshome\/wp-content\/uploads\/2020\/05\/rcf_logo.jpg\" alt=\"\" srcset=\"http:\/\/acusticaysonido.net\/ayshome\/wp-content\/uploads\/2020\/05\/rcf_logo.jpg 1022w, http:\/\/acusticaysonido.net\/ayshome\/wp-content\/uploads\/2020\/05\/rcf_logo-300x300.jpg 300w, http:\/\/acusticaysonido.net\/ayshome\/wp-content\/uploads\/2020\/05\/rcf_logo-100x100.jpg 100w, http:\/\/acusticaysonido.net\/ayshome\/wp-content\/uploads\/2020\/05\/rcf_logo-600x600.jpg 600w, http:\/\/acusticaysonido.net\/ayshome\/wp-content\/uploads\/2020\/05\/rcf_logo-150x150.jpg 150w, http:\/\/acusticaysonido.net\/ayshome\/wp-content\/uploads\/2020\/05\/rcf_logo-768x768.jpg 768w\" sizes=\"(max-width: 1022px) 100vw, 1022px\" \/><\/a>     <a href=\"http:\/\/acusticaysonido.net\/ayshome\/index.php\/nec-display\/\"><img loading=\"lazy\" decoding=\"async\" width=\"2500\" height=\"679\" class=\"wp-image-334\" style=\"width: 150px;\" src=\"http:\/\/acusticaysonido.net\/ayshome\/wp-content\/uploads\/2020\/05\/nec-logo.png\" alt=\"\" srcset=\"http:\/\/acusticaysonido.net\/ayshome\/wp-content\/uploads\/2020\/05\/nec-logo.png 2500w, http:\/\/acusticaysonido.net\/ayshome\/wp-content\/uploads\/2020\/05\/nec-logo-600x163.png 600w, http:\/\/acusticaysonido.net\/ayshome\/wp-content\/uploads\/2020\/05\/nec-logo-300x81.png 300w, http:\/\/acusticaysonido.net\/ayshome\/wp-content\/uploads\/2020\/05\/nec-logo-1024x278.png 1024w, http:\/\/acusticaysonido.net\/ayshome\/wp-content\/uploads\/2020\/05\/nec-logo-768x209.png 768w, http:\/\/acusticaysonido.net\/ayshome\/wp-content\/uploads\/2020\/05\/nec-logo-1536x417.png 1536w, http:\/\/acusticaysonido.net\/ayshome\/wp-content\/uploads\/2020\/05\/nec-logo-2048x556.png 2048w\" sizes=\"(max-width: 2500px) 100vw, 2500px\" \/><\/a>     <a href=\"http:\/\/acusticaysonido.net\/ayshome\/index.php\/liberty-av-solutions\/\"><img loading=\"lazy\" decoding=\"async\" width=\"845\" height=\"180\" class=\"wp-image-348\" style=\"width: 150px;\" src=\"http:\/\/acusticaysonido.net\/ayshome\/wp-content\/uploads\/2020\/05\/LibertyAVSolutions_LOGO_no-tagline.png\" alt=\"\" srcset=\"http:\/\/acusticaysonido.net\/ayshome\/wp-content\/uploads\/2020\/05\/LibertyAVSolutions_LOGO_no-tagline.png 845w, http:\/\/acusticaysonido.net\/ayshome\/wp-content\/uploads\/2020\/05\/LibertyAVSolutions_LOGO_no-tagline-600x128.png 600w, http:\/\/acusticaysonido.net\/ayshome\/wp-content\/uploads\/2020\/05\/LibertyAVSolutions_LOGO_no-tagline-300x64.png 300w, http:\/\/acusticaysonido.net\/ayshome\/wp-content\/uploads\/2020\/05\/LibertyAVSolutions_LOGO_no-tagline-768x164.png 768w\" sizes=\"(max-width: 845px) 100vw, 845px\" \/><\/a>     <a href=\"http:\/\/acusticaysonido.net\/ayshome\/index.php\/omnya\/\"><img loading=\"lazy\" decoding=\"async\" width=\"808\" height=\"139\" class=\"wp-image-325\" style=\"width: 150px;\" src=\"http:\/\/acusticaysonido.net\/ayshome\/wp-content\/uploads\/2020\/05\/Omnya-Eklesia-LOGO1.png\" alt=\"\" srcset=\"http:\/\/acusticaysonido.net\/ayshome\/wp-content\/uploads\/2020\/05\/Omnya-Eklesia-LOGO1.png 808w, http:\/\/acusticaysonido.net\/ayshome\/wp-content\/uploads\/2020\/05\/Omnya-Eklesia-LOGO1-600x103.png 600w, http:\/\/acusticaysonido.net\/ayshome\/wp-content\/uploads\/2020\/05\/Omnya-Eklesia-LOGO1-300x52.png 300w, http:\/\/acusticaysonido.net\/ayshome\/wp-content\/uploads\/2020\/05\/Omnya-Eklesia-LOGO1-768x132.png 768w\" sizes=\"(max-width: 808px) 100vw, 808px\" \/><\/a>     <a href=\"http:\/\/acusticaysonido.net\/ayshome\/index.php\/sgm-light\/\"><img loading=\"lazy\" decoding=\"async\" width=\"820\" height=\"252\" class=\"wp-image-330\" style=\"width: 150px;\" src=\"http:\/\/acusticaysonido.net\/ayshome\/wp-content\/uploads\/2020\/05\/sgm-lighting-logo.jpg\" alt=\"\" srcset=\"http:\/\/acusticaysonido.net\/ayshome\/wp-content\/uploads\/2020\/05\/sgm-lighting-logo.jpg 820w, http:\/\/acusticaysonido.net\/ayshome\/wp-content\/uploads\/2020\/05\/sgm-lighting-logo-600x184.jpg 600w, http:\/\/acusticaysonido.net\/ayshome\/wp-content\/uploads\/2020\/05\/sgm-lighting-logo-300x92.jpg 300w, http:\/\/acusticaysonido.net\/ayshome\/wp-content\/uploads\/2020\/05\/sgm-lighting-logo-768x236.jpg 768w\" sizes=\"(max-width: 820px) 100vw, 820px\" \/><\/a>     <a href=\"http:\/\/acusticaysonido.net\/ayshome\/index.php\/aurora-multimedia\/\"><img loading=\"lazy\" decoding=\"async\" width=\"640\" height=\"160\" class=\"wp-image-310\" style=\"width: 150px;\" src=\"http:\/\/acusticaysonido.net\/ayshome\/wp-content\/uploads\/2020\/05\/Aurora_Logo_Edited.jpg\" alt=\"\" srcset=\"http:\/\/acusticaysonido.net\/ayshome\/wp-content\/uploads\/2020\/05\/Aurora_Logo_Edited.jpg 640w, http:\/\/acusticaysonido.net\/ayshome\/wp-content\/uploads\/2020\/05\/Aurora_Logo_Edited-600x150.jpg 600w, http:\/\/acusticaysonido.net\/ayshome\/wp-content\/uploads\/2020\/05\/Aurora_Logo_Edited-300x75.jpg 300w\" sizes=\"(max-width: 640px) 100vw, 640px\" \/><\/a>     <a href=\"http:\/\/acusticaysonido.net\/ayshome\/index.php\/lowell\/\"><img loading=\"lazy\" decoding=\"async\" width=\"1178\" height=\"364\" class=\"wp-image-351\" style=\"width: 150px;\" src=\"http:\/\/acusticaysonido.net\/ayshome\/wp-content\/uploads\/2020\/05\/LOWELL-logo.png\" alt=\"\" srcset=\"http:\/\/acusticaysonido.net\/ayshome\/wp-content\/uploads\/2020\/05\/LOWELL-logo.png 1178w, http:\/\/acusticaysonido.net\/ayshome\/wp-content\/uploads\/2020\/05\/LOWELL-logo-600x185.png 600w, http:\/\/acusticaysonido.net\/ayshome\/wp-content\/uploads\/2020\/05\/LOWELL-logo-300x93.png 300w, http:\/\/acusticaysonido.net\/ayshome\/wp-content\/uploads\/2020\/05\/LOWELL-logo-1024x316.png 1024w, http:\/\/acusticaysonido.net\/ayshome\/wp-content\/uploads\/2020\/05\/LOWELL-logo-768x237.png 768w\" sizes=\"(max-width: 1178px) 100vw, 1178px\" \/><\/a><\/p>\n\n\n\n<figure class=\"wp-block-gallery columns-3 is-cropped wp-block-gallery-1 is-layout-flex wp-block-gallery-is-layout-flex\"><ul class=\"blocks-gallery-grid\"><li class=\"blocks-gallery-item\"><figure><a href=\"http:\/\/acusticaysonido.net\/ayshome\/wp-content\/uploads\/2020\/05\/DRELM_BAR_Desires_1-1024x683.jpg\"><img loading=\"lazy\" decoding=\"async\" width=\"1024\" height=\"683\" src=\"http:\/\/acusticaysonido.net\/ayshome\/wp-content\/uploads\/2020\/05\/DRELM_BAR_Desires_1-1024x683.jpg\" alt=\"\" data-id=\"617\" data-link=\"http:\/\/acusticaysonido.net\/ayshome\/index.php\/hotel-dreams-las-mareas\/drelm_bar_desires_1\/\" class=\"wp-image-617\" srcset=\"http:\/\/acusticaysonido.net\/ayshome\/wp-content\/uploads\/2020\/05\/DRELM_BAR_Desires_1-1024x683.jpg 1024w, http:\/\/acusticaysonido.net\/ayshome\/wp-content\/uploads\/2020\/05\/DRELM_BAR_Desires_1-scaled-600x400.jpg 600w, http:\/\/acusticaysonido.net\/ayshome\/wp-content\/uploads\/2020\/05\/DRELM_BAR_Desires_1-300x200.jpg 300w, http:\/\/acusticaysonido.net\/ayshome\/wp-content\/uploads\/2020\/05\/DRELM_BAR_Desires_1-768x512.jpg 768w, http:\/\/acusticaysonido.net\/ayshome\/wp-content\/uploads\/2020\/05\/DRELM_BAR_Desires_1-1536x1024.jpg 1536w, http:\/\/acusticaysonido.net\/ayshome\/wp-content\/uploads\/2020\/05\/DRELM_BAR_Desires_1-2048x1365.jpg 2048w\" sizes=\"(max-width: 1024px) 100vw, 1024px\" \/><\/a><\/figure><\/li><li class=\"blocks-gallery-item\"><figure><a href=\"http:\/\/acusticaysonido.net\/ayshome\/wp-content\/uploads\/2020\/05\/DRELM_RES_WorldCafe_1A-1024x683.jpg\"><img loading=\"lazy\" decoding=\"async\" width=\"1024\" height=\"683\" src=\"http:\/\/acusticaysonido.net\/ayshome\/wp-content\/uploads\/2020\/05\/DRELM_RES_WorldCafe_1A-1024x683.jpg\" alt=\"\" data-id=\"619\" data-link=\"http:\/\/acusticaysonido.net\/ayshome\/index.php\/hotel-dreams-las-mareas\/drelm_res_worldcafe_1a\/\" class=\"wp-image-619\" srcset=\"http:\/\/acusticaysonido.net\/ayshome\/wp-content\/uploads\/2020\/05\/DRELM_RES_WorldCafe_1A-1024x683.jpg 1024w, http:\/\/acusticaysonido.net\/ayshome\/wp-content\/uploads\/2020\/05\/DRELM_RES_WorldCafe_1A-scaled-600x400.jpg 600w, http:\/\/acusticaysonido.net\/ayshome\/wp-content\/uploads\/2020\/05\/DRELM_RES_WorldCafe_1A-300x200.jpg 300w, http:\/\/acusticaysonido.net\/ayshome\/wp-content\/uploads\/2020\/05\/DRELM_RES_WorldCafe_1A-768x512.jpg 768w, http:\/\/acusticaysonido.net\/ayshome\/wp-content\/uploads\/2020\/05\/DRELM_RES_WorldCafe_1A-1536x1024.jpg 1536w, http:\/\/acusticaysonido.net\/ayshome\/wp-content\/uploads\/2020\/05\/DRELM_RES_WorldCafe_1A-2048x1365.jpg 2048w\" sizes=\"(max-width: 1024px) 100vw, 1024px\" \/><\/a><\/figure><\/li><li class=\"blocks-gallery-item\"><figure><a href=\"http:\/\/acusticaysonido.net\/ayshome\/wp-content\/uploads\/2020\/05\/DRELM_WED_Ballroom_2-1024x683.jpg\"><img loading=\"lazy\" decoding=\"async\" width=\"1024\" height=\"683\" src=\"http:\/\/acusticaysonido.net\/ayshome\/wp-content\/uploads\/2020\/05\/DRELM_WED_Ballroom_2-1024x683.jpg\" alt=\"\" data-id=\"622\" data-link=\"http:\/\/acusticaysonido.net\/ayshome\/index.php\/hotel-dreams-las-mareas\/drelm_wed_ballroom_2\/\" class=\"wp-image-622\" srcset=\"http:\/\/acusticaysonido.net\/ayshome\/wp-content\/uploads\/2020\/05\/DRELM_WED_Ballroom_2-1024x683.jpg 1024w, http:\/\/acusticaysonido.net\/ayshome\/wp-content\/uploads\/2020\/05\/DRELM_WED_Ballroom_2-scaled-600x400.jpg 600w, http:\/\/acusticaysonido.net\/ayshome\/wp-content\/uploads\/2020\/05\/DRELM_WED_Ballroom_2-300x200.jpg 300w, http:\/\/acusticaysonido.net\/ayshome\/wp-content\/uploads\/2020\/05\/DRELM_WED_Ballroom_2-768x512.jpg 768w, http:\/\/acusticaysonido.net\/ayshome\/wp-content\/uploads\/2020\/05\/DRELM_WED_Ballroom_2-1536x1024.jpg 1536w, http:\/\/acusticaysonido.net\/ayshome\/wp-content\/uploads\/2020\/05\/DRELM_WED_Ballroom_2-2048x1365.jpg 2048w\" sizes=\"(max-width: 1024px) 100vw, 1024px\" \/><\/a><\/figure><\/li><li class=\"blocks-gallery-item\"><figure><a href=\"http:\/\/acusticaysonido.net\/ayshome\/wp-content\/uploads\/2020\/05\/DRELM_RES_Barracuda_2-1024x683.jpg\"><img loading=\"lazy\" decoding=\"async\" width=\"1024\" height=\"683\" src=\"http:\/\/acusticaysonido.net\/ayshome\/wp-content\/uploads\/2020\/05\/DRELM_RES_Barracuda_2-1024x683.jpg\" alt=\"\" data-id=\"618\" data-link=\"http:\/\/acusticaysonido.net\/ayshome\/index.php\/hotel-dreams-las-mareas\/drelm_res_barracuda_2\/\" class=\"wp-image-618\" srcset=\"http:\/\/acusticaysonido.net\/ayshome\/wp-content\/uploads\/2020\/05\/DRELM_RES_Barracuda_2-1024x683.jpg 1024w, http:\/\/acusticaysonido.net\/ayshome\/wp-content\/uploads\/2020\/05\/DRELM_RES_Barracuda_2-scaled-600x400.jpg 600w, http:\/\/acusticaysonido.net\/ayshome\/wp-content\/uploads\/2020\/05\/DRELM_RES_Barracuda_2-300x200.jpg 300w, http:\/\/acusticaysonido.net\/ayshome\/wp-content\/uploads\/2020\/05\/DRELM_RES_Barracuda_2-768x512.jpg 768w, http:\/\/acusticaysonido.net\/ayshome\/wp-content\/uploads\/2020\/05\/DRELM_RES_Barracuda_2-1536x1024.jpg 1536w, http:\/\/acusticaysonido.net\/ayshome\/wp-content\/uploads\/2020\/05\/DRELM_RES_Barracuda_2-2048x1365.jpg 2048w\" sizes=\"(max-width: 1024px) 100vw, 1024px\" \/><\/a><\/figure><\/li><li class=\"blocks-gallery-item\"><figure><a href=\"http:\/\/acusticaysonido.net\/ayshome\/wp-content\/uploads\/2020\/05\/L_5b14f8bd4fce0_Interior_Dreams_Las_Mareas.jpg\"><img loading=\"lazy\" decoding=\"async\" width=\"800\" height=\"445\" src=\"http:\/\/acusticaysonido.net\/ayshome\/wp-content\/uploads\/2020\/05\/L_5b14f8bd4fce0_Interior_Dreams_Las_Mareas.jpg\" alt=\"\" data-id=\"625\" data-link=\"http:\/\/acusticaysonido.net\/ayshome\/index.php\/hotel-dreams-las-mareas\/l_5b14f8bd4fce0_interior_dreams_las_mareas\/\" class=\"wp-image-625\" srcset=\"http:\/\/acusticaysonido.net\/ayshome\/wp-content\/uploads\/2020\/05\/L_5b14f8bd4fce0_Interior_Dreams_Las_Mareas.jpg 800w, http:\/\/acusticaysonido.net\/ayshome\/wp-content\/uploads\/2020\/05\/L_5b14f8bd4fce0_Interior_Dreams_Las_Mareas-600x334.jpg 600w, http:\/\/acusticaysonido.net\/ayshome\/wp-content\/uploads\/2020\/05\/L_5b14f8bd4fce0_Interior_Dreams_Las_Mareas-300x167.jpg 300w, http:\/\/acusticaysonido.net\/ayshome\/wp-content\/uploads\/2020\/05\/L_5b14f8bd4fce0_Interior_Dreams_Las_Mareas-768x427.jpg 768w\" sizes=\"(max-width: 800px) 100vw, 800px\" \/><\/a><\/figure><\/li><li class=\"blocks-gallery-item\"><figure><a href=\"http:\/\/acusticaysonido.net\/ayshome\/wp-content\/uploads\/2020\/05\/horario-trabajo-1024x683.jpg\"><img loading=\"lazy\" decoding=\"async\" width=\"1024\" height=\"683\" src=\"http:\/\/acusticaysonido.net\/ayshome\/wp-content\/uploads\/2020\/05\/horario-trabajo-1024x683.jpg\" alt=\"\" data-id=\"624\" data-link=\"http:\/\/acusticaysonido.net\/ayshome\/index.php\/hotel-dreams-las-mareas\/horario-trabajo\/\" class=\"wp-image-624\" srcset=\"http:\/\/acusticaysonido.net\/ayshome\/wp-content\/uploads\/2020\/05\/horario-trabajo-1024x683.jpg 1024w, http:\/\/acusticaysonido.net\/ayshome\/wp-content\/uploads\/2020\/05\/horario-trabajo-600x400.jpg 600w, http:\/\/acusticaysonido.net\/ayshome\/wp-content\/uploads\/2020\/05\/horario-trabajo-300x200.jpg 300w, http:\/\/acusticaysonido.net\/ayshome\/wp-content\/uploads\/2020\/05\/horario-trabajo-768x512.jpg 768w, http:\/\/acusticaysonido.net\/ayshome\/wp-content\/uploads\/2020\/05\/horario-trabajo.jpg 1440w\" sizes=\"(max-width: 1024px) 100vw, 1024px\" \/><\/a><\/figure><\/li><li class=\"blocks-gallery-item\"><figure><a href=\"http:\/\/acusticaysonido.net\/ayshome\/wp-content\/uploads\/2020\/05\/DRELM_SPA_BeautySalon_1A-1024x683.jpg\"><img loading=\"lazy\" decoding=\"async\" width=\"1024\" height=\"683\" src=\"http:\/\/acusticaysonido.net\/ayshome\/wp-content\/uploads\/2020\/05\/DRELM_SPA_BeautySalon_1A-1024x683.jpg\" alt=\"\" data-id=\"620\" data-link=\"http:\/\/acusticaysonido.net\/ayshome\/index.php\/hotel-dreams-las-mareas\/drelm_spa_beautysalon_1a\/\" class=\"wp-image-620\" srcset=\"http:\/\/acusticaysonido.net\/ayshome\/wp-content\/uploads\/2020\/05\/DRELM_SPA_BeautySalon_1A-1024x683.jpg 1024w, http:\/\/acusticaysonido.net\/ayshome\/wp-content\/uploads\/2020\/05\/DRELM_SPA_BeautySalon_1A-scaled-600x400.jpg 600w, http:\/\/acusticaysonido.net\/ayshome\/wp-content\/uploads\/2020\/05\/DRELM_SPA_BeautySalon_1A-300x200.jpg 300w, http:\/\/acusticaysonido.net\/ayshome\/wp-content\/uploads\/2020\/05\/DRELM_SPA_BeautySalon_1A-768x512.jpg 768w, http:\/\/acusticaysonido.net\/ayshome\/wp-content\/uploads\/2020\/05\/DRELM_SPA_BeautySalon_1A-1536x1024.jpg 1536w, http:\/\/acusticaysonido.net\/ayshome\/wp-content\/uploads\/2020\/05\/DRELM_SPA_BeautySalon_1A-2048x1365.jpg 2048w\" sizes=\"(max-width: 1024px) 100vw, 1024px\" \/><\/a><\/figure><\/li><li class=\"blocks-gallery-item\"><figure><a href=\"http:\/\/acusticaysonido.net\/ayshome\/wp-content\/uploads\/2020\/05\/DRELM_SPA_RelaxationArea_1A-1024x683.jpg\"><img loading=\"lazy\" decoding=\"async\" width=\"1024\" height=\"683\" src=\"http:\/\/acusticaysonido.net\/ayshome\/wp-content\/uploads\/2020\/05\/DRELM_SPA_RelaxationArea_1A-1024x683.jpg\" alt=\"\" data-id=\"621\" data-link=\"http:\/\/acusticaysonido.net\/ayshome\/index.php\/hotel-dreams-las-mareas\/drelm_spa_relaxationarea_1a\/\" class=\"wp-image-621\" srcset=\"http:\/\/acusticaysonido.net\/ayshome\/wp-content\/uploads\/2020\/05\/DRELM_SPA_RelaxationArea_1A-1024x683.jpg 1024w, http:\/\/acusticaysonido.net\/ayshome\/wp-content\/uploads\/2020\/05\/DRELM_SPA_RelaxationArea_1A-scaled-600x400.jpg 600w, http:\/\/acusticaysonido.net\/ayshome\/wp-content\/uploads\/2020\/05\/DRELM_SPA_RelaxationArea_1A-300x200.jpg 300w, http:\/\/acusticaysonido.net\/ayshome\/wp-content\/uploads\/2020\/05\/DRELM_SPA_RelaxationArea_1A-768x512.jpg 768w, http:\/\/acusticaysonido.net\/ayshome\/wp-content\/uploads\/2020\/05\/DRELM_SPA_RelaxationArea_1A-1536x1024.jpg 1536w, http:\/\/acusticaysonido.net\/ayshome\/wp-content\/uploads\/2020\/05\/DRELM_SPA_RelaxationArea_1A-2048x1365.jpg 2048w\" sizes=\"(max-width: 1024px) 100vw, 1024px\" \/><\/a><\/figure><\/li><li class=\"blocks-gallery-item\"><figure><a href=\"http:\/\/acusticaysonido.net\/ayshome\/wp-content\/uploads\/2020\/05\/dreams-las-mareas-1.jpg\"><img loading=\"lazy\" decoding=\"async\" width=\"550\" height=\"413\" src=\"http:\/\/acusticaysonido.net\/ayshome\/wp-content\/uploads\/2020\/05\/dreams-las-mareas-1.jpg\" alt=\"\" data-id=\"628\" data-full-url=\"http:\/\/acusticaysonido.net\/ayshome\/wp-content\/uploads\/2020\/05\/dreams-las-mareas-1.jpg\" data-link=\"http:\/\/acusticaysonido.net\/ayshome\/index.php\/hotel-dreams-las-mareas\/dreams-las-mareas-1\/\" class=\"wp-image-628\" srcset=\"http:\/\/acusticaysonido.net\/ayshome\/wp-content\/uploads\/2020\/05\/dreams-las-mareas-1.jpg 550w, http:\/\/acusticaysonido.net\/ayshome\/wp-content\/uploads\/2020\/05\/dreams-las-mareas-1-300x225.jpg 300w\" sizes=\"(max-width: 550px) 100vw, 550px\" \/><\/a><\/figure><\/li><li class=\"blocks-gallery-item\"><figure><a href=\"http:\/\/acusticaysonido.net\/ayshome\/wp-content\/uploads\/2020\/05\/dreammareas-1024x335.jpg\"><img loading=\"lazy\" decoding=\"async\" width=\"1024\" height=\"335\" src=\"http:\/\/acusticaysonido.net\/ayshome\/wp-content\/uploads\/2020\/05\/dreammareas-1024x335.jpg\" alt=\"\" data-id=\"627\" data-link=\"http:\/\/acusticaysonido.net\/ayshome\/index.php\/hotel-dreams-las-mareas\/dreammareas\/\" class=\"wp-image-627\" srcset=\"http:\/\/acusticaysonido.net\/ayshome\/wp-content\/uploads\/2020\/05\/dreammareas-1024x335.jpg 1024w, http:\/\/acusticaysonido.net\/ayshome\/wp-content\/uploads\/2020\/05\/dreammareas-600x196.jpg 600w, http:\/\/acusticaysonido.net\/ayshome\/wp-content\/uploads\/2020\/05\/dreammareas-300x98.jpg 300w, http:\/\/acusticaysonido.net\/ayshome\/wp-content\/uploads\/2020\/05\/dreammareas-768x251.jpg 768w, http:\/\/acusticaysonido.net\/ayshome\/wp-content\/uploads\/2020\/05\/dreammareas.jpg 1400w\" sizes=\"(max-width: 1024px) 100vw, 1024px\" \/><\/a><\/figure><\/li><\/ul><\/figure>\n","protected":false},"excerpt":{"rendered":"<p>Hotel Dreams Las Mareas Resorts &amp; Spas Dreams Las Mareas Resorts &amp; Spas es un hotel de lujo, ubicado en una extensa playa repleta de palmeras y rodeado de exuberantes monta\u00f1as verdes y selvas en Playa El Jobo en la regi\u00f3n de Guanacaste de Costa Rica. En este magn\u00edfico hotel Ac\u00fastica y Sonido tuvo el [&hellip;]<\/p>\n","protected":false},"author":1,"featured_media":615,"parent":0,"menu_order":0,"comment_status":"closed","ping_status":"closed","template":"","meta":{"footnotes":""},"_links":{"self":[{"href":"http:\/\/acusticaysonido.net\/ayshome\/index.php\/wp-json\/wp\/v2\/pages\/463"}],"collection":[{"href":"http:\/\/acusticaysonido.net\/ayshome\/index.php\/wp-json\/wp\/v2\/pages"}],"about":[{"href":"http:\/\/acusticaysonido.net\/ayshome\/index.php\/wp-json\/wp\/v2\/types\/page"}],"author":[{"embeddable":true,"href":"http:\/\/acusticaysonido.net\/ayshome\/index.php\/wp-json\/wp\/v2\/users\/1"}],"replies":[{"embeddable":true,"href":"http:\/\/acusticaysonido.net\/ayshome\/index.php\/wp-json\/wp\/v2\/comments?post=463"}],"version-history":[{"count":10,"href":"http:\/\/acusticaysonido.net\/ayshome\/index.php\/wp-json\/wp\/v2\/pages\/463\/revisions"}],"predecessor-version":[{"id":750,"href":"http:\/\/acusticaysonido.net\/ayshome\/index.php\/wp-json\/wp\/v2\/pages\/463\/revisions\/750"}],"wp:featuredmedia":[{"embeddable":true,"href":"http:\/\/acusticaysonido.net\/ayshome\/index.php\/wp-json\/wp\/v2\/media\/615"}],"wp:attachment":[{"href":"http:\/\/acusticaysonido.net\/ayshome\/index.php\/wp-json\/wp\/v2\/media?parent=463"}],"curies":[{"name":"wp","href":"https:\/\/api.w.org\/{rel}","templated":true}]}}