{"id":462,"date":"2020-05-08T16:04:15","date_gmt":"2020-05-08T22:04:15","guid":{"rendered":"http:\/\/acusticaysonido.net\/ayshome\/?page_id=462"},"modified":"2020-05-14T12:07:42","modified_gmt":"2020-05-14T18:07:42","slug":"hngg-hospital-raul-blanco-cervantes","status":"publish","type":"page","link":"http:\/\/acusticaysonido.net\/ayshome\/index.php\/hngg-hospital-raul-blanco-cervantes\/","title":{"rendered":"HNGG (Hospital Raul Blanco Cervantes)"},"content":{"rendered":"\n<h2 class=\"wp-block-heading\"><strong>Hospital Nacional de Geriatr\u00eda y Gerontolog\u00eda Dr. Ra\u00fal Blanco Cervantes (HNGG)<\/strong><\/h2>\n\n\n\n<p>El Hospital Nacional de Geriatr\u00eda y Gerontolog\u00eda Dr. Ra\u00fal Blanco Cervantes, conocido como HNGG, es un centro hospitalario especializado en la atenci\u00f3n de la persona adulta mayor, y est\u00e1 ubicado en San Jos\u00e9. Ac\u00fastica y Sonido fue contratado para realizar el dise\u00f1o, instalaci\u00f3n y puesta en marcha del sistema de sonido para diversas \u00e1reas, as\u00ed como el sistema de evacuaci\u00f3n EN-54 de RCF (EVAC), sistema que se integra a otros sistemas brindando voceo a todas las \u00e1reas comunes del centro, as\u00ed como llamado de emergencia integrado a la central telef\u00f3nica del hospital y m\u00fasica ambiente para diferentes sectores. Sistema con alimentaci\u00f3n ininterrumpida las 24 horas con un banco de bater\u00edas para garantizar el constante funcionamiento del sistema en caso de falla del fluido el\u00e9ctrico en el hospital.<\/p>\n\n\n\n<p class=\"has-text-color has-vivid-cyan-blue-color\"><a href=\"http:\/\/acusticaysonido.net\/ayshome\/index.php\/contactenos\/\" target=\"_blank\" rel=\"noreferrer noopener\">Cont\u00e1ctenos y solicite su cotizaci\u00f3n para su proyecto.<\/a><\/p>\n\n\n\n<p>Marcas utilizadas en el proyecto<\/p>\n\n\n\n<p><a href=\"http:\/\/acusticaysonido.net\/ayshome\/index.php\/rcf-italy\/\"><img loading=\"lazy\" decoding=\"async\" width=\"1022\" height=\"1022\" class=\"wp-image-313\" style=\"width: 150px;\" src=\"http:\/\/acusticaysonido.net\/ayshome\/wp-content\/uploads\/2020\/05\/rcf_logo.jpg\" alt=\"\" srcset=\"http:\/\/acusticaysonido.net\/ayshome\/wp-content\/uploads\/2020\/05\/rcf_logo.jpg 1022w, http:\/\/acusticaysonido.net\/ayshome\/wp-content\/uploads\/2020\/05\/rcf_logo-300x300.jpg 300w, http:\/\/acusticaysonido.net\/ayshome\/wp-content\/uploads\/2020\/05\/rcf_logo-100x100.jpg 100w, http:\/\/acusticaysonido.net\/ayshome\/wp-content\/uploads\/2020\/05\/rcf_logo-600x600.jpg 600w, http:\/\/acusticaysonido.net\/ayshome\/wp-content\/uploads\/2020\/05\/rcf_logo-150x150.jpg 150w, http:\/\/acusticaysonido.net\/ayshome\/wp-content\/uploads\/2020\/05\/rcf_logo-768x768.jpg 768w\" sizes=\"(max-width: 1022px) 100vw, 1022px\" \/><\/a>     <a href=\"http:\/\/acusticaysonido.net\/ayshome\/index.php\/liberty-av-solutions\/\"><img loading=\"lazy\" decoding=\"async\" width=\"845\" height=\"180\" class=\"wp-image-348\" style=\"width: 150px;\" src=\"http:\/\/acusticaysonido.net\/ayshome\/wp-content\/uploads\/2020\/05\/LibertyAVSolutions_LOGO_no-tagline.png\" alt=\"\" srcset=\"http:\/\/acusticaysonido.net\/ayshome\/wp-content\/uploads\/2020\/05\/LibertyAVSolutions_LOGO_no-tagline.png 845w, http:\/\/acusticaysonido.net\/ayshome\/wp-content\/uploads\/2020\/05\/LibertyAVSolutions_LOGO_no-tagline-600x128.png 600w, http:\/\/acusticaysonido.net\/ayshome\/wp-content\/uploads\/2020\/05\/LibertyAVSolutions_LOGO_no-tagline-300x64.png 300w, http:\/\/acusticaysonido.net\/ayshome\/wp-content\/uploads\/2020\/05\/LibertyAVSolutions_LOGO_no-tagline-768x164.png 768w\" sizes=\"(max-width: 845px) 100vw, 845px\" \/><\/a>     <a href=\"http:\/\/acusticaysonido.net\/ayshome\/index.php\/lowell\/\"><img loading=\"lazy\" decoding=\"async\" width=\"1178\" height=\"364\" class=\"wp-image-351\" style=\"width: 150px;\" src=\"http:\/\/acusticaysonido.net\/ayshome\/wp-content\/uploads\/2020\/05\/LOWELL-logo.png\" alt=\"\" srcset=\"http:\/\/acusticaysonido.net\/ayshome\/wp-content\/uploads\/2020\/05\/LOWELL-logo.png 1178w, http:\/\/acusticaysonido.net\/ayshome\/wp-content\/uploads\/2020\/05\/LOWELL-logo-600x185.png 600w, http:\/\/acusticaysonido.net\/ayshome\/wp-content\/uploads\/2020\/05\/LOWELL-logo-300x93.png 300w, http:\/\/acusticaysonido.net\/ayshome\/wp-content\/uploads\/2020\/05\/LOWELL-logo-1024x316.png 1024w, http:\/\/acusticaysonido.net\/ayshome\/wp-content\/uploads\/2020\/05\/LOWELL-logo-768x237.png 768w\" sizes=\"(max-width: 1178px) 100vw, 1178px\" \/><\/a><\/p>\n\n\n\n<figure class=\"wp-block-gallery columns-3 is-cropped wp-block-gallery-1 is-layout-flex wp-block-gallery-is-layout-flex\"><ul class=\"blocks-gallery-grid\"><li class=\"blocks-gallery-item\"><figure><a href=\"http:\/\/acusticaysonido.net\/ayshome\/wp-content\/uploads\/2020\/05\/01.jpg\"><img loading=\"lazy\" decoding=\"async\" width=\"1024\" height=\"687\" src=\"http:\/\/acusticaysonido.net\/ayshome\/wp-content\/uploads\/2020\/05\/01.jpg\" alt=\"\" data-id=\"633\" data-full-url=\"http:\/\/acusticaysonido.net\/ayshome\/wp-content\/uploads\/2020\/05\/01.jpg\" data-link=\"http:\/\/acusticaysonido.net\/ayshome\/index.php\/hngg-hospital-raul-blanco-cervantes\/attachment\/01\/\" class=\"wp-image-633\" srcset=\"http:\/\/acusticaysonido.net\/ayshome\/wp-content\/uploads\/2020\/05\/01.jpg 1024w, http:\/\/acusticaysonido.net\/ayshome\/wp-content\/uploads\/2020\/05\/01-600x403.jpg 600w, http:\/\/acusticaysonido.net\/ayshome\/wp-content\/uploads\/2020\/05\/01-300x201.jpg 300w, http:\/\/acusticaysonido.net\/ayshome\/wp-content\/uploads\/2020\/05\/01-768x515.jpg 768w\" sizes=\"(max-width: 1024px) 100vw, 1024px\" \/><\/a><\/figure><\/li><li class=\"blocks-gallery-item\"><figure><a href=\"http:\/\/acusticaysonido.net\/ayshome\/wp-content\/uploads\/2020\/05\/02.jpg\"><img loading=\"lazy\" decoding=\"async\" width=\"1024\" height=\"687\" src=\"http:\/\/acusticaysonido.net\/ayshome\/wp-content\/uploads\/2020\/05\/02.jpg\" alt=\"\" data-id=\"634\" data-full-url=\"http:\/\/acusticaysonido.net\/ayshome\/wp-content\/uploads\/2020\/05\/02.jpg\" data-link=\"http:\/\/acusticaysonido.net\/ayshome\/index.php\/hngg-hospital-raul-blanco-cervantes\/attachment\/02\/\" class=\"wp-image-634\" srcset=\"http:\/\/acusticaysonido.net\/ayshome\/wp-content\/uploads\/2020\/05\/02.jpg 1024w, http:\/\/acusticaysonido.net\/ayshome\/wp-content\/uploads\/2020\/05\/02-600x403.jpg 600w, http:\/\/acusticaysonido.net\/ayshome\/wp-content\/uploads\/2020\/05\/02-300x201.jpg 300w, http:\/\/acusticaysonido.net\/ayshome\/wp-content\/uploads\/2020\/05\/02-768x515.jpg 768w\" sizes=\"(max-width: 1024px) 100vw, 1024px\" \/><\/a><\/figure><\/li><li class=\"blocks-gallery-item\"><figure><a href=\"http:\/\/acusticaysonido.net\/ayshome\/wp-content\/uploads\/2020\/05\/WhatsApp-Image-2020-05-14-at-11.45.30-AM-1.jpeg\"><img loading=\"lazy\" decoding=\"async\" width=\"770\" height=\"1024\" src=\"http:\/\/acusticaysonido.net\/ayshome\/wp-content\/uploads\/2020\/05\/WhatsApp-Image-2020-05-14-at-11.45.30-AM-1-770x1024.jpeg\" alt=\"\" data-id=\"736\" data-full-url=\"http:\/\/acusticaysonido.net\/ayshome\/wp-content\/uploads\/2020\/05\/WhatsApp-Image-2020-05-14-at-11.45.30-AM-1.jpeg\" data-link=\"http:\/\/acusticaysonido.net\/ayshome\/index.php\/hngg-hospital-raul-blanco-cervantes\/whatsapp-image-2020-05-14-at-11-45-30-am-1\/\" class=\"wp-image-736\" srcset=\"http:\/\/acusticaysonido.net\/ayshome\/wp-content\/uploads\/2020\/05\/WhatsApp-Image-2020-05-14-at-11.45.30-AM-1-770x1024.jpeg 770w, http:\/\/acusticaysonido.net\/ayshome\/wp-content\/uploads\/2020\/05\/WhatsApp-Image-2020-05-14-at-11.45.30-AM-1-600x798.jpeg 600w, http:\/\/acusticaysonido.net\/ayshome\/wp-content\/uploads\/2020\/05\/WhatsApp-Image-2020-05-14-at-11.45.30-AM-1-226x300.jpeg 226w, http:\/\/acusticaysonido.net\/ayshome\/wp-content\/uploads\/2020\/05\/WhatsApp-Image-2020-05-14-at-11.45.30-AM-1-768x1022.jpeg 768w, http:\/\/acusticaysonido.net\/ayshome\/wp-content\/uploads\/2020\/05\/WhatsApp-Image-2020-05-14-at-11.45.30-AM-1.jpeg 872w\" sizes=\"(max-width: 770px) 100vw, 770px\" \/><\/a><\/figure><\/li><li class=\"blocks-gallery-item\"><figure><a href=\"http:\/\/acusticaysonido.net\/ayshome\/wp-content\/uploads\/2020\/05\/WhatsApp-Image-2020-05-14-at-11.45.31-AM-1.jpeg\"><img loading=\"lazy\" decoding=\"async\" width=\"770\" height=\"1024\" src=\"http:\/\/acusticaysonido.net\/ayshome\/wp-content\/uploads\/2020\/05\/WhatsApp-Image-2020-05-14-at-11.45.31-AM-1-770x1024.jpeg\" alt=\"\" data-id=\"737\" data-full-url=\"http:\/\/acusticaysonido.net\/ayshome\/wp-content\/uploads\/2020\/05\/WhatsApp-Image-2020-05-14-at-11.45.31-AM-1.jpeg\" data-link=\"http:\/\/acusticaysonido.net\/ayshome\/index.php\/hngg-hospital-raul-blanco-cervantes\/whatsapp-image-2020-05-14-at-11-45-31-am-1\/\" class=\"wp-image-737\" srcset=\"http:\/\/acusticaysonido.net\/ayshome\/wp-content\/uploads\/2020\/05\/WhatsApp-Image-2020-05-14-at-11.45.31-AM-1-770x1024.jpeg 770w, http:\/\/acusticaysonido.net\/ayshome\/wp-content\/uploads\/2020\/05\/WhatsApp-Image-2020-05-14-at-11.45.31-AM-1-600x798.jpeg 600w, http:\/\/acusticaysonido.net\/ayshome\/wp-content\/uploads\/2020\/05\/WhatsApp-Image-2020-05-14-at-11.45.31-AM-1-226x300.jpeg 226w, http:\/\/acusticaysonido.net\/ayshome\/wp-content\/uploads\/2020\/05\/WhatsApp-Image-2020-05-14-at-11.45.31-AM-1-768x1022.jpeg 768w, http:\/\/acusticaysonido.net\/ayshome\/wp-content\/uploads\/2020\/05\/WhatsApp-Image-2020-05-14-at-11.45.31-AM-1.jpeg 872w\" sizes=\"(max-width: 770px) 100vw, 770px\" \/><\/a><\/figure><\/li><li class=\"blocks-gallery-item\"><figure><a href=\"http:\/\/acusticaysonido.net\/ayshome\/wp-content\/uploads\/2020\/05\/WhatsApp-Image-2020-05-14-at-11.45.31-AM.jpeg\"><img loading=\"lazy\" decoding=\"async\" width=\"770\" height=\"1024\" src=\"http:\/\/acusticaysonido.net\/ayshome\/wp-content\/uploads\/2020\/05\/WhatsApp-Image-2020-05-14-at-11.45.31-AM-770x1024.jpeg\" alt=\"\" data-id=\"738\" data-full-url=\"http:\/\/acusticaysonido.net\/ayshome\/wp-content\/uploads\/2020\/05\/WhatsApp-Image-2020-05-14-at-11.45.31-AM.jpeg\" data-link=\"http:\/\/acusticaysonido.net\/ayshome\/index.php\/hngg-hospital-raul-blanco-cervantes\/whatsapp-image-2020-05-14-at-11-45-31-am\/\" class=\"wp-image-738\" srcset=\"http:\/\/acusticaysonido.net\/ayshome\/wp-content\/uploads\/2020\/05\/WhatsApp-Image-2020-05-14-at-11.45.31-AM-770x1024.jpeg 770w, http:\/\/acusticaysonido.net\/ayshome\/wp-content\/uploads\/2020\/05\/WhatsApp-Image-2020-05-14-at-11.45.31-AM-600x798.jpeg 600w, http:\/\/acusticaysonido.net\/ayshome\/wp-content\/uploads\/2020\/05\/WhatsApp-Image-2020-05-14-at-11.45.31-AM-226x300.jpeg 226w, http:\/\/acusticaysonido.net\/ayshome\/wp-content\/uploads\/2020\/05\/WhatsApp-Image-2020-05-14-at-11.45.31-AM-768x1022.jpeg 768w, http:\/\/acusticaysonido.net\/ayshome\/wp-content\/uploads\/2020\/05\/WhatsApp-Image-2020-05-14-at-11.45.31-AM.jpeg 872w\" sizes=\"(max-width: 770px) 100vw, 770px\" \/><\/a><\/figure><\/li><\/ul><\/figure>\n","protected":false},"excerpt":{"rendered":"<p>Hospital Nacional de Geriatr\u00eda y Gerontolog\u00eda Dr. Ra\u00fal Blanco Cervantes (HNGG) El Hospital Nacional de Geriatr\u00eda y Gerontolog\u00eda Dr. Ra\u00fal Blanco Cervantes, conocido como HNGG, es un centro hospitalario especializado en la atenci\u00f3n de la persona adulta mayor, y est\u00e1 ubicado en San Jos\u00e9. Ac\u00fastica y Sonido fue contratado para realizar el dise\u00f1o, instalaci\u00f3n y [&hellip;]<\/p>\n","protected":false},"author":1,"featured_media":633,"parent":0,"menu_order":0,"comment_status":"closed","ping_status":"closed","template":"","meta":{"footnotes":""},"_links":{"self":[{"href":"http:\/\/acusticaysonido.net\/ayshome\/index.php\/wp-json\/wp\/v2\/pages\/462"}],"collection":[{"href":"http:\/\/acusticaysonido.net\/ayshome\/index.php\/wp-json\/wp\/v2\/pages"}],"about":[{"href":"http:\/\/acusticaysonido.net\/ayshome\/index.php\/wp-json\/wp\/v2\/types\/page"}],"author":[{"embeddable":true,"href":"http:\/\/acusticaysonido.net\/ayshome\/index.php\/wp-json\/wp\/v2\/users\/1"}],"replies":[{"embeddable":true,"href":"http:\/\/acusticaysonido.net\/ayshome\/index.php\/wp-json\/wp\/v2\/comments?post=462"}],"version-history":[{"count":6,"href":"http:\/\/acusticaysonido.net\/ayshome\/index.php\/wp-json\/wp\/v2\/pages\/462\/revisions"}],"predecessor-version":[{"id":742,"href":"http:\/\/acusticaysonido.net\/ayshome\/index.php\/wp-json\/wp\/v2\/pages\/462\/revisions\/742"}],"wp:featuredmedia":[{"embeddable":true,"href":"http:\/\/acusticaysonido.net\/ayshome\/index.php\/wp-json\/wp\/v2\/media\/633"}],"wp:attachment":[{"href":"http:\/\/acusticaysonido.net\/ayshome\/index.php\/wp-json\/wp\/v2\/media?parent=462"}],"curies":[{"name":"wp","href":"https:\/\/api.w.org\/{rel}","templated":true}]}}