{"id":461,"date":"2020-05-08T16:04:15","date_gmt":"2020-05-08T22:04:15","guid":{"rendered":"http:\/\/acusticaysonido.net\/ayshome\/?page_id=461"},"modified":"2020-05-14T13:45:50","modified_gmt":"2020-05-14T19:45:50","slug":"museo-del-jade","status":"publish","type":"page","link":"http:\/\/acusticaysonido.net\/ayshome\/index.php\/museo-del-jade\/","title":{"rendered":"Museo del Jade"},"content":{"rendered":"\n<h2 class=\"wp-block-heading\">Museo del Jade y la Cultura Precolombina<\/h2>\n\n\n\n<p>El nuevo Museo del Jade y la Cultura Precolombina del Instituto Nacional de Seguros (INS), ubicado en el centro de San Jos\u00e9, fue inaugurado en Mayo de 2014, en este hermoso museo Ac\u00fastica y Sonido tuvo el honor de realizar toda la instalaci\u00f3n y puesta en marcha del sistema de sonido para todas las \u00e1reas comunes, adem\u00e1s de la implementaci\u00f3n del voceo a todo el interior del edificio, la instalaci\u00f3n del sonido del auditorio con sistema de control automatizado desde una pantalla t\u00e1ctil en el escenario, cuyo centro de mando se encuentra en la cabina de control del mismo auditorio, se instal\u00f3 adem\u00e1s un sistema de colaboraci\u00f3n o video conferencia para la comunicaci\u00f3n entre las diferentes locaciones del INS o bien terceros, tambi\u00e9n instalamos todo el sistema de proyecci\u00f3n tanto proyectores como pantallas de proyecci\u00f3n el\u00e9ctricas en el auditorio y en las diferentes salas de reuni\u00f3n del edificio.<\/p>\n\n\n\n<p class=\"has-text-color has-vivid-cyan-blue-color\"><a rel=\"noreferrer noopener\" href=\"http:\/\/acusticaysonido.net\/ayshome\/index.php\/contactenos\/\" target=\"_blank\">Cont\u00e1ctenos y solicite su cotizaci\u00f3n para su proyecto.<\/a><\/p>\n\n\n\n<p>Marcas utilizadas en el proyecto.<\/p>\n\n\n\n<p><a href=\"http:\/\/acusticaysonido.net\/ayshome\/index.php\/rcf-italy\/\"><img loading=\"lazy\" decoding=\"async\" width=\"1022\" height=\"1022\" class=\"wp-image-313\" style=\"width: 150px;\" src=\"http:\/\/acusticaysonido.net\/ayshome\/wp-content\/uploads\/2020\/05\/rcf_logo.jpg\" alt=\"\" srcset=\"http:\/\/acusticaysonido.net\/ayshome\/wp-content\/uploads\/2020\/05\/rcf_logo.jpg 1022w, http:\/\/acusticaysonido.net\/ayshome\/wp-content\/uploads\/2020\/05\/rcf_logo-300x300.jpg 300w, http:\/\/acusticaysonido.net\/ayshome\/wp-content\/uploads\/2020\/05\/rcf_logo-100x100.jpg 100w, http:\/\/acusticaysonido.net\/ayshome\/wp-content\/uploads\/2020\/05\/rcf_logo-600x600.jpg 600w, http:\/\/acusticaysonido.net\/ayshome\/wp-content\/uploads\/2020\/05\/rcf_logo-150x150.jpg 150w, http:\/\/acusticaysonido.net\/ayshome\/wp-content\/uploads\/2020\/05\/rcf_logo-768x768.jpg 768w\" sizes=\"(max-width: 1022px) 100vw, 1022px\" \/><\/a>     <a href=\"http:\/\/acusticaysonido.net\/ayshome\/index.php\/nec-display\/\"><img loading=\"lazy\" decoding=\"async\" width=\"2500\" height=\"679\" class=\"wp-image-334\" style=\"width: 150px;\" src=\"http:\/\/acusticaysonido.net\/ayshome\/wp-content\/uploads\/2020\/05\/nec-logo.png\" alt=\"\" srcset=\"http:\/\/acusticaysonido.net\/ayshome\/wp-content\/uploads\/2020\/05\/nec-logo.png 2500w, http:\/\/acusticaysonido.net\/ayshome\/wp-content\/uploads\/2020\/05\/nec-logo-600x163.png 600w, http:\/\/acusticaysonido.net\/ayshome\/wp-content\/uploads\/2020\/05\/nec-logo-300x81.png 300w, http:\/\/acusticaysonido.net\/ayshome\/wp-content\/uploads\/2020\/05\/nec-logo-1024x278.png 1024w, http:\/\/acusticaysonido.net\/ayshome\/wp-content\/uploads\/2020\/05\/nec-logo-768x209.png 768w, http:\/\/acusticaysonido.net\/ayshome\/wp-content\/uploads\/2020\/05\/nec-logo-1536x417.png 1536w, http:\/\/acusticaysonido.net\/ayshome\/wp-content\/uploads\/2020\/05\/nec-logo-2048x556.png 2048w\" sizes=\"(max-width: 2500px) 100vw, 2500px\" \/><\/a>     <a href=\"http:\/\/acusticaysonido.net\/ayshome\/index.php\/liberty-av-solutions\/\"><img loading=\"lazy\" decoding=\"async\" width=\"845\" height=\"180\" class=\"wp-image-348\" style=\"width: 150px;\" src=\"http:\/\/acusticaysonido.net\/ayshome\/wp-content\/uploads\/2020\/05\/LibertyAVSolutions_LOGO_no-tagline.png\" alt=\"\" srcset=\"http:\/\/acusticaysonido.net\/ayshome\/wp-content\/uploads\/2020\/05\/LibertyAVSolutions_LOGO_no-tagline.png 845w, http:\/\/acusticaysonido.net\/ayshome\/wp-content\/uploads\/2020\/05\/LibertyAVSolutions_LOGO_no-tagline-600x128.png 600w, http:\/\/acusticaysonido.net\/ayshome\/wp-content\/uploads\/2020\/05\/LibertyAVSolutions_LOGO_no-tagline-300x64.png 300w, http:\/\/acusticaysonido.net\/ayshome\/wp-content\/uploads\/2020\/05\/LibertyAVSolutions_LOGO_no-tagline-768x164.png 768w\" sizes=\"(max-width: 845px) 100vw, 845px\" \/><\/a>     <a href=\"http:\/\/acusticaysonido.net\/ayshome\/index.php\/clearone\/\"><img loading=\"lazy\" decoding=\"async\" width=\"900\" height=\"500\" class=\"wp-image-328\" style=\"width: 150px;\" src=\"http:\/\/acusticaysonido.net\/ayshome\/wp-content\/uploads\/2020\/05\/clearone-inc-vector-logo.png\" alt=\"\" srcset=\"http:\/\/acusticaysonido.net\/ayshome\/wp-content\/uploads\/2020\/05\/clearone-inc-vector-logo.png 900w, http:\/\/acusticaysonido.net\/ayshome\/wp-content\/uploads\/2020\/05\/clearone-inc-vector-logo-600x333.png 600w, http:\/\/acusticaysonido.net\/ayshome\/wp-content\/uploads\/2020\/05\/clearone-inc-vector-logo-300x167.png 300w, http:\/\/acusticaysonido.net\/ayshome\/wp-content\/uploads\/2020\/05\/clearone-inc-vector-logo-768x427.png 768w\" sizes=\"(max-width: 900px) 100vw, 900px\" \/><\/a>     <a href=\"http:\/\/acusticaysonido.net\/ayshome\/index.php\/omnya\/\"><img loading=\"lazy\" decoding=\"async\" width=\"808\" height=\"139\" class=\"wp-image-325\" style=\"width: 150px;\" src=\"http:\/\/acusticaysonido.net\/ayshome\/wp-content\/uploads\/2020\/05\/Omnya-Eklesia-LOGO1.png\" alt=\"\" srcset=\"http:\/\/acusticaysonido.net\/ayshome\/wp-content\/uploads\/2020\/05\/Omnya-Eklesia-LOGO1.png 808w, http:\/\/acusticaysonido.net\/ayshome\/wp-content\/uploads\/2020\/05\/Omnya-Eklesia-LOGO1-600x103.png 600w, http:\/\/acusticaysonido.net\/ayshome\/wp-content\/uploads\/2020\/05\/Omnya-Eklesia-LOGO1-300x52.png 300w, http:\/\/acusticaysonido.net\/ayshome\/wp-content\/uploads\/2020\/05\/Omnya-Eklesia-LOGO1-768x132.png 768w\" sizes=\"(max-width: 808px) 100vw, 808px\" \/><\/a>     <a href=\"http:\/\/acusticaysonido.net\/ayshome\/index.php\/lowell\/\"><img loading=\"lazy\" decoding=\"async\" width=\"1178\" height=\"364\" class=\"wp-image-351\" style=\"width: 150px;\" src=\"http:\/\/acusticaysonido.net\/ayshome\/wp-content\/uploads\/2020\/05\/LOWELL-logo.png\" alt=\"\" srcset=\"http:\/\/acusticaysonido.net\/ayshome\/wp-content\/uploads\/2020\/05\/LOWELL-logo.png 1178w, http:\/\/acusticaysonido.net\/ayshome\/wp-content\/uploads\/2020\/05\/LOWELL-logo-600x185.png 600w, http:\/\/acusticaysonido.net\/ayshome\/wp-content\/uploads\/2020\/05\/LOWELL-logo-300x93.png 300w, http:\/\/acusticaysonido.net\/ayshome\/wp-content\/uploads\/2020\/05\/LOWELL-logo-1024x316.png 1024w, http:\/\/acusticaysonido.net\/ayshome\/wp-content\/uploads\/2020\/05\/LOWELL-logo-768x237.png 768w\" sizes=\"(max-width: 1178px) 100vw, 1178px\" \/><\/a><\/p>\n\n\n\n<figure class=\"wp-block-gallery columns-3 is-cropped wp-block-gallery-1 is-layout-flex wp-block-gallery-is-layout-flex\"><ul class=\"blocks-gallery-grid\"><li class=\"blocks-gallery-item\"><figure><a href=\"http:\/\/acusticaysonido.net\/ayshome\/wp-content\/uploads\/2020\/05\/Museo_de_Jade_y_Arte_Precolombino.jpg\"><img loading=\"lazy\" decoding=\"async\" width=\"1024\" height=\"683\" src=\"http:\/\/acusticaysonido.net\/ayshome\/wp-content\/uploads\/2020\/05\/Museo_de_Jade_y_Arte_Precolombino-1024x683.jpg\" alt=\"\" data-id=\"608\" data-full-url=\"http:\/\/acusticaysonido.net\/ayshome\/wp-content\/uploads\/2020\/05\/Museo_de_Jade_y_Arte_Precolombino.jpg\" data-link=\"http:\/\/acusticaysonido.net\/ayshome\/index.php\/museo-del-jade\/museo_de_jade_y_arte_precolombino\/\" class=\"wp-image-608\" srcset=\"http:\/\/acusticaysonido.net\/ayshome\/wp-content\/uploads\/2020\/05\/Museo_de_Jade_y_Arte_Precolombino-1024x683.jpg 1024w, http:\/\/acusticaysonido.net\/ayshome\/wp-content\/uploads\/2020\/05\/Museo_de_Jade_y_Arte_Precolombino-600x400.jpg 600w, http:\/\/acusticaysonido.net\/ayshome\/wp-content\/uploads\/2020\/05\/Museo_de_Jade_y_Arte_Precolombino-300x200.jpg 300w, http:\/\/acusticaysonido.net\/ayshome\/wp-content\/uploads\/2020\/05\/Museo_de_Jade_y_Arte_Precolombino-768x512.jpg 768w, http:\/\/acusticaysonido.net\/ayshome\/wp-content\/uploads\/2020\/05\/Museo_de_Jade_y_Arte_Precolombino.jpg 1200w\" sizes=\"(max-width: 1024px) 100vw, 1024px\" \/><\/a><\/figure><\/li><li class=\"blocks-gallery-item\"><figure><a href=\"http:\/\/acusticaysonido.net\/ayshome\/wp-content\/uploads\/2020\/05\/11149067_lbxQwtMm7DqwMs_DR8dLg5TT5Ex4KRBI6tsI7YG7_KM.jpg\"><img loading=\"lazy\" decoding=\"async\" width=\"600\" height=\"600\" src=\"http:\/\/acusticaysonido.net\/ayshome\/wp-content\/uploads\/2020\/05\/11149067_lbxQwtMm7DqwMs_DR8dLg5TT5Ex4KRBI6tsI7YG7_KM.jpg\" alt=\"\" data-id=\"596\" data-full-url=\"http:\/\/acusticaysonido.net\/ayshome\/wp-content\/uploads\/2020\/05\/11149067_lbxQwtMm7DqwMs_DR8dLg5TT5Ex4KRBI6tsI7YG7_KM.jpg\" data-link=\"http:\/\/acusticaysonido.net\/ayshome\/index.php\/museo-del-jade\/11149067_lbxqwtmm7dqwms_dr8dlg5tt5ex4krbi6tsi7yg7_km\/\" class=\"wp-image-596\" srcset=\"http:\/\/acusticaysonido.net\/ayshome\/wp-content\/uploads\/2020\/05\/11149067_lbxQwtMm7DqwMs_DR8dLg5TT5Ex4KRBI6tsI7YG7_KM.jpg 600w, http:\/\/acusticaysonido.net\/ayshome\/wp-content\/uploads\/2020\/05\/11149067_lbxQwtMm7DqwMs_DR8dLg5TT5Ex4KRBI6tsI7YG7_KM-300x300.jpg 300w, http:\/\/acusticaysonido.net\/ayshome\/wp-content\/uploads\/2020\/05\/11149067_lbxQwtMm7DqwMs_DR8dLg5TT5Ex4KRBI6tsI7YG7_KM-100x100.jpg 100w, http:\/\/acusticaysonido.net\/ayshome\/wp-content\/uploads\/2020\/05\/11149067_lbxQwtMm7DqwMs_DR8dLg5TT5Ex4KRBI6tsI7YG7_KM-150x150.jpg 150w\" sizes=\"(max-width: 600px) 100vw, 600px\" \/><\/a><\/figure><\/li><li class=\"blocks-gallery-item\"><figure><a href=\"http:\/\/acusticaysonido.net\/ayshome\/wp-content\/uploads\/2020\/05\/Bz3yBwHIIAAgNPk.jpg\"><img loading=\"lazy\" decoding=\"async\" width=\"600\" height=\"450\" src=\"http:\/\/acusticaysonido.net\/ayshome\/wp-content\/uploads\/2020\/05\/Bz3yBwHIIAAgNPk.jpg\" alt=\"\" data-id=\"597\" data-full-url=\"http:\/\/acusticaysonido.net\/ayshome\/wp-content\/uploads\/2020\/05\/Bz3yBwHIIAAgNPk.jpg\" data-link=\"http:\/\/acusticaysonido.net\/ayshome\/index.php\/museo-del-jade\/bz3ybwhiiaagnpk\/\" class=\"wp-image-597\" srcset=\"http:\/\/acusticaysonido.net\/ayshome\/wp-content\/uploads\/2020\/05\/Bz3yBwHIIAAgNPk.jpg 600w, http:\/\/acusticaysonido.net\/ayshome\/wp-content\/uploads\/2020\/05\/Bz3yBwHIIAAgNPk-300x225.jpg 300w\" sizes=\"(max-width: 600px) 100vw, 600px\" \/><\/a><\/figure><\/li><li class=\"blocks-gallery-item\"><figure><a href=\"http:\/\/acusticaysonido.net\/ayshome\/wp-content\/uploads\/2020\/05\/incorporacion_miembros_tec_anc_kmora_01.jpg\"><img loading=\"lazy\" decoding=\"async\" width=\"1024\" height=\"640\" src=\"http:\/\/acusticaysonido.net\/ayshome\/wp-content\/uploads\/2020\/05\/incorporacion_miembros_tec_anc_kmora_01-1024x640.jpg\" alt=\"\" data-id=\"598\" data-full-url=\"http:\/\/acusticaysonido.net\/ayshome\/wp-content\/uploads\/2020\/05\/incorporacion_miembros_tec_anc_kmora_01.jpg\" data-link=\"http:\/\/acusticaysonido.net\/ayshome\/index.php\/museo-del-jade\/incorporacion_miembros_tec_anc_kmora_01\/\" class=\"wp-image-598\" srcset=\"http:\/\/acusticaysonido.net\/ayshome\/wp-content\/uploads\/2020\/05\/incorporacion_miembros_tec_anc_kmora_01-1024x640.jpg 1024w, http:\/\/acusticaysonido.net\/ayshome\/wp-content\/uploads\/2020\/05\/incorporacion_miembros_tec_anc_kmora_01-600x375.jpg 600w, http:\/\/acusticaysonido.net\/ayshome\/wp-content\/uploads\/2020\/05\/incorporacion_miembros_tec_anc_kmora_01-300x188.jpg 300w, http:\/\/acusticaysonido.net\/ayshome\/wp-content\/uploads\/2020\/05\/incorporacion_miembros_tec_anc_kmora_01-768x480.jpg 768w, http:\/\/acusticaysonido.net\/ayshome\/wp-content\/uploads\/2020\/05\/incorporacion_miembros_tec_anc_kmora_01-405x253.jpg 405w, http:\/\/acusticaysonido.net\/ayshome\/wp-content\/uploads\/2020\/05\/incorporacion_miembros_tec_anc_kmora_01.jpg 1280w\" sizes=\"(max-width: 1024px) 100vw, 1024px\" \/><\/a><\/figure><\/li><li class=\"blocks-gallery-item\"><figure><a href=\"http:\/\/acusticaysonido.net\/ayshome\/wp-content\/uploads\/2020\/05\/Museo-del-Jade_2.jpg\"><img loading=\"lazy\" decoding=\"async\" width=\"600\" height=\"400\" src=\"http:\/\/acusticaysonido.net\/ayshome\/wp-content\/uploads\/2020\/05\/Museo-del-Jade_2.jpg\" alt=\"\" data-id=\"601\" data-full-url=\"http:\/\/acusticaysonido.net\/ayshome\/wp-content\/uploads\/2020\/05\/Museo-del-Jade_2.jpg\" data-link=\"http:\/\/acusticaysonido.net\/ayshome\/index.php\/museo-del-jade\/museo-del-jade_2\/\" class=\"wp-image-601\" srcset=\"http:\/\/acusticaysonido.net\/ayshome\/wp-content\/uploads\/2020\/05\/Museo-del-Jade_2.jpg 600w, http:\/\/acusticaysonido.net\/ayshome\/wp-content\/uploads\/2020\/05\/Museo-del-Jade_2-300x200.jpg 300w\" sizes=\"(max-width: 600px) 100vw, 600px\" \/><\/a><\/figure><\/li><\/ul><\/figure>\n","protected":false},"excerpt":{"rendered":"<p>Museo del Jade y la Cultura Precolombina El nuevo Museo del Jade y la Cultura Precolombina del Instituto Nacional de Seguros (INS), ubicado en el centro de San Jos\u00e9, fue inaugurado en Mayo de 2014, en este hermoso museo Ac\u00fastica y Sonido tuvo el honor de realizar toda la instalaci\u00f3n y puesta en marcha del [&hellip;]<\/p>\n","protected":false},"author":1,"featured_media":609,"parent":0,"menu_order":0,"comment_status":"closed","ping_status":"closed","template":"","meta":{"footnotes":""},"_links":{"self":[{"href":"http:\/\/acusticaysonido.net\/ayshome\/index.php\/wp-json\/wp\/v2\/pages\/461"}],"collection":[{"href":"http:\/\/acusticaysonido.net\/ayshome\/index.php\/wp-json\/wp\/v2\/pages"}],"about":[{"href":"http:\/\/acusticaysonido.net\/ayshome\/index.php\/wp-json\/wp\/v2\/types\/page"}],"author":[{"embeddable":true,"href":"http:\/\/acusticaysonido.net\/ayshome\/index.php\/wp-json\/wp\/v2\/users\/1"}],"replies":[{"embeddable":true,"href":"http:\/\/acusticaysonido.net\/ayshome\/index.php\/wp-json\/wp\/v2\/comments?post=461"}],"version-history":[{"count":13,"href":"http:\/\/acusticaysonido.net\/ayshome\/index.php\/wp-json\/wp\/v2\/pages\/461\/revisions"}],"predecessor-version":[{"id":751,"href":"http:\/\/acusticaysonido.net\/ayshome\/index.php\/wp-json\/wp\/v2\/pages\/461\/revisions\/751"}],"wp:featuredmedia":[{"embeddable":true,"href":"http:\/\/acusticaysonido.net\/ayshome\/index.php\/wp-json\/wp\/v2\/media\/609"}],"wp:attachment":[{"href":"http:\/\/acusticaysonido.net\/ayshome\/index.php\/wp-json\/wp\/v2\/media?parent=461"}],"curies":[{"name":"wp","href":"https:\/\/api.w.org\/{rel}","templated":true}]}}