{"id":255,"date":"2020-05-08T10:54:44","date_gmt":"2020-05-08T16:54:44","guid":{"rendered":"http:\/\/acusticaysonido.net\/ayshome\/?page_id=255"},"modified":"2020-05-20T16:01:08","modified_gmt":"2020-05-20T22:01:08","slug":"dreamvision","status":"publish","type":"page","link":"http:\/\/acusticaysonido.net\/ayshome\/index.php\/dreamvision\/","title":{"rendered":"DreamVision"},"content":{"rendered":"\n<figure class=\"wp-block-image size-large is-resized\"><a href=\"http:\/\/www.dreamvision.net\/\" target=\"_blank\" rel=\"noopener noreferrer\"><img loading=\"lazy\" decoding=\"async\" src=\"http:\/\/acusticaysonido.net\/ayshome\/wp-content\/uploads\/2020\/05\/dreamvision_logo_2.png\" alt=\"\" class=\"wp-image-339\" width=\"285\" height=\"65\" srcset=\"http:\/\/acusticaysonido.net\/ayshome\/wp-content\/uploads\/2020\/05\/dreamvision_logo_2.png 512w, http:\/\/acusticaysonido.net\/ayshome\/wp-content\/uploads\/2020\/05\/dreamvision_logo_2-300x69.png 300w\" sizes=\"(max-width: 285px) 100vw, 285px\" \/><\/a><\/figure>\n\n\n\n<hr class=\"wp-block-separator\"\/>\n\n\n\n<p><a rel=\"noreferrer noopener\" href=\"http:\/\/www.dreamvision.net\/\" target=\"_blank\"><span class=\"has-inline-color has-vivid-cyan-blue-color\">Visitar p\u00e1gina web de Dream Vision<\/span><\/a><\/p>\n\n\n\n<hr class=\"wp-block-separator\"\/>\n\n\n\n<p>Ubicada en Par\u00eds y administrada por Jean Claude YOUNES, esta compa\u00f1\u00eda francesa naci\u00f3 en 1982, siendo la primera compa\u00f1\u00eda en importar videoproyectores en el mercado franc\u00e9s.<br><br>Jean-Claude YOUNES comenz\u00f3 en 1986 a importar y distribuir la marca Vidikron, desarrollando una innovadora pol\u00edtica de marketing basada en el lema \u00abLe Cin\u00e9ma \u00e0 la Maison\u00bb (El cine en casa). Estableci\u00f3 una s\u00f3lida red de minoristas en Francia, eligi\u00e9ndolos entre las tiendas minoristas independientes de alta fidelidad de alta gama y los instaladores.<br><br>Utilizando esta rica experiencia de 30 a\u00f1os y dispuesto a compartir su pasi\u00f3n por el cine en casa, Jean Claude YOUNES decidi\u00f3 crear su propia marca en 1996, bas\u00e1ndose en un concepto simple:<\/p>\n\n\n\n<p>Hacer so\u00f1ar a la gente, y as\u00ed, ofrecer proyectores de alta gama.<\/p>\n\n\n\n<p>Traer el sue\u00f1o a casa y, por lo tanto, proponer productos de gama media a alta, a un precio relativamente accesible<\/p>\n\n\n\n<hr class=\"wp-block-separator\"\/>\n\n\n\n<figure class=\"wp-block-gallery columns-3 is-cropped wp-block-gallery-1 is-layout-flex wp-block-gallery-is-layout-flex\"><ul class=\"blocks-gallery-grid\"><li class=\"blocks-gallery-item\"><figure><img loading=\"lazy\" decoding=\"async\" width=\"980\" height=\"400\" src=\"http:\/\/acusticaysonido.net\/ayshome\/wp-content\/uploads\/2020\/05\/029_eos1.jpg\" alt=\"\" data-id=\"518\" data-link=\"http:\/\/acusticaysonido.net\/ayshome\/index.php\/dreamvision\/029_eos1\/\" class=\"wp-image-518\" srcset=\"http:\/\/acusticaysonido.net\/ayshome\/wp-content\/uploads\/2020\/05\/029_eos1.jpg 980w, http:\/\/acusticaysonido.net\/ayshome\/wp-content\/uploads\/2020\/05\/029_eos1-600x245.jpg 600w, http:\/\/acusticaysonido.net\/ayshome\/wp-content\/uploads\/2020\/05\/029_eos1-300x122.jpg 300w, http:\/\/acusticaysonido.net\/ayshome\/wp-content\/uploads\/2020\/05\/029_eos1-768x313.jpg 768w\" sizes=\"(max-width: 980px) 100vw, 980px\" \/><\/figure><\/li><li class=\"blocks-gallery-item\"><figure><img loading=\"lazy\" decoding=\"async\" width=\"650\" height=\"450\" src=\"http:\/\/acusticaysonido.net\/ayshome\/wp-content\/uploads\/2020\/05\/ust25-4500hdi.jpg\" alt=\"\" data-id=\"506\" data-link=\"http:\/\/acusticaysonido.net\/ayshome\/index.php\/dreamvision\/ust25-4500hdi\/\" class=\"wp-image-506\" srcset=\"http:\/\/acusticaysonido.net\/ayshome\/wp-content\/uploads\/2020\/05\/ust25-4500hdi.jpg 650w, http:\/\/acusticaysonido.net\/ayshome\/wp-content\/uploads\/2020\/05\/ust25-4500hdi-600x415.jpg 600w, http:\/\/acusticaysonido.net\/ayshome\/wp-content\/uploads\/2020\/05\/ust25-4500hdi-300x208.jpg 300w\" sizes=\"(max-width: 650px) 100vw, 650px\" \/><\/figure><\/li><li class=\"blocks-gallery-item\"><figure><img loading=\"lazy\" decoding=\"async\" width=\"650\" height=\"380\" src=\"http:\/\/acusticaysonido.net\/ayshome\/wp-content\/uploads\/2020\/05\/dreamy-geek2.jpg\" alt=\"\" data-id=\"516\" data-link=\"http:\/\/acusticaysonido.net\/ayshome\/index.php\/dreamvision\/dreamy-geek2\/\" class=\"wp-image-516\" srcset=\"http:\/\/acusticaysonido.net\/ayshome\/wp-content\/uploads\/2020\/05\/dreamy-geek2.jpg 650w, http:\/\/acusticaysonido.net\/ayshome\/wp-content\/uploads\/2020\/05\/dreamy-geek2-600x351.jpg 600w, http:\/\/acusticaysonido.net\/ayshome\/wp-content\/uploads\/2020\/05\/dreamy-geek2-300x175.jpg 300w\" sizes=\"(max-width: 650px) 100vw, 650px\" \/><\/figure><\/li><li class=\"blocks-gallery-item\"><figure><img loading=\"lazy\" decoding=\"async\" width=\"650\" height=\"450\" src=\"http:\/\/acusticaysonido.net\/ayshome\/wp-content\/uploads\/2020\/05\/best3Dpassive_award.jpg\" alt=\"\" data-id=\"519\" data-link=\"http:\/\/acusticaysonido.net\/ayshome\/index.php\/dreamvision\/best3dpassive_award\/\" class=\"wp-image-519\" srcset=\"http:\/\/acusticaysonido.net\/ayshome\/wp-content\/uploads\/2020\/05\/best3Dpassive_award.jpg 650w, http:\/\/acusticaysonido.net\/ayshome\/wp-content\/uploads\/2020\/05\/best3Dpassive_award-600x415.jpg 600w, http:\/\/acusticaysonido.net\/ayshome\/wp-content\/uploads\/2020\/05\/best3Dpassive_award-300x208.jpg 300w\" sizes=\"(max-width: 650px) 100vw, 650px\" \/><\/figure><\/li><li class=\"blocks-gallery-item\"><figure><img loading=\"lazy\" decoding=\"async\" width=\"650\" height=\"400\" src=\"http:\/\/acusticaysonido.net\/ayshome\/wp-content\/uploads\/2020\/05\/helios.jpg\" alt=\"\" data-id=\"520\" data-link=\"http:\/\/acusticaysonido.net\/ayshome\/index.php\/dreamvision\/helios\/\" class=\"wp-image-520\" srcset=\"http:\/\/acusticaysonido.net\/ayshome\/wp-content\/uploads\/2020\/05\/helios.jpg 650w, http:\/\/acusticaysonido.net\/ayshome\/wp-content\/uploads\/2020\/05\/helios-600x369.jpg 600w, http:\/\/acusticaysonido.net\/ayshome\/wp-content\/uploads\/2020\/05\/helios-300x185.jpg 300w\" sizes=\"(max-width: 650px) 100vw, 650px\" \/><\/figure><\/li><\/ul><\/figure>\n","protected":false},"excerpt":{"rendered":"<p>Visitar p\u00e1gina web de Dream Vision Ubicada en Par\u00eds y administrada por Jean Claude YOUNES, esta compa\u00f1\u00eda francesa naci\u00f3 en 1982, siendo la primera compa\u00f1\u00eda en importar videoproyectores en el mercado franc\u00e9s. Jean-Claude YOUNES comenz\u00f3 en 1986 a importar y distribuir la marca Vidikron, desarrollando una innovadora pol\u00edtica de marketing basada en el lema \u00abLe [&hellip;]<\/p>\n","protected":false},"author":1,"featured_media":0,"parent":0,"menu_order":0,"comment_status":"closed","ping_status":"closed","template":"","meta":{"footnotes":""},"_links":{"self":[{"href":"http:\/\/acusticaysonido.net\/ayshome\/index.php\/wp-json\/wp\/v2\/pages\/255"}],"collection":[{"href":"http:\/\/acusticaysonido.net\/ayshome\/index.php\/wp-json\/wp\/v2\/pages"}],"about":[{"href":"http:\/\/acusticaysonido.net\/ayshome\/index.php\/wp-json\/wp\/v2\/types\/page"}],"author":[{"embeddable":true,"href":"http:\/\/acusticaysonido.net\/ayshome\/index.php\/wp-json\/wp\/v2\/users\/1"}],"replies":[{"embeddable":true,"href":"http:\/\/acusticaysonido.net\/ayshome\/index.php\/wp-json\/wp\/v2\/comments?post=255"}],"version-history":[{"count":14,"href":"http:\/\/acusticaysonido.net\/ayshome\/index.php\/wp-json\/wp\/v2\/pages\/255\/revisions"}],"predecessor-version":[{"id":951,"href":"http:\/\/acusticaysonido.net\/ayshome\/index.php\/wp-json\/wp\/v2\/pages\/255\/revisions\/951"}],"wp:attachment":[{"href":"http:\/\/acusticaysonido.net\/ayshome\/index.php\/wp-json\/wp\/v2\/media?parent=255"}],"curies":[{"name":"wp","href":"https:\/\/api.w.org\/{rel}","templated":true}]}}