{"id":206,"date":"2020-05-08T10:46:41","date_gmt":"2020-05-08T16:46:41","guid":{"rendered":"http:\/\/acusticaysonido.net\/ayshome\/?page_id=206"},"modified":"2020-05-20T15:48:33","modified_gmt":"2020-05-20T21:48:33","slug":"nec-display","status":"publish","type":"page","link":"http:\/\/acusticaysonido.net\/ayshome\/index.php\/nec-display\/","title":{"rendered":"NEC Display"},"content":{"rendered":"\n<figure class=\"wp-block-image size-large is-resized\"><a href=\"https:\/\/www.necdisplay.com\/\" target=\"_blank\" rel=\"noopener noreferrer\"><img loading=\"lazy\" decoding=\"async\" src=\"http:\/\/acusticaysonido.net\/ayshome\/wp-content\/uploads\/2020\/05\/nec-logo-1024x278.png\" alt=\"\" class=\"wp-image-334\" width=\"157\" height=\"42\" srcset=\"http:\/\/acusticaysonido.net\/ayshome\/wp-content\/uploads\/2020\/05\/nec-logo-1024x278.png 1024w, http:\/\/acusticaysonido.net\/ayshome\/wp-content\/uploads\/2020\/05\/nec-logo-600x163.png 600w, http:\/\/acusticaysonido.net\/ayshome\/wp-content\/uploads\/2020\/05\/nec-logo-300x81.png 300w, http:\/\/acusticaysonido.net\/ayshome\/wp-content\/uploads\/2020\/05\/nec-logo-768x209.png 768w, http:\/\/acusticaysonido.net\/ayshome\/wp-content\/uploads\/2020\/05\/nec-logo-1536x417.png 1536w, http:\/\/acusticaysonido.net\/ayshome\/wp-content\/uploads\/2020\/05\/nec-logo-2048x556.png 2048w\" sizes=\"(max-width: 157px) 100vw, 157px\" \/><\/a><\/figure>\n\n\n\n<hr class=\"wp-block-separator\"\/>\n\n\n\n<p><a href=\"https:\/\/www.necdisplay.com\/\" target=\"_blank\" rel=\"noreferrer noopener\"><span class=\"has-inline-color has-vivid-cyan-blue-color\">Visitar p\u00e1gina web de NEC Display<\/span><\/a><\/p>\n\n\n\n<hr class=\"wp-block-separator\"\/>\n\n\n\n<p>\u00bfQUI\u00c9N ES NEC DISPLAY SOLUTIONS?<\/p>\n\n\n\n<p>El nombre de esta compa\u00f1\u00eda subraya su posici\u00f3n de liderazgo en el mercado de pantallas y su papel como una compa\u00f1\u00eda completa de soluciones de pantallas: NEC Display Solutions para una mayor eficiencia y productividad individual, para el mejor retorno de la inversi\u00f3n (ROI) y protecci\u00f3n de la inversi\u00f3n.<br><br>Sean cuales sean sus necesidades, NEC Display Solutions tiene el producto adecuado. Ning\u00fan otro proveedor de hoy puede ofrecer una cartera tan completa y orientada a las soluciones como NEC Display Solutions tiene hoy. NEC Display Solutions re\u00fane a expertos en la industria y ofrece un \u00fanico punto de contacto para proporcionar soluciones de visualizaci\u00f3n total para una variedad de mercados verticales. NEC Display Solutions ofrece el toque personal de una peque\u00f1a empresa pero con capacidades de alcance global.<\/p>\n\n\n\n<hr class=\"wp-block-separator\"\/>\n\n\n\n<figure class=\"wp-block-gallery columns-3 is-cropped wp-block-gallery-1 is-layout-flex wp-block-gallery-is-layout-flex\"><ul class=\"blocks-gallery-grid\"><li class=\"blocks-gallery-item\"><figure><img loading=\"lazy\" decoding=\"async\" width=\"340\" height=\"340\" src=\"http:\/\/acusticaysonido.net\/ayshome\/wp-content\/uploads\/2020\/05\/np-pa803u_upperslant-rt.png\" alt=\"\" data-id=\"491\" data-link=\"http:\/\/acusticaysonido.net\/ayshome\/index.php\/nec-display\/np-pa803u_upperslant-rt\/\" class=\"wp-image-491\" srcset=\"http:\/\/acusticaysonido.net\/ayshome\/wp-content\/uploads\/2020\/05\/np-pa803u_upperslant-rt.png 340w, http:\/\/acusticaysonido.net\/ayshome\/wp-content\/uploads\/2020\/05\/np-pa803u_upperslant-rt-300x300.png 300w, http:\/\/acusticaysonido.net\/ayshome\/wp-content\/uploads\/2020\/05\/np-pa803u_upperslant-rt-100x100.png 100w, http:\/\/acusticaysonido.net\/ayshome\/wp-content\/uploads\/2020\/05\/np-pa803u_upperslant-rt-150x150.png 150w\" sizes=\"(max-width: 340px) 100vw, 340px\" \/><\/figure><\/li><li class=\"blocks-gallery-item\"><figure><img loading=\"lazy\" decoding=\"async\" width=\"340\" height=\"340\" src=\"http:\/\/acusticaysonido.net\/ayshome\/wp-content\/uploads\/2020\/05\/np-p554w_slanthero.png\" alt=\"\" data-id=\"490\" data-link=\"http:\/\/acusticaysonido.net\/ayshome\/index.php\/nec-display\/np-p554w_slanthero\/\" class=\"wp-image-490\" srcset=\"http:\/\/acusticaysonido.net\/ayshome\/wp-content\/uploads\/2020\/05\/np-p554w_slanthero.png 340w, http:\/\/acusticaysonido.net\/ayshome\/wp-content\/uploads\/2020\/05\/np-p554w_slanthero-300x300.png 300w, http:\/\/acusticaysonido.net\/ayshome\/wp-content\/uploads\/2020\/05\/np-p554w_slanthero-100x100.png 100w, http:\/\/acusticaysonido.net\/ayshome\/wp-content\/uploads\/2020\/05\/np-p554w_slanthero-150x150.png 150w\" sizes=\"(max-width: 340px) 100vw, 340px\" \/><\/figure><\/li><li class=\"blocks-gallery-item\"><figure><img loading=\"lazy\" decoding=\"async\" width=\"340\" height=\"340\" src=\"http:\/\/acusticaysonido.net\/ayshome\/wp-content\/uploads\/2020\/05\/np-um361xi-tm.png\" alt=\"\" data-id=\"492\" data-link=\"http:\/\/acusticaysonido.net\/ayshome\/index.php\/nec-display\/np-um361xi-tm\/\" class=\"wp-image-492\" srcset=\"http:\/\/acusticaysonido.net\/ayshome\/wp-content\/uploads\/2020\/05\/np-um361xi-tm.png 340w, http:\/\/acusticaysonido.net\/ayshome\/wp-content\/uploads\/2020\/05\/np-um361xi-tm-300x300.png 300w, http:\/\/acusticaysonido.net\/ayshome\/wp-content\/uploads\/2020\/05\/np-um361xi-tm-100x100.png 100w, http:\/\/acusticaysonido.net\/ayshome\/wp-content\/uploads\/2020\/05\/np-um361xi-tm-150x150.png 150w\" sizes=\"(max-width: 340px) 100vw, 340px\" \/><\/figure><\/li><li class=\"blocks-gallery-item\"><figure><img loading=\"lazy\" decoding=\"async\" width=\"340\" height=\"340\" src=\"http:\/\/acusticaysonido.net\/ayshome\/wp-content\/uploads\/2020\/05\/nc2402ml_upperslant_b_w.png\" alt=\"\" data-id=\"489\" data-link=\"http:\/\/acusticaysonido.net\/ayshome\/index.php\/nec-display\/nc2402ml_upperslant_b_w\/\" class=\"wp-image-489\" srcset=\"http:\/\/acusticaysonido.net\/ayshome\/wp-content\/uploads\/2020\/05\/nc2402ml_upperslant_b_w.png 340w, http:\/\/acusticaysonido.net\/ayshome\/wp-content\/uploads\/2020\/05\/nc2402ml_upperslant_b_w-300x300.png 300w, http:\/\/acusticaysonido.net\/ayshome\/wp-content\/uploads\/2020\/05\/nc2402ml_upperslant_b_w-100x100.png 100w, http:\/\/acusticaysonido.net\/ayshome\/wp-content\/uploads\/2020\/05\/nc2402ml_upperslant_b_w-150x150.png 150w\" sizes=\"(max-width: 340px) 100vw, 340px\" \/><\/figure><\/li><li class=\"blocks-gallery-item\"><figure><img loading=\"lazy\" decoding=\"async\" width=\"340\" height=\"340\" src=\"http:\/\/acusticaysonido.net\/ayshome\/wp-content\/uploads\/2020\/05\/np-px803ul-w-18.png\" alt=\"\" data-id=\"495\" data-link=\"http:\/\/acusticaysonido.net\/ayshome\/index.php\/nec-display\/np-px803ul-w-18\/\" class=\"wp-image-495\" srcset=\"http:\/\/acusticaysonido.net\/ayshome\/wp-content\/uploads\/2020\/05\/np-px803ul-w-18.png 340w, http:\/\/acusticaysonido.net\/ayshome\/wp-content\/uploads\/2020\/05\/np-px803ul-w-18-300x300.png 300w, http:\/\/acusticaysonido.net\/ayshome\/wp-content\/uploads\/2020\/05\/np-px803ul-w-18-100x100.png 100w, http:\/\/acusticaysonido.net\/ayshome\/wp-content\/uploads\/2020\/05\/np-px803ul-w-18-150x150.png 150w\" sizes=\"(max-width: 340px) 100vw, 340px\" \/><\/figure><\/li><li class=\"blocks-gallery-item\"><figure><img loading=\"lazy\" decoding=\"async\" width=\"480\" height=\"480\" src=\"http:\/\/acusticaysonido.net\/ayshome\/wp-content\/uploads\/2020\/05\/led-q2-b.png\" alt=\"\" data-id=\"496\" data-link=\"http:\/\/acusticaysonido.net\/ayshome\/index.php\/nec-display\/led-q2-b\/\" class=\"wp-image-496\" srcset=\"http:\/\/acusticaysonido.net\/ayshome\/wp-content\/uploads\/2020\/05\/led-q2-b.png 480w, http:\/\/acusticaysonido.net\/ayshome\/wp-content\/uploads\/2020\/05\/led-q2-b-300x300.png 300w, http:\/\/acusticaysonido.net\/ayshome\/wp-content\/uploads\/2020\/05\/led-q2-b-100x100.png 100w, http:\/\/acusticaysonido.net\/ayshome\/wp-content\/uploads\/2020\/05\/led-q2-b-150x150.png 150w\" sizes=\"(max-width: 480px) 100vw, 480px\" \/><\/figure><\/li><li class=\"blocks-gallery-item\"><figure><img loading=\"lazy\" decoding=\"async\" width=\"340\" height=\"340\" src=\"http:\/\/acusticaysonido.net\/ayshome\/wp-content\/uploads\/2020\/05\/as242w-bk_lt.png\" alt=\"\" data-id=\"497\" data-link=\"http:\/\/acusticaysonido.net\/ayshome\/index.php\/nec-display\/as242w-bk_lt\/\" class=\"wp-image-497\" srcset=\"http:\/\/acusticaysonido.net\/ayshome\/wp-content\/uploads\/2020\/05\/as242w-bk_lt.png 340w, http:\/\/acusticaysonido.net\/ayshome\/wp-content\/uploads\/2020\/05\/as242w-bk_lt-300x300.png 300w, http:\/\/acusticaysonido.net\/ayshome\/wp-content\/uploads\/2020\/05\/as242w-bk_lt-100x100.png 100w, http:\/\/acusticaysonido.net\/ayshome\/wp-content\/uploads\/2020\/05\/as242w-bk_lt-150x150.png 150w\" sizes=\"(max-width: 340px) 100vw, 340px\" \/><\/figure><\/li><li class=\"blocks-gallery-item\"><figure><img loading=\"lazy\" decoding=\"async\" width=\"340\" height=\"340\" src=\"http:\/\/acusticaysonido.net\/ayshome\/wp-content\/uploads\/2020\/05\/c751q_ho_wallmount.png\" alt=\"\" data-id=\"501\" data-full-url=\"http:\/\/acusticaysonido.net\/ayshome\/wp-content\/uploads\/2020\/05\/c751q_ho_wallmount.png\" data-link=\"http:\/\/acusticaysonido.net\/ayshome\/index.php\/nec-display\/c751q_ho_wallmount\/\" class=\"wp-image-501\" srcset=\"http:\/\/acusticaysonido.net\/ayshome\/wp-content\/uploads\/2020\/05\/c751q_ho_wallmount.png 340w, http:\/\/acusticaysonido.net\/ayshome\/wp-content\/uploads\/2020\/05\/c751q_ho_wallmount-300x300.png 300w, http:\/\/acusticaysonido.net\/ayshome\/wp-content\/uploads\/2020\/05\/c751q_ho_wallmount-100x100.png 100w, http:\/\/acusticaysonido.net\/ayshome\/wp-content\/uploads\/2020\/05\/c751q_ho_wallmount-150x150.png 150w\" sizes=\"(max-width: 340px) 100vw, 340px\" \/><\/figure><\/li><li class=\"blocks-gallery-item\"><figure><img loading=\"lazy\" decoding=\"async\" width=\"400\" height=\"300\" src=\"http:\/\/acusticaysonido.net\/ayshome\/wp-content\/uploads\/2020\/05\/VideowallImage2.jpg\" alt=\"\" data-id=\"498\" data-link=\"http:\/\/acusticaysonido.net\/ayshome\/index.php\/nec-display\/videowallimage2\/\" class=\"wp-image-498\" srcset=\"http:\/\/acusticaysonido.net\/ayshome\/wp-content\/uploads\/2020\/05\/VideowallImage2.jpg 400w, http:\/\/acusticaysonido.net\/ayshome\/wp-content\/uploads\/2020\/05\/VideowallImage2-300x225.jpg 300w\" sizes=\"(max-width: 400px) 100vw, 400px\" \/><\/figure><\/li><\/ul><\/figure>\n","protected":false},"excerpt":{"rendered":"<p>Visitar p\u00e1gina web de NEC Display \u00bfQUI\u00c9N ES NEC DISPLAY SOLUTIONS? El nombre de esta compa\u00f1\u00eda subraya su posici\u00f3n de liderazgo en el mercado de pantallas y su papel como una compa\u00f1\u00eda completa de soluciones de pantallas: NEC Display Solutions para una mayor eficiencia y productividad individual, para el mejor retorno de la inversi\u00f3n (ROI) [&hellip;]<\/p>\n","protected":false},"author":1,"featured_media":0,"parent":0,"menu_order":0,"comment_status":"closed","ping_status":"closed","template":"","meta":{"footnotes":""},"_links":{"self":[{"href":"http:\/\/acusticaysonido.net\/ayshome\/index.php\/wp-json\/wp\/v2\/pages\/206"}],"collection":[{"href":"http:\/\/acusticaysonido.net\/ayshome\/index.php\/wp-json\/wp\/v2\/pages"}],"about":[{"href":"http:\/\/acusticaysonido.net\/ayshome\/index.php\/wp-json\/wp\/v2\/types\/page"}],"author":[{"embeddable":true,"href":"http:\/\/acusticaysonido.net\/ayshome\/index.php\/wp-json\/wp\/v2\/users\/1"}],"replies":[{"embeddable":true,"href":"http:\/\/acusticaysonido.net\/ayshome\/index.php\/wp-json\/wp\/v2\/comments?post=206"}],"version-history":[{"count":10,"href":"http:\/\/acusticaysonido.net\/ayshome\/index.php\/wp-json\/wp\/v2\/pages\/206\/revisions"}],"predecessor-version":[{"id":937,"href":"http:\/\/acusticaysonido.net\/ayshome\/index.php\/wp-json\/wp\/v2\/pages\/206\/revisions\/937"}],"wp:attachment":[{"href":"http:\/\/acusticaysonido.net\/ayshome\/index.php\/wp-json\/wp\/v2\/media?parent=206"}],"curies":[{"name":"wp","href":"https:\/\/api.w.org\/{rel}","templated":true}]}}