{"id":205,"date":"2020-05-08T10:46:41","date_gmt":"2020-05-08T16:46:41","guid":{"rendered":"http:\/\/acusticaysonido.net\/ayshome\/?page_id=205"},"modified":"2020-05-20T15:54:33","modified_gmt":"2020-05-20T21:54:33","slug":"technomad","status":"publish","type":"page","link":"http:\/\/acusticaysonido.net\/ayshome\/index.php\/technomad\/","title":{"rendered":"Technomad"},"content":{"rendered":"\n<figure class=\"wp-block-image size-large is-resized\"><a href=\"https:\/\/www.technomad.com\/\" target=\"_blank\" rel=\"noopener noreferrer\"><img loading=\"lazy\" decoding=\"async\" src=\"http:\/\/acusticaysonido.net\/ayshome\/wp-content\/uploads\/2020\/05\/Techno_Logo-nordrop.jpg\" alt=\"\" class=\"wp-image-323\" width=\"195\" height=\"51\"\/><\/a><\/figure>\n\n\n\n<hr class=\"wp-block-separator\"\/>\n\n\n\n<p><a href=\"https:\/\/www.technomad.com\/\" target=\"_blank\" rel=\"noreferrer noopener\"><span class=\"has-inline-color has-vivid-cyan-blue-color\">Visitar p\u00e1gina web de Technomad<\/span><\/a><\/p>\n\n\n\n<hr class=\"wp-block-separator\"\/>\n\n\n\n<p>Technomad es un fabricante estadounidense de altavoces para interiores y altavoces para exteriores resistentes a la intemperie, as\u00ed como de sistemas de megafon\u00eda y amplificadores para exteriores impermeables.<br><br>Desde 1994, Technomad ha fabricado altavoces IP56 de alta fidelidad para intemperie y sistemas de altavoces para exteriores resistentes y confiables.<br><br>Fabrican sistemas de PA listos para usar en uso m\u00f3vil e instalaci\u00f3n permanente. Son ideales para instalaciones deportivas, paging al aire libre, estadios de f\u00fatbol, \u200b\u200b\u00e1reas de usos m\u00faltiples, restaurantes, locales comerciales, centros de entrenamiento y m\u00e1s.<br><br>Sus sistemas de megafon\u00eda incluyen los altavoces totalmente resistentes a la intemperie de Technomad y todo lo que se necesita, es decir, un bastidor de control precableado con mezclador, amplificador, micr\u00f3fono, soportes de montaje en pared, tr\u00edpodes, y cables de altavoz.<br><br>Technomad tambi\u00e9n fabrica los mejores amplificadores impermeables IP66 del mundo, integrados en gabinetes NEMA, estos amplificadores exteriores resistentes a la intemperie est\u00e1n dise\u00f1ados para a\u00f1os de condiciones dif\u00edciles, sin necesidad de espacio para equipos.<br><br>Finalmente, crearon un \u00fatil reproductor de mp3\/grabadora llamado Schedulon. Ideal para tocar campanas de iglesia, efectos de sonido de parques tem\u00e1ticos, audio de eventos corporativos, anuncios de aeropuerto, campanas escolares y mucho m\u00e1s. El Schedulon es un grabador\/reproductor de mp3 f\u00e1cil de usar con reproducci\u00f3n autom\u00e1tica de mp3.<\/p>\n\n\n\n<hr class=\"wp-block-separator\"\/>\n\n\n\n<figure class=\"wp-block-gallery columns-3 is-cropped wp-block-gallery-1 is-layout-flex wp-block-gallery-is-layout-flex\"><ul class=\"blocks-gallery-grid\"><li class=\"blocks-gallery-item\"><figure><img loading=\"lazy\" decoding=\"async\" width=\"260\" height=\"300\" src=\"http:\/\/acusticaysonido.net\/ayshome\/wp-content\/uploads\/2020\/05\/noho-1-1.jpg\" alt=\"\" data-id=\"411\" data-link=\"http:\/\/acusticaysonido.net\/ayshome\/index.php\/technomad\/noho-1-1\/\" class=\"wp-image-411\"\/><\/figure><\/li><li class=\"blocks-gallery-item\"><figure><img loading=\"lazy\" decoding=\"async\" width=\"203\" height=\"300\" src=\"http:\/\/acusticaysonido.net\/ayshome\/wp-content\/uploads\/2020\/05\/va-1.jpg\" alt=\"\" data-id=\"412\" data-link=\"http:\/\/acusticaysonido.net\/ayshome\/index.php\/technomad\/va-1\/\" class=\"wp-image-412\"\/><\/figure><\/li><li class=\"blocks-gallery-item\"><figure><img loading=\"lazy\" decoding=\"async\" width=\"850\" height=\"1024\" src=\"http:\/\/acusticaysonido.net\/ayshome\/wp-content\/uploads\/2020\/05\/DragonFly-Technomad-back-3-4-hatch-closed-850x1024.jpg\" alt=\"\" data-id=\"413\" data-link=\"http:\/\/acusticaysonido.net\/ayshome\/index.php\/technomad\/dragonfly-3-4-back\/\" class=\"wp-image-413\" srcset=\"http:\/\/acusticaysonido.net\/ayshome\/wp-content\/uploads\/2020\/05\/DragonFly-Technomad-back-3-4-hatch-closed-850x1024.jpg 850w, http:\/\/acusticaysonido.net\/ayshome\/wp-content\/uploads\/2020\/05\/DragonFly-Technomad-back-3-4-hatch-closed-600x723.jpg 600w, http:\/\/acusticaysonido.net\/ayshome\/wp-content\/uploads\/2020\/05\/DragonFly-Technomad-back-3-4-hatch-closed-249x300.jpg 249w, http:\/\/acusticaysonido.net\/ayshome\/wp-content\/uploads\/2020\/05\/DragonFly-Technomad-back-3-4-hatch-closed-768x925.jpg 768w, http:\/\/acusticaysonido.net\/ayshome\/wp-content\/uploads\/2020\/05\/DragonFly-Technomad-back-3-4-hatch-closed.jpg 950w\" sizes=\"(max-width: 850px) 100vw, 850px\" \/><\/figure><\/li><li class=\"blocks-gallery-item\"><figure><img loading=\"lazy\" decoding=\"async\" width=\"1024\" height=\"232\" src=\"http:\/\/acusticaysonido.net\/ayshome\/wp-content\/uploads\/2020\/05\/Schedulon_front_on-1024x232.jpg\" alt=\"\" data-id=\"414\" data-full-url=\"http:\/\/acusticaysonido.net\/ayshome\/wp-content\/uploads\/2020\/05\/Schedulon_front_on.jpg\" data-link=\"http:\/\/acusticaysonido.net\/ayshome\/index.php\/technomad\/schedulon_front_on\/\" class=\"wp-image-414\" srcset=\"http:\/\/acusticaysonido.net\/ayshome\/wp-content\/uploads\/2020\/05\/Schedulon_front_on-1024x232.jpg 1024w, http:\/\/acusticaysonido.net\/ayshome\/wp-content\/uploads\/2020\/05\/Schedulon_front_on-600x136.jpg 600w, http:\/\/acusticaysonido.net\/ayshome\/wp-content\/uploads\/2020\/05\/Schedulon_front_on-300x68.jpg 300w, http:\/\/acusticaysonido.net\/ayshome\/wp-content\/uploads\/2020\/05\/Schedulon_front_on-768x174.jpg 768w, http:\/\/acusticaysonido.net\/ayshome\/wp-content\/uploads\/2020\/05\/Schedulon_front_on.jpg 1280w\" sizes=\"(max-width: 1024px) 100vw, 1024px\" \/><\/figure><\/li><\/ul><\/figure>\n","protected":false},"excerpt":{"rendered":"<p>Visitar p\u00e1gina web de Technomad Technomad es un fabricante estadounidense de altavoces para interiores y altavoces para exteriores resistentes a la intemperie, as\u00ed como de sistemas de megafon\u00eda y amplificadores para exteriores impermeables. Desde 1994, Technomad ha fabricado altavoces IP56 de alta fidelidad para intemperie y sistemas de altavoces para exteriores resistentes y confiables. Fabrican [&hellip;]<\/p>\n","protected":false},"author":1,"featured_media":0,"parent":0,"menu_order":0,"comment_status":"closed","ping_status":"closed","template":"","meta":{"footnotes":""},"_links":{"self":[{"href":"http:\/\/acusticaysonido.net\/ayshome\/index.php\/wp-json\/wp\/v2\/pages\/205"}],"collection":[{"href":"http:\/\/acusticaysonido.net\/ayshome\/index.php\/wp-json\/wp\/v2\/pages"}],"about":[{"href":"http:\/\/acusticaysonido.net\/ayshome\/index.php\/wp-json\/wp\/v2\/types\/page"}],"author":[{"embeddable":true,"href":"http:\/\/acusticaysonido.net\/ayshome\/index.php\/wp-json\/wp\/v2\/users\/1"}],"replies":[{"embeddable":true,"href":"http:\/\/acusticaysonido.net\/ayshome\/index.php\/wp-json\/wp\/v2\/comments?post=205"}],"version-history":[{"count":13,"href":"http:\/\/acusticaysonido.net\/ayshome\/index.php\/wp-json\/wp\/v2\/pages\/205\/revisions"}],"predecessor-version":[{"id":944,"href":"http:\/\/acusticaysonido.net\/ayshome\/index.php\/wp-json\/wp\/v2\/pages\/205\/revisions\/944"}],"wp:attachment":[{"href":"http:\/\/acusticaysonido.net\/ayshome\/index.php\/wp-json\/wp\/v2\/media?parent=205"}],"curies":[{"name":"wp","href":"https:\/\/api.w.org\/{rel}","templated":true}]}}