{"id":204,"date":"2020-05-08T10:46:41","date_gmt":"2020-05-08T16:46:41","guid":{"rendered":"http:\/\/acusticaysonido.net\/ayshome\/?page_id=204"},"modified":"2020-05-20T15:53:36","modified_gmt":"2020-05-20T21:53:36","slug":"sonance","status":"publish","type":"page","link":"http:\/\/acusticaysonido.net\/ayshome\/index.php\/sonance\/","title":{"rendered":"Sonance"},"content":{"rendered":"\n<figure class=\"wp-block-image size-large is-resized\"><a href=\"https:\/\/www.sonance.com\/\" target=\"_blank\" rel=\"noopener noreferrer\"><img loading=\"lazy\" decoding=\"async\" src=\"http:\/\/acusticaysonido.net\/ayshome\/wp-content\/uploads\/2020\/05\/sonance-logo-2019.png\" alt=\"\" class=\"wp-image-317\" width=\"258\" height=\"40\" srcset=\"http:\/\/acusticaysonido.net\/ayshome\/wp-content\/uploads\/2020\/05\/sonance-logo-2019.png 759w, http:\/\/acusticaysonido.net\/ayshome\/wp-content\/uploads\/2020\/05\/sonance-logo-2019-600x95.png 600w, http:\/\/acusticaysonido.net\/ayshome\/wp-content\/uploads\/2020\/05\/sonance-logo-2019-300x47.png 300w\" sizes=\"(max-width: 258px) 100vw, 258px\" \/><\/a><\/figure>\n\n\n\n<hr class=\"wp-block-separator\"\/>\n\n\n\n<p><a href=\"https:\/\/www.sonance.com\/\" target=\"_blank\" rel=\"noreferrer noopener\"><span class=\"has-inline-color has-vivid-cyan-blue-color\">Visitar p\u00e1gina web de Sonance<\/span><\/a><\/p>\n\n\n\n<hr class=\"wp-block-separator\"\/>\n\n\n\n<p>Nuestra empresa naci\u00f3 en 1983 cuando los fundadores Scott Struthers y Geoff Spencer reconocieron la necesidad de una nueva soluci\u00f3n de audio innovadora. No exist\u00eda ning\u00fan producto o sistema que pudiera ofrecer un rendimiento ac\u00fastico sin igual con una intrusi\u00f3n visual m\u00ednima. Fue esta revelaci\u00f3n la que los llev\u00f3 a inventar la categor\u00eda de oradores arquitect\u00f3nicos. Y el resto es historia.<br><br>Hoy en d\u00eda, todav\u00eda son de propiedad y operaci\u00f3n independientes, con &nbsp;sede en San Clemente, California, donde todo comenz\u00f3. Sonance ha trabajado duro para construir una reputaci\u00f3n inigualable cuando se trata de altavoces, pero tambi\u00e9n han creado una gama de soluciones innovadoras y est\u00e9ticamente conscientes de tecnolog\u00eda para el hogar y los negocios que van mucho m\u00e1s all\u00e1 del sonido.<br><br>Hay tres principios simples alimentan todo lo que crean. Estas ideas representan las creencias que inspiraron su comienzo y a\u00fan son v\u00e1lidas hasta el d\u00eda de hoy:<br><br>Crea productos dise\u00f1ados para ser invisibles:<br><br>Sonance cree que la tecnolog\u00eda deber\u00eda desaparecer en la arquitectura. Esta filosof\u00eda simple contin\u00faa inspirando todo lo que hacen. Sus soluciones de audio ocultas brindan una experiencia de sonido uniforme y equilibrada que es m\u00e1gica y que se combina con el estilo, la instalaci\u00f3n o el presupuesto.<br><br>Cultivar relaciones aut\u00e9nticas:<br><br>Todos los d\u00edas, en su base de operaciones en San Clemente, CA, encontrar\u00e1 personas apasionadas e inmensamente conocedoras que forjan algunas de las relaciones m\u00e1s s\u00f3lidas en su industria. Conectando la estrategia y productos a su empresa, ayudamos a desbloquear el mayor valor posible para su negocio.<br><br>Construir sobre la fuerte herencia de innovaci\u00f3n de Sonance:<br><br>La historia de Sonance se basa en un profundo conocimiento de los clientes. Desde soluciones de audio galardonadas de alto rendimiento hasta la exclusiva tecnolog\u00eda de montaje TRUFIG y productos innovadores IPORT que contienen, cargan y protegen tablets. Los clientes conf\u00edan en su cultura de creatividad para continuar ampliando los l\u00edmites de la tecnolog\u00eda y el dise\u00f1o.<\/p>\n\n\n\n<hr class=\"wp-block-separator\"\/>\n\n\n\n<figure class=\"wp-block-gallery columns-3 is-cropped wp-block-gallery-1 is-layout-flex wp-block-gallery-is-layout-flex\"><ul class=\"blocks-gallery-grid\"><li class=\"blocks-gallery-item\"><figure><img loading=\"lazy\" decoding=\"async\" width=\"570\" height=\"392\" src=\"http:\/\/acusticaysonido.net\/ayshome\/wp-content\/uploads\/2020\/05\/Crop_Shot_060606.jpg\" alt=\"\" data-id=\"365\" data-link=\"http:\/\/acusticaysonido.net\/ayshome\/index.php\/sonance\/crop_shot_060606\/\" class=\"wp-image-365\" srcset=\"http:\/\/acusticaysonido.net\/ayshome\/wp-content\/uploads\/2020\/05\/Crop_Shot_060606.jpg 570w, http:\/\/acusticaysonido.net\/ayshome\/wp-content\/uploads\/2020\/05\/Crop_Shot_060606-300x206.jpg 300w\" sizes=\"(max-width: 570px) 100vw, 570px\" \/><\/figure><\/li><li class=\"blocks-gallery-item\"><figure><img loading=\"lazy\" decoding=\"async\" width=\"570\" height=\"392\" src=\"http:\/\/acusticaysonido.net\/ayshome\/wp-content\/uploads\/2020\/05\/dig_icon_091210.jpg\" alt=\"\" data-id=\"366\" data-link=\"http:\/\/acusticaysonido.net\/ayshome\/index.php\/sonance\/dig_icon_091210\/\" class=\"wp-image-366\" srcset=\"http:\/\/acusticaysonido.net\/ayshome\/wp-content\/uploads\/2020\/05\/dig_icon_091210.jpg 570w, http:\/\/acusticaysonido.net\/ayshome\/wp-content\/uploads\/2020\/05\/dig_icon_091210-300x206.jpg 300w\" sizes=\"(max-width: 570px) 100vw, 570px\" \/><\/figure><\/li><li class=\"blocks-gallery-item\"><figure><img loading=\"lazy\" decoding=\"async\" width=\"1024\" height=\"576\" src=\"http:\/\/acusticaysonido.net\/ayshome\/wp-content\/uploads\/2020\/05\/Professional_Series_Category_Shot2_060152-1024x576.jpg\" alt=\"\" data-id=\"369\" data-link=\"http:\/\/acusticaysonido.net\/ayshome\/index.php\/sonance\/professional_series_category_shot2_060152\/\" class=\"wp-image-369\" srcset=\"http:\/\/acusticaysonido.net\/ayshome\/wp-content\/uploads\/2020\/05\/Professional_Series_Category_Shot2_060152-1024x576.jpg 1024w, http:\/\/acusticaysonido.net\/ayshome\/wp-content\/uploads\/2020\/05\/Professional_Series_Category_Shot2_060152-600x338.jpg 600w, http:\/\/acusticaysonido.net\/ayshome\/wp-content\/uploads\/2020\/05\/Professional_Series_Category_Shot2_060152-300x169.jpg 300w, http:\/\/acusticaysonido.net\/ayshome\/wp-content\/uploads\/2020\/05\/Professional_Series_Category_Shot2_060152-768x432.jpg 768w, http:\/\/acusticaysonido.net\/ayshome\/wp-content\/uploads\/2020\/05\/Professional_Series_Category_Shot2_060152-1536x864.jpg 1536w, http:\/\/acusticaysonido.net\/ayshome\/wp-content\/uploads\/2020\/05\/Professional_Series_Category_Shot2_060152-2048x1152.jpg 2048w\" sizes=\"(max-width: 1024px) 100vw, 1024px\" \/><\/figure><\/li><li class=\"blocks-gallery-item\"><figure><img loading=\"lazy\" decoding=\"async\" width=\"1024\" height=\"576\" src=\"http:\/\/acusticaysonido.net\/ayshome\/wp-content\/uploads\/2020\/05\/Pro_Series_Group_Shot_050624-1024x576.jpg\" alt=\"\" data-id=\"368\" data-link=\"http:\/\/acusticaysonido.net\/ayshome\/index.php\/sonance\/pro_series_group_shot_050624\/\" class=\"wp-image-368\" srcset=\"http:\/\/acusticaysonido.net\/ayshome\/wp-content\/uploads\/2020\/05\/Pro_Series_Group_Shot_050624-1024x576.jpg 1024w, http:\/\/acusticaysonido.net\/ayshome\/wp-content\/uploads\/2020\/05\/Pro_Series_Group_Shot_050624-600x337.jpg 600w, http:\/\/acusticaysonido.net\/ayshome\/wp-content\/uploads\/2020\/05\/Pro_Series_Group_Shot_050624-300x169.jpg 300w, http:\/\/acusticaysonido.net\/ayshome\/wp-content\/uploads\/2020\/05\/Pro_Series_Group_Shot_050624-768x432.jpg 768w, http:\/\/acusticaysonido.net\/ayshome\/wp-content\/uploads\/2020\/05\/Pro_Series_Group_Shot_050624.jpg 1110w\" sizes=\"(max-width: 1024px) 100vw, 1024px\" \/><\/figure><\/li><li class=\"blocks-gallery-item\"><figure><img loading=\"lazy\" decoding=\"async\" width=\"1024\" height=\"574\" src=\"http:\/\/acusticaysonido.net\/ayshome\/wp-content\/uploads\/2020\/05\/Rocks_090421-1024x574.jpg\" alt=\"\" data-id=\"372\" data-link=\"http:\/\/acusticaysonido.net\/ayshome\/index.php\/sonance\/rocks_090421\/\" class=\"wp-image-372\" srcset=\"http:\/\/acusticaysonido.net\/ayshome\/wp-content\/uploads\/2020\/05\/Rocks_090421-1024x574.jpg 1024w, http:\/\/acusticaysonido.net\/ayshome\/wp-content\/uploads\/2020\/05\/Rocks_090421-600x337.jpg 600w, http:\/\/acusticaysonido.net\/ayshome\/wp-content\/uploads\/2020\/05\/Rocks_090421-300x168.jpg 300w, http:\/\/acusticaysonido.net\/ayshome\/wp-content\/uploads\/2020\/05\/Rocks_090421-768x431.jpg 768w, http:\/\/acusticaysonido.net\/ayshome\/wp-content\/uploads\/2020\/05\/Rocks_090421.jpg 1109w\" sizes=\"(max-width: 1024px) 100vw, 1024px\" \/><\/figure><\/li><li class=\"blocks-gallery-item\"><figure><img loading=\"lazy\" decoding=\"async\" width=\"1024\" height=\"529\" src=\"http:\/\/acusticaysonido.net\/ayshome\/wp-content\/uploads\/2020\/05\/Mariners_Large_040431-1024x529.jpg\" alt=\"\" data-id=\"377\" data-full-url=\"http:\/\/acusticaysonido.net\/ayshome\/wp-content\/uploads\/2020\/05\/Mariners_Large_040431.jpg\" data-link=\"http:\/\/acusticaysonido.net\/ayshome\/index.php\/sonance\/mariners_large_040431\/\" class=\"wp-image-377\" srcset=\"http:\/\/acusticaysonido.net\/ayshome\/wp-content\/uploads\/2020\/05\/Mariners_Large_040431-1024x529.jpg 1024w, http:\/\/acusticaysonido.net\/ayshome\/wp-content\/uploads\/2020\/05\/Mariners_Large_040431-600x310.jpg 600w, http:\/\/acusticaysonido.net\/ayshome\/wp-content\/uploads\/2020\/05\/Mariners_Large_040431-300x155.jpg 300w, http:\/\/acusticaysonido.net\/ayshome\/wp-content\/uploads\/2020\/05\/Mariners_Large_040431-768x396.jpg 768w, http:\/\/acusticaysonido.net\/ayshome\/wp-content\/uploads\/2020\/05\/Mariners_Large_040431-1536x793.jpg 1536w, http:\/\/acusticaysonido.net\/ayshome\/wp-content\/uploads\/2020\/05\/Mariners_Large_040431-2048x1057.jpg 2048w\" sizes=\"(max-width: 1024px) 100vw, 1024px\" \/><\/figure><\/li><li class=\"blocks-gallery-item\"><figure><img loading=\"lazy\" decoding=\"async\" width=\"1009\" height=\"685\" src=\"http:\/\/acusticaysonido.net\/ayshome\/wp-content\/uploads\/2020\/05\/SGS_SYSTEM_070302.jpg\" alt=\"\" data-id=\"373\" data-link=\"http:\/\/acusticaysonido.net\/ayshome\/index.php\/sonance\/sgs_system_070302\/\" class=\"wp-image-373\" srcset=\"http:\/\/acusticaysonido.net\/ayshome\/wp-content\/uploads\/2020\/05\/SGS_SYSTEM_070302.jpg 1009w, http:\/\/acusticaysonido.net\/ayshome\/wp-content\/uploads\/2020\/05\/SGS_SYSTEM_070302-600x407.jpg 600w, http:\/\/acusticaysonido.net\/ayshome\/wp-content\/uploads\/2020\/05\/SGS_SYSTEM_070302-300x204.jpg 300w, http:\/\/acusticaysonido.net\/ayshome\/wp-content\/uploads\/2020\/05\/SGS_SYSTEM_070302-768x521.jpg 768w\" sizes=\"(max-width: 1009px) 100vw, 1009px\" \/><\/figure><\/li><li class=\"blocks-gallery-item\"><figure><img loading=\"lazy\" decoding=\"async\" width=\"1024\" height=\"645\" src=\"http:\/\/acusticaysonido.net\/ayshome\/wp-content\/uploads\/2020\/05\/P1030461_copy_090523-1024x645.jpeg\" alt=\"\" data-id=\"370\" data-link=\"http:\/\/acusticaysonido.net\/ayshome\/index.php\/sonance\/p1030461_copy_090523\/\" class=\"wp-image-370\" srcset=\"http:\/\/acusticaysonido.net\/ayshome\/wp-content\/uploads\/2020\/05\/P1030461_copy_090523-1024x645.jpeg 1024w, http:\/\/acusticaysonido.net\/ayshome\/wp-content\/uploads\/2020\/05\/P1030461_copy_090523-scaled-600x378.jpeg 600w, http:\/\/acusticaysonido.net\/ayshome\/wp-content\/uploads\/2020\/05\/P1030461_copy_090523-300x189.jpeg 300w, http:\/\/acusticaysonido.net\/ayshome\/wp-content\/uploads\/2020\/05\/P1030461_copy_090523-768x484.jpeg 768w, http:\/\/acusticaysonido.net\/ayshome\/wp-content\/uploads\/2020\/05\/P1030461_copy_090523-1536x968.jpeg 1536w, http:\/\/acusticaysonido.net\/ayshome\/wp-content\/uploads\/2020\/05\/P1030461_copy_090523-2048x1291.jpeg 2048w\" sizes=\"(max-width: 1024px) 100vw, 1024px\" \/><\/figure><\/li><li class=\"blocks-gallery-item\"><figure><img loading=\"lazy\" decoding=\"async\" width=\"1024\" height=\"442\" src=\"http:\/\/acusticaysonido.net\/ayshome\/wp-content\/uploads\/2020\/05\/DSC_2495_copy_060136_copy_090239-1024x442.jpg\" alt=\"\" data-id=\"375\" data-link=\"http:\/\/acusticaysonido.net\/ayshome\/index.php\/sonance\/dsc_2495_copy_060136_copy_090239\/\" class=\"wp-image-375\" srcset=\"http:\/\/acusticaysonido.net\/ayshome\/wp-content\/uploads\/2020\/05\/DSC_2495_copy_060136_copy_090239-1024x442.jpg 1024w, http:\/\/acusticaysonido.net\/ayshome\/wp-content\/uploads\/2020\/05\/DSC_2495_copy_060136_copy_090239-600x259.jpg 600w, http:\/\/acusticaysonido.net\/ayshome\/wp-content\/uploads\/2020\/05\/DSC_2495_copy_060136_copy_090239-300x129.jpg 300w, http:\/\/acusticaysonido.net\/ayshome\/wp-content\/uploads\/2020\/05\/DSC_2495_copy_060136_copy_090239-768x331.jpg 768w, http:\/\/acusticaysonido.net\/ayshome\/wp-content\/uploads\/2020\/05\/DSC_2495_copy_060136_copy_090239.jpg 1108w\" sizes=\"(max-width: 1024px) 100vw, 1024px\" \/><\/figure><\/li><\/ul><\/figure>\n","protected":false},"excerpt":{"rendered":"<p>Visitar p\u00e1gina web de Sonance Nuestra empresa naci\u00f3 en 1983 cuando los fundadores Scott Struthers y Geoff Spencer reconocieron la necesidad de una nueva soluci\u00f3n de audio innovadora. No exist\u00eda ning\u00fan producto o sistema que pudiera ofrecer un rendimiento ac\u00fastico sin igual con una intrusi\u00f3n visual m\u00ednima. Fue esta revelaci\u00f3n la que los llev\u00f3 a [&hellip;]<\/p>\n","protected":false},"author":1,"featured_media":0,"parent":0,"menu_order":0,"comment_status":"closed","ping_status":"closed","template":"","meta":{"footnotes":""},"_links":{"self":[{"href":"http:\/\/acusticaysonido.net\/ayshome\/index.php\/wp-json\/wp\/v2\/pages\/204"}],"collection":[{"href":"http:\/\/acusticaysonido.net\/ayshome\/index.php\/wp-json\/wp\/v2\/pages"}],"about":[{"href":"http:\/\/acusticaysonido.net\/ayshome\/index.php\/wp-json\/wp\/v2\/types\/page"}],"author":[{"embeddable":true,"href":"http:\/\/acusticaysonido.net\/ayshome\/index.php\/wp-json\/wp\/v2\/users\/1"}],"replies":[{"embeddable":true,"href":"http:\/\/acusticaysonido.net\/ayshome\/index.php\/wp-json\/wp\/v2\/comments?post=204"}],"version-history":[{"count":9,"href":"http:\/\/acusticaysonido.net\/ayshome\/index.php\/wp-json\/wp\/v2\/pages\/204\/revisions"}],"predecessor-version":[{"id":943,"href":"http:\/\/acusticaysonido.net\/ayshome\/index.php\/wp-json\/wp\/v2\/pages\/204\/revisions\/943"}],"wp:attachment":[{"href":"http:\/\/acusticaysonido.net\/ayshome\/index.php\/wp-json\/wp\/v2\/media?parent=204"}],"curies":[{"name":"wp","href":"https:\/\/api.w.org\/{rel}","templated":true}]}}