{"id":202,"date":"2020-05-08T10:46:41","date_gmt":"2020-05-08T16:46:41","guid":{"rendered":"http:\/\/acusticaysonido.net\/ayshome\/?page_id=202"},"modified":"2020-09-15T13:21:42","modified_gmt":"2020-09-15T19:21:42","slug":"sgm-light","status":"publish","type":"page","link":"http:\/\/acusticaysonido.net\/ayshome\/index.php\/sgm-light\/","title":{"rendered":"SGM Light"},"content":{"rendered":"\n<p class=\"has-large-font-size\">SGM Light<\/p>\n\n\n\n<hr class=\"wp-block-separator\"\/>\n\n\n\n<figure class=\"wp-block-image size-large is-resized\"><a href=\"https:\/\/sgmlight.com\/\" target=\"_blank\" rel=\"noopener noreferrer\"><img loading=\"lazy\" decoding=\"async\" src=\"http:\/\/acusticaysonido.net\/ayshome\/wp-content\/uploads\/2020\/05\/sgm-lighting-logo.jpg\" alt=\"\" class=\"wp-image-330\" width=\"215\" height=\"66\" srcset=\"http:\/\/acusticaysonido.net\/ayshome\/wp-content\/uploads\/2020\/05\/sgm-lighting-logo.jpg 820w, http:\/\/acusticaysonido.net\/ayshome\/wp-content\/uploads\/2020\/05\/sgm-lighting-logo-600x184.jpg 600w, http:\/\/acusticaysonido.net\/ayshome\/wp-content\/uploads\/2020\/05\/sgm-lighting-logo-300x92.jpg 300w, http:\/\/acusticaysonido.net\/ayshome\/wp-content\/uploads\/2020\/05\/sgm-lighting-logo-768x236.jpg 768w, http:\/\/acusticaysonido.net\/ayshome\/wp-content\/uploads\/2020\/05\/sgm-lighting-logo-812x252.jpg 812w\" sizes=\"(max-width: 215px) 100vw, 215px\" \/><\/a><\/figure>\n\n\n\n<hr class=\"wp-block-separator\"\/>\n\n\n\n<p><a href=\"https:\/\/sgmlight.com\/\" target=\"_blank\" rel=\"noreferrer noopener\"><span class=\"has-inline-color has-vivid-cyan-blue-color\">Visitar p\u00e1gina web de SGM Light<\/span><\/a><\/p>\n\n\n\n<hr class=\"wp-block-separator\"\/>\n\n\n\n<p>L\u00edderes en la industria de accesorios de luz LED:<\/p>\n\n\n\n<p>La luz es la diferencia esencial en c\u00f3mo ve y experimenta el mundo.<br><br>SGM ha reunido a uno de los equipos de I + D m\u00e1s experimentados del mundo que, al centrarse en la innovaci\u00f3n y el uso de tecnolog\u00eda de vanguardia, ha creado una gama de productos de iluminaci\u00f3n para ayudar a los dise\u00f1adores de iluminaci\u00f3n creativos y visionarios a contar sus historias a trav\u00e9s de la luz.<br><br>SGM Light comparte esta visi\u00f3n con los clientes, colegas y socios y se esfuerza por hacerla tangible y visible en sus productos y soluciones. En SGM, el \u00fanico objetivo es ayudar a los clientes a crear magia con luz, y todos los d\u00edas se esfuerzan por lograrlo.<br><br>SGM es un precursor en el lanzamiento de nuevas tecnolog\u00edas y ofrece luminarias de alta calidad con clasificaci\u00f3n IP65 \/ 66 con un deshumidificador incorporado patentado en todos los dispositivos. Aunque SGM se ha convertido en un gran jugador global en el negocio, la compa\u00f1\u00eda sigue siendo puramente danesa con todos los accesorios dise\u00f1ados y fabricados en la sede de la compa\u00f1\u00eda. En SGM Light, se especializan en mejorar el espacio a trav\u00e9s de la luz, por lo que si necesita iluminar una estructura o un paisaje, o mejorar la experiencia del p\u00fablico con la iluminaci\u00f3n del escenario, lo hacen posible con &nbsp;productos \u00fanicos con caracter\u00edsticas t\u00e9cnicas avanzadas exclusivas, lo que agrega longevidad a todos proyectos.<\/p>\n\n\n\n<hr class=\"wp-block-separator\"\/>\n\n\n\n<figure class=\"wp-block-gallery columns-3 is-cropped wp-block-gallery-1 is-layout-flex wp-block-gallery-is-layout-flex\"><ul class=\"blocks-gallery-grid\"><li class=\"blocks-gallery-item\"><figure><img loading=\"lazy\" decoding=\"async\" width=\"1024\" height=\"1024\" src=\"http:\/\/acusticaysonido.net\/ayshome\/wp-content\/uploads\/2020\/05\/G-4_Motorized_barndoors_front_logo_text-1024x1024.png\" alt=\"\" data-id=\"508\" data-link=\"http:\/\/acusticaysonido.net\/ayshome\/index.php\/sgm-light\/g-4_motorized_barndoors_front_logo_text\/\" class=\"wp-image-508\" srcset=\"http:\/\/acusticaysonido.net\/ayshome\/wp-content\/uploads\/2020\/05\/G-4_Motorized_barndoors_front_logo_text-1024x1024.png 1024w, http:\/\/acusticaysonido.net\/ayshome\/wp-content\/uploads\/2020\/05\/G-4_Motorized_barndoors_front_logo_text-300x300.png 300w, http:\/\/acusticaysonido.net\/ayshome\/wp-content\/uploads\/2020\/05\/G-4_Motorized_barndoors_front_logo_text-100x100.png 100w, http:\/\/acusticaysonido.net\/ayshome\/wp-content\/uploads\/2020\/05\/G-4_Motorized_barndoors_front_logo_text-600x600.png 600w, http:\/\/acusticaysonido.net\/ayshome\/wp-content\/uploads\/2020\/05\/G-4_Motorized_barndoors_front_logo_text-150x150.png 150w, http:\/\/acusticaysonido.net\/ayshome\/wp-content\/uploads\/2020\/05\/G-4_Motorized_barndoors_front_logo_text-768x768.png 768w, http:\/\/acusticaysonido.net\/ayshome\/wp-content\/uploads\/2020\/05\/G-4_Motorized_barndoors_front_logo_text.png 1080w\" sizes=\"(max-width: 1024px) 100vw, 1024px\" \/><\/figure><\/li><li class=\"blocks-gallery-item\"><figure><img loading=\"lazy\" decoding=\"async\" width=\"1024\" height=\"1024\" src=\"http:\/\/acusticaysonido.net\/ayshome\/wp-content\/uploads\/2020\/05\/P-2_front_logo_text-1024x1024.png\" alt=\"\" data-id=\"515\" data-full-url=\"http:\/\/acusticaysonido.net\/ayshome\/wp-content\/uploads\/2020\/05\/P-2_front_logo_text.png\" data-link=\"http:\/\/acusticaysonido.net\/ayshome\/index.php\/sgm-light\/p-2_front_logo_text\/\" class=\"wp-image-515\" srcset=\"http:\/\/acusticaysonido.net\/ayshome\/wp-content\/uploads\/2020\/05\/P-2_front_logo_text-1024x1024.png 1024w, http:\/\/acusticaysonido.net\/ayshome\/wp-content\/uploads\/2020\/05\/P-2_front_logo_text-300x300.png 300w, http:\/\/acusticaysonido.net\/ayshome\/wp-content\/uploads\/2020\/05\/P-2_front_logo_text-100x100.png 100w, http:\/\/acusticaysonido.net\/ayshome\/wp-content\/uploads\/2020\/05\/P-2_front_logo_text-600x600.png 600w, http:\/\/acusticaysonido.net\/ayshome\/wp-content\/uploads\/2020\/05\/P-2_front_logo_text-150x150.png 150w, http:\/\/acusticaysonido.net\/ayshome\/wp-content\/uploads\/2020\/05\/P-2_front_logo_text-768x768.png 768w, http:\/\/acusticaysonido.net\/ayshome\/wp-content\/uploads\/2020\/05\/P-2_front_logo_text.png 1080w\" sizes=\"(max-width: 1024px) 100vw, 1024px\" \/><\/figure><\/li><li class=\"blocks-gallery-item\"><figure><img loading=\"lazy\" decoding=\"async\" width=\"1024\" height=\"1024\" src=\"http:\/\/acusticaysonido.net\/ayshome\/wp-content\/uploads\/2020\/05\/G-7_Spot_front_tophat-1024x1024.png\" alt=\"\" data-id=\"509\" data-link=\"http:\/\/acusticaysonido.net\/ayshome\/index.php\/sgm-light\/g-7_spot_front_tophat\/\" class=\"wp-image-509\" srcset=\"http:\/\/acusticaysonido.net\/ayshome\/wp-content\/uploads\/2020\/05\/G-7_Spot_front_tophat-1024x1024.png 1024w, http:\/\/acusticaysonido.net\/ayshome\/wp-content\/uploads\/2020\/05\/G-7_Spot_front_tophat-300x300.png 300w, http:\/\/acusticaysonido.net\/ayshome\/wp-content\/uploads\/2020\/05\/G-7_Spot_front_tophat-100x100.png 100w, http:\/\/acusticaysonido.net\/ayshome\/wp-content\/uploads\/2020\/05\/G-7_Spot_front_tophat-600x600.png 600w, http:\/\/acusticaysonido.net\/ayshome\/wp-content\/uploads\/2020\/05\/G-7_Spot_front_tophat-150x150.png 150w, http:\/\/acusticaysonido.net\/ayshome\/wp-content\/uploads\/2020\/05\/G-7_Spot_front_tophat-768x768.png 768w, http:\/\/acusticaysonido.net\/ayshome\/wp-content\/uploads\/2020\/05\/G-7_Spot_front_tophat.png 1080w\" sizes=\"(max-width: 1024px) 100vw, 1024px\" \/><\/figure><\/li><li class=\"blocks-gallery-item\"><figure><img loading=\"lazy\" decoding=\"async\" width=\"900\" height=\"600\" src=\"http:\/\/acusticaysonido.net\/ayshome\/wp-content\/uploads\/2020\/05\/0B4A7373.jpg\" alt=\"\" data-id=\"507\" data-link=\"http:\/\/acusticaysonido.net\/ayshome\/index.php\/sgm-light\/0b4a7373\/\" class=\"wp-image-507\" srcset=\"http:\/\/acusticaysonido.net\/ayshome\/wp-content\/uploads\/2020\/05\/0B4A7373.jpg 900w, http:\/\/acusticaysonido.net\/ayshome\/wp-content\/uploads\/2020\/05\/0B4A7373-600x400.jpg 600w, http:\/\/acusticaysonido.net\/ayshome\/wp-content\/uploads\/2020\/05\/0B4A7373-300x200.jpg 300w, http:\/\/acusticaysonido.net\/ayshome\/wp-content\/uploads\/2020\/05\/0B4A7373-768x512.jpg 768w\" sizes=\"(max-width: 900px) 100vw, 900px\" \/><\/figure><\/li><li class=\"blocks-gallery-item\"><figure><img loading=\"lazy\" decoding=\"async\" width=\"1024\" height=\"848\" src=\"http:\/\/acusticaysonido.net\/ayshome\/wp-content\/uploads\/2020\/05\/Peter-Johansen_G-Spot-ALS-Ice-Bucket-Challenge-1024x848.jpg\" alt=\"\" data-id=\"511\" data-link=\"http:\/\/acusticaysonido.net\/ayshome\/index.php\/sgm-light\/peter-johansen_g-spot-als-ice-bucket-challenge\/\" class=\"wp-image-511\" srcset=\"http:\/\/acusticaysonido.net\/ayshome\/wp-content\/uploads\/2020\/05\/Peter-Johansen_G-Spot-ALS-Ice-Bucket-Challenge-1024x848.jpg 1024w, http:\/\/acusticaysonido.net\/ayshome\/wp-content\/uploads\/2020\/05\/Peter-Johansen_G-Spot-ALS-Ice-Bucket-Challenge-600x497.jpg 600w, http:\/\/acusticaysonido.net\/ayshome\/wp-content\/uploads\/2020\/05\/Peter-Johansen_G-Spot-ALS-Ice-Bucket-Challenge-300x249.jpg 300w, http:\/\/acusticaysonido.net\/ayshome\/wp-content\/uploads\/2020\/05\/Peter-Johansen_G-Spot-ALS-Ice-Bucket-Challenge-768x636.jpg 768w, http:\/\/acusticaysonido.net\/ayshome\/wp-content\/uploads\/2020\/05\/Peter-Johansen_G-Spot-ALS-Ice-Bucket-Challenge-1536x1272.jpg 1536w, http:\/\/acusticaysonido.net\/ayshome\/wp-content\/uploads\/2020\/05\/Peter-Johansen_G-Spot-ALS-Ice-Bucket-Challenge.jpg 1929w\" sizes=\"(max-width: 1024px) 100vw, 1024px\" \/><\/figure><\/li><\/ul><\/figure>\n","protected":false},"excerpt":{"rendered":"<p>SGM Light Visitar p\u00e1gina web de SGM Light L\u00edderes en la industria de accesorios de luz LED: La luz es la diferencia esencial en c\u00f3mo ve y experimenta el mundo. SGM ha reunido a uno de los equipos de I + D m\u00e1s experimentados del mundo que, al centrarse en la innovaci\u00f3n y el uso [&hellip;]<\/p>\n","protected":false},"author":1,"featured_media":0,"parent":0,"menu_order":0,"comment_status":"closed","ping_status":"closed","template":"","meta":{"footnotes":""},"_links":{"self":[{"href":"http:\/\/acusticaysonido.net\/ayshome\/index.php\/wp-json\/wp\/v2\/pages\/202"}],"collection":[{"href":"http:\/\/acusticaysonido.net\/ayshome\/index.php\/wp-json\/wp\/v2\/pages"}],"about":[{"href":"http:\/\/acusticaysonido.net\/ayshome\/index.php\/wp-json\/wp\/v2\/types\/page"}],"author":[{"embeddable":true,"href":"http:\/\/acusticaysonido.net\/ayshome\/index.php\/wp-json\/wp\/v2\/users\/1"}],"replies":[{"embeddable":true,"href":"http:\/\/acusticaysonido.net\/ayshome\/index.php\/wp-json\/wp\/v2\/comments?post=202"}],"version-history":[{"count":12,"href":"http:\/\/acusticaysonido.net\/ayshome\/index.php\/wp-json\/wp\/v2\/pages\/202\/revisions"}],"predecessor-version":[{"id":1053,"href":"http:\/\/acusticaysonido.net\/ayshome\/index.php\/wp-json\/wp\/v2\/pages\/202\/revisions\/1053"}],"wp:attachment":[{"href":"http:\/\/acusticaysonido.net\/ayshome\/index.php\/wp-json\/wp\/v2\/media?parent=202"}],"curies":[{"name":"wp","href":"https:\/\/api.w.org\/{rel}","templated":true}]}}