{"id":201,"date":"2020-05-08T10:46:41","date_gmt":"2020-05-08T16:46:41","guid":{"rendered":"http:\/\/acusticaysonido.net\/ayshome\/?page_id=201"},"modified":"2020-05-20T15:51:00","modified_gmt":"2020-05-20T21:51:00","slug":"rti","status":"publish","type":"page","link":"http:\/\/acusticaysonido.net\/ayshome\/index.php\/rti\/","title":{"rendered":"RTI"},"content":{"rendered":"\n<figure class=\"wp-block-image size-large is-resized\"><a href=\"https:\/\/www.rticorp.com\/?SID=2hhgp0qd6u5mjmd21luiavpiuv\" target=\"_blank\" rel=\"noopener noreferrer\"><img loading=\"lazy\" decoding=\"async\" src=\"http:\/\/acusticaysonido.net\/ayshome\/wp-content\/uploads\/2020\/05\/rti-logo-png.png\" alt=\"\" class=\"wp-image-341\" width=\"178\" height=\"63\" srcset=\"http:\/\/acusticaysonido.net\/ayshome\/wp-content\/uploads\/2020\/05\/rti-logo-png.png 860w, http:\/\/acusticaysonido.net\/ayshome\/wp-content\/uploads\/2020\/05\/rti-logo-png-600x215.png 600w, http:\/\/acusticaysonido.net\/ayshome\/wp-content\/uploads\/2020\/05\/rti-logo-png-300x107.png 300w, http:\/\/acusticaysonido.net\/ayshome\/wp-content\/uploads\/2020\/05\/rti-logo-png-768x275.png 768w\" sizes=\"(max-width: 178px) 100vw, 178px\" \/><\/a><\/figure>\n\n\n\n<hr class=\"wp-block-separator\"\/>\n\n\n\n<p><a href=\"https:\/\/www.rticorp.com\/\" target=\"_blank\" rel=\"noreferrer noopener\"><span class=\"has-inline-color has-vivid-cyan-blue-color\">Visitar p\u00e1gina web de RTI<\/span><\/a><\/p>\n\n\n\n<hr class=\"wp-block-separator\"\/>\n\n\n\n<p>Remote Technologies Incorporated (RTI) es un fabricante l\u00edder de sistemas de control que ofrece dispositivos innovadores, sofisticados y f\u00e1ciles de usar para sistemas electr\u00f3nicos instalados profesionalmente. La amplia gama de controladores, procesadores centrales, sistemas de distribuci\u00f3n de audio y accesorios universales port\u00e1tiles y de pared galardonados de la compa\u00f1\u00eda se comercializan exclusivamente a trav\u00e9s de una red mundial de integradores profesionales. Para un control y monitoreo completos sobre sistemas electr\u00f3nicos desde pr\u00e1cticamente cualquier parte del mundo, la potencia de RTI est\u00e1 disponible en dispositivos iPhone\u00ae, iPod touch\u00ae, iPad\u00ae y Android \u2122 a trav\u00e9s de la aplicaci\u00f3n RTiPanel de la compa\u00f1\u00eda, al igual que el galardonado programa RTI Virtual Panel, que ofrece acceso y control a trav\u00e9s de cualquier PC con Microsoft\u00ae Windows\u00ae. Todas las soluciones RTI se programan a trav\u00e9s del software Integration Designer\u00ae de renombre mundial de la compa\u00f1\u00eda, lo que permite a los distribuidores proporcionar una interfaz de usuario completamente personalizable para un comando intuitivo en todo el sistema electr\u00f3nico.<br><br>Fundada en 1992 con un enfoque comprometido en el mercado de instalaci\u00f3n personalizada, RTI ofrece una serie de galardonados programas de apoyo e incentivos para sus distribuidores, incluidas oportunidades educativas a trav\u00e9s de la Advanced Control University (ACU) y los populares programas Control Bucks y Dealer Accommodation. . Adem\u00e1s, a trav\u00e9s del Programa de socios de integraci\u00f3n de RTI, la compa\u00f1\u00eda se ha comunicado con los fabricantes de toda la industria para garantizar que los productos de RTI se integren sin problemas con una amplia variedad de componentes y sistemas.<\/p>\n\n\n\n<hr class=\"wp-block-separator\"\/>\n\n\n\n<figure class=\"wp-block-gallery columns-2 is-cropped wp-block-gallery-1 is-layout-flex wp-block-gallery-is-layout-flex\"><ul class=\"blocks-gallery-grid\"><li class=\"blocks-gallery-item\"><figure><img loading=\"lazy\" decoding=\"async\" width=\"700\" height=\"700\" src=\"http:\/\/acusticaysonido.net\/ayshome\/wp-content\/uploads\/2020\/05\/control_processorsxp8v_back.jpg\" alt=\"\" data-id=\"525\" data-full-url=\"http:\/\/acusticaysonido.net\/ayshome\/wp-content\/uploads\/2020\/05\/control_processorsxp8v_back.jpg\" data-link=\"http:\/\/acusticaysonido.net\/ayshome\/index.php\/rti\/control_processorsxp8v_back\/\" class=\"wp-image-525\" srcset=\"http:\/\/acusticaysonido.net\/ayshome\/wp-content\/uploads\/2020\/05\/control_processorsxp8v_back.jpg 700w, http:\/\/acusticaysonido.net\/ayshome\/wp-content\/uploads\/2020\/05\/control_processorsxp8v_back-300x300.jpg 300w, http:\/\/acusticaysonido.net\/ayshome\/wp-content\/uploads\/2020\/05\/control_processorsxp8v_back-100x100.jpg 100w, http:\/\/acusticaysonido.net\/ayshome\/wp-content\/uploads\/2020\/05\/control_processorsxp8v_back-600x600.jpg 600w, http:\/\/acusticaysonido.net\/ayshome\/wp-content\/uploads\/2020\/05\/control_processorsxp8v_back-150x150.jpg 150w\" sizes=\"(max-width: 700px) 100vw, 700px\" \/><\/figure><\/li><li class=\"blocks-gallery-item\"><figure><img loading=\"lazy\" decoding=\"async\" width=\"570\" height=\"512\" src=\"http:\/\/acusticaysonido.net\/ayshome\/wp-content\/uploads\/2020\/05\/homapege-6pm-right.png\" alt=\"\" data-id=\"526\" data-full-url=\"http:\/\/acusticaysonido.net\/ayshome\/wp-content\/uploads\/2020\/05\/homapege-6pm-right.png\" data-link=\"http:\/\/acusticaysonido.net\/ayshome\/index.php\/rti\/homapege-6pm-right\/\" class=\"wp-image-526\" srcset=\"http:\/\/acusticaysonido.net\/ayshome\/wp-content\/uploads\/2020\/05\/homapege-6pm-right.png 570w, http:\/\/acusticaysonido.net\/ayshome\/wp-content\/uploads\/2020\/05\/homapege-6pm-right-300x269.png 300w\" sizes=\"(max-width: 570px) 100vw, 570px\" \/><\/figure><\/li><li class=\"blocks-gallery-item\"><figure><img loading=\"lazy\" decoding=\"async\" width=\"828\" height=\"534\" src=\"http:\/\/acusticaysonido.net\/ayshome\/wp-content\/uploads\/2020\/05\/homapege-7am-right.png\" alt=\"\" data-id=\"527\" data-full-url=\"http:\/\/acusticaysonido.net\/ayshome\/wp-content\/uploads\/2020\/05\/homapege-7am-right.png\" data-link=\"http:\/\/acusticaysonido.net\/ayshome\/index.php\/rti\/homapege-7am-right\/\" class=\"wp-image-527\" srcset=\"http:\/\/acusticaysonido.net\/ayshome\/wp-content\/uploads\/2020\/05\/homapege-7am-right.png 828w, http:\/\/acusticaysonido.net\/ayshome\/wp-content\/uploads\/2020\/05\/homapege-7am-right-600x387.png 600w, http:\/\/acusticaysonido.net\/ayshome\/wp-content\/uploads\/2020\/05\/homapege-7am-right-300x193.png 300w, http:\/\/acusticaysonido.net\/ayshome\/wp-content\/uploads\/2020\/05\/homapege-7am-right-768x495.png 768w\" sizes=\"(max-width: 828px) 100vw, 828px\" \/><\/figure><\/li><li class=\"blocks-gallery-item\"><figure><img loading=\"lazy\" decoding=\"async\" width=\"732\" height=\"506\" src=\"http:\/\/acusticaysonido.net\/ayshome\/wp-content\/uploads\/2020\/05\/homapege-9pm-right_1.png\" alt=\"\" data-id=\"528\" data-full-url=\"http:\/\/acusticaysonido.net\/ayshome\/wp-content\/uploads\/2020\/05\/homapege-9pm-right_1.png\" data-link=\"http:\/\/acusticaysonido.net\/ayshome\/index.php\/rti\/homapege-9pm-right_1\/\" class=\"wp-image-528\" srcset=\"http:\/\/acusticaysonido.net\/ayshome\/wp-content\/uploads\/2020\/05\/homapege-9pm-right_1.png 732w, http:\/\/acusticaysonido.net\/ayshome\/wp-content\/uploads\/2020\/05\/homapege-9pm-right_1-600x415.png 600w, http:\/\/acusticaysonido.net\/ayshome\/wp-content\/uploads\/2020\/05\/homapege-9pm-right_1-300x207.png 300w\" sizes=\"(max-width: 732px) 100vw, 732px\" \/><\/figure><\/li><li class=\"blocks-gallery-item\"><figure><img loading=\"lazy\" decoding=\"async\" width=\"900\" height=\"600\" src=\"http:\/\/acusticaysonido.net\/ayshome\/wp-content\/uploads\/2020\/05\/homepage_banner_t3x_900x600-2.png\" alt=\"\" data-id=\"529\" data-full-url=\"http:\/\/acusticaysonido.net\/ayshome\/wp-content\/uploads\/2020\/05\/homepage_banner_t3x_900x600-2.png\" data-link=\"http:\/\/acusticaysonido.net\/ayshome\/index.php\/rti\/homepage_banner_t3x_900x600-2\/\" class=\"wp-image-529\" srcset=\"http:\/\/acusticaysonido.net\/ayshome\/wp-content\/uploads\/2020\/05\/homepage_banner_t3x_900x600-2.png 900w, http:\/\/acusticaysonido.net\/ayshome\/wp-content\/uploads\/2020\/05\/homepage_banner_t3x_900x600-2-600x400.png 600w, http:\/\/acusticaysonido.net\/ayshome\/wp-content\/uploads\/2020\/05\/homepage_banner_t3x_900x600-2-300x200.png 300w, http:\/\/acusticaysonido.net\/ayshome\/wp-content\/uploads\/2020\/05\/homepage_banner_t3x_900x600-2-768x512.png 768w\" sizes=\"(max-width: 900px) 100vw, 900px\" \/><\/figure><\/li><\/ul><\/figure>\n","protected":false},"excerpt":{"rendered":"<p>Visitar p\u00e1gina web de RTI Remote Technologies Incorporated (RTI) es un fabricante l\u00edder de sistemas de control que ofrece dispositivos innovadores, sofisticados y f\u00e1ciles de usar para sistemas electr\u00f3nicos instalados profesionalmente. La amplia gama de controladores, procesadores centrales, sistemas de distribuci\u00f3n de audio y accesorios universales port\u00e1tiles y de pared galardonados de la compa\u00f1\u00eda se [&hellip;]<\/p>\n","protected":false},"author":1,"featured_media":0,"parent":0,"menu_order":0,"comment_status":"closed","ping_status":"closed","template":"","meta":{"footnotes":""},"_links":{"self":[{"href":"http:\/\/acusticaysonido.net\/ayshome\/index.php\/wp-json\/wp\/v2\/pages\/201"}],"collection":[{"href":"http:\/\/acusticaysonido.net\/ayshome\/index.php\/wp-json\/wp\/v2\/pages"}],"about":[{"href":"http:\/\/acusticaysonido.net\/ayshome\/index.php\/wp-json\/wp\/v2\/types\/page"}],"author":[{"embeddable":true,"href":"http:\/\/acusticaysonido.net\/ayshome\/index.php\/wp-json\/wp\/v2\/users\/1"}],"replies":[{"embeddable":true,"href":"http:\/\/acusticaysonido.net\/ayshome\/index.php\/wp-json\/wp\/v2\/comments?post=201"}],"version-history":[{"count":7,"href":"http:\/\/acusticaysonido.net\/ayshome\/index.php\/wp-json\/wp\/v2\/pages\/201\/revisions"}],"predecessor-version":[{"id":940,"href":"http:\/\/acusticaysonido.net\/ayshome\/index.php\/wp-json\/wp\/v2\/pages\/201\/revisions\/940"}],"wp:attachment":[{"href":"http:\/\/acusticaysonido.net\/ayshome\/index.php\/wp-json\/wp\/v2\/media?parent=201"}],"curies":[{"name":"wp","href":"https:\/\/api.w.org\/{rel}","templated":true}]}}