{"id":200,"date":"2020-05-08T10:46:41","date_gmt":"2020-05-08T16:46:41","guid":{"rendered":"http:\/\/acusticaysonido.net\/ayshome\/?page_id=200"},"modified":"2020-05-20T15:49:20","modified_gmt":"2020-05-20T21:49:20","slug":"omnya","status":"publish","type":"page","link":"http:\/\/acusticaysonido.net\/ayshome\/index.php\/omnya\/","title":{"rendered":"Omnya"},"content":{"rendered":"\n<figure class=\"wp-block-image size-large is-resized\"><a href=\"https:\/\/www.omnya.it\/\" target=\"_blank\" rel=\"noopener noreferrer\"><img loading=\"lazy\" decoding=\"async\" src=\"http:\/\/acusticaysonido.net\/ayshome\/wp-content\/uploads\/2020\/05\/Omnya-Eklesia-LOGO1.png\" alt=\"\" class=\"wp-image-325\" width=\"196\" height=\"33\" srcset=\"http:\/\/acusticaysonido.net\/ayshome\/wp-content\/uploads\/2020\/05\/Omnya-Eklesia-LOGO1.png 808w, http:\/\/acusticaysonido.net\/ayshome\/wp-content\/uploads\/2020\/05\/Omnya-Eklesia-LOGO1-600x103.png 600w, http:\/\/acusticaysonido.net\/ayshome\/wp-content\/uploads\/2020\/05\/Omnya-Eklesia-LOGO1-300x52.png 300w, http:\/\/acusticaysonido.net\/ayshome\/wp-content\/uploads\/2020\/05\/Omnya-Eklesia-LOGO1-768x132.png 768w\" sizes=\"(max-width: 196px) 100vw, 196px\" \/><\/a><\/figure>\n\n\n\n<hr class=\"wp-block-separator\"\/>\n\n\n\n<p><a href=\"https:\/\/www.omnya.it\/\" target=\"_blank\" rel=\"noreferrer noopener\"><span class=\"has-inline-color has-vivid-cyan-blue-color\">Visitar p\u00e1gina web de Omnya<\/span><\/a><\/p>\n\n\n\n<hr class=\"wp-block-separator\"\/>\n\n\n\n<p>OMNYA es una gama completa de productos para difusi\u00f3n de sonido dise\u00f1ada y construida por EKKLESIA srl: sistemas de audio para iglesias, comunidades, lugares de culto, escuelas, hospitales, hoteles, etc.<br><br>La calidad en un sentido global es la filosof\u00eda de OMNYA, consciente de la importancia del problema ambiental y el valor estrat\u00e9gico de soluciones adecuadas y tecnol\u00f3gicamente avanzadas, adecuadas para las necesidades de los usuarios.<br><br>Cada componente OMNYA ofrece las soluciones m\u00e1s avanzadas, que se distinguen por su excepcional facilidad y versatilidad de uso, por el dise\u00f1o y la alta calidad de los materiales utilizados.<\/p>\n\n\n\n<hr class=\"wp-block-separator\"\/>\n\n\n\n<figure class=\"wp-block-gallery columns-3 is-cropped wp-block-gallery-1 is-layout-flex wp-block-gallery-is-layout-flex\"><ul class=\"blocks-gallery-grid\"><li class=\"blocks-gallery-item\"><figure><img loading=\"lazy\" decoding=\"async\" width=\"600\" height=\"180\" src=\"http:\/\/acusticaysonido.net\/ayshome\/wp-content\/uploads\/2020\/05\/MT40430_600-600x180-1.jpg\" alt=\"\" data-id=\"416\" data-link=\"http:\/\/acusticaysonido.net\/ayshome\/index.php\/omnya\/mt40430_600-600x180-1\/\" class=\"wp-image-416\" srcset=\"http:\/\/acusticaysonido.net\/ayshome\/wp-content\/uploads\/2020\/05\/MT40430_600-600x180-1.jpg 600w, http:\/\/acusticaysonido.net\/ayshome\/wp-content\/uploads\/2020\/05\/MT40430_600-600x180-1-300x90.jpg 300w\" sizes=\"(max-width: 600px) 100vw, 600px\" \/><\/figure><\/li><li class=\"blocks-gallery-item\"><figure><img loading=\"lazy\" decoding=\"async\" width=\"250\" height=\"100\" src=\"http:\/\/acusticaysonido.net\/ayshome\/wp-content\/uploads\/2020\/05\/RM30318H.png\" alt=\"\" data-id=\"418\" data-link=\"http:\/\/acusticaysonido.net\/ayshome\/index.php\/omnya\/rm30318h\/\" class=\"wp-image-418\"\/><\/figure><\/li><li class=\"blocks-gallery-item\"><figure><img loading=\"lazy\" decoding=\"async\" width=\"250\" height=\"100\" src=\"http:\/\/acusticaysonido.net\/ayshome\/wp-content\/uploads\/2020\/05\/RM30318L.png\" alt=\"\" data-id=\"419\" data-full-url=\"http:\/\/acusticaysonido.net\/ayshome\/wp-content\/uploads\/2020\/05\/RM30318L.png\" data-link=\"http:\/\/acusticaysonido.net\/ayshome\/index.php\/omnya\/rm30318l\/\" class=\"wp-image-419\"\/><\/figure><\/li><\/ul><\/figure>\n","protected":false},"excerpt":{"rendered":"<p>Visitar p\u00e1gina web de Omnya OMNYA es una gama completa de productos para difusi\u00f3n de sonido dise\u00f1ada y construida por EKKLESIA srl: sistemas de audio para iglesias, comunidades, lugares de culto, escuelas, hospitales, hoteles, etc. La calidad en un sentido global es la filosof\u00eda de OMNYA, consciente de la importancia del problema ambiental y el [&hellip;]<\/p>\n","protected":false},"author":1,"featured_media":0,"parent":0,"menu_order":0,"comment_status":"closed","ping_status":"closed","template":"","meta":{"footnotes":""},"_links":{"self":[{"href":"http:\/\/acusticaysonido.net\/ayshome\/index.php\/wp-json\/wp\/v2\/pages\/200"}],"collection":[{"href":"http:\/\/acusticaysonido.net\/ayshome\/index.php\/wp-json\/wp\/v2\/pages"}],"about":[{"href":"http:\/\/acusticaysonido.net\/ayshome\/index.php\/wp-json\/wp\/v2\/types\/page"}],"author":[{"embeddable":true,"href":"http:\/\/acusticaysonido.net\/ayshome\/index.php\/wp-json\/wp\/v2\/users\/1"}],"replies":[{"embeddable":true,"href":"http:\/\/acusticaysonido.net\/ayshome\/index.php\/wp-json\/wp\/v2\/comments?post=200"}],"version-history":[{"count":8,"href":"http:\/\/acusticaysonido.net\/ayshome\/index.php\/wp-json\/wp\/v2\/pages\/200\/revisions"}],"predecessor-version":[{"id":938,"href":"http:\/\/acusticaysonido.net\/ayshome\/index.php\/wp-json\/wp\/v2\/pages\/200\/revisions\/938"}],"wp:attachment":[{"href":"http:\/\/acusticaysonido.net\/ayshome\/index.php\/wp-json\/wp\/v2\/media?parent=200"}],"curies":[{"name":"wp","href":"https:\/\/api.w.org\/{rel}","templated":true}]}}