{"id":198,"date":"2020-05-08T10:46:41","date_gmt":"2020-05-08T16:46:41","guid":{"rendered":"http:\/\/acusticaysonido.net\/ayshome\/?page_id=198"},"modified":"2020-05-20T15:47:35","modified_gmt":"2020-05-20T21:47:35","slug":"lowell","status":"publish","type":"page","link":"http:\/\/acusticaysonido.net\/ayshome\/index.php\/lowell\/","title":{"rendered":"Lowell"},"content":{"rendered":"\n<figure class=\"wp-block-image size-large is-resized\"><a href=\"https:\/\/www.lowellmfg.com\/\" target=\"_blank\" rel=\"noopener noreferrer\"><img loading=\"lazy\" decoding=\"async\" src=\"http:\/\/acusticaysonido.net\/ayshome\/wp-content\/uploads\/2020\/05\/LOWELL-logo-1024x316.png\" alt=\"\" class=\"wp-image-351\" width=\"212\" height=\"64\" srcset=\"http:\/\/acusticaysonido.net\/ayshome\/wp-content\/uploads\/2020\/05\/LOWELL-logo-1024x316.png 1024w, http:\/\/acusticaysonido.net\/ayshome\/wp-content\/uploads\/2020\/05\/LOWELL-logo-600x185.png 600w, http:\/\/acusticaysonido.net\/ayshome\/wp-content\/uploads\/2020\/05\/LOWELL-logo-768x237.png 768w\" sizes=\"(max-width: 212px) 100vw, 212px\" \/><\/a><\/figure>\n\n\n\n<hr class=\"wp-block-separator\"\/>\n\n\n\n<p><a href=\"https:\/\/www.lowellmfg.com\/\" target=\"_blank\" rel=\"noreferrer noopener\"><span class=\"has-inline-color has-vivid-cyan-blue-color\">Visitar p\u00e1gina web de Lowell<\/span><\/a><\/p>\n\n\n\n<hr class=\"wp-block-separator\"\/>\n\n\n\n<p>Lowell Mfg. Co. ha estado desarrollando productos para la integraci\u00f3n profesional de sistemas de A \/ V desde 1947. El fundador Ben Lowell recibi\u00f3 las primeras patentes de dise\u00f1o para deflectores de aluminio hilado que formaron el n\u00facleo de una nueva l\u00ednea de productos. La idea del &#8220;sonido desde el &nbsp;techo&#8221; era novedosa en aquel entonces y la nueva empresa creci\u00f3 desde el segundo piso de un modesto edificio de dos pisos en la ciudad de St. Louis.<br><br>En 1954, la compa\u00f1\u00eda se mud\u00f3 a Maplewood, Missouri, para expandir el \u00e1rea de fabricaci\u00f3n y alojar mejor la creciente l\u00ednea de productos. La d\u00e9cada de 1950 continu\u00f3 con la empresa recibiendo patentes de dise\u00f1o e introduciendo una l\u00ednea de gabinetes vendidos bajo la marca Lowell Metal Works y en 1960 se agreg\u00f3 otro edificio para fabricar prototipos y productos de metal personalizados. En 1961, Lowell present\u00f3 la primera rejilla de altavoz moldeada de pl\u00e1stico del mundo para complementar su l\u00ednea de bafles y cajas met\u00e1licas. Tambi\u00e9n se otorgaron dos patentes de dise\u00f1o adicionales para deflectores de altavoces.<br><br>En los a\u00f1os setenta y ochenta, Lowell ampli\u00f3 su l\u00ednea de productos de audio, aumentando su oferta de cajas de conexiones para incluir gabinetes de gran volumen c\u00fabico para centros de convenciones, aeropuertos y centros de artes esc\u00e9nicas. La compa\u00f1\u00eda estaba en una posici\u00f3n \u00fanica para empaquetar los componentes necesarios para los altavoces \u201csound masking\u201d en los espacios de techo. Durante este tiempo, el actual presidente y CEO John Lowell se uni\u00f3 al departamento de ventas y marketing de la compa\u00f1\u00eda. Su hermano Wilhelm Lowell lleg\u00f3 a bordo en 1980, y finalmente se mud\u00f3 a operaciones y desarrollo de nuevos productos.<br><br>Desde la d\u00e9cada de 1990 hasta el nuevo milenio, Lowell Manufacturing evolucion\u00f3 &nbsp;a una instalaci\u00f3n de vanguardia en Pacific, Missouri, para albergar equipos avanzados de fabricaci\u00f3n y pintura en polvo capaces de producir un nivel de calidad nunca antes visto en la industria. Esto llev\u00f3 a la introducci\u00f3n de una nueva l\u00ednea de bastidores de equipos, gabinetes y accesorios de bastidores que contin\u00faa expandi\u00e9ndose a nuevos mercados. Lowell tambi\u00e9n desarroll\u00f3 productos de alimentaci\u00f3n de CA que van desde controles remotos de energ\u00eda y secuenciaci\u00f3n hasta supresi\u00f3n de sobretensiones avanzada. Se otorgaron patentes de dise\u00f1o por un innovador sistema de altavoces Lay-In Tile y control de volumen accionado por tecla.<br><br>Hoy, los Lowell contin\u00faan agregando su marca a la rica historia desarrollada por sus padres, Ben y Dorothy Lowell, mientras dise\u00f1an y fabrican productos en los EE. UU., Apoyando tanto al trabajador estadounidense como a la econom\u00eda.<\/p>\n\n\n\n<hr class=\"wp-block-separator\"\/>\n\n\n\n<figure class=\"wp-block-gallery columns-2 wp-block-gallery-1 is-layout-flex wp-block-gallery-is-layout-flex\"><ul class=\"blocks-gallery-grid\"><li class=\"blocks-gallery-item\"><figure><img loading=\"lazy\" decoding=\"async\" width=\"1024\" height=\"503\" src=\"http:\/\/acusticaysonido.net\/ayshome\/wp-content\/uploads\/2020\/05\/317485-1024x503.jpg\" alt=\"\" data-id=\"557\" data-full-url=\"http:\/\/acusticaysonido.net\/ayshome\/wp-content\/uploads\/2020\/05\/317485.jpg\" data-link=\"http:\/\/acusticaysonido.net\/ayshome\/index.php\/lowell\/attachment\/317485\/\" class=\"wp-image-557\" srcset=\"http:\/\/acusticaysonido.net\/ayshome\/wp-content\/uploads\/2020\/05\/317485-1024x503.jpg 1024w, http:\/\/acusticaysonido.net\/ayshome\/wp-content\/uploads\/2020\/05\/317485-600x295.jpg 600w, http:\/\/acusticaysonido.net\/ayshome\/wp-content\/uploads\/2020\/05\/317485-300x147.jpg 300w, http:\/\/acusticaysonido.net\/ayshome\/wp-content\/uploads\/2020\/05\/317485-768x377.jpg 768w, http:\/\/acusticaysonido.net\/ayshome\/wp-content\/uploads\/2020\/05\/317485.jpg 1200w\" sizes=\"(max-width: 1024px) 100vw, 1024px\" \/><\/figure><\/li><li class=\"blocks-gallery-item\"><figure><img loading=\"lazy\" decoding=\"async\" width=\"1024\" height=\"576\" src=\"http:\/\/acusticaysonido.net\/ayshome\/wp-content\/uploads\/2020\/05\/32-3109BU-1-1024x576.jpg\" alt=\"\" data-id=\"555\" data-full-url=\"http:\/\/acusticaysonido.net\/ayshome\/wp-content\/uploads\/2020\/05\/32-3109BU-1.jpg\" data-link=\"http:\/\/acusticaysonido.net\/ayshome\/index.php\/lowell\/32-3109bu-1\/\" class=\"wp-image-555\" srcset=\"http:\/\/acusticaysonido.net\/ayshome\/wp-content\/uploads\/2020\/05\/32-3109BU-1-1024x576.jpg 1024w, http:\/\/acusticaysonido.net\/ayshome\/wp-content\/uploads\/2020\/05\/32-3109BU-1-600x337.jpg 600w, http:\/\/acusticaysonido.net\/ayshome\/wp-content\/uploads\/2020\/05\/32-3109BU-1-300x169.jpg 300w, http:\/\/acusticaysonido.net\/ayshome\/wp-content\/uploads\/2020\/05\/32-3109BU-1-768x432.jpg 768w, http:\/\/acusticaysonido.net\/ayshome\/wp-content\/uploads\/2020\/05\/32-3109BU-1.jpg 1067w\" sizes=\"(max-width: 1024px) 100vw, 1024px\" \/><\/figure><\/li><li class=\"blocks-gallery-item\"><figure><img loading=\"lazy\" decoding=\"async\" width=\"750\" height=\"750\" src=\"http:\/\/acusticaysonido.net\/ayshome\/wp-content\/uploads\/2020\/05\/1553783759_1468326.jpg\" alt=\"\" data-id=\"558\" data-full-url=\"http:\/\/acusticaysonido.net\/ayshome\/wp-content\/uploads\/2020\/05\/1553783759_1468326.jpg\" data-link=\"http:\/\/acusticaysonido.net\/ayshome\/index.php\/lowell\/1553783759_1468326\/\" class=\"wp-image-558\" srcset=\"http:\/\/acusticaysonido.net\/ayshome\/wp-content\/uploads\/2020\/05\/1553783759_1468326.jpg 750w, http:\/\/acusticaysonido.net\/ayshome\/wp-content\/uploads\/2020\/05\/1553783759_1468326-300x300.jpg 300w, http:\/\/acusticaysonido.net\/ayshome\/wp-content\/uploads\/2020\/05\/1553783759_1468326-100x100.jpg 100w, http:\/\/acusticaysonido.net\/ayshome\/wp-content\/uploads\/2020\/05\/1553783759_1468326-600x600.jpg 600w, http:\/\/acusticaysonido.net\/ayshome\/wp-content\/uploads\/2020\/05\/1553783759_1468326-150x150.jpg 150w\" sizes=\"(max-width: 750px) 100vw, 750px\" \/><\/figure><\/li><li class=\"blocks-gallery-item\"><figure><img loading=\"lazy\" decoding=\"async\" width=\"600\" height=\"600\" src=\"http:\/\/acusticaysonido.net\/ayshome\/wp-content\/uploads\/2020\/05\/RPC15S-c-600x600-1.jpg\" alt=\"\" data-id=\"560\" data-full-url=\"http:\/\/acusticaysonido.net\/ayshome\/wp-content\/uploads\/2020\/05\/RPC15S-c-600x600-1.jpg\" data-link=\"http:\/\/acusticaysonido.net\/ayshome\/index.php\/lowell\/rpc15s-c-600x600-1\/\" class=\"wp-image-560\" srcset=\"http:\/\/acusticaysonido.net\/ayshome\/wp-content\/uploads\/2020\/05\/RPC15S-c-600x600-1.jpg 600w, http:\/\/acusticaysonido.net\/ayshome\/wp-content\/uploads\/2020\/05\/RPC15S-c-600x600-1-300x300.jpg 300w, http:\/\/acusticaysonido.net\/ayshome\/wp-content\/uploads\/2020\/05\/RPC15S-c-600x600-1-100x100.jpg 100w, http:\/\/acusticaysonido.net\/ayshome\/wp-content\/uploads\/2020\/05\/RPC15S-c-600x600-1-150x150.jpg 150w\" sizes=\"(max-width: 600px) 100vw, 600px\" \/><\/figure><\/li><li class=\"blocks-gallery-item\"><figure><img loading=\"lazy\" decoding=\"async\" width=\"800\" height=\"800\" src=\"http:\/\/acusticaysonido.net\/ayshome\/wp-content\/uploads\/2020\/05\/298.jpg\" alt=\"\" data-id=\"556\" data-full-url=\"http:\/\/acusticaysonido.net\/ayshome\/wp-content\/uploads\/2020\/05\/298.jpg\" data-link=\"http:\/\/acusticaysonido.net\/ayshome\/index.php\/lowell\/attachment\/298\/\" class=\"wp-image-556\" srcset=\"http:\/\/acusticaysonido.net\/ayshome\/wp-content\/uploads\/2020\/05\/298.jpg 800w, http:\/\/acusticaysonido.net\/ayshome\/wp-content\/uploads\/2020\/05\/298-300x300.jpg 300w, http:\/\/acusticaysonido.net\/ayshome\/wp-content\/uploads\/2020\/05\/298-100x100.jpg 100w, http:\/\/acusticaysonido.net\/ayshome\/wp-content\/uploads\/2020\/05\/298-600x600.jpg 600w, http:\/\/acusticaysonido.net\/ayshome\/wp-content\/uploads\/2020\/05\/298-150x150.jpg 150w, http:\/\/acusticaysonido.net\/ayshome\/wp-content\/uploads\/2020\/05\/298-768x768.jpg 768w\" sizes=\"(max-width: 800px) 100vw, 800px\" \/><\/figure><\/li><li class=\"blocks-gallery-item\"><figure><img loading=\"lazy\" decoding=\"async\" width=\"264\" height=\"512\" src=\"http:\/\/acusticaysonido.net\/ayshome\/wp-content\/uploads\/2020\/05\/unnamed.jpg\" alt=\"\" data-id=\"561\" data-full-url=\"http:\/\/acusticaysonido.net\/ayshome\/wp-content\/uploads\/2020\/05\/unnamed.jpg\" data-link=\"http:\/\/acusticaysonido.net\/ayshome\/index.php\/lowell\/unnamed\/\" class=\"wp-image-561\" srcset=\"http:\/\/acusticaysonido.net\/ayshome\/wp-content\/uploads\/2020\/05\/unnamed.jpg 264w, http:\/\/acusticaysonido.net\/ayshome\/wp-content\/uploads\/2020\/05\/unnamed-155x300.jpg 155w\" sizes=\"(max-width: 264px) 100vw, 264px\" \/><\/figure><\/li><\/ul><\/figure>\n","protected":false},"excerpt":{"rendered":"<p>Visitar p\u00e1gina web de Lowell Lowell Mfg. Co. ha estado desarrollando productos para la integraci\u00f3n profesional de sistemas de A \/ V desde 1947. El fundador Ben Lowell recibi\u00f3 las primeras patentes de dise\u00f1o para deflectores de aluminio hilado que formaron el n\u00facleo de una nueva l\u00ednea de productos. La idea del &#8220;sonido desde el [&hellip;]<\/p>\n","protected":false},"author":1,"featured_media":0,"parent":0,"menu_order":0,"comment_status":"closed","ping_status":"closed","template":"","meta":{"footnotes":""},"_links":{"self":[{"href":"http:\/\/acusticaysonido.net\/ayshome\/index.php\/wp-json\/wp\/v2\/pages\/198"}],"collection":[{"href":"http:\/\/acusticaysonido.net\/ayshome\/index.php\/wp-json\/wp\/v2\/pages"}],"about":[{"href":"http:\/\/acusticaysonido.net\/ayshome\/index.php\/wp-json\/wp\/v2\/types\/page"}],"author":[{"embeddable":true,"href":"http:\/\/acusticaysonido.net\/ayshome\/index.php\/wp-json\/wp\/v2\/users\/1"}],"replies":[{"embeddable":true,"href":"http:\/\/acusticaysonido.net\/ayshome\/index.php\/wp-json\/wp\/v2\/comments?post=198"}],"version-history":[{"count":9,"href":"http:\/\/acusticaysonido.net\/ayshome\/index.php\/wp-json\/wp\/v2\/pages\/198\/revisions"}],"predecessor-version":[{"id":935,"href":"http:\/\/acusticaysonido.net\/ayshome\/index.php\/wp-json\/wp\/v2\/pages\/198\/revisions\/935"}],"wp:attachment":[{"href":"http:\/\/acusticaysonido.net\/ayshome\/index.php\/wp-json\/wp\/v2\/media?parent=198"}],"curies":[{"name":"wp","href":"https:\/\/api.w.org\/{rel}","templated":true}]}}