{"id":196,"date":"2020-05-08T10:46:41","date_gmt":"2020-05-08T16:46:41","guid":{"rendered":"http:\/\/acusticaysonido.net\/ayshome\/?page_id=196"},"modified":"2020-05-20T15:45:33","modified_gmt":"2020-05-20T21:45:33","slug":"liberty-av-solutions","status":"publish","type":"page","link":"http:\/\/acusticaysonido.net\/ayshome\/index.php\/liberty-av-solutions\/","title":{"rendered":"Liberty AV Solutions"},"content":{"rendered":"\n<figure class=\"wp-block-image size-large is-resized\"><a href=\"https:\/\/secure.libertycable.com\/\" target=\"_blank\" rel=\"noopener noreferrer\"><img loading=\"lazy\" decoding=\"async\" src=\"http:\/\/acusticaysonido.net\/ayshome\/wp-content\/uploads\/2020\/05\/LibertyAVSolutions_LOGO_no-tagline.png\" alt=\"\" class=\"wp-image-348\" width=\"232\" height=\"49\" srcset=\"http:\/\/acusticaysonido.net\/ayshome\/wp-content\/uploads\/2020\/05\/LibertyAVSolutions_LOGO_no-tagline.png 845w, http:\/\/acusticaysonido.net\/ayshome\/wp-content\/uploads\/2020\/05\/LibertyAVSolutions_LOGO_no-tagline-600x128.png 600w, http:\/\/acusticaysonido.net\/ayshome\/wp-content\/uploads\/2020\/05\/LibertyAVSolutions_LOGO_no-tagline-300x64.png 300w, http:\/\/acusticaysonido.net\/ayshome\/wp-content\/uploads\/2020\/05\/LibertyAVSolutions_LOGO_no-tagline-768x164.png 768w\" sizes=\"(max-width: 232px) 100vw, 232px\" \/><\/a><\/figure>\n\n\n\n<hr class=\"wp-block-separator\"\/>\n\n\n\n<p><a href=\"https:\/\/www.libertycable.com\/\" target=\"_blank\" rel=\"noreferrer noopener\"><span class=\"has-inline-color has-vivid-cyan-blue-color\">Visitar p\u00e1gina web de Liberty AV<\/span><\/a><\/p>\n\n\n\n<hr class=\"wp-block-separator\"\/>\n\n\n\n<p>Liberty AV Solutions fue conocido originalmente por su variada selecci\u00f3n de productos de cables y alambres, con un dise\u00f1o \u00fanico con caracter\u00edsticas de instalaci\u00f3n que ahorran mano de obra, como las cubiertas de cable recubiertas de color, que ahorran tiempo y aumentan la rentabilidad para el instalador. Hoy, Liberty se ha convertido en un proveedor completo de sistemas de infraestructura AV que ofrece productos electr\u00f3nicos punto a punto, soluciones de intercambio de contenido BYOD, gesti\u00f3n de se\u00f1al digital, cables y conectores &#8230; todo respaldado por el apoyo de un equipo interno de atenci\u00f3n al cliente bien informado. . Con una cartera de productos cada vez mayor, Liberty AV ha mantenido tanto su calidad como su conexi\u00f3n personal con el instalador, entregando productos que son de vanguardia, pero f\u00e1ciles de instalar y f\u00e1ciles de usar.<\/p>\n\n\n\n<p>Con centros de distribuci\u00f3n y fabricaci\u00f3n ubicados en Colorado, Arizona, Carolina del Norte e Illinois, Liberty AV sigue enfocada en tecnolog\u00eda de punta, servicio al cliente y educaci\u00f3n, mientras contin\u00faa brindando la gama m\u00e1s amplia de productos, servicios y soluciones AV profesionales disponibles.<\/p>\n\n\n\n<hr class=\"wp-block-separator\"\/>\n\n\n\n<figure class=\"wp-block-gallery columns-3 is-cropped wp-block-gallery-1 is-layout-flex wp-block-gallery-is-layout-flex\"><ul class=\"blocks-gallery-grid\"><li class=\"blocks-gallery-item\"><figure><img loading=\"lazy\" decoding=\"async\" width=\"400\" height=\"225\" src=\"http:\/\/acusticaysonido.net\/ayshome\/wp-content\/uploads\/2020\/05\/230521.jpg\" alt=\"\" data-id=\"549\" data-link=\"http:\/\/acusticaysonido.net\/ayshome\/index.php\/liberty-av-solutions\/attachment\/230521\/\" class=\"wp-image-549\" srcset=\"http:\/\/acusticaysonido.net\/ayshome\/wp-content\/uploads\/2020\/05\/230521.jpg 400w, http:\/\/acusticaysonido.net\/ayshome\/wp-content\/uploads\/2020\/05\/230521-300x169.jpg 300w\" sizes=\"(max-width: 400px) 100vw, 400px\" \/><\/figure><\/li><li class=\"blocks-gallery-item\"><figure><img loading=\"lazy\" decoding=\"async\" width=\"500\" height=\"250\" src=\"http:\/\/acusticaysonido.net\/ayshome\/wp-content\/uploads\/2020\/05\/DL-AR1877.png\" alt=\"\" data-id=\"550\" data-link=\"http:\/\/acusticaysonido.net\/ayshome\/index.php\/liberty-av-solutions\/dl-ar1877\/\" class=\"wp-image-550\" srcset=\"http:\/\/acusticaysonido.net\/ayshome\/wp-content\/uploads\/2020\/05\/DL-AR1877.png 500w, http:\/\/acusticaysonido.net\/ayshome\/wp-content\/uploads\/2020\/05\/DL-AR1877-300x150.png 300w\" sizes=\"(max-width: 500px) 100vw, 500px\" \/><\/figure><\/li><li class=\"blocks-gallery-item\"><figure><img loading=\"lazy\" decoding=\"async\" width=\"500\" height=\"250\" src=\"http:\/\/acusticaysonido.net\/ayshome\/wp-content\/uploads\/2020\/05\/Z100AY15FT.png\" alt=\"\" data-id=\"551\" data-link=\"http:\/\/acusticaysonido.net\/ayshome\/index.php\/liberty-av-solutions\/z100ay15ft\/\" class=\"wp-image-551\" srcset=\"http:\/\/acusticaysonido.net\/ayshome\/wp-content\/uploads\/2020\/05\/Z100AY15FT.png 500w, http:\/\/acusticaysonido.net\/ayshome\/wp-content\/uploads\/2020\/05\/Z100AY15FT-300x150.png 300w\" sizes=\"(max-width: 500px) 100vw, 500px\" \/><\/figure><\/li><li class=\"blocks-gallery-item\"><figure><img loading=\"lazy\" decoding=\"async\" width=\"1024\" height=\"842\" src=\"http:\/\/acusticaysonido.net\/ayshome\/wp-content\/uploads\/2020\/05\/1280_AO7kG6S6RGW0-1-1024x842.png\" alt=\"\" data-id=\"567\" data-link=\"http:\/\/acusticaysonido.net\/ayshome\/index.php\/liberty-av-solutions\/1280_ao7kg6s6rgw0-1\/\" class=\"wp-image-567\" srcset=\"http:\/\/acusticaysonido.net\/ayshome\/wp-content\/uploads\/2020\/05\/1280_AO7kG6S6RGW0-1-1024x842.png 1024w, http:\/\/acusticaysonido.net\/ayshome\/wp-content\/uploads\/2020\/05\/1280_AO7kG6S6RGW0-1-600x494.png 600w, http:\/\/acusticaysonido.net\/ayshome\/wp-content\/uploads\/2020\/05\/1280_AO7kG6S6RGW0-1-300x247.png 300w, http:\/\/acusticaysonido.net\/ayshome\/wp-content\/uploads\/2020\/05\/1280_AO7kG6S6RGW0-1-768x632.png 768w, http:\/\/acusticaysonido.net\/ayshome\/wp-content\/uploads\/2020\/05\/1280_AO7kG6S6RGW0-1.png 1279w\" sizes=\"(max-width: 1024px) 100vw, 1024px\" \/><\/figure><\/li><li class=\"blocks-gallery-item\"><figure><img loading=\"lazy\" decoding=\"async\" width=\"800\" height=\"450\" src=\"http:\/\/acusticaysonido.net\/ayshome\/wp-content\/uploads\/2020\/05\/64DIGI-88B_left_facing_front.jpg\" alt=\"\" data-id=\"568\" data-full-url=\"http:\/\/acusticaysonido.net\/ayshome\/wp-content\/uploads\/2020\/05\/64DIGI-88B_left_facing_front.jpg\" data-link=\"http:\/\/acusticaysonido.net\/ayshome\/index.php\/liberty-av-solutions\/64digi-88b_left_facing_front\/\" class=\"wp-image-568\" srcset=\"http:\/\/acusticaysonido.net\/ayshome\/wp-content\/uploads\/2020\/05\/64DIGI-88B_left_facing_front.jpg 800w, http:\/\/acusticaysonido.net\/ayshome\/wp-content\/uploads\/2020\/05\/64DIGI-88B_left_facing_front-600x338.jpg 600w, http:\/\/acusticaysonido.net\/ayshome\/wp-content\/uploads\/2020\/05\/64DIGI-88B_left_facing_front-300x169.jpg 300w, http:\/\/acusticaysonido.net\/ayshome\/wp-content\/uploads\/2020\/05\/64DIGI-88B_left_facing_front-768x432.jpg 768w\" sizes=\"(max-width: 800px) 100vw, 800px\" \/><\/figure><\/li><\/ul><\/figure>\n\n\n\n<figure class=\"wp-block-gallery columns-2 is-cropped wp-block-gallery-2 is-layout-flex wp-block-gallery-is-layout-flex\"><ul class=\"blocks-gallery-grid\"><li class=\"blocks-gallery-item\"><figure><img loading=\"lazy\" decoding=\"async\" width=\"1024\" height=\"576\" src=\"http:\/\/acusticaysonido.net\/ayshome\/wp-content\/uploads\/2020\/05\/32-3109BU-1024x576.jpg\" alt=\"\" data-id=\"541\" data-link=\"http:\/\/acusticaysonido.net\/ayshome\/index.php\/liberty-av-solutions\/32-3109bu\/\" class=\"wp-image-541\" srcset=\"http:\/\/acusticaysonido.net\/ayshome\/wp-content\/uploads\/2020\/05\/32-3109BU-1024x576.jpg 1024w, http:\/\/acusticaysonido.net\/ayshome\/wp-content\/uploads\/2020\/05\/32-3109BU-600x337.jpg 600w, http:\/\/acusticaysonido.net\/ayshome\/wp-content\/uploads\/2020\/05\/32-3109BU-300x169.jpg 300w, http:\/\/acusticaysonido.net\/ayshome\/wp-content\/uploads\/2020\/05\/32-3109BU-768x432.jpg 768w, http:\/\/acusticaysonido.net\/ayshome\/wp-content\/uploads\/2020\/05\/32-3109BU.jpg 1067w\" sizes=\"(max-width: 1024px) 100vw, 1024px\" \/><\/figure><\/li><li class=\"blocks-gallery-item\"><figure><img loading=\"lazy\" decoding=\"async\" width=\"1024\" height=\"576\" src=\"http:\/\/acusticaysonido.net\/ayshome\/wp-content\/uploads\/2020\/05\/NP3C_part-1024x576.jpg\" alt=\"\" data-id=\"542\" data-link=\"http:\/\/acusticaysonido.net\/ayshome\/index.php\/liberty-av-solutions\/np3c_part\/\" class=\"wp-image-542\" srcset=\"http:\/\/acusticaysonido.net\/ayshome\/wp-content\/uploads\/2020\/05\/NP3C_part-1024x576.jpg 1024w, http:\/\/acusticaysonido.net\/ayshome\/wp-content\/uploads\/2020\/05\/NP3C_part-600x337.jpg 600w, http:\/\/acusticaysonido.net\/ayshome\/wp-content\/uploads\/2020\/05\/NP3C_part-300x169.jpg 300w, http:\/\/acusticaysonido.net\/ayshome\/wp-content\/uploads\/2020\/05\/NP3C_part-768x432.jpg 768w, http:\/\/acusticaysonido.net\/ayshome\/wp-content\/uploads\/2020\/05\/NP3C_part.jpg 1067w\" sizes=\"(max-width: 1024px) 100vw, 1024px\" \/><\/figure><\/li><\/ul><\/figure>\n\n\n\n<figure class=\"wp-block-gallery columns-2 is-cropped wp-block-gallery-3 is-layout-flex wp-block-gallery-is-layout-flex\"><ul class=\"blocks-gallery-grid\"><li class=\"blocks-gallery-item\"><figure><img loading=\"lazy\" decoding=\"async\" width=\"1024\" height=\"576\" src=\"http:\/\/acusticaysonido.net\/ayshome\/wp-content\/uploads\/2020\/05\/DL-SC51TR-1024x576.jpg\" alt=\"\" data-id=\"546\" data-link=\"http:\/\/acusticaysonido.net\/ayshome\/index.php\/liberty-av-solutions\/dl-sc51tr\/\" class=\"wp-image-546\" srcset=\"http:\/\/acusticaysonido.net\/ayshome\/wp-content\/uploads\/2020\/05\/DL-SC51TR-1024x576.jpg 1024w, http:\/\/acusticaysonido.net\/ayshome\/wp-content\/uploads\/2020\/05\/DL-SC51TR-600x338.jpg 600w, http:\/\/acusticaysonido.net\/ayshome\/wp-content\/uploads\/2020\/05\/DL-SC51TR-300x169.jpg 300w, http:\/\/acusticaysonido.net\/ayshome\/wp-content\/uploads\/2020\/05\/DL-SC51TR-768x432.jpg 768w, http:\/\/acusticaysonido.net\/ayshome\/wp-content\/uploads\/2020\/05\/DL-SC51TR.jpg 1200w\" sizes=\"(max-width: 1024px) 100vw, 1024px\" \/><\/figure><\/li><li class=\"blocks-gallery-item\"><figure><img loading=\"lazy\" decoding=\"async\" width=\"1024\" height=\"576\" src=\"http:\/\/acusticaysonido.net\/ayshome\/wp-content\/uploads\/2020\/05\/DL-HDE100_SetWithQuarter-1024x576.jpg\" alt=\"\" data-id=\"539\" data-link=\"http:\/\/acusticaysonido.net\/ayshome\/index.php\/liberty-av-solutions\/dl-hde100_setwithquarter\/\" class=\"wp-image-539\" srcset=\"http:\/\/acusticaysonido.net\/ayshome\/wp-content\/uploads\/2020\/05\/DL-HDE100_SetWithQuarter-1024x576.jpg 1024w, http:\/\/acusticaysonido.net\/ayshome\/wp-content\/uploads\/2020\/05\/DL-HDE100_SetWithQuarter-600x337.jpg 600w, http:\/\/acusticaysonido.net\/ayshome\/wp-content\/uploads\/2020\/05\/DL-HDE100_SetWithQuarter-300x169.jpg 300w, http:\/\/acusticaysonido.net\/ayshome\/wp-content\/uploads\/2020\/05\/DL-HDE100_SetWithQuarter-768x432.jpg 768w, http:\/\/acusticaysonido.net\/ayshome\/wp-content\/uploads\/2020\/05\/DL-HDE100_SetWithQuarter.jpg 1067w\" sizes=\"(max-width: 1024px) 100vw, 1024px\" \/><\/figure><\/li><\/ul><\/figure>\n\n\n\n<figure class=\"wp-block-gallery columns-1 is-cropped wp-block-gallery-4 is-layout-flex wp-block-gallery-is-layout-flex\"><ul class=\"blocks-gallery-grid\"><li class=\"blocks-gallery-item\"><figure><img loading=\"lazy\" decoding=\"async\" width=\"871\" height=\"433\" src=\"http:\/\/acusticaysonido.net\/ayshome\/wp-content\/uploads\/2020\/05\/Liberty5000Series-Hardware-1.jpg\" alt=\"\" data-id=\"552\" data-full-url=\"http:\/\/acusticaysonido.net\/ayshome\/wp-content\/uploads\/2020\/05\/Liberty5000Series-Hardware-1.jpg\" data-link=\"http:\/\/acusticaysonido.net\/ayshome\/index.php\/liberty-av-solutions\/liberty5000series-hardware-1\/\" class=\"wp-image-552\" srcset=\"http:\/\/acusticaysonido.net\/ayshome\/wp-content\/uploads\/2020\/05\/Liberty5000Series-Hardware-1.jpg 871w, http:\/\/acusticaysonido.net\/ayshome\/wp-content\/uploads\/2020\/05\/Liberty5000Series-Hardware-1-600x298.jpg 600w, http:\/\/acusticaysonido.net\/ayshome\/wp-content\/uploads\/2020\/05\/Liberty5000Series-Hardware-1-300x149.jpg 300w, http:\/\/acusticaysonido.net\/ayshome\/wp-content\/uploads\/2020\/05\/Liberty5000Series-Hardware-1-768x382.jpg 768w\" sizes=\"(max-width: 871px) 100vw, 871px\" \/><\/figure><\/li><\/ul><\/figure>\n","protected":false},"excerpt":{"rendered":"<p>Visitar p\u00e1gina web de Liberty AV Liberty AV Solutions fue conocido originalmente por su variada selecci\u00f3n de productos de cables y alambres, con un dise\u00f1o \u00fanico con caracter\u00edsticas de instalaci\u00f3n que ahorran mano de obra, como las cubiertas de cable recubiertas de color, que ahorran tiempo y aumentan la rentabilidad para el instalador. Hoy, Liberty [&hellip;]<\/p>\n","protected":false},"author":1,"featured_media":0,"parent":0,"menu_order":0,"comment_status":"closed","ping_status":"closed","template":"","meta":{"footnotes":""},"_links":{"self":[{"href":"http:\/\/acusticaysonido.net\/ayshome\/index.php\/wp-json\/wp\/v2\/pages\/196"}],"collection":[{"href":"http:\/\/acusticaysonido.net\/ayshome\/index.php\/wp-json\/wp\/v2\/pages"}],"about":[{"href":"http:\/\/acusticaysonido.net\/ayshome\/index.php\/wp-json\/wp\/v2\/types\/page"}],"author":[{"embeddable":true,"href":"http:\/\/acusticaysonido.net\/ayshome\/index.php\/wp-json\/wp\/v2\/users\/1"}],"replies":[{"embeddable":true,"href":"http:\/\/acusticaysonido.net\/ayshome\/index.php\/wp-json\/wp\/v2\/comments?post=196"}],"version-history":[{"count":10,"href":"http:\/\/acusticaysonido.net\/ayshome\/index.php\/wp-json\/wp\/v2\/pages\/196\/revisions"}],"predecessor-version":[{"id":932,"href":"http:\/\/acusticaysonido.net\/ayshome\/index.php\/wp-json\/wp\/v2\/pages\/196\/revisions\/932"}],"wp:attachment":[{"href":"http:\/\/acusticaysonido.net\/ayshome\/index.php\/wp-json\/wp\/v2\/media?parent=196"}],"curies":[{"name":"wp","href":"https:\/\/api.w.org\/{rel}","templated":true}]}}