{"id":194,"date":"2020-05-08T10:46:41","date_gmt":"2020-05-08T16:46:41","guid":{"rendered":"http:\/\/acusticaysonido.net\/ayshome\/?page_id=194"},"modified":"2024-10-21T22:02:58","modified_gmt":"2024-10-22T04:02:58","slug":"fonestar","status":"publish","type":"page","link":"http:\/\/acusticaysonido.net\/ayshome\/index.php\/fonestar\/","title":{"rendered":"Fonestar"},"content":{"rendered":"\n<figure class=\"wp-block-image size-large is-resized\"><a href=\"https:\/\/fonestar.com\/es\" target=\"_blank\" rel=\"noopener noreferrer\"><img loading=\"lazy\" decoding=\"async\" width=\"278\" height=\"146\" src=\"http:\/\/acusticaysonido.net\/ayshome\/wp-content\/uploads\/2020\/05\/fonestar_logo.png\" alt=\"\" class=\"wp-image-319\" style=\"width:192px;height:101px\"\/><\/a><\/figure>\n\n\n\n<hr class=\"wp-block-separator has-css-opacity\"\/>\n\n\n\n<p><a rel=\"noreferrer noopener\" href=\"https:\/\/fonestar.com\/es\" target=\"_blank\"><span class=\"has-inline-color has-vivid-cyan-blue-color\">Visitar p\u00e1gina web de Fonestar<\/span><\/a><\/p>\n\n\n\n<hr class=\"wp-block-separator has-css-opacity\"\/>\n\n\n\n<p>Tras m\u00e1s de 70 a\u00f1os, la fiabilidad y calidad de los productos FONESTAR es indiscutible, pero m\u00e1s all\u00e1 de unos productos de calidad, queremos ofrecer unos valores como marca que satisfagan todas las necesidades de nuestros clientes.<\/p>\n\n\n\n<p>Por ello FONESTAR lleva largo tiempo apostando por la innovaci\u00f3n y el desarrollo, as\u00ed como por aportar una gama muy amplia de productos que van desde altavoces, amplificadores y micr\u00f3fonos, hasta sistemas de audio IP.<\/p>\n\n\n\n<hr class=\"wp-block-separator has-css-opacity\"\/>\n\n\n\n<figure class=\"wp-block-gallery has-nested-images columns-default is-cropped wp-block-gallery-1 is-layout-flex wp-block-gallery-is-layout-flex\">\n<figure class=\"wp-block-image size-large\"><img loading=\"lazy\" decoding=\"async\" width=\"1024\" height=\"480\" data-id=\"379\" src=\"http:\/\/acusticaysonido.net\/ayshome\/wp-content\/uploads\/2020\/05\/AS-170PLUS-1024x480.jpg\" alt=\"\" class=\"wp-image-379\" srcset=\"http:\/\/acusticaysonido.net\/ayshome\/wp-content\/uploads\/2020\/05\/AS-170PLUS-1024x480.jpg 1024w, http:\/\/acusticaysonido.net\/ayshome\/wp-content\/uploads\/2020\/05\/AS-170PLUS-600x281.jpg 600w, http:\/\/acusticaysonido.net\/ayshome\/wp-content\/uploads\/2020\/05\/AS-170PLUS-300x141.jpg 300w, http:\/\/acusticaysonido.net\/ayshome\/wp-content\/uploads\/2020\/05\/AS-170PLUS-768x360.jpg 768w, http:\/\/acusticaysonido.net\/ayshome\/wp-content\/uploads\/2020\/05\/AS-170PLUS.jpg 1280w\" sizes=\"(max-width: 1024px) 100vw, 1024px\" \/><\/figure>\n\n\n\n<figure class=\"wp-block-image size-large\"><img loading=\"lazy\" decoding=\"async\" width=\"1024\" height=\"480\" data-id=\"380\" src=\"http:\/\/acusticaysonido.net\/ayshome\/wp-content\/uploads\/2020\/05\/FS-2020-1024x480.jpg\" alt=\"\" class=\"wp-image-380\" srcset=\"http:\/\/acusticaysonido.net\/ayshome\/wp-content\/uploads\/2020\/05\/FS-2020-1024x480.jpg 1024w, http:\/\/acusticaysonido.net\/ayshome\/wp-content\/uploads\/2020\/05\/FS-2020-600x281.jpg 600w, http:\/\/acusticaysonido.net\/ayshome\/wp-content\/uploads\/2020\/05\/FS-2020-300x141.jpg 300w, http:\/\/acusticaysonido.net\/ayshome\/wp-content\/uploads\/2020\/05\/FS-2020-768x360.jpg 768w, http:\/\/acusticaysonido.net\/ayshome\/wp-content\/uploads\/2020\/05\/FS-2020.jpg 1280w\" sizes=\"(max-width: 1024px) 100vw, 1024px\" \/><\/figure>\n\n\n\n<figure class=\"wp-block-image size-large\"><img loading=\"lazy\" decoding=\"async\" width=\"1024\" height=\"480\" data-id=\"390\" src=\"http:\/\/acusticaysonido.net\/ayshome\/wp-content\/uploads\/2020\/05\/FS-2915CDR-1024x480.jpg\" alt=\"\" class=\"wp-image-390\" srcset=\"http:\/\/acusticaysonido.net\/ayshome\/wp-content\/uploads\/2020\/05\/FS-2915CDR-1024x480.jpg 1024w, http:\/\/acusticaysonido.net\/ayshome\/wp-content\/uploads\/2020\/05\/FS-2915CDR-600x281.jpg 600w, http:\/\/acusticaysonido.net\/ayshome\/wp-content\/uploads\/2020\/05\/FS-2915CDR-300x141.jpg 300w, http:\/\/acusticaysonido.net\/ayshome\/wp-content\/uploads\/2020\/05\/FS-2915CDR-768x360.jpg 768w, http:\/\/acusticaysonido.net\/ayshome\/wp-content\/uploads\/2020\/05\/FS-2915CDR.jpg 1280w\" sizes=\"(max-width: 1024px) 100vw, 1024px\" \/><\/figure>\n\n\n\n<figure class=\"wp-block-image size-large\"><img loading=\"lazy\" decoding=\"async\" width=\"1024\" height=\"480\" data-id=\"387\" src=\"http:\/\/acusticaysonido.net\/ayshome\/wp-content\/uploads\/2020\/05\/Elipse-6_front-1024x480.jpg\" alt=\"\" class=\"wp-image-387\" srcset=\"http:\/\/acusticaysonido.net\/ayshome\/wp-content\/uploads\/2020\/05\/Elipse-6_front-1024x480.jpg 1024w, http:\/\/acusticaysonido.net\/ayshome\/wp-content\/uploads\/2020\/05\/Elipse-6_front-600x281.jpg 600w, http:\/\/acusticaysonido.net\/ayshome\/wp-content\/uploads\/2020\/05\/Elipse-6_front-300x141.jpg 300w, http:\/\/acusticaysonido.net\/ayshome\/wp-content\/uploads\/2020\/05\/Elipse-6_front-768x360.jpg 768w, http:\/\/acusticaysonido.net\/ayshome\/wp-content\/uploads\/2020\/05\/Elipse-6_front.jpg 1280w\" sizes=\"(max-width: 1024px) 100vw, 1024px\" \/><\/figure>\n\n\n\n<figure class=\"wp-block-image size-large\"><img loading=\"lazy\" decoding=\"async\" width=\"1024\" height=\"480\" data-id=\"389\" src=\"http:\/\/acusticaysonido.net\/ayshome\/wp-content\/uploads\/2020\/05\/CUBE-62T-1024x480.jpg\" alt=\"\" class=\"wp-image-389\" srcset=\"http:\/\/acusticaysonido.net\/ayshome\/wp-content\/uploads\/2020\/05\/CUBE-62T-1024x480.jpg 1024w, http:\/\/acusticaysonido.net\/ayshome\/wp-content\/uploads\/2020\/05\/CUBE-62T-600x281.jpg 600w, http:\/\/acusticaysonido.net\/ayshome\/wp-content\/uploads\/2020\/05\/CUBE-62T-300x141.jpg 300w, http:\/\/acusticaysonido.net\/ayshome\/wp-content\/uploads\/2020\/05\/CUBE-62T-768x360.jpg 768w, http:\/\/acusticaysonido.net\/ayshome\/wp-content\/uploads\/2020\/05\/CUBE-62T.jpg 1280w\" sizes=\"(max-width: 1024px) 100vw, 1024px\" \/><\/figure>\n\n\n\n<figure class=\"wp-block-image size-large\"><img loading=\"lazy\" decoding=\"async\" width=\"1024\" height=\"480\" data-id=\"391\" src=\"http:\/\/acusticaysonido.net\/ayshome\/wp-content\/uploads\/2020\/05\/MSH-898-823-1024x480.jpg\" alt=\"\" class=\"wp-image-391\" srcset=\"http:\/\/acusticaysonido.net\/ayshome\/wp-content\/uploads\/2020\/05\/MSH-898-823-1024x480.jpg 1024w, http:\/\/acusticaysonido.net\/ayshome\/wp-content\/uploads\/2020\/05\/MSH-898-823-600x281.jpg 600w, http:\/\/acusticaysonido.net\/ayshome\/wp-content\/uploads\/2020\/05\/MSH-898-823-300x141.jpg 300w, http:\/\/acusticaysonido.net\/ayshome\/wp-content\/uploads\/2020\/05\/MSH-898-823-768x360.jpg 768w, http:\/\/acusticaysonido.net\/ayshome\/wp-content\/uploads\/2020\/05\/MSH-898-823.jpg 1280w\" sizes=\"(max-width: 1024px) 100vw, 1024px\" \/><\/figure>\n\n\n\n<figure class=\"wp-block-image size-large\"><img loading=\"lazy\" decoding=\"async\" width=\"1000\" height=\"693\" data-id=\"381\" src=\"http:\/\/acusticaysonido.net\/ayshome\/wp-content\/uploads\/2020\/05\/bodegon_PACIENTEENFERMERA-4.jpg\" alt=\"\" class=\"wp-image-381\" srcset=\"http:\/\/acusticaysonido.net\/ayshome\/wp-content\/uploads\/2020\/05\/bodegon_PACIENTEENFERMERA-4.jpg 1000w, http:\/\/acusticaysonido.net\/ayshome\/wp-content\/uploads\/2020\/05\/bodegon_PACIENTEENFERMERA-4-600x416.jpg 600w, http:\/\/acusticaysonido.net\/ayshome\/wp-content\/uploads\/2020\/05\/bodegon_PACIENTEENFERMERA-4-300x208.jpg 300w, http:\/\/acusticaysonido.net\/ayshome\/wp-content\/uploads\/2020\/05\/bodegon_PACIENTEENFERMERA-4-768x532.jpg 768w\" sizes=\"(max-width: 1000px) 100vw, 1000px\" \/><\/figure>\n\n\n\n<figure class=\"wp-block-image size-large\"><img loading=\"lazy\" decoding=\"async\" width=\"714\" height=\"560\" data-id=\"382\" src=\"http:\/\/acusticaysonido.net\/ayshome\/wp-content\/uploads\/2020\/05\/Assist-2.jpg\" alt=\"\" class=\"wp-image-382\" srcset=\"http:\/\/acusticaysonido.net\/ayshome\/wp-content\/uploads\/2020\/05\/Assist-2.jpg 714w, http:\/\/acusticaysonido.net\/ayshome\/wp-content\/uploads\/2020\/05\/Assist-2-600x471.jpg 600w, http:\/\/acusticaysonido.net\/ayshome\/wp-content\/uploads\/2020\/05\/Assist-2-300x235.jpg 300w\" sizes=\"(max-width: 714px) 100vw, 714px\" \/><\/figure>\n\n\n\n<figure class=\"wp-block-image size-large\"><img loading=\"lazy\" decoding=\"async\" width=\"1024\" height=\"480\" data-id=\"384\" src=\"http:\/\/acusticaysonido.net\/ayshome\/wp-content\/uploads\/2020\/05\/panel-1024x480.jpg\" alt=\"\" class=\"wp-image-384\" srcset=\"http:\/\/acusticaysonido.net\/ayshome\/wp-content\/uploads\/2020\/05\/panel-1024x480.jpg 1024w, http:\/\/acusticaysonido.net\/ayshome\/wp-content\/uploads\/2020\/05\/panel-600x281.jpg 600w, http:\/\/acusticaysonido.net\/ayshome\/wp-content\/uploads\/2020\/05\/panel-300x141.jpg 300w, http:\/\/acusticaysonido.net\/ayshome\/wp-content\/uploads\/2020\/05\/panel-768x360.jpg 768w, http:\/\/acusticaysonido.net\/ayshome\/wp-content\/uploads\/2020\/05\/panel.jpg 1280w\" sizes=\"(max-width: 1024px) 100vw, 1024px\" \/><\/figure>\n<\/figure>\n","protected":false},"excerpt":{"rendered":"<p>Visitar p\u00e1gina web de Fonestar Tras m\u00e1s de 70 a\u00f1os, la fiabilidad y calidad de los productos FONESTAR es indiscutible, pero m\u00e1s all\u00e1 de unos productos de calidad, queremos ofrecer unos valores como marca que satisfagan todas las necesidades de nuestros clientes. Por ello FONESTAR lleva largo tiempo apostando por la innovaci\u00f3n y el desarrollo, [&hellip;]<\/p>\n","protected":false},"author":1,"featured_media":0,"parent":0,"menu_order":0,"comment_status":"closed","ping_status":"closed","template":"","meta":{"footnotes":""},"_links":{"self":[{"href":"http:\/\/acusticaysonido.net\/ayshome\/index.php\/wp-json\/wp\/v2\/pages\/194"}],"collection":[{"href":"http:\/\/acusticaysonido.net\/ayshome\/index.php\/wp-json\/wp\/v2\/pages"}],"about":[{"href":"http:\/\/acusticaysonido.net\/ayshome\/index.php\/wp-json\/wp\/v2\/types\/page"}],"author":[{"embeddable":true,"href":"http:\/\/acusticaysonido.net\/ayshome\/index.php\/wp-json\/wp\/v2\/users\/1"}],"replies":[{"embeddable":true,"href":"http:\/\/acusticaysonido.net\/ayshome\/index.php\/wp-json\/wp\/v2\/comments?post=194"}],"version-history":[{"count":12,"href":"http:\/\/acusticaysonido.net\/ayshome\/index.php\/wp-json\/wp\/v2\/pages\/194\/revisions"}],"predecessor-version":[{"id":1540,"href":"http:\/\/acusticaysonido.net\/ayshome\/index.php\/wp-json\/wp\/v2\/pages\/194\/revisions\/1540"}],"wp:attachment":[{"href":"http:\/\/acusticaysonido.net\/ayshome\/index.php\/wp-json\/wp\/v2\/media?parent=194"}],"curies":[{"name":"wp","href":"https:\/\/api.w.org\/{rel}","templated":true}]}}