{"id":192,"date":"2020-05-08T10:46:41","date_gmt":"2020-05-08T16:46:41","guid":{"rendered":"http:\/\/acusticaysonido.net\/ayshome\/?page_id=192"},"modified":"2020-05-20T15:40:06","modified_gmt":"2020-05-20T21:40:06","slug":"clearone","status":"publish","type":"page","link":"http:\/\/acusticaysonido.net\/ayshome\/index.php\/clearone\/","title":{"rendered":"ClearOne"},"content":{"rendered":"\n<figure class=\"wp-block-image size-large is-resized\"><a href=\"https:\/\/www.clearone.com\/\" target=\"_blank\" rel=\"noopener noreferrer\"><img loading=\"lazy\" decoding=\"async\" src=\"http:\/\/acusticaysonido.net\/ayshome\/wp-content\/uploads\/2020\/05\/clearone-inc-vector-logo.png\" alt=\"\" class=\"wp-image-328\" width=\"187\" height=\"104\" srcset=\"http:\/\/acusticaysonido.net\/ayshome\/wp-content\/uploads\/2020\/05\/clearone-inc-vector-logo.png 900w, http:\/\/acusticaysonido.net\/ayshome\/wp-content\/uploads\/2020\/05\/clearone-inc-vector-logo-600x333.png 600w, http:\/\/acusticaysonido.net\/ayshome\/wp-content\/uploads\/2020\/05\/clearone-inc-vector-logo-300x167.png 300w, http:\/\/acusticaysonido.net\/ayshome\/wp-content\/uploads\/2020\/05\/clearone-inc-vector-logo-768x427.png 768w\" sizes=\"(max-width: 187px) 100vw, 187px\" \/><\/a><\/figure>\n\n\n\n<hr class=\"wp-block-separator\"\/>\n\n\n\n<p><a rel=\"noreferrer noopener\" href=\"https:\/\/www.clearone.com\/\" target=\"_blank\"><span class=\"has-inline-color has-vivid-cyan-blue-color\">Visitar el p\u00e1gina web de ClearOne<\/span><\/a><\/p>\n\n\n\n<hr class=\"wp-block-separator\"\/>\n\n\n\n<p>ClearOne mejora la comunicaci\u00f3n y la colaboraci\u00f3n para organizaciones de todo el mundo, desde empresas del Fortune 500 hasta peque\u00f1as e medianas. Desarrollan y venden soluciones para &nbsp;videoconferencia, colaboraci\u00f3n, streaming por red y soluciones de se\u00f1alizaci\u00f3n a trav\u00e9s de una red global de profesionales expertos en AV y TI que especifican, instalan y respaldan las soluciones avanzadas de hardware, software y nube de ClearOne.<br><br>Desde espacios de trabajo ad-hoc y conferencias m\u00f3viles hasta las salas de reuniones y salas de juntas m\u00e1s grandes, ClearOne es la mejor opci\u00f3n en su clase para cualquier industria u organizaci\u00f3n que se base en el trabajo en equipo y la colaboraci\u00f3n para tener \u00e9xito.<\/p>\n\n\n\n<hr class=\"wp-block-separator\"\/>\n\n\n\n<figure class=\"wp-block-gallery columns-3 is-cropped wp-block-gallery-1 is-layout-flex wp-block-gallery-is-layout-flex\"><ul class=\"blocks-gallery-grid\"><li class=\"blocks-gallery-item\"><figure><img loading=\"lazy\" decoding=\"async\" width=\"500\" height=\"600\" src=\"http:\/\/acusticaysonido.net\/ayshome\/wp-content\/uploads\/2020\/05\/collaborate_pro_v-500x600-1.jpg\" alt=\"\" data-id=\"422\" data-link=\"http:\/\/acusticaysonido.net\/ayshome\/index.php\/clearone\/collaborate_pro_v-500x600-1\/\" class=\"wp-image-422\" srcset=\"http:\/\/acusticaysonido.net\/ayshome\/wp-content\/uploads\/2020\/05\/collaborate_pro_v-500x600-1.jpg 500w, http:\/\/acusticaysonido.net\/ayshome\/wp-content\/uploads\/2020\/05\/collaborate_pro_v-500x600-1-250x300.jpg 250w\" sizes=\"(max-width: 500px) 100vw, 500px\" \/><\/figure><\/li><li class=\"blocks-gallery-item\"><figure><img loading=\"lazy\" decoding=\"async\" width=\"800\" height=\"800\" src=\"http:\/\/acusticaysonido.net\/ayshome\/wp-content\/uploads\/2020\/05\/COLLABORATE-Pro-300.jpg\" alt=\"\" data-id=\"439\" data-link=\"http:\/\/acusticaysonido.net\/ayshome\/index.php\/clearone\/collaborate-pro-300\/\" class=\"wp-image-439\" srcset=\"http:\/\/acusticaysonido.net\/ayshome\/wp-content\/uploads\/2020\/05\/COLLABORATE-Pro-300.jpg 800w, http:\/\/acusticaysonido.net\/ayshome\/wp-content\/uploads\/2020\/05\/COLLABORATE-Pro-300-300x300.jpg 300w, http:\/\/acusticaysonido.net\/ayshome\/wp-content\/uploads\/2020\/05\/COLLABORATE-Pro-300-100x100.jpg 100w, http:\/\/acusticaysonido.net\/ayshome\/wp-content\/uploads\/2020\/05\/COLLABORATE-Pro-300-600x600.jpg 600w, http:\/\/acusticaysonido.net\/ayshome\/wp-content\/uploads\/2020\/05\/COLLABORATE-Pro-300-150x150.jpg 150w, http:\/\/acusticaysonido.net\/ayshome\/wp-content\/uploads\/2020\/05\/COLLABORATE-Pro-300-768x768.jpg 768w\" sizes=\"(max-width: 800px) 100vw, 800px\" \/><\/figure><\/li><li class=\"blocks-gallery-item\"><figure><img loading=\"lazy\" decoding=\"async\" width=\"400\" height=\"300\" src=\"http:\/\/acusticaysonido.net\/ayshome\/wp-content\/uploads\/2020\/05\/cam.jpg\" alt=\"\" data-id=\"440\" data-link=\"http:\/\/acusticaysonido.net\/ayshome\/index.php\/clearone\/cam\/\" class=\"wp-image-440\" srcset=\"http:\/\/acusticaysonido.net\/ayshome\/wp-content\/uploads\/2020\/05\/cam.jpg 400w, http:\/\/acusticaysonido.net\/ayshome\/wp-content\/uploads\/2020\/05\/cam-300x225.jpg 300w\" sizes=\"(max-width: 400px) 100vw, 400px\" \/><\/figure><\/li><li class=\"blocks-gallery-item\"><figure><img loading=\"lazy\" decoding=\"async\" width=\"445\" height=\"445\" src=\"http:\/\/acusticaysonido.net\/ayshome\/wp-content\/uploads\/2020\/05\/teaser-lg.jpg\" alt=\"\" data-id=\"441\" data-link=\"http:\/\/acusticaysonido.net\/ayshome\/index.php\/clearone\/teaser-lg\/\" class=\"wp-image-441\" srcset=\"http:\/\/acusticaysonido.net\/ayshome\/wp-content\/uploads\/2020\/05\/teaser-lg.jpg 445w, http:\/\/acusticaysonido.net\/ayshome\/wp-content\/uploads\/2020\/05\/teaser-lg-300x300.jpg 300w, http:\/\/acusticaysonido.net\/ayshome\/wp-content\/uploads\/2020\/05\/teaser-lg-100x100.jpg 100w, http:\/\/acusticaysonido.net\/ayshome\/wp-content\/uploads\/2020\/05\/teaser-lg-150x150.jpg 150w\" sizes=\"(max-width: 445px) 100vw, 445px\" \/><\/figure><\/li><li class=\"blocks-gallery-item\"><figure><img loading=\"lazy\" decoding=\"async\" width=\"1024\" height=\"807\" src=\"http:\/\/acusticaysonido.net\/ayshome\/wp-content\/uploads\/2020\/05\/Codec-1024x807.jpeg\" alt=\"\" data-id=\"442\" data-link=\"http:\/\/acusticaysonido.net\/ayshome\/index.php\/clearone\/codec\/\" class=\"wp-image-442\" srcset=\"http:\/\/acusticaysonido.net\/ayshome\/wp-content\/uploads\/2020\/05\/Codec-1024x807.jpeg 1024w, http:\/\/acusticaysonido.net\/ayshome\/wp-content\/uploads\/2020\/05\/Codec-600x473.jpeg 600w, http:\/\/acusticaysonido.net\/ayshome\/wp-content\/uploads\/2020\/05\/Codec-300x236.jpeg 300w, http:\/\/acusticaysonido.net\/ayshome\/wp-content\/uploads\/2020\/05\/Codec-768x605.jpeg 768w, http:\/\/acusticaysonido.net\/ayshome\/wp-content\/uploads\/2020\/05\/Codec.jpeg 1056w\" sizes=\"(max-width: 1024px) 100vw, 1024px\" \/><\/figure><\/li><li class=\"blocks-gallery-item\"><figure><img loading=\"lazy\" decoding=\"async\" width=\"478\" height=\"355\" src=\"http:\/\/acusticaysonido.net\/ayshome\/wp-content\/uploads\/2020\/05\/510YZe2D7L._AC_SY355_.jpg\" alt=\"\" data-id=\"443\" data-link=\"http:\/\/acusticaysonido.net\/ayshome\/index.php\/clearone\/510yze2d7l-_ac_sy355_\/\" class=\"wp-image-443\" srcset=\"http:\/\/acusticaysonido.net\/ayshome\/wp-content\/uploads\/2020\/05\/510YZe2D7L._AC_SY355_.jpg 478w, http:\/\/acusticaysonido.net\/ayshome\/wp-content\/uploads\/2020\/05\/510YZe2D7L._AC_SY355_-300x223.jpg 300w\" sizes=\"(max-width: 478px) 100vw, 478px\" \/><\/figure><\/li><li class=\"blocks-gallery-item\"><figure><img loading=\"lazy\" decoding=\"async\" width=\"900\" height=\"662\" src=\"http:\/\/acusticaysonido.net\/ayshome\/wp-content\/uploads\/2020\/05\/Dm615IGWsAEW47q.jpg\" alt=\"\" data-id=\"444\" data-link=\"http:\/\/acusticaysonido.net\/ayshome\/index.php\/clearone\/dm615igwsaew47q\/\" class=\"wp-image-444\" srcset=\"http:\/\/acusticaysonido.net\/ayshome\/wp-content\/uploads\/2020\/05\/Dm615IGWsAEW47q.jpg 900w, http:\/\/acusticaysonido.net\/ayshome\/wp-content\/uploads\/2020\/05\/Dm615IGWsAEW47q-600x441.jpg 600w, http:\/\/acusticaysonido.net\/ayshome\/wp-content\/uploads\/2020\/05\/Dm615IGWsAEW47q-300x221.jpg 300w, http:\/\/acusticaysonido.net\/ayshome\/wp-content\/uploads\/2020\/05\/Dm615IGWsAEW47q-768x565.jpg 768w\" sizes=\"(max-width: 900px) 100vw, 900px\" \/><\/figure><\/li><li class=\"blocks-gallery-item\"><figure><img loading=\"lazy\" decoding=\"async\" width=\"1024\" height=\"658\" src=\"http:\/\/acusticaysonido.net\/ayshome\/wp-content\/uploads\/2020\/05\/ClearOne_VIEW_Pro-1024x658.jpg\" alt=\"\" data-id=\"445\" data-link=\"http:\/\/acusticaysonido.net\/ayshome\/index.php\/clearone\/clearone_view_pro\/\" class=\"wp-image-445\" srcset=\"http:\/\/acusticaysonido.net\/ayshome\/wp-content\/uploads\/2020\/05\/ClearOne_VIEW_Pro-1024x658.jpg 1024w, http:\/\/acusticaysonido.net\/ayshome\/wp-content\/uploads\/2020\/05\/ClearOne_VIEW_Pro-600x385.jpg 600w, http:\/\/acusticaysonido.net\/ayshome\/wp-content\/uploads\/2020\/05\/ClearOne_VIEW_Pro-300x193.jpg 300w, http:\/\/acusticaysonido.net\/ayshome\/wp-content\/uploads\/2020\/05\/ClearOne_VIEW_Pro-768x493.jpg 768w, http:\/\/acusticaysonido.net\/ayshome\/wp-content\/uploads\/2020\/05\/ClearOne_VIEW_Pro-1536x987.jpg 1536w, http:\/\/acusticaysonido.net\/ayshome\/wp-content\/uploads\/2020\/05\/ClearOne_VIEW_Pro.jpg 1770w\" sizes=\"(max-width: 1024px) 100vw, 1024px\" \/><\/figure><\/li><li class=\"blocks-gallery-item\"><figure><img loading=\"lazy\" decoding=\"async\" width=\"690\" height=\"504\" src=\"http:\/\/acusticaysonido.net\/ayshome\/wp-content\/uploads\/2020\/05\/VIEW-Lite-Line.jpg\" alt=\"\" data-id=\"446\" data-full-url=\"http:\/\/acusticaysonido.net\/ayshome\/wp-content\/uploads\/2020\/05\/VIEW-Lite-Line.jpg\" data-link=\"http:\/\/acusticaysonido.net\/ayshome\/index.php\/clearone\/view-lite-line\/\" class=\"wp-image-446\" srcset=\"http:\/\/acusticaysonido.net\/ayshome\/wp-content\/uploads\/2020\/05\/VIEW-Lite-Line.jpg 690w, http:\/\/acusticaysonido.net\/ayshome\/wp-content\/uploads\/2020\/05\/VIEW-Lite-Line-600x438.jpg 600w, http:\/\/acusticaysonido.net\/ayshome\/wp-content\/uploads\/2020\/05\/VIEW-Lite-Line-300x219.jpg 300w\" sizes=\"(max-width: 690px) 100vw, 690px\" \/><\/figure><\/li><\/ul><\/figure>\n","protected":false},"excerpt":{"rendered":"<p>Visitar el p\u00e1gina web de ClearOne ClearOne mejora la comunicaci\u00f3n y la colaboraci\u00f3n para organizaciones de todo el mundo, desde empresas del Fortune 500 hasta peque\u00f1as e medianas. Desarrollan y venden soluciones para &nbsp;videoconferencia, colaboraci\u00f3n, streaming por red y soluciones de se\u00f1alizaci\u00f3n a trav\u00e9s de una red global de profesionales expertos en AV y TI [&hellip;]<\/p>\n","protected":false},"author":1,"featured_media":0,"parent":0,"menu_order":0,"comment_status":"closed","ping_status":"closed","template":"","meta":{"footnotes":""},"_links":{"self":[{"href":"http:\/\/acusticaysonido.net\/ayshome\/index.php\/wp-json\/wp\/v2\/pages\/192"}],"collection":[{"href":"http:\/\/acusticaysonido.net\/ayshome\/index.php\/wp-json\/wp\/v2\/pages"}],"about":[{"href":"http:\/\/acusticaysonido.net\/ayshome\/index.php\/wp-json\/wp\/v2\/types\/page"}],"author":[{"embeddable":true,"href":"http:\/\/acusticaysonido.net\/ayshome\/index.php\/wp-json\/wp\/v2\/users\/1"}],"replies":[{"embeddable":true,"href":"http:\/\/acusticaysonido.net\/ayshome\/index.php\/wp-json\/wp\/v2\/comments?post=192"}],"version-history":[{"count":9,"href":"http:\/\/acusticaysonido.net\/ayshome\/index.php\/wp-json\/wp\/v2\/pages\/192\/revisions"}],"predecessor-version":[{"id":927,"href":"http:\/\/acusticaysonido.net\/ayshome\/index.php\/wp-json\/wp\/v2\/pages\/192\/revisions\/927"}],"wp:attachment":[{"href":"http:\/\/acusticaysonido.net\/ayshome\/index.php\/wp-json\/wp\/v2\/media?parent=192"}],"curies":[{"name":"wp","href":"https:\/\/api.w.org\/{rel}","templated":true}]}}