{"id":1143,"date":"2021-09-30T15:09:02","date_gmt":"2021-09-30T21:09:02","guid":{"rendered":"http:\/\/acusticaysonido.net\/ayshome\/?page_id=1143"},"modified":"2021-10-07T02:16:35","modified_gmt":"2021-10-07T08:16:35","slug":"aislamiento-acustico","status":"publish","type":"page","link":"http:\/\/acusticaysonido.net\/ayshome\/index.php\/aislamiento-acustico\/","title":{"rendered":"Aislamiento Ac\u00fastico"},"content":{"rendered":"\n<h2 class=\"wp-block-heading\">SONIDO vs RUIDO<\/h2>\n\n\n\n<p>Cuando se habla de ruido, a menudo se piensa en una sensaci\u00f3n sonora molesta o en caso extremo incluso dolorosa. Desde el punto de vista f\u00edsico, un ruido es una mezcla compleja de sonidos de varias frecuencias y en general se distinguen: los ruidos estacionarios, que pr\u00e1cticamente no tienen fluctuaciones en funci\u00f3n del tiempo, y los ruidos no estacionarios, que presentan fluctuaciones m\u00e1s o menos fuertes.<\/p>\n\n\n\n<p>Un motor el\u00e9ctrico, un ventilador o un compresor, que giran en r\u00e9gimen constante, emiten ruidos estacionarios. El ruido emitido por una prensa, o el debido a la ca\u00edda de las piezas met\u00e1licas en un contenedor es, en cambio, de naturaleza no estacionaria. Otro ejemplo caracter\u00edstico de ruido no estacionario es el ruido de tr\u00e1fico. En los problemas de lucha contra el ruido, muy a menudo nos encontramos los dos tipos de ruido.<\/p>\n\n\n\n<p>As\u00ed pues, de una forma muy simple podemos decir que:&nbsp;<\/p>\n\n\n\n<ul><li>El&nbsp;<strong>sonido<\/strong>&nbsp;es una sensaci\u00f3n, en el \u00f3rgano del o\u00eddo, producida por el movimiento ondulatorio de un medio el\u00e1stico (normalmente el aire), debido a rapid\u00edsimos cambios de presi\u00f3n, generados por el movimiento vibratorio de un cuerpo sonoro.<\/li><li>El&nbsp;<strong>ruido<\/strong>&nbsp;se considera a todo sonido molesto o no deseado.<\/li><\/ul>\n\n\n\n<p>Tambi\u00e9n es muy importante saber que:<\/p>\n\n\n\n<p>&nbsp; &nbsp; &nbsp; &nbsp; &nbsp; &nbsp; RUIDO = AIRE EN MOVIMIENTO<\/p>\n\n\n\n<p>Y que por donde pasa el aire, pasa el ruido.<\/p>\n\n\n\n<p>La funci\u00f3n de los materiales aislantes ac\u00fasticos es reflejar la mayor parte de la energ\u00eda que reciben.<\/p>\n\n\n\n<p>Deben ser materiales pesados, flexibles y continuos para obtener el m\u00e1ximo rendimiento de su peso.<br>Se utilizan para atenuar el paso del ruido entre ambientes distintos en suelos, paredes y techos.<\/p>\n\n\n\n<div style=\"height:30px\" aria-hidden=\"true\" class=\"wp-block-spacer\"><\/div>\n\n\n\n<div class=\"wp-block-image\"><figure class=\"aligncenter size-large is-resized\"><img loading=\"lazy\" decoding=\"async\" src=\"http:\/\/acusticaysonido.net\/ayshome\/wp-content\/uploads\/2021\/09\/aislantes-00.jpg\" alt=\"\" class=\"wp-image-1159\" width=\"556\" height=\"138\" srcset=\"http:\/\/acusticaysonido.net\/ayshome\/wp-content\/uploads\/2021\/09\/aislantes-00.jpg 800w, http:\/\/acusticaysonido.net\/ayshome\/wp-content\/uploads\/2021\/09\/aislantes-00-600x150.jpg 600w, http:\/\/acusticaysonido.net\/ayshome\/wp-content\/uploads\/2021\/09\/aislantes-00-300x75.jpg 300w, http:\/\/acusticaysonido.net\/ayshome\/wp-content\/uploads\/2021\/09\/aislantes-00-768x192.jpg 768w\" sizes=\"(max-width: 556px) 100vw, 556px\" \/><\/figure><\/div>\n\n\n\n<div style=\"height:42px\" aria-hidden=\"true\" class=\"wp-block-spacer\"><\/div>\n\n\n\n<p>Ac\u00fastica y Sonido cuenta con el importante apoyo de marcas como Ac\u00fastica Integral, fabricantes directos de una gran variedad de materiales ac\u00fasticos y Senor, la cual se especializa en todo tipo de soportes anti-vibratorios. Toda su tecnolog\u00eda y soporte, en conjunto con nuestro dise\u00f1o profesional, pueden resolver sus problemas de ruido.<\/p>\n\n\n\n<div class=\"wp-block-image\"><figure class=\"aligncenter size-large is-resized\"><img loading=\"lazy\" decoding=\"async\" src=\"http:\/\/acusticaysonido.net\/ayshome\/wp-content\/uploads\/2021\/09\/acusticaintegral.jpg\" alt=\"\" class=\"wp-image-1161\" width=\"511\" height=\"106\" srcset=\"http:\/\/acusticaysonido.net\/ayshome\/wp-content\/uploads\/2021\/09\/acusticaintegral.jpg 512w, http:\/\/acusticaysonido.net\/ayshome\/wp-content\/uploads\/2021\/09\/acusticaintegral-300x62.jpg 300w\" sizes=\"(max-width: 511px) 100vw, 511px\" \/><\/figure><\/div>\n\n\n\n<figure class=\"wp-block-gallery columns-3 is-cropped wp-block-gallery-1 is-layout-flex wp-block-gallery-is-layout-flex\"><ul class=\"blocks-gallery-grid\"><li class=\"blocks-gallery-item\"><figure><img loading=\"lazy\" decoding=\"async\" width=\"700\" height=\"500\" src=\"http:\/\/acusticaysonido.net\/ayshome\/wp-content\/uploads\/2021\/09\/pkb2-fa-7_700x500.jpg\" alt=\"\" data-id=\"1181\" data-full-url=\"http:\/\/acusticaysonido.net\/ayshome\/wp-content\/uploads\/2021\/09\/pkb2-fa-7_700x500.jpg\" data-link=\"http:\/\/acusticaysonido.net\/ayshome\/index.php\/aislamiento-acustico\/pkb2-fa-7_700x500\/\" class=\"wp-image-1181\" srcset=\"http:\/\/acusticaysonido.net\/ayshome\/wp-content\/uploads\/2021\/09\/pkb2-fa-7_700x500.jpg 700w, http:\/\/acusticaysonido.net\/ayshome\/wp-content\/uploads\/2021\/09\/pkb2-fa-7_700x500-600x429.jpg 600w, http:\/\/acusticaysonido.net\/ayshome\/wp-content\/uploads\/2021\/09\/pkb2-fa-7_700x500-300x214.jpg 300w\" sizes=\"(max-width: 700px) 100vw, 700px\" \/><\/figure><\/li><li class=\"blocks-gallery-item\"><figure><img loading=\"lazy\" decoding=\"async\" width=\"700\" height=\"500\" src=\"http:\/\/acusticaysonido.net\/ayshome\/wp-content\/uploads\/2021\/09\/a1-fa-1_700x500.jpg\" alt=\"\" data-id=\"1179\" data-full-url=\"http:\/\/acusticaysonido.net\/ayshome\/wp-content\/uploads\/2021\/09\/a1-fa-1_700x500.jpg\" data-link=\"http:\/\/acusticaysonido.net\/ayshome\/index.php\/aislamiento-acustico\/a1-fa-1_700x500\/\" class=\"wp-image-1179\" srcset=\"http:\/\/acusticaysonido.net\/ayshome\/wp-content\/uploads\/2021\/09\/a1-fa-1_700x500.jpg 700w, http:\/\/acusticaysonido.net\/ayshome\/wp-content\/uploads\/2021\/09\/a1-fa-1_700x500-600x429.jpg 600w, http:\/\/acusticaysonido.net\/ayshome\/wp-content\/uploads\/2021\/09\/a1-fa-1_700x500-300x214.jpg 300w\" sizes=\"(max-width: 700px) 100vw, 700px\" \/><\/figure><\/li><li class=\"blocks-gallery-item\"><figure><img loading=\"lazy\" decoding=\"async\" width=\"700\" height=\"500\" src=\"http:\/\/acusticaysonido.net\/ayshome\/wp-content\/uploads\/2021\/09\/fc-la-f03_700x500.jpg\" alt=\"\" data-id=\"1180\" data-full-url=\"http:\/\/acusticaysonido.net\/ayshome\/wp-content\/uploads\/2021\/09\/fc-la-f03_700x500.jpg\" data-link=\"http:\/\/acusticaysonido.net\/ayshome\/index.php\/aislamiento-acustico\/fc-la-f03_700x500\/\" class=\"wp-image-1180\" srcset=\"http:\/\/acusticaysonido.net\/ayshome\/wp-content\/uploads\/2021\/09\/fc-la-f03_700x500.jpg 700w, http:\/\/acusticaysonido.net\/ayshome\/wp-content\/uploads\/2021\/09\/fc-la-f03_700x500-600x429.jpg 600w, http:\/\/acusticaysonido.net\/ayshome\/wp-content\/uploads\/2021\/09\/fc-la-f03_700x500-300x214.jpg 300w\" sizes=\"(max-width: 700px) 100vw, 700px\" \/><\/figure><\/li><\/ul><\/figure>\n\n\n\n<hr class=\"wp-block-separator\"\/>\n\n\n\n<div class=\"wp-block-image\"><figure class=\"aligncenter size-large is-resized\"><img loading=\"lazy\" decoding=\"async\" src=\"http:\/\/acusticaysonido.net\/ayshome\/wp-content\/uploads\/2021\/10\/logotipo.jpg\" alt=\"\" class=\"wp-image-1193\" width=\"578\" height=\"119\"\/><\/figure><\/div>\n\n\n\n<figure class=\"wp-block-gallery aligncenter columns-3 is-cropped wp-block-gallery-2 is-layout-flex wp-block-gallery-is-layout-flex\"><ul class=\"blocks-gallery-grid\"><li class=\"blocks-gallery-item\"><figure><img loading=\"lazy\" decoding=\"async\" width=\"940\" height=\"600\" src=\"http:\/\/acusticaysonido.net\/ayshome\/wp-content\/uploads\/2021\/10\/med_1602797986_1117220979.jpg\" alt=\"\" data-id=\"1194\" data-full-url=\"http:\/\/acusticaysonido.net\/ayshome\/wp-content\/uploads\/2021\/10\/med_1602797986_1117220979.jpg\" data-link=\"http:\/\/acusticaysonido.net\/ayshome\/index.php\/aislamiento-acustico\/med_1602797986_1117220979\/\" class=\"wp-image-1194\" srcset=\"http:\/\/acusticaysonido.net\/ayshome\/wp-content\/uploads\/2021\/10\/med_1602797986_1117220979.jpg 940w, http:\/\/acusticaysonido.net\/ayshome\/wp-content\/uploads\/2021\/10\/med_1602797986_1117220979-600x383.jpg 600w, http:\/\/acusticaysonido.net\/ayshome\/wp-content\/uploads\/2021\/10\/med_1602797986_1117220979-300x191.jpg 300w, http:\/\/acusticaysonido.net\/ayshome\/wp-content\/uploads\/2021\/10\/med_1602797986_1117220979-768x490.jpg 768w\" sizes=\"(max-width: 940px) 100vw, 940px\" \/><\/figure><\/li><li class=\"blocks-gallery-item\"><figure><img loading=\"lazy\" decoding=\"async\" width=\"777\" height=\"599\" src=\"http:\/\/acusticaysonido.net\/ayshome\/wp-content\/uploads\/2021\/10\/med_1597679644_1903357613-e1633594562271.jpg\" alt=\"\" data-id=\"1195\" data-full-url=\"http:\/\/acusticaysonido.net\/ayshome\/wp-content\/uploads\/2021\/10\/med_1597679644_1903357613-e1633594562271.jpg\" data-link=\"http:\/\/acusticaysonido.net\/ayshome\/index.php\/aislamiento-acustico\/med_1597679644_1903357613\/\" class=\"wp-image-1195\" srcset=\"http:\/\/acusticaysonido.net\/ayshome\/wp-content\/uploads\/2021\/10\/med_1597679644_1903357613-e1633594562271.jpg 777w, http:\/\/acusticaysonido.net\/ayshome\/wp-content\/uploads\/2021\/10\/med_1597679644_1903357613-e1633594562271-600x463.jpg 600w, http:\/\/acusticaysonido.net\/ayshome\/wp-content\/uploads\/2021\/10\/med_1597679644_1903357613-e1633594562271-300x231.jpg 300w, http:\/\/acusticaysonido.net\/ayshome\/wp-content\/uploads\/2021\/10\/med_1597679644_1903357613-e1633594562271-768x592.jpg 768w\" sizes=\"(max-width: 777px) 100vw, 777px\" \/><\/figure><\/li><li class=\"blocks-gallery-item\"><figure><img loading=\"lazy\" decoding=\"async\" width=\"940\" height=\"800\" src=\"http:\/\/acusticaysonido.net\/ayshome\/wp-content\/uploads\/2021\/10\/gran_1601898754_1705130529.jpg\" alt=\"\" data-id=\"1196\" data-full-url=\"http:\/\/acusticaysonido.net\/ayshome\/wp-content\/uploads\/2021\/10\/gran_1601898754_1705130529.jpg\" data-link=\"http:\/\/acusticaysonido.net\/ayshome\/index.php\/aislamiento-acustico\/gran_1601898754_1705130529\/\" class=\"wp-image-1196\" srcset=\"http:\/\/acusticaysonido.net\/ayshome\/wp-content\/uploads\/2021\/10\/gran_1601898754_1705130529.jpg 940w, http:\/\/acusticaysonido.net\/ayshome\/wp-content\/uploads\/2021\/10\/gran_1601898754_1705130529-600x511.jpg 600w, http:\/\/acusticaysonido.net\/ayshome\/wp-content\/uploads\/2021\/10\/gran_1601898754_1705130529-300x255.jpg 300w, http:\/\/acusticaysonido.net\/ayshome\/wp-content\/uploads\/2021\/10\/gran_1601898754_1705130529-768x654.jpg 768w\" sizes=\"(max-width: 940px) 100vw, 940px\" \/><\/figure><\/li><\/ul><\/figure>\n","protected":false},"excerpt":{"rendered":"<p>SONIDO vs RUIDO Cuando se habla de ruido, a menudo se piensa en una sensaci\u00f3n sonora molesta o en caso extremo incluso dolorosa. Desde el punto de vista f\u00edsico, un ruido es una mezcla compleja de sonidos de varias frecuencias y en general se distinguen: los ruidos estacionarios, que pr\u00e1cticamente no tienen fluctuaciones en funci\u00f3n [&hellip;]<\/p>\n","protected":false},"author":1,"featured_media":0,"parent":0,"menu_order":0,"comment_status":"closed","ping_status":"closed","template":"","meta":{"footnotes":""},"_links":{"self":[{"href":"http:\/\/acusticaysonido.net\/ayshome\/index.php\/wp-json\/wp\/v2\/pages\/1143"}],"collection":[{"href":"http:\/\/acusticaysonido.net\/ayshome\/index.php\/wp-json\/wp\/v2\/pages"}],"about":[{"href":"http:\/\/acusticaysonido.net\/ayshome\/index.php\/wp-json\/wp\/v2\/types\/page"}],"author":[{"embeddable":true,"href":"http:\/\/acusticaysonido.net\/ayshome\/index.php\/wp-json\/wp\/v2\/users\/1"}],"replies":[{"embeddable":true,"href":"http:\/\/acusticaysonido.net\/ayshome\/index.php\/wp-json\/wp\/v2\/comments?post=1143"}],"version-history":[{"count":11,"href":"http:\/\/acusticaysonido.net\/ayshome\/index.php\/wp-json\/wp\/v2\/pages\/1143\/revisions"}],"predecessor-version":[{"id":1199,"href":"http:\/\/acusticaysonido.net\/ayshome\/index.php\/wp-json\/wp\/v2\/pages\/1143\/revisions\/1199"}],"wp:attachment":[{"href":"http:\/\/acusticaysonido.net\/ayshome\/index.php\/wp-json\/wp\/v2\/media?parent=1143"}],"curies":[{"name":"wp","href":"https:\/\/api.w.org\/{rel}","templated":true}]}}