{"id":1142,"date":"2021-09-30T15:09:02","date_gmt":"2021-09-30T21:09:02","guid":{"rendered":"http:\/\/acusticaysonido.net\/ayshome\/?page_id=1142"},"modified":"2021-10-07T02:19:27","modified_gmt":"2021-10-07T08:19:27","slug":"acondicionamiento-acustico","status":"publish","type":"page","link":"http:\/\/acusticaysonido.net\/ayshome\/index.php\/acondicionamiento-acustico\/","title":{"rendered":"Acondicionamiento Ac\u00fastico"},"content":{"rendered":"\n<h1 class=\"wp-block-heading\">\u00bf Que es la reverberaci\u00f3n ac\u00fastica ?&nbsp;<\/h1>\n\n\n\n<h4 class=\"wp-block-heading\">Definici\u00f3n:<\/h4>\n\n\n\n<p><strong>Reverberaci\u00f3n<\/strong>&nbsp;es el fen\u00f3meno ac\u00fastico de reflexi\u00f3n que se produce en un recinto cuando un frente de onda o campo directo&nbsp;incide contra las paredes, suelo y techo del mismo. El conjunto de dichas reflexiones constituye lo que se denomina&nbsp;campo reverberante. El par\u00e1metro que permite cuantificar el grado de&nbsp;<strong>reverberaci\u00f3n<\/strong>&nbsp;de una sala es el llamado&nbsp;<strong>Tiempo de Reverberaci\u00f3n (TR)<\/strong>, siendo el periodo de tiempo en segundos que transcurre desde que se desactiva la fuente excitadora del campo directo hasta que el nivel de presi\u00f3n sonora ha descendido 60 dB respecto de su valor inicial. La determinaci\u00f3n te\u00f3rica del&nbsp;<strong>TR<\/strong>&nbsp;permite relacionar dicho indicador con los par\u00e1metros dimensionales y de absorci\u00f3n de cualquier recinto.<\/p>\n\n\n\n<div style=\"height:38px\" aria-hidden=\"true\" class=\"wp-block-spacer\"><\/div>\n\n\n\n<div class=\"wp-block-image\"><figure class=\"aligncenter size-large\"><img loading=\"lazy\" decoding=\"async\" width=\"800\" height=\"200\" src=\"http:\/\/acusticaysonido.net\/ayshome\/wp-content\/uploads\/2021\/09\/absorbentes-01.jpg\" alt=\"\" class=\"wp-image-1171\" srcset=\"http:\/\/acusticaysonido.net\/ayshome\/wp-content\/uploads\/2021\/09\/absorbentes-01.jpg 800w, http:\/\/acusticaysonido.net\/ayshome\/wp-content\/uploads\/2021\/09\/absorbentes-01-600x150.jpg 600w, http:\/\/acusticaysonido.net\/ayshome\/wp-content\/uploads\/2021\/09\/absorbentes-01-300x75.jpg 300w, http:\/\/acusticaysonido.net\/ayshome\/wp-content\/uploads\/2021\/09\/absorbentes-01-768x192.jpg 768w\" sizes=\"(max-width: 800px) 100vw, 800px\" \/><\/figure><\/div>\n\n\n\n<p>La misi\u00f3n de los materiales&nbsp;absorbentes ac\u00fasticos es evitar la reflexi\u00f3n del sonido que incide sobre ellos. Toda fuente de ruido en el interior de un local produce m\u00e1s ruido que en el exterior, debido a que el local impide la salida del ruido y act\u00faa como amplificador. F\u00e1bricas, teatros, restaurantes, auditorios, etc., deben tener la absorci\u00f3n suficiente para evitar problemas de ruido.<\/p>\n\n\n\n<p>En este campo contamos con el apoyo de 2 importantes marcas, Ac\u00fastica Integral y Sonitus Acoustics.<\/p>\n\n\n\n<div style=\"height:36px\" aria-hidden=\"true\" class=\"wp-block-spacer\"><\/div>\n\n\n\n<div class=\"wp-block-image\"><figure class=\"aligncenter size-large\"><img loading=\"lazy\" decoding=\"async\" width=\"512\" height=\"106\" src=\"http:\/\/acusticaysonido.net\/ayshome\/wp-content\/uploads\/2021\/09\/acusticaintegral-1.jpg\" alt=\"\" class=\"wp-image-1169\" srcset=\"http:\/\/acusticaysonido.net\/ayshome\/wp-content\/uploads\/2021\/09\/acusticaintegral-1.jpg 512w, http:\/\/acusticaysonido.net\/ayshome\/wp-content\/uploads\/2021\/09\/acusticaintegral-1-300x62.jpg 300w\" sizes=\"(max-width: 512px) 100vw, 512px\" \/><\/figure><\/div>\n\n\n\n<div class=\"wp-block-image\"><figure class=\"aligncenter size-large\"><img loading=\"lazy\" decoding=\"async\" width=\"260\" height=\"182\" src=\"http:\/\/acusticaysonido.net\/ayshome\/wp-content\/uploads\/2021\/09\/sonitus-acoustics-logo.png\" alt=\"\" class=\"wp-image-1167\"\/><\/figure><\/div>\n\n\n\n<figure class=\"wp-block-image size-large\"><img loading=\"lazy\" decoding=\"async\" width=\"1024\" height=\"400\" src=\"http:\/\/acusticaysonido.net\/ayshome\/wp-content\/uploads\/2021\/09\/sonitusac-1024x400.png\" alt=\"\" class=\"wp-image-1153\" srcset=\"http:\/\/acusticaysonido.net\/ayshome\/wp-content\/uploads\/2021\/09\/sonitusac-1024x400.png 1024w, http:\/\/acusticaysonido.net\/ayshome\/wp-content\/uploads\/2021\/09\/sonitusac-600x235.png 600w, http:\/\/acusticaysonido.net\/ayshome\/wp-content\/uploads\/2021\/09\/sonitusac-300x117.png 300w, http:\/\/acusticaysonido.net\/ayshome\/wp-content\/uploads\/2021\/09\/sonitusac-768x300.png 768w, http:\/\/acusticaysonido.net\/ayshome\/wp-content\/uploads\/2021\/09\/sonitusac.png 1136w\" sizes=\"(max-width: 1024px) 100vw, 1024px\" \/><\/figure>\n\n\n\n<figure class=\"wp-block-gallery aligncenter columns-3 is-cropped wp-block-gallery-1 is-layout-flex wp-block-gallery-is-layout-flex\"><ul class=\"blocks-gallery-grid\"><li class=\"blocks-gallery-item\"><figure><img loading=\"lazy\" decoding=\"async\" width=\"595\" height=\"415\" src=\"http:\/\/acusticaysonido.net\/ayshome\/wp-content\/uploads\/2021\/10\/5dae144fb8d3a00e68fa9403_acoustic-absorption-panel-sonitus-decosorber-natu-quad.jpg\" alt=\"\" data-id=\"1184\" data-full-url=\"http:\/\/acusticaysonido.net\/ayshome\/wp-content\/uploads\/2021\/10\/5dae144fb8d3a00e68fa9403_acoustic-absorption-panel-sonitus-decosorber-natu-quad.jpg\" data-link=\"http:\/\/acusticaysonido.net\/ayshome\/index.php\/acondicionamiento-acustico\/5dae144fb8d3a00e68fa9403_acoustic-absorption-panel-sonitus-decosorber-natu-quad\/\" class=\"wp-image-1184\" srcset=\"http:\/\/acusticaysonido.net\/ayshome\/wp-content\/uploads\/2021\/10\/5dae144fb8d3a00e68fa9403_acoustic-absorption-panel-sonitus-decosorber-natu-quad.jpg 595w, http:\/\/acusticaysonido.net\/ayshome\/wp-content\/uploads\/2021\/10\/5dae144fb8d3a00e68fa9403_acoustic-absorption-panel-sonitus-decosorber-natu-quad-300x209.jpg 300w\" sizes=\"(max-width: 595px) 100vw, 595px\" \/><\/figure><\/li><li class=\"blocks-gallery-item\"><figure><img loading=\"lazy\" decoding=\"async\" width=\"595\" height=\"415\" src=\"http:\/\/acusticaysonido.net\/ayshome\/wp-content\/uploads\/2021\/10\/5dae148fb8d3a0aea9fa94fa_sonitus-fourfusor-1.jpg\" alt=\"\" data-id=\"1185\" data-full-url=\"http:\/\/acusticaysonido.net\/ayshome\/wp-content\/uploads\/2021\/10\/5dae148fb8d3a0aea9fa94fa_sonitus-fourfusor-1.jpg\" data-link=\"http:\/\/acusticaysonido.net\/ayshome\/index.php\/acondicionamiento-acustico\/5dae148fb8d3a0aea9fa94fa_sonitus-fourfusor-1\/\" class=\"wp-image-1185\" srcset=\"http:\/\/acusticaysonido.net\/ayshome\/wp-content\/uploads\/2021\/10\/5dae148fb8d3a0aea9fa94fa_sonitus-fourfusor-1.jpg 595w, http:\/\/acusticaysonido.net\/ayshome\/wp-content\/uploads\/2021\/10\/5dae148fb8d3a0aea9fa94fa_sonitus-fourfusor-1-300x209.jpg 300w\" sizes=\"(max-width: 595px) 100vw, 595px\" \/><\/figure><\/li><li class=\"blocks-gallery-item\"><figure><img loading=\"lazy\" decoding=\"async\" width=\"595\" height=\"415\" src=\"http:\/\/acusticaysonido.net\/ayshome\/wp-content\/uploads\/2021\/10\/5dc9b267aa4ac313d086ff73_bigfusor1_black_web.png\" alt=\"\" data-id=\"1186\" data-full-url=\"http:\/\/acusticaysonido.net\/ayshome\/wp-content\/uploads\/2021\/10\/5dc9b267aa4ac313d086ff73_bigfusor1_black_web.png\" data-link=\"http:\/\/acusticaysonido.net\/ayshome\/index.php\/acondicionamiento-acustico\/5dc9b267aa4ac313d086ff73_bigfusor1_black_web\/\" class=\"wp-image-1186\" srcset=\"http:\/\/acusticaysonido.net\/ayshome\/wp-content\/uploads\/2021\/10\/5dc9b267aa4ac313d086ff73_bigfusor1_black_web.png 595w, http:\/\/acusticaysonido.net\/ayshome\/wp-content\/uploads\/2021\/10\/5dc9b267aa4ac313d086ff73_bigfusor1_black_web-300x209.png 300w\" sizes=\"(max-width: 595px) 100vw, 595px\" \/><\/figure><\/li><li class=\"blocks-gallery-item\"><figure><img loading=\"lazy\" decoding=\"async\" width=\"595\" height=\"415\" src=\"http:\/\/acusticaysonido.net\/ayshome\/wp-content\/uploads\/2021\/10\/5dc9ac26673bd9143efa5736_bigfusor_ii_2_massive_wood_diffusor_skyline_solid_beech_natural-1.jpg\" alt=\"\" data-id=\"1187\" data-full-url=\"http:\/\/acusticaysonido.net\/ayshome\/wp-content\/uploads\/2021\/10\/5dc9ac26673bd9143efa5736_bigfusor_ii_2_massive_wood_diffusor_skyline_solid_beech_natural-1.jpg\" data-link=\"http:\/\/acusticaysonido.net\/ayshome\/index.php\/acondicionamiento-acustico\/5dc9ac26673bd9143efa5736_bigfusor_ii_2_massive_wood_diffusor_skyline_solid_beech_natural-1\/\" class=\"wp-image-1187\" srcset=\"http:\/\/acusticaysonido.net\/ayshome\/wp-content\/uploads\/2021\/10\/5dc9ac26673bd9143efa5736_bigfusor_ii_2_massive_wood_diffusor_skyline_solid_beech_natural-1.jpg 595w, http:\/\/acusticaysonido.net\/ayshome\/wp-content\/uploads\/2021\/10\/5dc9ac26673bd9143efa5736_bigfusor_ii_2_massive_wood_diffusor_skyline_solid_beech_natural-1-300x209.jpg 300w\" sizes=\"(max-width: 595px) 100vw, 595px\" \/><\/figure><\/li><li class=\"blocks-gallery-item\"><figure><img loading=\"lazy\" decoding=\"async\" width=\"595\" height=\"415\" src=\"http:\/\/acusticaysonido.net\/ayshome\/wp-content\/uploads\/2021\/10\/5dc9a38547ea21dd99276ce3_leviter_shape_8_black_sound_absorber_acoustics_flocked-1.jpg\" alt=\"\" data-id=\"1188\" data-full-url=\"http:\/\/acusticaysonido.net\/ayshome\/wp-content\/uploads\/2021\/10\/5dc9a38547ea21dd99276ce3_leviter_shape_8_black_sound_absorber_acoustics_flocked-1.jpg\" data-link=\"http:\/\/acusticaysonido.net\/ayshome\/index.php\/acondicionamiento-acustico\/5dc9a38547ea21dd99276ce3_leviter_shape_8_black_sound_absorber_acoustics_flocked-1\/\" class=\"wp-image-1188\" srcset=\"http:\/\/acusticaysonido.net\/ayshome\/wp-content\/uploads\/2021\/10\/5dc9a38547ea21dd99276ce3_leviter_shape_8_black_sound_absorber_acoustics_flocked-1.jpg 595w, http:\/\/acusticaysonido.net\/ayshome\/wp-content\/uploads\/2021\/10\/5dc9a38547ea21dd99276ce3_leviter_shape_8_black_sound_absorber_acoustics_flocked-1-300x209.jpg 300w\" sizes=\"(max-width: 595px) 100vw, 595px\" \/><\/figure><\/li><li class=\"blocks-gallery-item\"><figure><img loading=\"lazy\" decoding=\"async\" width=\"595\" height=\"415\" src=\"http:\/\/acusticaysonido.net\/ayshome\/wp-content\/uploads\/2021\/10\/5dae144f3b8278474d4d74e2_decotrap_ebony_bass_trap_absrorber.jpg\" alt=\"\" data-id=\"1189\" data-full-url=\"http:\/\/acusticaysonido.net\/ayshome\/wp-content\/uploads\/2021\/10\/5dae144f3b8278474d4d74e2_decotrap_ebony_bass_trap_absrorber.jpg\" data-link=\"http:\/\/acusticaysonido.net\/ayshome\/index.php\/acondicionamiento-acustico\/5dae144f3b8278474d4d74e2_decotrap_ebony_bass_trap_absrorber\/\" class=\"wp-image-1189\" srcset=\"http:\/\/acusticaysonido.net\/ayshome\/wp-content\/uploads\/2021\/10\/5dae144f3b8278474d4d74e2_decotrap_ebony_bass_trap_absrorber.jpg 595w, http:\/\/acusticaysonido.net\/ayshome\/wp-content\/uploads\/2021\/10\/5dae144f3b8278474d4d74e2_decotrap_ebony_bass_trap_absrorber-300x209.jpg 300w\" sizes=\"(max-width: 595px) 100vw, 595px\" \/><\/figure><\/li><\/ul><\/figure>\n","protected":false},"excerpt":{"rendered":"<p>\u00bf Que es la reverberaci\u00f3n ac\u00fastica ?&nbsp; Definici\u00f3n: Reverberaci\u00f3n&nbsp;es el fen\u00f3meno ac\u00fastico de reflexi\u00f3n que se produce en un recinto cuando un frente de onda o campo directo&nbsp;incide contra las paredes, suelo y techo del mismo. El conjunto de dichas reflexiones constituye lo que se denomina&nbsp;campo reverberante. El par\u00e1metro que permite cuantificar el grado de&nbsp;reverberaci\u00f3n&nbsp;de [&hellip;]<\/p>\n","protected":false},"author":1,"featured_media":0,"parent":0,"menu_order":0,"comment_status":"closed","ping_status":"closed","template":"","meta":{"footnotes":""},"_links":{"self":[{"href":"http:\/\/acusticaysonido.net\/ayshome\/index.php\/wp-json\/wp\/v2\/pages\/1142"}],"collection":[{"href":"http:\/\/acusticaysonido.net\/ayshome\/index.php\/wp-json\/wp\/v2\/pages"}],"about":[{"href":"http:\/\/acusticaysonido.net\/ayshome\/index.php\/wp-json\/wp\/v2\/types\/page"}],"author":[{"embeddable":true,"href":"http:\/\/acusticaysonido.net\/ayshome\/index.php\/wp-json\/wp\/v2\/users\/1"}],"replies":[{"embeddable":true,"href":"http:\/\/acusticaysonido.net\/ayshome\/index.php\/wp-json\/wp\/v2\/comments?post=1142"}],"version-history":[{"count":11,"href":"http:\/\/acusticaysonido.net\/ayshome\/index.php\/wp-json\/wp\/v2\/pages\/1142\/revisions"}],"predecessor-version":[{"id":1202,"href":"http:\/\/acusticaysonido.net\/ayshome\/index.php\/wp-json\/wp\/v2\/pages\/1142\/revisions\/1202"}],"wp:attachment":[{"href":"http:\/\/acusticaysonido.net\/ayshome\/index.php\/wp-json\/wp\/v2\/media?parent=1142"}],"curies":[{"name":"wp","href":"https:\/\/api.w.org\/{rel}","templated":true}]}}