{"id":1131,"date":"2021-09-30T14:46:34","date_gmt":"2021-09-30T20:46:34","guid":{"rendered":"http:\/\/acusticaysonido.net\/ayshome\/?page_id=1131"},"modified":"2021-09-30T16:26:32","modified_gmt":"2021-09-30T22:26:32","slug":"acustica","status":"publish","type":"page","link":"http:\/\/acusticaysonido.net\/ayshome\/index.php\/acustica\/","title":{"rendered":"Ac\u00fastica"},"content":{"rendered":"\n<p>Acomp\u00e1\u00f1enos a conocer nuestra gama de productos y servicios, tanto de aislamiento, como de acondicionamiento ac\u00fastico.<\/p>\n\n\n\n<div style=\"height:51px\" aria-hidden=\"true\" class=\"wp-block-spacer\"><\/div>\n\n\n\n<figure class=\"wp-block-image size-large\"><img loading=\"lazy\" decoding=\"async\" width=\"1024\" height=\"400\" src=\"http:\/\/acusticaysonido.net\/ayshome\/wp-content\/uploads\/2021\/09\/sonitusac-1024x400.png\" alt=\"\" class=\"wp-image-1153\" srcset=\"http:\/\/acusticaysonido.net\/ayshome\/wp-content\/uploads\/2021\/09\/sonitusac-1024x400.png 1024w, http:\/\/acusticaysonido.net\/ayshome\/wp-content\/uploads\/2021\/09\/sonitusac-600x235.png 600w, http:\/\/acusticaysonido.net\/ayshome\/wp-content\/uploads\/2021\/09\/sonitusac-300x117.png 300w, http:\/\/acusticaysonido.net\/ayshome\/wp-content\/uploads\/2021\/09\/sonitusac-768x300.png 768w, http:\/\/acusticaysonido.net\/ayshome\/wp-content\/uploads\/2021\/09\/sonitusac.png 1136w\" sizes=\"(max-width: 1024px) 100vw, 1024px\" \/><\/figure>\n","protected":false},"excerpt":{"rendered":"<p>Acomp\u00e1\u00f1enos a conocer nuestra gama de productos y servicios, tanto de aislamiento, como de acondicionamiento ac\u00fastico.<\/p>\n","protected":false},"author":1,"featured_media":0,"parent":0,"menu_order":0,"comment_status":"closed","ping_status":"closed","template":"","meta":{"footnotes":""},"_links":{"self":[{"href":"http:\/\/acusticaysonido.net\/ayshome\/index.php\/wp-json\/wp\/v2\/pages\/1131"}],"collection":[{"href":"http:\/\/acusticaysonido.net\/ayshome\/index.php\/wp-json\/wp\/v2\/pages"}],"about":[{"href":"http:\/\/acusticaysonido.net\/ayshome\/index.php\/wp-json\/wp\/v2\/types\/page"}],"author":[{"embeddable":true,"href":"http:\/\/acusticaysonido.net\/ayshome\/index.php\/wp-json\/wp\/v2\/users\/1"}],"replies":[{"embeddable":true,"href":"http:\/\/acusticaysonido.net\/ayshome\/index.php\/wp-json\/wp\/v2\/comments?post=1131"}],"version-history":[{"count":7,"href":"http:\/\/acusticaysonido.net\/ayshome\/index.php\/wp-json\/wp\/v2\/pages\/1131\/revisions"}],"predecessor-version":[{"id":1156,"href":"http:\/\/acusticaysonido.net\/ayshome\/index.php\/wp-json\/wp\/v2\/pages\/1131\/revisions\/1156"}],"wp:attachment":[{"href":"http:\/\/acusticaysonido.net\/ayshome\/index.php\/wp-json\/wp\/v2\/media?parent=1131"}],"curies":[{"name":"wp","href":"https:\/\/api.w.org\/{rel}","templated":true}]}}