{"id":1034,"date":"2020-09-15T11:59:00","date_gmt":"2020-09-15T17:59:00","guid":{"rendered":"http:\/\/acusticaysonido.net\/ayshome\/?page_id=1034"},"modified":"2020-09-15T14:39:33","modified_gmt":"2020-09-15T20:39:33","slug":"iluminacion-arquitectonica","status":"publish","type":"page","link":"http:\/\/acusticaysonido.net\/ayshome\/index.php\/iluminacion-arquitectonica\/","title":{"rendered":"Iluminaci\u00f3n Arquitect\u00f3nica"},"content":{"rendered":"\n<p>Nuestra marca especialista en iluminaci\u00f3n arquitect\u00f3nica:<\/p>\n\n\n\n<hr class=\"wp-block-separator\"\/>\n\n\n\n<p><a href=\"http:\/\/acusticaysonido.net\/ayshome\/index.php\/sgm-light-arquitectonico\/\"><span class=\"has-inline-color has-vivid-cyan-blue-color\">SGM Light Arquitect\u00f3nico<\/span><\/a><\/p>\n","protected":false},"excerpt":{"rendered":"<p>Nuestra marca especialista en iluminaci\u00f3n arquitect\u00f3nica: SGM Light Arquitect\u00f3nico<\/p>\n","protected":false},"author":4,"featured_media":0,"parent":0,"menu_order":0,"comment_status":"closed","ping_status":"closed","template":"","meta":{"footnotes":""},"_links":{"self":[{"href":"http:\/\/acusticaysonido.net\/ayshome\/index.php\/wp-json\/wp\/v2\/pages\/1034"}],"collection":[{"href":"http:\/\/acusticaysonido.net\/ayshome\/index.php\/wp-json\/wp\/v2\/pages"}],"about":[{"href":"http:\/\/acusticaysonido.net\/ayshome\/index.php\/wp-json\/wp\/v2\/types\/page"}],"author":[{"embeddable":true,"href":"http:\/\/acusticaysonido.net\/ayshome\/index.php\/wp-json\/wp\/v2\/users\/4"}],"replies":[{"embeddable":true,"href":"http:\/\/acusticaysonido.net\/ayshome\/index.php\/wp-json\/wp\/v2\/comments?post=1034"}],"version-history":[{"count":8,"href":"http:\/\/acusticaysonido.net\/ayshome\/index.php\/wp-json\/wp\/v2\/pages\/1034\/revisions"}],"predecessor-version":[{"id":1083,"href":"http:\/\/acusticaysonido.net\/ayshome\/index.php\/wp-json\/wp\/v2\/pages\/1034\/revisions\/1083"}],"wp:attachment":[{"href":"http:\/\/acusticaysonido.net\/ayshome\/index.php\/wp-json\/wp\/v2\/media?parent=1034"}],"curies":[{"name":"wp","href":"https:\/\/api.w.org\/{rel}","templated":true}]}}